{"id":34799,"date":"2024-08-10T09:36:11","date_gmt":"2024-08-10T09:36:11","guid":{"rendered":"https:\/\/lacasadelamedicina.es\/product\/kop-liberty-caps-online\/"},"modified":"2024-08-10T09:36:11","modified_gmt":"2024-08-10T09:36:11","slug":"kop-liberty-caps-online","status":"publish","type":"product","link":"https:\/\/lacasadelamedicina.es\/sv\/produkt\/kop-liberty-caps-online\/","title":{"rendered":"K\u00f6p Liberty Caps Online"},"content":{"rendered":"<h2>K\u00f6p Liberty Caps Online<\/h2>\n<p><strong>K\u00f6p Liberty Caps Online p\u00e5 Dr. Lawson&#8217;s Pharmacy<\/strong> V\u00e4lkommen till Dr. Lawson&#8217;s Pharmacy, din fr\u00e4msta destination f\u00f6r h\u00f6gkvalitativa och p\u00e5litliga l\u00e4kemedel. Vi \u00e4r glada att kunna erbjuda Liberty Caps (Psilocybe semilanceata) f\u00f6r k\u00f6p online, vilket ger dig ett enkelt och s\u00e4kert s\u00e4tt att komma \u00e5t dessa potenta psykoaktiva svampar. <strong>Om Liberty Caps<\/strong> Liberty Caps, \u00e4ven k\u00e4nd som <em>Psilocybe semilanceata<\/em>, \u00e4r k\u00e4nda f\u00f6r sina psykoaktiva egenskaper p\u00e5 grund av n\u00e4rvaron av psilocybin och biocytin. De \u00e4r bland de mest spridda psilocybinsvamparna i naturen och \u00e4r k\u00e4nda f\u00f6r sin styrka. Dessa svampar har en distinkt konisk till klockformad m\u00f6ssa, som m\u00e4ter upp till 2,5 cm (1,0 tum) i diameter och har ofta ett litet br\u00f6stv\u00e5rtsliknande utspr\u00e5ng i toppen. Deras f\u00e4rg str\u00e4cker sig fr\u00e5n gult till brunt, med radiella sp\u00e5r n\u00e4r de \u00e4r fuktiga och bleknar till en ljusare nyans n\u00e4r de mognar. Svampens smala, l\u00e5nga skaft \u00e4r vanligtvis av samma f\u00e4rg eller n\u00e5got ljusare \u00e4n m\u00f6ssan. K\u00f6p Liberty Caps \u2013 1:a klass billigt.Psilocybe semilanceata, allm\u00e4nt k\u00e4nd som liberty cap, \u00e4r en svampart som producerar de psykoaktiva f\u00f6reningarna psilocybin och biocytin. Det \u00e4r b\u00e5de en av de mest spridda psilocybinsvamparna i naturen och en av de mest potenta K\u00f6p Magic-svamparna online. De har en distinkt konisk till den klockformade hatten. Upp till 2,5 cm (1,0 tum) i diameter, med ett litet nippelliknande utspr\u00e5ng p\u00e5 toppen. De \u00e4r gula till bruna, t\u00e4ckta med radiella sp\u00e5r n\u00e4r de \u00e4r fuktiga och bleknar till en ljusare f\u00e4rg n\u00e4r de mognar. Deras st\u00e5ng tenderar att vara smal och l\u00e5ng, och samma f\u00e4rg eller n\u00e5got ljusare \u00e4n hatten. Liberty caps svamp K\u00f6p liberty caps online \u2013 K\u00f6p magiska svampar \u2013 Liberty tops svampar p\u00e5 webben svamp Liberty caps \u00e4r en hallucinogen svamp som inneh\u00e5ller psykoaktiva och psilocybinblandningar. Vid den punkt d\u00e5 toppen \u00e4r torr visar den sig vara mycket blekare, en ljus gul-jordf\u00e4rgad nyans. Det kallas dessutom magisk svamp. F\u00f6r eventuella fr\u00e5gor eller ytterligare hj\u00e4lp, tveka inte att kontakta v\u00e5rt kundsupportteam. Tack f\u00f6r att du valde Dr Lawson&#8217;s Pharmacy. Vi \u00e4r fast beslutna att ge dig de b\u00e4sta produkterna och tj\u00e4nsterna f\u00f6r alla dina l\u00e4kemedelsbehov.<\/p>\n","protected":false},"excerpt":{"rendered":"<p>V\u00e5ra Liberty Caps kommer fr\u00e5n p\u00e5litliga leverant\u00f6rer och \u00e4r av h\u00f6gsta kvalitet. Vi s\u00e4kerst\u00e4ller att alla produkter uppfyller str\u00e4nga kvalitetskontrollstandarder f\u00f6r att garantera att du f\u00e5r en kraftfull och effektiv produkt. <\/p>\n","protected":false},"featured_media":19754,"comment_status":"open","ping_status":"closed","template":"","meta":{"om_disable_all_campaigns":false,"_sitemap_exclude":false,"_sitemap_priority":"","_sitemap_frequency":"","_monsterinsights_skip_tracking":false,"_monsterinsights_sitenote_active":false,"_monsterinsights_sitenote_note":"","_monsterinsights_sitenote_category":0},"product_cat":[35924],"product_tag":[36102,36092,36086,36097,36087,36089,36084,36090,36083,36091,36099,36101,36103,36100,36095,36104,36098,36088,36093,36096,36094,36085],"class_list":{"0":"post-34799","1":"product","2":"type-product","3":"status-publish","4":"has-post-thumbnail","6":"product_cat-magiska-svampar","7":"product_tag-autentiska-liberty-kepsar-europa","8":"product_tag-bestall-liberty-caps-eu","9":"product_tag-bestall-liberty-caps-online","10":"product_tag-billiga-liberty-caps-europe","11":"product_tag-effekter-av-liberty-caps-sv","12":"product_tag-hur-mycket-kostar-liberty-caps","13":"product_tag-kop-liberty-caps-online","14":"product_tag-kop-liberty-caps-online-europa","15":"product_tag-kop-liberty-kepsar","16":"product_tag-liberty-caps-basta-pris-europa","17":"product_tag-liberty-caps-europe-butik","18":"product_tag-liberty-caps-europe-leverans","19":"product_tag-liberty-caps-europe-leverantorer","20":"product_tag-liberty-caps-europe-rabatt-sv","21":"product_tag-liberty-caps-europe-rea","22":"product_tag-liberty-caps-europe-recension","23":"product_tag-liberty-caps-europe-erbjudanden","24":"product_tag-liberty-caps-forsaljning-online","25":"product_tag-liberty-caps-fri-frakt-europa","26":"product_tag-liberty-caps-onlinebutik-europa","27":"product_tag-var-kan-man-kopa-liberty-caps-europe","28":"product_tag-var-kan-man-kopa-liberty-caps-online","30":"first","31":"instock","32":"shipping-taxable","33":"purchasable","34":"product-type-variable","35":"farmacie-col"},"aioseo_notices":[],"_links":{"self":[{"href":"https:\/\/lacasadelamedicina.es\/sv\/wp-json\/wp\/v2\/product\/34799"}],"collection":[{"href":"https:\/\/lacasadelamedicina.es\/sv\/wp-json\/wp\/v2\/product"}],"about":[{"href":"https:\/\/lacasadelamedicina.es\/sv\/wp-json\/wp\/v2\/types\/product"}],"replies":[{"embeddable":true,"href":"https:\/\/lacasadelamedicina.es\/sv\/wp-json\/wp\/v2\/comments?post=34799"}],"wp:featuredmedia":[{"embeddable":true,"href":"https:\/\/lacasadelamedicina.es\/sv\/wp-json\/wp\/v2\/media\/19754"}],"wp:attachment":[{"href":"https:\/\/lacasadelamedicina.es\/sv\/wp-json\/wp\/v2\/media?parent=34799"}],"wp:term":[{"taxonomy":"product_cat","embeddable":true,"href":"https:\/\/lacasadelamedicina.es\/sv\/wp-json\/wp\/v2\/product_cat?post=34799"},{"taxonomy":"product_tag","embeddable":true,"href":"https:\/\/lacasadelamedicina.es\/sv\/wp-json\/wp\/v2\/product_tag?post=34799"}],"curies":[{"name":"wp","href":"https:\/\/api.w.org\/{rel}","templated":true}]}}