{"id":34769,"date":"2024-08-10T10:33:02","date_gmt":"2024-08-10T10:33:02","guid":{"rendered":"https:\/\/lacasadelamedicina.es\/product\/kop-mazatapec-magic-mushroom-online\/"},"modified":"2024-08-10T10:33:02","modified_gmt":"2024-08-10T10:33:02","slug":"kop-mazatapec-magic-mushroom-online","status":"publish","type":"product","link":"https:\/\/lacasadelamedicina.es\/sv\/produkt\/kop-mazatapec-magic-mushroom-online\/","title":{"rendered":"K\u00f6p Mazatapec Magic Mushroom Online"},"content":{"rendered":"<h3>Mazatapec magisk svamp<\/h3>\n<p> K\u00f6p mazatapec-svamp online. En psilocybinsvamp, \u00e4ven k\u00e4nd som magisk svamp eller psykedelisk svamp, inneh\u00e5ller psilocybin och psilocin. Biologiska sl\u00e4kten som inneh\u00e5ller psilocybinsvampar inkluderar Copelandia, Gymnopilus, Inocybe, Panaeolus, Pholiotina, Pluteus och Psilocybe. Svampar f\u00f6r\u00e4ndrar hj\u00e4rnan kemiskt. I allm\u00e4nhet varar deras effekter i 6 till 7 timmar och effekterna kan m\u00e4rkas \u00e4ven efter 24 timmar. Mazatapec magiska svampar \u00e4r en av tv\u00e5 mycket popul\u00e4ra stammar som kommer fr\u00e5n Mexiko. Dessa svampar producerar en mycket kraftfull andlig resa och \u00e4r skonsamma mot kroppen. J\u00e4mf\u00f6rt med vissa andra stammar, s\u00e4nker inte Mazatepec Shrooms din kroppstemperatur s\u00e5 mycket och anv\u00e4ndare rapporterade ocks\u00e5 att de kniper mindre i k\u00e4karna med denna stam. Detta i sin tur l\u00e5ter dig njuta av din andliga resa med mindre distraktioner. Utseendet p\u00e5 dessa svampar k\u00e4nnetecknas av deras ljusa till m\u00f6rkbruna kepsar parade med en medelstor stj\u00e4lk.         <\/p>\n<h4>Mazatapecs historia<\/h4>\n<p> Mazatec-urbefolkningen, som finns i Oaxaca, Mexiko, anv\u00e4nder dessa magiska svampar f\u00f6r andliga och rituella ceremonier. Det har varit en stadig stam som har anv\u00e4nts i generationer. Mazatapec-stammen \u00e4r ocks\u00e5 en av de f\u00f6rsta psilocybinsvamparna som introducerades till v\u00e4stv\u00e4rlden. K\u00f6p mazatapec-svamp online Effekter av Mazatapec Cubensis Mazatapec Cubensis \u00e4r bra f\u00f6r nyb\u00f6rjare och veteraner. Det erbjuder en komplett psykoaktiv upplevelse med en mild p\u00e5verkan i kroppen. Effekterna f\u00f6rst\u00e4rker din kreativitet och ursprungliga tankar. Dessutom f\u00f6rb\u00e4ttrar det socialt beteende och goda k\u00e4nslor. Du kommer att f\u00e5 visuella hallucinationer med antingen dina \u00f6gon st\u00e4ngda eller \u00f6ppna. Visuella bilder kommer att inkludera form- och f\u00e4rgvariationer, s\u00e5v\u00e4l som fraktaler och former.        <\/p>\n<h3>Doseringsguide<\/h3>\n<p> Kreativ dos: 0,5 gram till 1,25 gram Medium Rekreationsdos: 1,5 gram till 2 gram Full rekreationsdos: 2 gram till 3,5 gram Upplevd full rekreationsdos: 3,5 gram till 5 gram Heroisk dos: 5 gram till 7+ gram &nbsp;<\/p>\n","protected":false},"excerpt":{"rendered":"<p>Mazatapec magisk svamp K\u00f6p mazatapec-svamp online. En psilocybinsvamp, \u00e4ven k\u00e4nd som magisk svamp eller psykedelisk svamp, inneh\u00e5ller psilocybin och psilocin. Biologiska sl\u00e4kten som inneh\u00e5ller psilocybinsvampar inkluderar Copelandia, Gymnopilus, Inocybe, Panaeolus, Pholiotina, Pluteus och Psilocybe. Svampar f\u00f6r\u00e4ndrar hj\u00e4rnan kemiskt. I allm\u00e4nhet varar deras effekter i 6 till 7 timmar och effekterna kan m\u00e4rkas \u00e4ven efter 24 [&hellip;]<\/p>\n","protected":false},"featured_media":14905,"comment_status":"open","ping_status":"closed","template":"","meta":{"om_disable_all_campaigns":false,"_sitemap_exclude":false,"_sitemap_priority":"","_sitemap_frequency":"","_monsterinsights_skip_tracking":false,"_monsterinsights_sitenote_active":false,"_monsterinsights_sitenote_note":"","_monsterinsights_sitenote_category":0},"product_cat":[35924],"product_tag":[35988,35978,35972,35983,35973,35975,35969,35970,35976,35977,35985,35987,35989,35986,35981,35990,35984,35974,35979,35982,35980,35971],"class_list":{"0":"post-34769","1":"product","2":"type-product","3":"status-publish","4":"has-post-thumbnail","6":"product_cat-magiska-svampar","7":"product_tag-akta-mazatapec-magic-mushroom-europe","8":"product_tag-bestall-mazatapec-magic-mushroom-eu","9":"product_tag-bestall-mazatapec-magic-mushroom-online","10":"product_tag-billiga-mazatapec-magic-mushroom-europe","11":"product_tag-effekter-av-mazatapec-magic-mushroom-sv","12":"product_tag-hur-mycket-kostar-mazatapec-magic-mushroom","13":"product_tag-kop-mazatapec-magic-mushroom","14":"product_tag-kop-mazatapec-magic-mushroom-online","15":"product_tag-kop-mazatapec-magic-mushroom-online-europa","16":"product_tag-mazatapec-magic-mushroom-basta-pris-europa","17":"product_tag-mazatapec-magic-mushroom-europe-butik","18":"product_tag-mazatapec-magic-mushroom-europe-leverans","19":"product_tag-mazatapec-magic-mushroom-europe-leverantorer","20":"product_tag-mazatapec-magic-mushroom-europe-rabatt-sv","21":"product_tag-mazatapec-magic-mushroom-europe-rea","22":"product_tag-mazatapec-magic-mushroom-europe-recension","23":"product_tag-mazatapec-magic-mushroom-europe-erbjudanden","24":"product_tag-mazatapec-magic-mushroom-forsaljning-online","25":"product_tag-mazatapec-magic-mushroom-fri-frakt-europa","26":"product_tag-mazatapec-magic-mushroom-onlinebutik-europa","27":"product_tag-var-kan-man-kopa-mazatapec-magic-mushroom-europe","28":"product_tag-var-kan-man-kopa-mazatapec-magic-mushroom-online","30":"first","31":"instock","32":"shipping-taxable","33":"purchasable","34":"product-type-simple","35":"farmacie-col"},"aioseo_notices":[],"_links":{"self":[{"href":"https:\/\/lacasadelamedicina.es\/sv\/wp-json\/wp\/v2\/product\/34769"}],"collection":[{"href":"https:\/\/lacasadelamedicina.es\/sv\/wp-json\/wp\/v2\/product"}],"about":[{"href":"https:\/\/lacasadelamedicina.es\/sv\/wp-json\/wp\/v2\/types\/product"}],"replies":[{"embeddable":true,"href":"https:\/\/lacasadelamedicina.es\/sv\/wp-json\/wp\/v2\/comments?post=34769"}],"wp:featuredmedia":[{"embeddable":true,"href":"https:\/\/lacasadelamedicina.es\/sv\/wp-json\/wp\/v2\/media\/14905"}],"wp:attachment":[{"href":"https:\/\/lacasadelamedicina.es\/sv\/wp-json\/wp\/v2\/media?parent=34769"}],"wp:term":[{"taxonomy":"product_cat","embeddable":true,"href":"https:\/\/lacasadelamedicina.es\/sv\/wp-json\/wp\/v2\/product_cat?post=34769"},{"taxonomy":"product_tag","embeddable":true,"href":"https:\/\/lacasadelamedicina.es\/sv\/wp-json\/wp\/v2\/product_tag?post=34769"}],"curies":[{"name":"wp","href":"https:\/\/api.w.org\/{rel}","templated":true}]}}