{"id":34764,"date":"2024-08-10T10:46:42","date_gmt":"2024-08-10T10:46:42","guid":{"rendered":"https:\/\/lacasadelamedicina.es\/product\/av-penis-envy-mushrooms-online\/"},"modified":"2024-09-18T16:57:56","modified_gmt":"2024-09-18T16:57:56","slug":"av-penis-envy-mushrooms-online","status":"publish","type":"product","link":"https:\/\/lacasadelamedicina.es\/sv\/produkt\/av-penis-envy-mushrooms-online\/","title":{"rendered":"Av Penis Envy Mushrooms Online"},"content":{"rendered":"<h3>Av Penis Envy Mushrooms Online<\/h3>\n<p> K\u00f6p penis envy shrooms online. Psilocybe cubensis \u00e4r en art av psykedeliska svampar vars huvudsakliga aktiva f\u00f6reningar \u00e4r psilocybin och psilocin. Vanligtvis kallade svampar, magiska svampar, gyllene toppar, kuber eller guldm\u00f6ssor. Supa Envy svampar kommer att f\u00e5 dig att uppleva niv\u00e5 4-5 resor som tar dig till en annan dimension i timmar. Penis Envy \u00e4r en absolut vinnare &#8230; Stark och mycket visuell. F\u00f6rutom sin h\u00f6gre styrka ser Penis Envy annorlunda ut. Ingen vild gissning beh\u00f6vs, dess fallusformade utseende g\u00f6r den verkligen till n\u00e5got annat. Det b\u00e4sta \u00e4r att du kan odla dessa magiska svampar ocks\u00e5. Penis Envy \u00e4r en mycket potent magisk svampstam som \u00e4r k\u00e4nd f\u00f6r att ha en h\u00f6gre m\u00e4ngd. K\u00f6p penis envy shrooms online. Penis envy shrooms \u00e4r en av de 180 svamparterna fr\u00e5n Psilocybe-sl\u00e4ktet och v\u00e4xer i olika milj\u00f6er. Penis avundssvampen g\u00e5r ocks\u00e5 under namnen Flying Saucers, Indigo Psilocybe, Azzies och Blue Angels.            <strong>Vad skiljer v\u00e5r penis Envy Magic Mushrooms \u00e5t?<\/strong><\/p>\n<ol>\n<li><strong>Juridisk och labbtestad garanti<\/strong>: P\u00e5 Dr. Lawson&#8217;s Pharmacy testas alla v\u00e5ra produkter, inklusive de f\u00e4ngslande Penis Envy-svamparna, noggrant f\u00f6r att s\u00e4kerst\u00e4lla att de \u00e4r gratis fr\u00e5n psilocybin, psilocin, 4-ACO-DMT, Amanita muscaria, cannabinoider och andra forskningskemikalier. Dessa rigor\u00f6sa tester garanterar att v\u00e5ra erbjudanden uppfyller de h\u00f6gsta standarderna f\u00f6r s\u00e4kerhet och laglighet. <\/li>\n<li><strong>Innovativ odling<\/strong>: V\u00e5ra Penis Envy-svampar f\u00f6ds upp genom avancerade odlingstekniker som fokuserar p\u00e5 att manipulera genetisk makeup f\u00f6r att skapa en &#8221;icke-uppt\u00e4ckt&#8221; stam. Det betyder att v\u00e5ra svampar saknar psilocybin och psilocin, samtidigt som de bevarar de unika egenskaper som g\u00f6r dem eftertraktade. <\/li>\n<li><strong>F\u00f6rb\u00e4ttrad alkaloidprofil<\/strong>: Det som g\u00f6r v\u00e5ra Penis Envy-svampar verkligen speciella \u00e4r deras f\u00f6rh\u00f6jda niv\u00e5er av andra naturligt f\u00f6rekommande alkaloider. Dessa f\u00f6reningar bidrar till en intensiv och uppslukande psykedelisk upplevelse, och ger de djupg\u00e5ende effekter som b\u00e5de medicinska och rekreationsanv\u00e4ndare s\u00f6ker. <\/li>\n<li><strong>M\u00e5ngsidigt produktutbud<\/strong>: F\u00f6rutom v\u00e5ra Penis Envy-svampar erbjuder Dr. Lawson&#8217;s Pharmacy en rad andra magiska svampprodukter, inklusive gummier och mikrodoskapslar . Varje produkt \u00e4r tillverkad med samma engagemang f\u00f6r kvalitet och s\u00e4kerhet. <\/li>\n<\/ol>\n<p> K\u00f6p penis envy shrooms online idag. Penis avundssvampen inneh\u00e5ller 0,4 % baeocystin, 1,8 % psilocybin och 0,5 % psilocin. Det \u00e4r den mest potenta arten f\u00f6r att syntetisera tryptamin. Till exempel \u00e4r denna art 3 g\u00e5nger mer potent \u00e4n Psilocybe Cubensis Psilocybe Cyanscens <strong>Utforska de unika egenskaperna hos v\u00e5ra Penis Envy Mushrooms p\u00e5 Dr. Lawson&#8217;s Pharmacy<\/strong> V\u00e5ra Penis Envy-svampar visar upp exceptionella och s\u00e4llsynta egenskaper som skiljer dem \u00e5t. H\u00e4r \u00e4r en n\u00e4rmare titt p\u00e5 deras s\u00e4rdrag:     <\/p>\n<ul>\n<li><strong>Sporer<\/strong>: Dessa svampar har sporer som finns i tv\u00e5 distinkta nyanser: lila-svart och m\u00f6rkt lila-brun. Sporerna \u00e4r ellipsoida till formen, vilket skiljer dem fr\u00e5n andra arter inom samma sl\u00e4kte. <\/li>\n<li><strong>Pileus (Cap)<\/strong>: Pileus, eller hatten, p\u00e5 svampen \u00e4r konisk eller konvex till formen. N\u00e4r den \u00e4r f\u00e4rsk visar den en rik brun eller karamellf\u00e4rg. N\u00e4r svampen \u00e5ldras \u00f6verg\u00e5r den djupa m\u00f6rka fl\u00e4cken i mitten av locket till en ljusare halmliknande nyans n\u00e4r den torkar.  <\/li>\n<\/ul>\n<p> P\u00e5 Dr Lawson&#8217;s Pharmacy har vi \u00e5tagit oss att erbjuda h\u00f6gkvalitativa Penis Envy-svampar med dessa unika egenskaper, vilket s\u00e4kerst\u00e4ller en produkt som \u00e4r b\u00e5de s\u00e4llsynt och anm\u00e4rkningsv\u00e4rd.<\/p>\n","protected":false},"excerpt":{"rendered":"<p>Penis envy shrooms uppt\u00e4cktes redan 1979, och sedan dess har forskare publicerat olika artiklar om samma. Till exempel, i sin publikation fr\u00e5n 1996, &#8221;Psilocybin shrooms of the world&#8221;, kallade Paul Stamets arten Azurescens. Namnet Azurescens \u00e4r en l\u00f6s \u00f6vers\u00e4ttning f\u00f6r azurbl\u00e5 eller bl\u00e5 f\u00e4rg i svampen.  <\/p>\n","protected":false},"featured_media":19799,"comment_status":"open","ping_status":"closed","template":"","meta":{"om_disable_all_campaigns":false,"_sitemap_exclude":false,"_sitemap_priority":"","_sitemap_frequency":"","_monsterinsights_skip_tracking":false,"_monsterinsights_sitenote_active":false,"_monsterinsights_sitenote_note":"","_monsterinsights_sitenote_category":0},"product_cat":[35924],"product_tag":[35944,35934,35928,35939,35929,35931,35925,35926,35932,35933,35943,35941,35945,35942,35937,35946,35940,35930,35935,35938,35936,35927],"class_list":{"0":"post-34764","1":"product","2":"type-product","3":"status-publish","4":"has-post-thumbnail","6":"product_cat-magiska-svampar","7":"product_tag-autentiska-penis-envy-mushrooms-europe","8":"product_tag-bestall-penis-envy-mushrooms-eu","9":"product_tag-bestall-penis-envy-mushrooms-online","10":"product_tag-billiga-penis-envy-mushrooms-europa","11":"product_tag-effekter-av-penis-envy-mushrooms-sv","12":"product_tag-hur-mycket-kostar-penis-envy-mushrooms","13":"product_tag-kop-penis-envy-mushrooms","14":"product_tag-kop-penis-envy-mushrooms-online","15":"product_tag-kop-penis-envy-mushrooms-online-europa","16":"product_tag-penis-envy-mushrooms-basta-pris-europa","17":"product_tag-penis-envy-mushrooms-europa-leverans","18":"product_tag-penis-envy-mushrooms-europe-butik","19":"product_tag-penis-envy-mushrooms-europe-leverantorer","20":"product_tag-penis-envy-mushrooms-europe-rabatt-sv","21":"product_tag-penis-envy-mushrooms-europe-rea","22":"product_tag-penis-envy-mushrooms-europe-recension","23":"product_tag-penis-envy-mushrooms-europe-erbjudanden","24":"product_tag-penis-envy-mushrooms-forsaljning-online","25":"product_tag-penis-envy-mushrooms-fri-frakt-europa","26":"product_tag-penis-envy-mushrooms-onlinebutik-europa","27":"product_tag-var-kan-man-kopa-penis-envy-mushrooms-europe","28":"product_tag-var-kan-man-kopa-penis-envy-mushrooms-online","30":"first","31":"instock","32":"shipping-taxable","33":"purchasable","34":"product-type-simple","35":"farmacie-col"},"aioseo_notices":[],"_links":{"self":[{"href":"https:\/\/lacasadelamedicina.es\/sv\/wp-json\/wp\/v2\/product\/34764"}],"collection":[{"href":"https:\/\/lacasadelamedicina.es\/sv\/wp-json\/wp\/v2\/product"}],"about":[{"href":"https:\/\/lacasadelamedicina.es\/sv\/wp-json\/wp\/v2\/types\/product"}],"replies":[{"embeddable":true,"href":"https:\/\/lacasadelamedicina.es\/sv\/wp-json\/wp\/v2\/comments?post=34764"}],"wp:featuredmedia":[{"embeddable":true,"href":"https:\/\/lacasadelamedicina.es\/sv\/wp-json\/wp\/v2\/media\/19799"}],"wp:attachment":[{"href":"https:\/\/lacasadelamedicina.es\/sv\/wp-json\/wp\/v2\/media?parent=34764"}],"wp:term":[{"taxonomy":"product_cat","embeddable":true,"href":"https:\/\/lacasadelamedicina.es\/sv\/wp-json\/wp\/v2\/product_cat?post=34764"},{"taxonomy":"product_tag","embeddable":true,"href":"https:\/\/lacasadelamedicina.es\/sv\/wp-json\/wp\/v2\/product_tag?post=34764"}],"curies":[{"name":"wp","href":"https:\/\/api.w.org\/{rel}","templated":true}]}}