{"id":34674,"date":"2024-08-10T19:51:54","date_gmt":"2024-08-10T19:51:54","guid":{"rendered":"https:\/\/lacasadelamedicina.es\/product\/kop-dextroamfetamin-online\/"},"modified":"2024-08-10T19:51:54","modified_gmt":"2024-08-10T19:51:54","slug":"kop-dextroamfetamin-online","status":"publish","type":"product","link":"https:\/\/lacasadelamedicina.es\/sv\/produkt\/kop-dextroamfetamin-online\/","title":{"rendered":"K\u00f6p dextroamfetamin online"},"content":{"rendered":"<h1 class=\"product_title entry-title\">K\u00f6p dextroamfetamin online<\/h1>\n<p> K\u00f6p dextroamfetamin online. Dextroamfetamin anv\u00e4nds f\u00f6r att behandla narkolepsi och ADHD och ordineras ibland off-label f\u00f6r depression och fetma. Medan l\u00e5ngvarig anv\u00e4ndning av h\u00f6ga doser hos djur kan orsaka skador p\u00e5 dopaminsystemet, st\u00f6der terapeutiska doser hos m\u00e4nniskor med ADHD i allm\u00e4nhet hj\u00e4rnans utveckling och nervtillv\u00e4xt. <strong>Dextroamphetamin<\/strong> \u00e4r ett receptbelagt l\u00e4kemedel som finns i flera former:   <\/p>\n<ul>\n<li><strong>Orala tabletter<\/strong> (10 mg, 15 mg, 20 mg, 30 mg, 5 mg, 7,5 mg)<\/li>\n<li><strong>Kapslar med f\u00f6rl\u00e4ngd fris\u00e4ttning<\/strong> (10 mg, 15 mg, 5 mg)<\/li>\n<li><strong>Oral l\u00f6sning<\/strong> (5 mg\/5 ml)<\/li>\n<\/ul>\n<p> Det s\u00e4ljs under olika varum\u00e4rken inklusive Dexedrine Spansule, ProCentra, Xelstrym, Zenzedi, Dexedrine, Dextrostat och Liquadd. Den orala tablettformen \u00e4r endast tillg\u00e4nglig i generiska versioner, som vanligtvis \u00e4r billigare \u00e4n m\u00e4rkesl\u00e4kemedel. Dextroamfetamin kan anv\u00e4ndas ensamt eller som en del av kombinationsbehandling med andra mediciner. <strong>Biverkningar:<\/strong> S\u00f6k akut medicinsk hj\u00e4lp om du upplever:   <\/p>\n<ul>\n<li>Allergiska reaktioner som n\u00e4sselfeber, andningssv\u00e5righeter eller svullnad i ansikte eller hals.<\/li>\n<li>Allvarliga hudreaktioner inklusive feber, ont i halsen, hudsm\u00e4rta eller utslag med bl\u00e5sor och fj\u00e4llning.<\/li>\n<li>Symtom p\u00e5 hj\u00e4rtinfarkt eller stroke, s\u00e5som br\u00f6stsm\u00e4rtor, domningar eller svaghet, sluddrigt tal eller andn\u00f6d.<\/li>\n<\/ul>\n<p> Allvarliga biverkningar kan inkludera: <\/p>\n<ul>\n<li>Hj\u00e4rt- eller blodcirkulationsproblem som br\u00f6stsm\u00e4rtor, andningssv\u00e5righeter eller domningar i fingrar eller t\u00e5r.<\/li>\n<li>Mani eller psykossymptom som hallucinationer, aggression, paranoia eller minskat behov av s\u00f6mn.<\/li>\n<li>Kramper, muskelryckningar (tics) eller synf\u00f6r\u00e4ndringar.<\/li>\n<li>Hudirritation om du anv\u00e4nder ett pl\u00e5ster.<\/li>\n<\/ul>\n<p> Dextroamfetamin kan p\u00e5verka tillv\u00e4xten hos barn, s\u00e5 \u00f6vervaka f\u00f6r onormala tillv\u00e4xthastigheter och kontakta din l\u00e4kare om oro uppst\u00e5r. <strong>Vanliga biverkningar:<\/strong><\/p>\n<ul>\n<li>Muntorrhet<\/li>\n<li>Magsjuka<\/li>\n<li>F\u00f6rlust av aptit och viktminskning<\/li>\n<li>Huvudv\u00e4rk<\/li>\n<li>Yrsel<\/li>\n<li>S\u00f6mnl\u00f6shet<\/li>\n<li>Irritabilitet<\/li>\n<li>Muskelryckningar<\/li>\n<li>Illam\u00e5ende och kr\u00e4kningar<\/li>\n<li>F\u00f6rh\u00f6jt blodtryck<\/li>\n<li>Skakningar<\/li>\n<li>Snabba hj\u00e4rtslag<\/li>\n<\/ul>\n<p><strong>\u00d6verdossymtom:<\/strong><\/p>\n<ul>\n<li>Rastl\u00f6shet och f\u00f6rvirring<\/li>\n<li>Aggressivt beteende<\/li>\n<li>K\u00e4nslor av panik eller hallucinationer<\/li>\n<li>Snabb andning och okontrollerbar skakning<\/li>\n<li>Feber och m\u00f6rkr\u00f6d urin<\/li>\n<li>Muskelsvaghet och tr\u00f6tthet<\/li>\n<li>Depression och oregelbunden hj\u00e4rtrytm<\/li>\n<li>Yrsel och dimsyn<\/li>\n<li>Magbesv\u00e4r, kr\u00e4kningar och diarr\u00e9<\/li>\n<li>Kramper och i sv\u00e5ra fall koma<\/li>\n<\/ul>\n<p> F\u00f6r mer information om var du kan k\u00f6pa dextroamfetamin online, kolla med licensierade onlineapotek eller auktoriserade s\u00e4ljare.<\/p>\n","protected":false},"excerpt":{"rendered":"<p>K\u00f6p dextroamfetamin online. Dextroamfetamin \u00e4r ett l\u00e4kemedel som anv\u00e4nds f\u00f6r att behandla narkolepsi och ADHD (Attention Deficit Hyperactivity Disorder). Den finns till f\u00f6rs\u00e4ljning online. F\u00f6r mer information om var du kan k\u00f6pa dextroamfetamin, kolla onlineapotek eller auktoriserade s\u00e4ljare.   <\/p>\n","protected":false},"featured_media":19874,"comment_status":"open","ping_status":"closed","template":"","meta":{"om_disable_all_campaigns":false,"_sitemap_exclude":false,"_sitemap_priority":"","_sitemap_frequency":"","_monsterinsights_skip_tracking":false,"_monsterinsights_sitenote_active":false,"_monsterinsights_sitenote_note":"","_monsterinsights_sitenote_category":0},"product_cat":[34384],"product_tag":[35745,35729,35735,35740,35734,35736,35739,35731,35742,35738,35747,35744,35746,35743,35741,35730,35732,35726,35727,35733,35737,35728],"class_list":{"0":"post-34674","1":"product","2":"type-product","3":"status-publish","4":"has-post-thumbnail","6":"product_cat-smartstillande-medel","7":"product_tag-autentisk-dextroamphetamine-europe-sv","8":"product_tag-bestall-dextroamphetamin-online","9":"product_tag-bestall-dextroamphetamine-eu","10":"product_tag-billigt-dextroamphetamine-europe","11":"product_tag-dextroamfetamin-basta-pris-europa","12":"product_tag-dextroamfetamin-fri-frakt-europa","13":"product_tag-dextroamfetamin-webbutik-europa","14":"product_tag-dextroamfetaminforsaljning-online","15":"product_tag-dextroamphetamine-europe-butik","16":"product_tag-dextroamphetamine-europe-forsaljning","17":"product_tag-dextroamphetamine-europe-granskning","18":"product_tag-dextroamphetamine-europe-leverans","19":"product_tag-dextroamphetamine-europe-leverantorer","20":"product_tag-dextroamphetamine-europe-rabatt-sv","21":"product_tag-dextroamphetamine-europe-erbjudanden","22":"product_tag-effekter-av-dextroamfetamin-sv","23":"product_tag-hur-mycket-ar-dextroamphetamine","24":"product_tag-kop-dextroamfetamin","25":"product_tag-kop-dextroamfetamin-online","26":"product_tag-kop-dextroamfetamin-online-europa","27":"product_tag-var-kan-man-kopa-dextroamphetamine-europe","28":"product_tag-var-kan-man-kopa-dextroamphetamine-online","30":"first","31":"instock","32":"shipping-taxable","33":"purchasable","34":"product-type-variable","35":"farmacie-col"},"aioseo_notices":[],"_links":{"self":[{"href":"https:\/\/lacasadelamedicina.es\/sv\/wp-json\/wp\/v2\/product\/34674"}],"collection":[{"href":"https:\/\/lacasadelamedicina.es\/sv\/wp-json\/wp\/v2\/product"}],"about":[{"href":"https:\/\/lacasadelamedicina.es\/sv\/wp-json\/wp\/v2\/types\/product"}],"replies":[{"embeddable":true,"href":"https:\/\/lacasadelamedicina.es\/sv\/wp-json\/wp\/v2\/comments?post=34674"}],"wp:featuredmedia":[{"embeddable":true,"href":"https:\/\/lacasadelamedicina.es\/sv\/wp-json\/wp\/v2\/media\/19874"}],"wp:attachment":[{"href":"https:\/\/lacasadelamedicina.es\/sv\/wp-json\/wp\/v2\/media?parent=34674"}],"wp:term":[{"taxonomy":"product_cat","embeddable":true,"href":"https:\/\/lacasadelamedicina.es\/sv\/wp-json\/wp\/v2\/product_cat?post=34674"},{"taxonomy":"product_tag","embeddable":true,"href":"https:\/\/lacasadelamedicina.es\/sv\/wp-json\/wp\/v2\/product_tag?post=34674"}],"curies":[{"name":"wp","href":"https:\/\/api.w.org\/{rel}","templated":true}]}}