{"id":34643,"date":"2024-08-10T20:02:15","date_gmt":"2024-08-10T20:02:15","guid":{"rendered":"https:\/\/lacasadelamedicina.es\/product\/kop-dilaudid-online\/"},"modified":"2024-08-10T20:02:15","modified_gmt":"2024-08-10T20:02:15","slug":"kop-dilaudid-online","status":"publish","type":"product","link":"https:\/\/lacasadelamedicina.es\/sv\/produkt\/kop-dilaudid-online\/","title":{"rendered":"K\u00f6p Dilaudid online"},"content":{"rendered":"<h1 class=\"product_title entry-title\">K\u00f6p Dilaudid online<\/h1>\n<p> K\u00f6p Dilaudid online. Hydromorfon, tillg\u00e4nglig som oral v\u00e4tska och tabletter, anv\u00e4nds vid sv\u00e5r sm\u00e4rta som kr\u00e4ver opioidbehandling och n\u00e4r andra sm\u00e4rtstillande l\u00e4kemedel \u00e4r otillr\u00e4ckliga eller oacceptabla. Kapslar och tabletter med f\u00f6rl\u00e4ngd fris\u00e4ttning anv\u00e4nds f\u00f6r opioidtoleranta patienter som beh\u00f6ver kontinuerlig, l\u00e5ngvarig sm\u00e4rtlindring. <strong>Dilaudid (Hydromorphone)<\/strong> \u00e4r en potent Schedule II-kontrollerad opioidagonist med stor risk f\u00f6r missbruk och risk f\u00f6r andningsdepression. Detta kan f\u00f6rv\u00e4rras av alkohol, andra opioider och medel som d\u00e4mpar centrala nervsystemet, vilket \u00f6kar risken f\u00f6r livshotande andningsdepression.    <strong>Anv\u00e4ndningsanm\u00e4rkningar:<\/strong><\/p>\n<ul>\n<li><strong>Oral v\u00e4tska och tabletter:<\/strong> F\u00f6r sv\u00e5r sm\u00e4rta d\u00e4r andra behandlingar \u00e4r ineffektiva. Inte f\u00f6r kortvarig anv\u00e4ndning eller mild sm\u00e4rta. <\/li>\n<li><strong>Kapslar och tabletter med f\u00f6rl\u00e4ngd fris\u00e4ttning:<\/strong> F\u00f6r kontinuerlig sm\u00e4rtlindring hos opioidtoleranta patienter. Ej avsedd f\u00f6r kortvarig eller intermittent sm\u00e4rta. <\/li>\n<\/ul>\n<p> Hydromorfon verkar p\u00e5 det centrala nervsystemet f\u00f6r att lindra sm\u00e4rta men har potential att orsaka mentalt eller fysiskt beroende vid l\u00e5ngvarig anv\u00e4ndning. Beroende kan leda till abstinenssymptom om det abrupt avbryts, vilket kan mildras genom att gradvis minska dosen. <strong>Misbruk, missbruk och avledning:<\/strong> Hydromorfon \u00e4r i riskzonen f\u00f6r missbruk och avledning, eftersom det liknar andra opioider som efters\u00f6ks av personer med beroendesjukdomar. Det b\u00f6r f\u00f6rskrivas och delas ut med f\u00f6rsiktighet, s\u00e4rskilt hos personer med en historia av missbruk eller psykisk sjukdom. Patienter b\u00f6r \u00f6vervakas med avseende p\u00e5 tecken p\u00e5 missbruk och bed\u00f6mas med avseende p\u00e5 deras risk innan opioidbehandling p\u00e5b\u00f6rjas. Hydromorfon kan missbrukas genom att krossa, tugga, frusta eller injicera, vilket inneb\u00e4r betydande \u00f6verdosrisker. Korrekt hantering av sm\u00e4rta b\u00f6r balansera oro \u00f6ver missbruk samtidigt som effektiv behandling s\u00e4kerst\u00e4lls. <strong>\u00d6verdosering:<\/strong> Om en \u00f6verdos misst\u00e4nks, administrera naloxon om tillg\u00e4ngligt och ring 911 omedelbart. Symtom p\u00e5 \u00f6verdosering inkluderar:       <\/p>\n<ul>\n<li>L\u00e5ngsam eller ytlig andning<\/li>\n<li>L\u00e5ngsam hj\u00e4rtslag<\/li>\n<li>Koma<\/li>\n<\/ul>\n<p> Om personen \u00e4r vid medvetande och inte har n\u00e5gra allvarliga symtom, kontakta en giftcentral direkt. F\u00f6r mer information om var du kan k\u00f6pa Dilaudid online, kontakta licensierade onlineapotek eller auktoriserade s\u00e4ljare.<\/p>\n","protected":false},"excerpt":{"rendered":"<p>K\u00f6p Dilaudid online. Dilaudid, som inneh\u00e5ller hydromorfon, anv\u00e4nds f\u00f6r att lindra sv\u00e5r sm\u00e4rta n\u00e4r andra sm\u00e4rtstillande mediciner \u00e4r otillr\u00e4ckliga eller oacceptabla. Det finns i oral v\u00e4tska och tablettform.  <\/p>\n","protected":false},"featured_media":19934,"comment_status":"open","ping_status":"closed","template":"","meta":{"om_disable_all_campaigns":false,"_sitemap_exclude":false,"_sitemap_priority":"","_sitemap_frequency":"","_monsterinsights_skip_tracking":false,"_monsterinsights_sitenote_active":false,"_monsterinsights_sitenote_note":"","_monsterinsights_sitenote_category":0},"product_cat":[34384],"product_tag":[35656,35640,35645,35655,35658,35652,35637,35638,35644,35462,35639],"class_list":{"0":"post-34643","1":"product","2":"type-product","3":"status-publish","4":"has-post-thumbnail","6":"product_cat-smartstillande-medel","7":"product_tag-autentiska-dilaudid-europe","8":"product_tag-bestall-dilaudid-online","9":"product_tag-dilaudid-basta-pris-europa","10":"product_tag-dilaudid-europe-leverans","11":"product_tag-dilaudid-europe-recension","12":"product_tag-dilaudid-europe-erbjudanden","13":"product_tag-kop-dilaudid","14":"product_tag-kop-dilaudid-online","15":"product_tag-kop-dilaudid-online-europa","16":"product_tag-kop-hydromorfon-online","17":"product_tag-var-kan-man-kopa-dilaudid-online","19":"first","20":"instock","21":"shipping-taxable","22":"purchasable","23":"product-type-variable","24":"farmacie-col"},"aioseo_notices":[],"_links":{"self":[{"href":"https:\/\/lacasadelamedicina.es\/sv\/wp-json\/wp\/v2\/product\/34643"}],"collection":[{"href":"https:\/\/lacasadelamedicina.es\/sv\/wp-json\/wp\/v2\/product"}],"about":[{"href":"https:\/\/lacasadelamedicina.es\/sv\/wp-json\/wp\/v2\/types\/product"}],"replies":[{"embeddable":true,"href":"https:\/\/lacasadelamedicina.es\/sv\/wp-json\/wp\/v2\/comments?post=34643"}],"wp:featuredmedia":[{"embeddable":true,"href":"https:\/\/lacasadelamedicina.es\/sv\/wp-json\/wp\/v2\/media\/19934"}],"wp:attachment":[{"href":"https:\/\/lacasadelamedicina.es\/sv\/wp-json\/wp\/v2\/media?parent=34643"}],"wp:term":[{"taxonomy":"product_cat","embeddable":true,"href":"https:\/\/lacasadelamedicina.es\/sv\/wp-json\/wp\/v2\/product_cat?post=34643"},{"taxonomy":"product_tag","embeddable":true,"href":"https:\/\/lacasadelamedicina.es\/sv\/wp-json\/wp\/v2\/product_tag?post=34643"}],"curies":[{"name":"wp","href":"https:\/\/api.w.org\/{rel}","templated":true}]}}