{"id":34500,"date":"2024-08-11T12:03:31","date_gmt":"2024-08-11T12:03:31","guid":{"rendered":"https:\/\/lacasadelamedicina.es\/product\/kop-norco-online\/"},"modified":"2024-08-11T12:03:31","modified_gmt":"2024-08-11T12:03:31","slug":"kop-norco-online","status":"publish","type":"product","link":"https:\/\/lacasadelamedicina.es\/sv\/produkt\/kop-norco-online\/","title":{"rendered":"K\u00f6p NORCO Online"},"content":{"rendered":"<h1 class=\"product_title entry-title\">K\u00f6p NORCO Online<\/h1>\n<p> Norco \u00e4r ett receptbelagt l\u00e4kemedel som kombinerar hydrokodon och paracetamol, avsett f\u00f6r sm\u00e4rtlindring n\u00e4r icke-opioidbehandlingar inte har gett tillr\u00e4cklig lindring. Det kommer i tablettform och tas oralt, med effekter som vanligtvis b\u00f6rjar inom 30 minuter. Vanliga biverkningar av Norco inkluderar yrsel, d\u00e5sighet, illam\u00e5ende, kr\u00e4kningar, f\u00f6rstoppning och kl\u00e5da. Ytterligare biverkningar kan vara huvudv\u00e4rk, tr\u00f6tthet, &#8221;hj\u00e4rndimma&#8221;, buksm\u00e4rtor och f\u00f6r\u00e4ndringar i blodtrycket. Allvarliga biverkningar som kr\u00e4ver omedelbar l\u00e4karv\u00e5rd \u00e4r:     <\/p>\n<ul>\n<li>L\u00e5ngsam eller sv\u00e5r andning, bl\u00e5aktig f\u00e4rg p\u00e5 l\u00e4ppar eller extremiteter<\/li>\n<li>\u00d6verdossymtom: svarsl\u00f6shet, l\u00e5ngsam andning, extrem d\u00e5sighet, kall eller fuktig hud, l\u00e5ngsam hj\u00e4rtrytm, sm\u00e4rta i \u00f6vre delen av buken, m\u00f6rk urin, gulsot<\/li>\n<li>Abstinenssymtom: \u00e5ngest, sj\u00e4lvmordstankar, rastl\u00f6shet, rinnande n\u00e4sa, g\u00e4spningar, svettning, frossa, vidgade pupiller, irritabilitet<\/li>\n<li>Allvarliga allergiska reaktioner: utslag, n\u00e4sselfeber, bl\u00e5sor, andningssv\u00e5righeter, snabba hj\u00e4rtslag, yrsel, pl\u00f6tslig v\u00e4rme<\/li>\n<\/ul>\n<p> F\u00f6rstoppning \u00e4r en vanlig biverkning av Norco. F\u00f6r att hantera det, se till att du f\u00e5r tillr\u00e4ckligt med vatten och inf\u00f6rliva mer fiber i din kost. Om dessa \u00e5tg\u00e4rder \u00e4r otillr\u00e4ckliga, kontakta din v\u00e5rdgivare f\u00f6r potentiella alternativa behandlingar eller mediciner. Undvik alkohol n\u00e4r du anv\u00e4nder Norco, eftersom en kombination av de tv\u00e5 kan \u00f6ka d\u00e5sighet och yrsel och kan skada din lever. F\u00f6lj alltid din f\u00f6rskrivares instruktioner ang\u00e5ende dosering och anv\u00e4ndning. \u00c4ndra inte din dos eller avbryt inte medicineringen utan att r\u00e5dfr\u00e5ga din l\u00e4kare, som gradvis kan minska din dos f\u00f6r att minimera abstinenssymtom. H\u00e5ll naloxon (Narcan) l\u00e4tt tillg\u00e4nglig f\u00f6r att motverka potentiella \u00f6verdoseffekter och utbilda dina n\u00e4ra dig om anv\u00e4ndningen. S\u00f6k akut hj\u00e4lp om naloxon administreras, eftersom dess effekter \u00e4r tillf\u00e4lliga. Meddela din f\u00f6rskrivare om du \u00e4r gravid eller planerar att bli gravid, eftersom Norco i allm\u00e4nhet inte rekommenderas under graviditet. Informera ocks\u00e5 din v\u00e5rdgivare om du ammar, eftersom l\u00e4kemedlet kan passera \u00f6ver i br\u00f6stmj\u00f6lken och utg\u00f6ra risker f\u00f6r ditt barn. F\u00f6rvara Norco s\u00e4kert, utom r\u00e4ckh\u00e5ll f\u00f6r barn och husdjur, och anv\u00e4nd program f\u00f6r \u00e5tertagning av droger f\u00f6r att kassera all oanv\u00e4nd medicin p\u00e5 ett s\u00e4kert s\u00e4tt f\u00f6r att f\u00f6rhindra oavsiktlig \u00f6verdos.<\/p>\n","protected":false},"excerpt":{"rendered":"<p>K\u00f6p Norco online. Norco \u00e4r ett kombinationsl\u00e4kemedel som inneh\u00e5ller hydrokodon och paracetamol. Det anv\u00e4nds f\u00f6r att hantera sm\u00e4rta f\u00f6r personer som har provat icke-opioidmediciner men inte f\u00e5tt tillr\u00e4cklig lindring.  <\/p>\n","protected":false},"featured_media":19994,"comment_status":"open","ping_status":"closed","template":"","meta":{"om_disable_all_campaigns":false,"_sitemap_exclude":false,"_sitemap_priority":"","_sitemap_frequency":"","_monsterinsights_skip_tracking":false,"_monsterinsights_sitenote_active":false,"_monsterinsights_sitenote_note":"","_monsterinsights_sitenote_category":0},"product_cat":[34384],"product_tag":[35530,35310,35304,35315,35305,35307,35301,35302,35308,35309,35317,35313,35319,35321,35318,35322,35316,35306,35311,35314,35312,35303],"class_list":{"0":"post-34500","1":"product","2":"type-product","3":"status-publish","4":"has-post-thumbnail","6":"product_cat-smartstillande-medel","7":"product_tag-bestall-hydrocodone-online","8":"product_tag-bestall-norco-eu","9":"product_tag-bestall-norco-online","10":"product_tag-billiga-norco-europe","11":"product_tag-effekter-av-norco-sv","12":"product_tag-hur-mycket-kostar-norco","13":"product_tag-kop-norco","14":"product_tag-kop-norco-online","15":"product_tag-kop-norco-online-europa","16":"product_tag-norco-basta-pris-europa","17":"product_tag-norco-europe-butik","18":"product_tag-norco-europe-forsaljning","19":"product_tag-norco-europe-leverans","20":"product_tag-norco-europe-leverantorer","21":"product_tag-norco-europe-rabatt-sv","22":"product_tag-norco-europe-recension","23":"product_tag-norco-europe-erbjudanden","24":"product_tag-norco-forsaljning-online","25":"product_tag-norco-fri-frakt-europa","26":"product_tag-norco-webbutik-europa","27":"product_tag-var-kan-man-kopa-norco-europe","28":"product_tag-var-kan-man-kopa-norco-online","30":"first","31":"instock","32":"shipping-taxable","33":"purchasable","34":"product-type-variable","35":"farmacie-col"},"aioseo_notices":[],"_links":{"self":[{"href":"https:\/\/lacasadelamedicina.es\/sv\/wp-json\/wp\/v2\/product\/34500"}],"collection":[{"href":"https:\/\/lacasadelamedicina.es\/sv\/wp-json\/wp\/v2\/product"}],"about":[{"href":"https:\/\/lacasadelamedicina.es\/sv\/wp-json\/wp\/v2\/types\/product"}],"replies":[{"embeddable":true,"href":"https:\/\/lacasadelamedicina.es\/sv\/wp-json\/wp\/v2\/comments?post=34500"}],"wp:featuredmedia":[{"embeddable":true,"href":"https:\/\/lacasadelamedicina.es\/sv\/wp-json\/wp\/v2\/media\/19994"}],"wp:attachment":[{"href":"https:\/\/lacasadelamedicina.es\/sv\/wp-json\/wp\/v2\/media?parent=34500"}],"wp:term":[{"taxonomy":"product_cat","embeddable":true,"href":"https:\/\/lacasadelamedicina.es\/sv\/wp-json\/wp\/v2\/product_cat?post=34500"},{"taxonomy":"product_tag","embeddable":true,"href":"https:\/\/lacasadelamedicina.es\/sv\/wp-json\/wp\/v2\/product_tag?post=34500"}],"curies":[{"name":"wp","href":"https:\/\/api.w.org\/{rel}","templated":true}]}}