{"id":34328,"date":"2024-08-11T13:43:46","date_gmt":"2024-08-11T13:43:46","guid":{"rendered":"https:\/\/lacasadelamedicina.es\/product\/kop-percocet-online\/"},"modified":"2024-08-11T13:43:46","modified_gmt":"2024-08-11T13:43:46","slug":"kop-percocet-online","status":"publish","type":"product","link":"https:\/\/lacasadelamedicina.es\/sv\/produkt\/kop-percocet-online\/","title":{"rendered":"K\u00f6p Percocet online"},"content":{"rendered":"<h1 class=\"product_title entry-title\">K\u00f6p Percocet online<\/h1>\n<div class=\"flex-shrink-0 flex flex-col relative items-end\">\n<div>\n<div class=\"pt-0\">\n<div class=\"gizmo-bot-avatar flex h-8 w-8 items-center justify-center overflow-hidden rounded-full\">\n<div class=\"relative p-1 rounded-sm flex items-center justify-center bg-token-main-surface-primary text-token-text-primary h-8 w-8\"><strong>K\u00f6p Percocet online<\/strong><\/div>\n<\/div>\n<\/div>\n<\/div>\n<\/div>\n<div class=\"group\/conversation-turn relative flex w-full min-w-0 flex-col agent-turn\">\n<div class=\"flex-col gap-1 md:gap-3\">\n<div class=\"flex max-w-full flex-col flex-grow\">\n<div class=\"min-h-[20px] text-message flex w-full flex-col items-end gap-2 whitespace-pre-wrap break-words [.text-message+&amp;]:mt-5 overflow-x-auto\" dir=\"auto\" data-message-author-role=\"assistant\" data-message-id=\"9e67d006-b066-4b1a-92a0-7ec361db76fe\">\n<div class=\"flex w-full flex-col gap-1 empty:hidden first:pt-[3px]\">\n<div class=\"markdown prose w-full break-words dark:prose-invert dark\"> Percocet \u00e4r ett receptbelagt l\u00e4kemedel som kombinerar oxikodon och paracetamol f\u00f6r att behandla m\u00e5ttlig till sv\u00e5r sm\u00e4rta. Oxykodon \u00e4r en potent opioid sm\u00e4rtstillande, medan paracetamol f\u00f6rst\u00e4rker effekterna av oxikodon. Denna medicin ordineras vanligtvis n\u00e4r icke-opioida sm\u00e4rtstillande medel eller opioider med omedelbar fris\u00e4ttning \u00e4r ineffektiva eller oacceptabla.   <strong>Hur man tar Percocet:<\/strong><\/p>\n<ul>\n<li><strong>Administration:<\/strong> Ta Percocet som ett helt piller med eller utan mat. Om du har sv\u00e5rt att sv\u00e4lja p-piller, kontakta din l\u00e4kare. <\/li>\n<li><strong>Dosering:<\/strong> F\u00f6lj din leverant\u00f6rs instruktioner om hur ofta du ska ta Percocet, antingen vid behov f\u00f6r sm\u00e4rta eller enligt ett vanligt schema.<\/li>\n<li><strong>L\u00e4ttnadsstart:<\/strong> Sm\u00e4rtlindring b\u00f6rjar vanligtvis inom 15 till 30 minuter och n\u00e5r sin topp efter cirka en timme och varar i 3 till 6 timmar.<\/li>\n<\/ul>\n<p><strong>Viktiga \u00f6verv\u00e4ganden:<\/strong><\/p>\n<ul>\n<li><strong>Doseringsnoggrannhet:<\/strong> Se till att du tar r\u00e4tt dos enligt ordinationen. \u00d6verdosering kan leda till allvarliga leverskador p\u00e5 grund av paracetamol. <\/li>\n<li><strong>Undvik alkohol:<\/strong> Att kombinera Percocet med alkohol \u00f6kar risken f\u00f6r leverskador och andra allvarliga effekter.<\/li>\n<li><strong>L\u00e4kemedelsinteraktioner:<\/strong> Informera din v\u00e5rdgivare om alla mediciner och kosttillskott du tar, eftersom Percocet kan interagera med andra medel som d\u00e4mpar centrala nervsystemet och olika mediciner.<\/li>\n<\/ul>\n<p><strong>Biverkningar:<\/strong><\/p>\n<ul>\n<li><strong>Vanliga effekter:<\/strong> F\u00f6rstoppning, illam\u00e5ende, kr\u00e4kningar, orolig mage, s\u00f6mnighet, yrsel, kl\u00e5da, huvudv\u00e4rk, suddig syn, muntorrhet och svettning.<\/li>\n<li><strong>Allvarliga effekter:<\/strong> Andningsdepression, f\u00f6rvirring, ovanliga tankar eller beteende, problem med urinering, sm\u00e4rta i \u00f6vre delen av magen, aptitl\u00f6shet, gulsot och allvarliga allergiska reaktioner.<\/li>\n<\/ul>\n<p><strong>N\u00f6dsymtom:<\/strong> S\u00f6k omedelbart l\u00e4karv\u00e5rd om du upplever: <\/p>\n<ul>\n<li>Pl\u00f6tsliga synf\u00f6r\u00e4ndringar, \u00f6gonsm\u00e4rta eller se glorier runt lampor.<\/li>\n<li>Allvarliga hj\u00e4rtsymptom som oregelbundna hj\u00e4rtslag eller fladder i br\u00f6stet.<\/li>\n<li>Sv\u00e5r huvudv\u00e4rk, f\u00f6rvirring, sluddrigt tal, muskelstelhet eller h\u00f6g feber.<\/li>\n<\/ul>\n<p><strong>Tillg\u00e4nglighet:<\/strong> Percocet kan erh\u00e5llas via detaljhandeln och postorderapotek. Observera att p\u00e5 grund av dess status som kontrollerat \u00e4mne kr\u00e4ver Percocet ett recept f\u00f6r k\u00f6p. Undvik att k\u00f6pa fr\u00e5n k\u00e4llor som s\u00e4ger sig erbjuda det utan recept, eftersom detta kan vara olagligt och os\u00e4kert.   <\/div>\n<\/div>\n<\/div>\n<\/div>\n<\/div>\n<\/div>\n","protected":false},"excerpt":{"rendered":"<p>K\u00f6p Percocet online. Percocet inneh\u00e5ller en kombination av paracetamol och oxikodon. Oxykodon \u00e4r en opioid sm\u00e4rtstillande medicin. K\u00f6p Percocet piller online.   <\/p>\n","protected":false},"featured_media":20099,"comment_status":"open","ping_status":"closed","template":"","meta":{"om_disable_all_campaigns":false,"_sitemap_exclude":false,"_sitemap_priority":"","_sitemap_frequency":"","_monsterinsights_skip_tracking":false,"_monsterinsights_sitenote_active":false,"_monsterinsights_sitenote_note":"","_monsterinsights_sitenote_category":0},"product_cat":[34384],"product_tag":[35082,35158,35072,35066,35077,35067,35069,35063,35064,35070,35071,35079,35081,35083,35080,35075,35084,35078,35068,35073,35076,35074,35065],"class_list":{"0":"post-34328","1":"product","2":"type-product","3":"status-publish","4":"has-post-thumbnail","6":"product_cat-smartstillande-medel","7":"product_tag-autentisk-percocet-europe-sv","8":"product_tag-bestall-oxycodone-online","9":"product_tag-bestall-percocet-eu","10":"product_tag-bestall-percocet-online","11":"product_tag-billiga-percocet-europe","12":"product_tag-effekter-av-percocet-sv","13":"product_tag-hur-mycket-kostar-percocet","14":"product_tag-kop-percocet","15":"product_tag-kop-percocet-online","16":"product_tag-kop-percocet-online-europa","17":"product_tag-percocet-basta-pris-europa","18":"product_tag-percocet-europe-butik","19":"product_tag-percocet-europe-leverans","20":"product_tag-percocet-europe-leverantorer","21":"product_tag-percocet-europe-rabatt-sv","22":"product_tag-percocet-europe-rea","23":"product_tag-percocet-europe-recension","24":"product_tag-percocet-europe-erbjudanden","25":"product_tag-percocet-forsaljning-online","26":"product_tag-percocet-fri-frakt-europa","27":"product_tag-percocet-webbutik-europa","28":"product_tag-var-kan-man-kopa-percocet-europe","29":"product_tag-var-kan-man-kopa-percocet-online","31":"first","32":"instock","33":"shipping-taxable","34":"purchasable","35":"product-type-variable","36":"farmacie-col"},"aioseo_notices":[],"_links":{"self":[{"href":"https:\/\/lacasadelamedicina.es\/sv\/wp-json\/wp\/v2\/product\/34328"}],"collection":[{"href":"https:\/\/lacasadelamedicina.es\/sv\/wp-json\/wp\/v2\/product"}],"about":[{"href":"https:\/\/lacasadelamedicina.es\/sv\/wp-json\/wp\/v2\/types\/product"}],"replies":[{"embeddable":true,"href":"https:\/\/lacasadelamedicina.es\/sv\/wp-json\/wp\/v2\/comments?post=34328"}],"wp:featuredmedia":[{"embeddable":true,"href":"https:\/\/lacasadelamedicina.es\/sv\/wp-json\/wp\/v2\/media\/20099"}],"wp:attachment":[{"href":"https:\/\/lacasadelamedicina.es\/sv\/wp-json\/wp\/v2\/media?parent=34328"}],"wp:term":[{"taxonomy":"product_cat","embeddable":true,"href":"https:\/\/lacasadelamedicina.es\/sv\/wp-json\/wp\/v2\/product_cat?post=34328"},{"taxonomy":"product_tag","embeddable":true,"href":"https:\/\/lacasadelamedicina.es\/sv\/wp-json\/wp\/v2\/product_tag?post=34328"}],"curies":[{"name":"wp","href":"https:\/\/api.w.org\/{rel}","templated":true}]}}