{"id":34145,"date":"2024-08-11T14:34:45","date_gmt":"2024-08-11T14:34:45","guid":{"rendered":"https:\/\/lacasadelamedicina.es\/product\/kop-subutex-online\/"},"modified":"2024-08-11T14:34:45","modified_gmt":"2024-08-11T14:34:45","slug":"kop-subutex-online","status":"publish","type":"product","link":"https:\/\/lacasadelamedicina.es\/sv\/produkt\/kop-subutex-online\/","title":{"rendered":"K\u00f6p Subutex online"},"content":{"rendered":"<h3>K\u00f6p Subutex online<\/h3>\n<p> Subutex \u00e4r ett l\u00e4kemedel som anv\u00e4nds f\u00f6r att behandla opioidanv\u00e4ndningsst\u00f6rning (OUD) och hantera b\u00e5de akut och kronisk sm\u00e4rta. Det inneh\u00e5ller buprenorfin som sin enda aktiva ingrediens, och det kan administreras via olika v\u00e4gar, inklusive sublingualt (under tungan), buckalt (i kinden), intraven\u00f6st (IV), subkutant (under huden), transdermalt (hudpl\u00e5ster) , eller som implantat.  <strong>Skillnader mellan Subutex och Suboxone:<\/strong><\/p>\n<ul>\n<li><strong>Subutex<\/strong> inneh\u00e5ller endast buprenorfin, medan <strong>Suboxone<\/strong> inneh\u00e5ller b\u00e5de buprenorfin och naloxon. Naloxon tills\u00e4tts i Suboxone f\u00f6r att f\u00f6rhindra missbruk genom att orsaka abstinensbesv\u00e4r om l\u00e4kemedlet injiceras. <\/li>\n<li><strong>Subutex<\/strong> var den ursprungliga formuleringen som anv\u00e4ndes f\u00f6r att behandla opioidberoende men hade en h\u00f6gre risk f\u00f6r missbruk. <strong>Suboxone<\/strong> utvecklades f\u00f6r att minska denna risk genom att inkludera naloxon.<\/li>\n<\/ul>\n<p><strong>Effektivitet:<\/strong><\/p>\n<ul>\n<li>B\u00e5de Subutex och Suboxone \u00e4r effektiva f\u00f6r att behandla opioidberoende och hantera abstinenssymtom. Valet mellan dem beror ofta p\u00e5 individens historia av missbruk och deras risk f\u00f6r missbruk. Suboxone \u00e4r i allm\u00e4nhet att f\u00f6redra p\u00e5 grund av dess tillsatta naloxon, som hj\u00e4lper till att f\u00f6rhindra missbruk.  <\/li>\n<li><strong>buprenorfin<\/strong>, den aktiva ingrediensen i b\u00e5da l\u00e4kemedlen, \u00e4r en partiell opioidagonist. Det aktiverar opioidreceptorer i hj\u00e4rnan men bara delvis, vilket minskar abstinenssymtom och sug utan att ge den fulla effekten av andra opioider. <\/li>\n<\/ul>\n<p><strong>Anv\u00e4ndning och administration:<\/strong><\/p>\n<ul>\n<li>Subutex administreras vanligtvis som en sublingual tablett, som placeras under tungan f\u00f6r absorption. Den kan \u00e4ven anv\u00e4ndas i andra former beroende p\u00e5 de specifika behandlingsbehoven. <\/li>\n<li>L\u00e4kemedlet tas vanligtvis en g\u00e5ng dagligen. Dess maximala aktivitet intr\u00e4ffar 3-4 timmar efter administrering. <\/li>\n<\/ul>\n<p><strong>Risker och biverkningar:<\/strong><\/p>\n<ul>\n<li><strong>Allvarliga biverkningar:<\/strong>\n<ul>\n<li>Allergiska reaktioner: N\u00e4sselutslag, andningssv\u00e5righeter, svullnad av ansikte, l\u00e4ppar, tunga eller svalg.<\/li>\n<li>Andningsproblem: L\u00e5ngsam eller slutad andning, s\u00e4rskilt med l\u00e5nga pauser, bl\u00e5 l\u00e4ppar eller sv\u00e5righeter att vakna.<\/li>\n<li>Leverproblem: Ont i \u00f6vre magen, aptitl\u00f6shet, m\u00f6rk urin, lerf\u00e4rgad avf\u00f6ring, gulsot.<\/li>\n<li>Abstinenssymtom f\u00f6r opiater: Rysningar, g\u00e5shud, svettning, rinnande n\u00e4sa, rinnande \u00f6gon, diarr\u00e9, muskelsm\u00e4rtor.<\/li>\n<li>L\u00e5ga kortisolniv\u00e5er: Kr\u00e4kningar, yrsel, sv\u00e5r tr\u00f6tthet eller svaghet.<\/li>\n<li>Serotonergt syndrom: Agitation, hallucinationer, feber, svettning, frossa, snabb hj\u00e4rtfrekvens, muskelstelhet, illam\u00e5ende, kr\u00e4kningar, diarr\u00e9.<\/li>\n<\/ul>\n<\/li>\n<li><strong>Vanliga biverkningar:<\/strong>\n<ul>\n<li>F\u00f6rstoppning, illam\u00e5ende, kr\u00e4kningar.<\/li>\n<li>Huvudv\u00e4rk, \u00f6kad svettning, s\u00f6mnproblem (s\u00f6mnl\u00f6shet).<\/li>\n<li>Allm\u00e4n kroppsv\u00e4rk.<\/li>\n<\/ul>\n<\/li>\n<\/ul>\n<p><strong>Att t\u00e4nka p\u00e5 vid graviditet:<\/strong><\/p>\n<ul>\n<li>Buprenorfin, den aktiva ingrediensen i Subutex, kan ha fetotoxiska effekter och orsaka neonatalt abstinenssyndrom. Om du blir gravid medan du tar Subutex, kontakta din l\u00e4kare omedelbart f\u00f6r att diskutera alternativ och s\u00e4kerst\u00e4lla korrekt v\u00e5rd. <\/li>\n<\/ul>\n<p><strong>Missbruk och missbrukspotential:<\/strong><\/p>\n<ul>\n<li>Subutex, liksom andra opioider, medf\u00f6r en risk f\u00f6r missbruk. Vissa individer kan krossa tabletterna och injicera dem f\u00f6r att uppn\u00e5 en high, vilket \u00e4r mindre effektivt med Suboxone p\u00e5 grund av naloxons n\u00e4rvaro. <\/li>\n<\/ul>\n<p><strong>Akut\u00e5tg\u00e4rder:<\/strong><\/p>\n<ul>\n<li>S\u00f6k akut medicinsk hj\u00e4lp om du upplever allvarliga biverkningar, s\u00e5som betydande andningsproblem, allvarliga allergiska reaktioner eller symtom p\u00e5 serotonergt syndrom.<\/li>\n<\/ul>\n","protected":false},"excerpt":{"rendered":"<p>Subutex \u00e4r en opioid som anv\u00e4nds f\u00f6r att behandla st\u00f6rningar vid anv\u00e4ndning av opioid, akut sm\u00e4rta och kronisk sm\u00e4rta. Subutex till salu online, var kan man k\u00f6pa Subutex online. <\/p>\n","protected":false},"featured_media":20159,"comment_status":"open","ping_status":"closed","template":"","meta":{"om_disable_all_campaigns":false,"_sitemap_exclude":false,"_sitemap_priority":"","_sitemap_frequency":"","_monsterinsights_skip_tracking":false,"_monsterinsights_sitenote_active":false,"_monsterinsights_sitenote_note":"","_monsterinsights_sitenote_category":0},"product_cat":[34384],"product_tag":[35839,34542,34553,34543,35837,34539,34540,34546,34547,34557,34559,34556,34551,34560,34554,34544,34549,34552,34550,34541],"class_list":{"0":"post-34145","1":"product","2":"type-product","3":"status-publish","4":"has-post-thumbnail","6":"product_cat-smartstillande-medel","7":"product_tag-bestall-buprenorfin-online","8":"product_tag-bestall-subutex-online","9":"product_tag-billiga-subutex-europe","10":"product_tag-effekter-av-subutex-sv","11":"product_tag-kop-buprenorfin-online","12":"product_tag-kop-subutex","13":"product_tag-kop-subutex-online","14":"product_tag-kop-subutex-online-europa","15":"product_tag-subutex-basta-pris-europa","16":"product_tag-subutex-europe-leverans","17":"product_tag-subutex-europe-leverantorer","18":"product_tag-subutex-europe-rabatt-sv","19":"product_tag-subutex-europe-rea","20":"product_tag-subutex-europe-recension","21":"product_tag-subutex-europe-erbjudanden","22":"product_tag-subutex-forsaljning-online","23":"product_tag-subutex-fri-frakt-europa","24":"product_tag-subutex-webbutik-europa","25":"product_tag-var-kan-man-kopa-subutex-europe","26":"product_tag-var-kan-man-kopa-subutex-online","28":"first","29":"instock","30":"shipping-taxable","31":"purchasable","32":"product-type-variable","33":"farmacie-col"},"aioseo_notices":[],"_links":{"self":[{"href":"https:\/\/lacasadelamedicina.es\/sv\/wp-json\/wp\/v2\/product\/34145"}],"collection":[{"href":"https:\/\/lacasadelamedicina.es\/sv\/wp-json\/wp\/v2\/product"}],"about":[{"href":"https:\/\/lacasadelamedicina.es\/sv\/wp-json\/wp\/v2\/types\/product"}],"replies":[{"embeddable":true,"href":"https:\/\/lacasadelamedicina.es\/sv\/wp-json\/wp\/v2\/comments?post=34145"}],"wp:featuredmedia":[{"embeddable":true,"href":"https:\/\/lacasadelamedicina.es\/sv\/wp-json\/wp\/v2\/media\/20159"}],"wp:attachment":[{"href":"https:\/\/lacasadelamedicina.es\/sv\/wp-json\/wp\/v2\/media?parent=34145"}],"wp:term":[{"taxonomy":"product_cat","embeddable":true,"href":"https:\/\/lacasadelamedicina.es\/sv\/wp-json\/wp\/v2\/product_cat?post=34145"},{"taxonomy":"product_tag","embeddable":true,"href":"https:\/\/lacasadelamedicina.es\/sv\/wp-json\/wp\/v2\/product_tag?post=34145"}],"curies":[{"name":"wp","href":"https:\/\/api.w.org\/{rel}","templated":true}]}}