{"id":34101,"date":"2024-08-11T14:53:54","date_gmt":"2024-08-11T14:53:54","guid":{"rendered":"https:\/\/lacasadelamedicina.es\/product\/kop-vicodin-online\/"},"modified":"2024-08-11T14:53:54","modified_gmt":"2024-08-11T14:53:54","slug":"kop-vicodin-online","status":"publish","type":"product","link":"https:\/\/lacasadelamedicina.es\/sv\/produkt\/kop-vicodin-online\/","title":{"rendered":"K\u00f6p Vicodin online"},"content":{"rendered":"<h1 class=\"product_title entry-title\">K\u00f6p Vicodin online<\/h1>\n<p> Vicodin \u00e4r ett receptbelagt l\u00e4kemedel som kombinerar tv\u00e5 aktiva ingredienser: <\/p>\n<ol>\n<li><strong>Hydrokodon:<\/strong> Ett opioid (narkotisk) sm\u00e4rtstillande medel.<\/li>\n<li><strong>Acetaminophen:<\/strong> Ett icke-narkotisk sm\u00e4rtstillande medel och feberneds\u00e4ttande.<\/li>\n<\/ol>\n<p><strong>Anv\u00e4nder:<\/strong><\/p>\n<ul>\n<li>Vicodin anv\u00e4nds f\u00f6r att behandla m\u00e5ttlig till m\u00e5ttlig sv\u00e5r sm\u00e4rta. Det ordineras vanligtvis n\u00e4r sm\u00e4rtlindring inte kan uppn\u00e5s med enbart icke-opioidmediciner. <\/li>\n<\/ul>\n<p><strong>Doseringsriktlinjer:<\/strong> Den maximala dagliga dosen av Vicodin beror p\u00e5 formuleringen: <\/p>\n<ul>\n<li><strong>Vicodin 5 mg\/300 mg<\/strong>: Ta 1 till 2 tabletter var 4:e till 6:e timme efter behov, inte \u00f6verstiga 8 tabletter p\u00e5 24 timmar.<\/li>\n<li><strong>Vicodin 7,5 mg\/300 mg<\/strong>: Ta 1 tablett var 4:e till 6:e timme efter behov, inte \u00f6verstiga 6 tabletter p\u00e5 24 timmar.<\/li>\n<li><strong>Vicodin 10 mg\/300 mg<\/strong>: Ta 1 tablett var 4:e till 6:e timme efter behov, inte \u00f6verstiga 6 tabletter p\u00e5 24 timmar.<\/li>\n<\/ul>\n<p><strong>Viktiga \u00f6verv\u00e4ganden:<\/strong><\/p>\n<ul>\n<li><strong>Gr\u00e4ns \u200b\u200bf\u00f6r paracetamol:<\/strong> De flesta vuxna kan s\u00e4kert ta upp till 4 000 mg paracetamol per dag, men denna gr\u00e4ns inkluderar alla k\u00e4llor till acetaminophen, t.ex. -motmediciner.<\/li>\n<li><strong>Undvik att \u00f6verskrida doser:<\/strong> Var f\u00f6rsiktig med den totala m\u00e4ngden paracetamol f\u00f6r att f\u00f6rhindra leverskador.<\/li>\n<\/ul>\n<p><strong>Biverkningar:<\/strong><strong>Vanliga biverkningar:<\/strong><\/p>\n<ul>\n<li>Ljushet<\/li>\n<li>Yrsel<\/li>\n<li>Illam\u00e5ende<\/li>\n<li>Kr\u00e4kningar<\/li>\n<li>Magsjuka<\/li>\n<li>D\u00e5sighet<\/li>\n<li>F\u00f6rstoppning<\/li>\n<li>Huvudv\u00e4rk<\/li>\n<li>Hum\u00f6r f\u00f6r\u00e4ndras<\/li>\n<li>Suddig syn<\/li>\n<li>Ringer i \u00f6ronen<\/li>\n<li>Muntorrhet<\/li>\n<li>Sv\u00e5rt att kissa<\/li>\n<\/ul>\n<p><strong>Allvarliga biverkningar:<\/strong><\/p>\n<ul>\n<li>Grunt eller l\u00e5ngsam andning<\/li>\n<li>F\u00f6rvirring, ovanliga tankar eller beteende<\/li>\n<li>Anfall<\/li>\n<li>Sm\u00e4rta i \u00f6vre delen av magen<\/li>\n<li>Kl\u00e5da<\/li>\n<li>F\u00f6rlust av aptit<\/li>\n<li>M\u00f6rk urin<\/li>\n<li>Lerf\u00e4rgad pall<\/li>\n<li>Gulning av hud eller \u00f6gon<\/li>\n<\/ul>\n<p><strong>S\u00f6k omedelbar medicinsk hj\u00e4lp om:<\/strong><\/p>\n<ul>\n<li>Du upplever symtom som allvarliga synf\u00f6r\u00e4ndringar, hj\u00e4rtklappning eller sv\u00e5r huvudv\u00e4rk.<\/li>\n<li>Du har symtom p\u00e5 en allvarlig allergisk reaktion, s\u00e5som n\u00e4sselfeber, svullnad i ansikte eller hals eller andningssv\u00e5righeter.<\/li>\n<\/ul>\n<p><strong>J\u00e4mf\u00f6relse med Percocet:<\/strong><\/p>\n<ul>\n<li><strong>Effektivitet:<\/strong> Studier har visat att Vicodin och Percocet (som inneh\u00e5ller oxikodon) \u00e4r lika effektiva f\u00f6r kortvarig sm\u00e4rtbehandling och akut sm\u00e4rta fr\u00e5n frakturer.<\/li>\n<li><strong>Kraft:<\/strong> Oxykodon (Percocet) \u00e4r ungef\u00e4r 1,5 g\u00e5nger mer potent \u00e4n hydrokodon (Vicodin) n\u00e4r det tas i lika doser.<\/li>\n<\/ul>\n<p><strong>S\u00e4kerhet och f\u00f6rsiktighets\u00e5tg\u00e4rder:<\/strong><\/p>\n<ul>\n<li><strong>Vanebildande:<\/strong> Vicodin kan vara vanebildande och kan leda till beroende eller beroende. Anv\u00e4nd det precis som f\u00f6reskrivet. <\/li>\n<li><strong>Risk f\u00f6r \u00f6verdosering:<\/strong> Att ta f\u00f6r mycket Vicodin eller kombinera det med andra depressiva medel (som alkohol) kan leda till allvarliga h\u00e4lsokomplikationer, inklusive \u00f6verdosering och d\u00f6dsfall.<\/li>\n<li><strong>Konsultation:<\/strong> Diskutera eventuella problem eller biverkningar med din v\u00e5rdgivare och informera dem om andra mediciner eller h\u00e4lsotillst\u00e5nd.<\/li>\n<\/ul>\n<p><strong>Juridisk information och k\u00f6pinformation:<\/strong><\/p>\n<ul>\n<li><strong>Receptkrav:<\/strong> Vicodin \u00e4r endast tillg\u00e4ngligt med recept. Det \u00e4r viktigt att f\u00e5 det via ett licensierat apotek och inte via obeh\u00f6riga onlinek\u00e4llor. <\/li>\n<li><strong>K\u00f6p:<\/strong> F\u00f6r s\u00e4kerhets skull skaffa alltid Vicodin genom legitima kanaler och f\u00f6lj de f\u00f6reskrivna doseringsriktlinjerna noggrant.<\/li>\n<\/ul>\n","protected":false},"excerpt":{"rendered":"<p>K\u00f6p Vicodin online. Vicodin \u00e4r en kombination av det narkotiska hydrokodonet och det icke-narkotiska sm\u00e4rtstillande medlet paracetamol som anv\u00e4nds f\u00f6r att lindra m\u00e5ttlig till m\u00e5ttligt sv\u00e5r sm\u00e4rta. <\/p>\n","protected":false},"featured_media":20189,"comment_status":"open","ping_status":"closed","template":"","meta":{"om_disable_all_campaigns":false,"_sitemap_exclude":false,"_sitemap_priority":"","_sitemap_frequency":"","_monsterinsights_skip_tracking":false,"_monsterinsights_sitenote_active":false,"_monsterinsights_sitenote_note":"","_monsterinsights_sitenote_category":0},"product_cat":[34384],"product_tag":[34438,34432,34433,34435,35528,34429,34430,34436,34440,34431,34437,34446,34445,34447,34449,34441,34450,34444,34434,34439,34442],"class_list":{"0":"post-34101","1":"product","2":"type-product","3":"status-publish","4":"has-post-thumbnail","6":"product_cat-smartstillande-medel","7":"product_tag-bestall-vicodin-eu","8":"product_tag-bestall-vicodin-online","9":"product_tag-effekter-av-vicodin-sv","10":"product_tag-hur-mycket-kostar-vicodin","11":"product_tag-kop-hydrocodone-online","12":"product_tag-kop-vicodin","13":"product_tag-kop-vicodin-online","14":"product_tag-kop-vicodin-online-europa","15":"product_tag-var-kan-man-kopa-vicodin-europe","16":"product_tag-var-kan-man-kopa-vicodin-online","17":"product_tag-vicodin-basta-pris-europa","18":"product_tag-vicodin-europa-rabatt","19":"product_tag-vicodin-europe-butik","20":"product_tag-vicodin-europe-leverans","21":"product_tag-vicodin-europe-leverantorer","22":"product_tag-vicodin-europe-rea","23":"product_tag-vicodin-europe-recension","24":"product_tag-vicodin-europe-erbjudanden","25":"product_tag-vicodin-forsaljning-online","26":"product_tag-vicodin-fri-frakt-europa","27":"product_tag-vicodin-webbutik-europa","29":"first","30":"instock","31":"shipping-taxable","32":"purchasable","33":"product-type-variable","34":"farmacie-col"},"aioseo_notices":[],"_links":{"self":[{"href":"https:\/\/lacasadelamedicina.es\/sv\/wp-json\/wp\/v2\/product\/34101"}],"collection":[{"href":"https:\/\/lacasadelamedicina.es\/sv\/wp-json\/wp\/v2\/product"}],"about":[{"href":"https:\/\/lacasadelamedicina.es\/sv\/wp-json\/wp\/v2\/types\/product"}],"replies":[{"embeddable":true,"href":"https:\/\/lacasadelamedicina.es\/sv\/wp-json\/wp\/v2\/comments?post=34101"}],"wp:featuredmedia":[{"embeddable":true,"href":"https:\/\/lacasadelamedicina.es\/sv\/wp-json\/wp\/v2\/media\/20189"}],"wp:attachment":[{"href":"https:\/\/lacasadelamedicina.es\/sv\/wp-json\/wp\/v2\/media?parent=34101"}],"wp:term":[{"taxonomy":"product_cat","embeddable":true,"href":"https:\/\/lacasadelamedicina.es\/sv\/wp-json\/wp\/v2\/product_cat?post=34101"},{"taxonomy":"product_tag","embeddable":true,"href":"https:\/\/lacasadelamedicina.es\/sv\/wp-json\/wp\/v2\/product_tag?post=34101"}],"curies":[{"name":"wp","href":"https:\/\/api.w.org\/{rel}","templated":true}]}}