{"id":34066,"date":"2024-08-11T15:06:29","date_gmt":"2024-08-11T15:06:29","guid":{"rendered":"https:\/\/lacasadelamedicina.es\/product\/kop-xanax-online\/"},"modified":"2024-08-11T15:06:29","modified_gmt":"2024-08-11T15:06:29","slug":"kop-xanax-online","status":"publish","type":"product","link":"https:\/\/lacasadelamedicina.es\/sv\/produkt\/kop-xanax-online\/","title":{"rendered":"K\u00f6p Xanax online"},"content":{"rendered":"<h1 class=\"product_title entry-title\">K\u00f6p Xanax online<\/h1>\n<h3>Xanax (Alprazolam) \u00d6versikt<\/h3>\n<p><strong>Xanax<\/strong> \u00e4r ett receptbelagt l\u00e4kemedel som anv\u00e4nds f\u00f6r att behandla vissa \u00e5ngestsyndrom och panik\u00e5ngest. Den aktiva ingrediensen, <strong>alprazolam<\/strong>, tillh\u00f6r en klass av l\u00e4kemedel som kallas bensodiazepiner. Bensodiazepiner \u00e4r medel som d\u00e4mpar centrala nervsystemet (CNS) som verkar genom att \u00f6ka aktiviteten hos neurotransmittorer i hj\u00e4rnan.   <\/p>\n<h4><strong>Anv\u00e4nds<\/strong><\/h4>\n<ul>\n<li><strong>\u00c5ngestsyndrom:<\/strong> Xanax ordineras f\u00f6r att hantera symtom p\u00e5 \u00e5ngestsyndrom och \u00e5ngest orsakad av depression.<\/li>\n<li><strong>Panikst\u00f6rningar:<\/strong> Det anv\u00e4nds ocks\u00e5 f\u00f6r att behandla panik\u00e5ngest, inklusive panikattacker med eller utan agorafobi (r\u00e4dsla f\u00f6r platser eller situationer d\u00e4r det kan vara sv\u00e5rt att fly).<\/li>\n<\/ul>\n<h4><strong>Former och dosering<\/strong><\/h4>\n<ul>\n<li><strong>Omedelbar release (IR) Xanax:<\/strong>\n<ul>\n<li><strong>Styrkor:<\/strong> 0,25 mg, 0,5 mg, 1 mg, 2 mg<\/li>\n<li><strong>Utseende:<\/strong>\n<ul>\n<li>0,25 mg: Vit, oval<\/li>\n<li>0,5 mg: Persika, oval<\/li>\n<li>1 mg: Bl\u00e5, oval<\/li>\n<li>2 mg: Vit, rektangel med rundade h\u00f6rn<\/li>\n<\/ul>\n<\/li>\n<\/ul>\n<\/li>\n<li><strong>Extended Release (Xanax XR):<\/strong>\n<ul>\n<li><strong>Styrkor:<\/strong> 0,5 mg, 1 mg, 2 mg, 3 mg<\/li>\n<li><strong>Utseende:<\/strong>\n<ul>\n<li>0,5 mg: Vit, femkant<\/li>\n<li>1 mg: Gul, fyrkantig<\/li>\n<li>2 mg: Bl\u00e5, rund<\/li>\n<li>3 mg: Gr\u00f6n, triangel<\/li>\n<\/ul>\n<\/li>\n<\/ul>\n<\/li>\n<\/ul>\n<p><strong>Riktlinjer f\u00f6r dosering:<\/strong><\/p>\n<ul>\n<li><strong>Paniksyndrom:<\/strong> Xanax med omedelbar fris\u00e4ttning kan tas tre g\u00e5nger om dagen. Xanax XR tas vanligtvis en g\u00e5ng dagligen och \u00e4r utformad f\u00f6r att frig\u00f6ra medicinen gradvis under 24 timmar. <\/li>\n<\/ul>\n<h4><strong>Milda biverkningar<\/strong><\/h4>\n<ul>\n<li>Minnesf\u00f6rlust<\/li>\n<li>F\u00f6rstoppning<\/li>\n<li>L\u00e5gt blodtryck<\/li>\n<li>Muntorrhet<\/li>\n<li>D\u00e5sighet<\/li>\n<li>Yrsel eller yrsel<\/li>\n<li>Samordningsfr\u00e5gor<\/li>\n<li>Sv\u00e5righeter att koncentrera sig eller tala tydligt<\/li>\n<li>F\u00f6r\u00e4ndringar i sexlust, aptit eller vikt<\/li>\n<li>Milda allergiska reaktioner<\/li>\n<\/ul>\n<p> Dessa biverkningar kan minska n\u00e4r din kropp anpassar sig till medicinen. Om de kvarst\u00e5r eller f\u00f6rv\u00e4rras, kontakta din v\u00e5rdgivare.  <\/p>\n<h4><strong>Allvarliga biverkningar<\/strong><\/h4>\n<ul>\n<li><strong>Reducerad f\u00f6rm\u00e5ga att utf\u00f6ra farliga aktiviteter:<\/strong> S\u00f6mnighet, yrsel, minskad vakenhet, l\u00e5ngsammare reaktionstider.<\/li>\n<li><strong>Leverproblem:<\/strong> Symtomen inkluderar buksm\u00e4rtor, illam\u00e5ende, kr\u00e4kningar, gulsot (gulf\u00e4rgning av hud\/\u00f6gon), \u00f6kade leverenzymer.<\/li>\n<li><strong>Anfall:<\/strong> Symtomen kan variera men kan inkludera skakningar, f\u00f6rvirring, stelhet eller slapphet.<\/li>\n<li><strong>Hallucinationer:<\/strong> Att uppleva saker som inte \u00e4r verkliga, som att h\u00f6ra r\u00f6ster eller se objekt som inte finns.<\/li>\n<li><strong>Beroende och beroende:<\/strong> Risk f\u00f6r missbruk, beroende och abstinenssymptom.<\/li>\n<li><strong>Sv\u00e5ra allergiska reaktioner:<\/strong> Symtom som n\u00e4sselfeber, svullnad och andningssv\u00e5righeter.<\/li>\n<\/ul>\n<p><strong>Viktig notering:<\/strong> Att kombinera Xanax med opioider eller andra depressiva medel kan vara extremt farligt och potentiellt d\u00f6dligt. <\/p>\n<h4><strong>Effektivitet f\u00f6r panik\u00e5ngest<\/strong><\/h4>\n<p> Xanax \u00e4r effektivt f\u00f6r att minska frekvensen av panikattacker. Det ing\u00e5r i riktlinjer f\u00f6r kortsiktig hantering av panik\u00e5ngest. Kliniska pr\u00f6vningar har visat dess effektivitet f\u00f6r att kontrollera symtom p\u00e5 panikst\u00f6rningar. <strong>Tillg\u00e4nglighet:<\/strong> Xanax \u00e4r endast tillg\u00e4ngligt p\u00e5 recept. Det \u00e4r viktigt att anv\u00e4nda det under ledning av en v\u00e5rdgivare p\u00e5 grund av dess potential f\u00f6r beroende och andra allvarliga biverkningar.    <strong>Samr\u00e5d:<\/strong><\/p>\n<ul>\n<li>R\u00e5dg\u00f6r alltid med din v\u00e5rdgivare f\u00f6r att s\u00e4kerst\u00e4lla att Xanax \u00e4r l\u00e4mpligt f\u00f6r ditt tillst\u00e5nd.<\/li>\n<li>Diskutera eventuella andra mediciner du tar och eventuella underliggande h\u00e4lsotillst\u00e5nd.<\/li>\n<\/ul>\n<p><strong>K\u00f6p Xanax online:<\/strong><\/p>\n<ul>\n<li>Xanax ska erh\u00e5llas fr\u00e5n ett licensierat apotek med ett giltigt recept.<\/li>\n<li>Var f\u00f6rsiktig med onlinek\u00e4llor som erbjuder Xanax utan recept, eftersom dessa kan vara olagliga eller f\u00f6rfalskade.<\/li>\n<\/ul>\n","protected":false},"excerpt":{"rendered":"<p>K\u00f6p Xanax online. Xanax \u00e4r en oral tablett av m\u00e4rket som ordineras f\u00f6r vissa \u00e5ngestsyndrom. Xanax till salu online  <\/p>\n","protected":false},"featured_media":20204,"comment_status":"open","ping_status":"closed","template":"","meta":{"om_disable_all_campaigns":false,"_sitemap_exclude":false,"_sitemap_priority":"","_sitemap_frequency":"","_monsterinsights_skip_tracking":false,"_monsterinsights_sitenote_active":false,"_monsterinsights_sitenote_note":"","_monsterinsights_sitenote_category":0},"product_cat":[34384],"product_tag":[34388,34385,34386],"class_list":{"0":"post-34066","1":"product","2":"type-product","3":"status-publish","4":"has-post-thumbnail","6":"product_cat-smartstillande-medel","7":"product_tag-bestall-xanax-online","8":"product_tag-kop-xanax","9":"product_tag-kop-xanax-online","11":"first","12":"instock","13":"shipping-taxable","14":"purchasable","15":"product-type-variable","16":"farmacie-col"},"aioseo_notices":[],"_links":{"self":[{"href":"https:\/\/lacasadelamedicina.es\/sv\/wp-json\/wp\/v2\/product\/34066"}],"collection":[{"href":"https:\/\/lacasadelamedicina.es\/sv\/wp-json\/wp\/v2\/product"}],"about":[{"href":"https:\/\/lacasadelamedicina.es\/sv\/wp-json\/wp\/v2\/types\/product"}],"replies":[{"embeddable":true,"href":"https:\/\/lacasadelamedicina.es\/sv\/wp-json\/wp\/v2\/comments?post=34066"}],"wp:featuredmedia":[{"embeddable":true,"href":"https:\/\/lacasadelamedicina.es\/sv\/wp-json\/wp\/v2\/media\/20204"}],"wp:attachment":[{"href":"https:\/\/lacasadelamedicina.es\/sv\/wp-json\/wp\/v2\/media?parent=34066"}],"wp:term":[{"taxonomy":"product_cat","embeddable":true,"href":"https:\/\/lacasadelamedicina.es\/sv\/wp-json\/wp\/v2\/product_cat?post=34066"},{"taxonomy":"product_tag","embeddable":true,"href":"https:\/\/lacasadelamedicina.es\/sv\/wp-json\/wp\/v2\/product_tag?post=34066"}],"curies":[{"name":"wp","href":"https:\/\/api.w.org\/{rel}","templated":true}]}}