{"id":35241,"date":"2024-08-09T14:01:59","date_gmt":"2024-08-09T14:01:59","guid":{"rendered":"https:\/\/lacasadelamedicina.es\/product\/kupte-si-krystaly-5f-mdmb-2201-online\/"},"modified":"2024-08-09T14:01:59","modified_gmt":"2024-08-09T14:01:59","slug":"kupte-si-krystaly-5f-mdmb-2201-online","status":"publish","type":"product","link":"https:\/\/lacasadelamedicina.es\/sk\/produkt\/kupte-si-krystaly-5f-mdmb-2201-online\/","title":{"rendered":"K\u00fapte si kry\u0161t\u00e1ly 5f MDMB 2201 online"},"content":{"rendered":"<h1>K\u00fapte si kry\u0161t\u00e1ly 5f MDMB 2201 online<\/h1>\n<p> K\u00fapte si kry\u0161t\u00e1ly 5f MDMB 2201 online. K\u00fapte si 5f kry\u0161t\u00e1ly MDMB 2201 online \u2013 <a href=\"https:\/\/drlawsonspharmacy\/contact-us\/\">KONTAKT<\/a> Za\u010d\u00edname objavova\u0165 indazol-3-karboxamid v syntetick\u00fdch kanabisov\u00fdch produktoch po celom svete. Farmakol\u00f3gia: 5F-MDMB-2201 je zn\u00e1my ako ve\u013emi siln\u00fd agonista CB1, ale nie je jasn\u00e9, \u010di je vysoko selekt\u00edvny aj pre CB1 alebo \u010di je v\u00f4bec selekt\u00edvny. \u010ealej <a href=\"https:\/\/dieapotheke247.com\/\">v tejto oblasti je potrebn\u00e9 testovanie.<\/a> Podobn\u00e9 zl\u00fa\u010deniny: 5F-AB-PINACA PX-3 MDMB-FUBINACA MDMB-CHMICA APINACA APICA ADB-PINACA ADBICA ADB- FUBINACA ADB-CHMINACA AB-PINACA AB-FUBINACA AB-CHMINACA AB-CHFUPYCA 5F-APINACA 5F-AMB Z\u00e1konnos\u0165: 5F-MDMB-2201 nie je v s\u00fa\u010dasnosti uzn\u00e1van\u00e1 ako zak\u00e1zan\u00e1 l\u00e1tka v \u017eiadnej v\u00fdznamnej krajine alebo jurisdikcii, ale mo\u017eno ju pova\u017eova\u0165 za podobn\u00fa zl\u00fa\u010deninu na 5F-ADB. Preto je potrebn\u00e9 pri dovoze tejto l\u00e1tky postupova\u0165 opatrne, preto\u017ee predaj alebo dr\u017eba tejto l\u00e1tky m\u00f4\u017ee by\u0165 v niektor\u00fdch krajin\u00e1ch nez\u00e1konn\u00e1. 5F-MDMB-2201 nie je vhodn\u00fd na \u013eudsk\u00fa ani zvieraciu spotrebu, preto\u017ee sa dod\u00e1va len ako v\u00fdskumn\u00e1 chemik\u00e1lia. V laborat\u00f3riu alebo forenznom prostred\u00ed by ho mali pou\u017e\u00edva\u0165 iba kvalifikovan\u00ed jednotlivci. Predstavujeme 5F MDMB-2201 Crystals, revolu\u010dn\u00fd produkt, ktor\u00fd otv\u00e1ra dvere prelomov\u00fdm \u0161t\u00fadi\u00e1m o syntetick\u00fdch kanabinoidoch. Kry\u0161t\u00e1ly 5F MDMB-2201 s\u00fa ide\u00e1lne katalyz\u00e1tory na odomknutie maxim\u00e1lneho potenci\u00e1lu v\u00e1\u0161ho vedeck\u00e9ho \u00fasilia v\u010faka ich bezkonkuren\u010dnej sile a vynikaj\u00facej \u010distote. Na\u0161e kry\u0161t\u00e1ly 5F MDMB-2201 s\u00fa starostlivo syntetizovan\u00e9 a ru\u010dne vyr\u00e1ban\u00e9 pomocou najmodernej\u0161\u00edch met\u00f3d, \u010do zais\u0165uje produkt bezkonkuren\u010dnej konzistencie a \u010distoty, ktor\u00fd umo\u017e\u0148uje v\u00fdskumn\u00edkom bezpe\u010dne a presne presk\u00fama\u0165 komplexn\u00e9 fungovanie endokanabinoidn\u00e9ho syst\u00e9mu.          <\/p>\n<h3>K\u00fapte si kry\u0161t\u00e1ly 5F MDMB 2201 online<\/h3>\n<p> Ke\u010f kry\u0161t\u00e1ly 5F MDMB-2201 dosiahnu svoj pln\u00fd potenci\u00e1l, objavia sa mnoh\u00e9 v\u00fdskumn\u00e9 pr\u00edle\u017eitosti. T\u00e1to l\u00e1tka pon\u00faka vz\u00e1cnu \u0161ancu na \u0161t\u00fadium a pochopenie interakcie medzi endokanabinoidn\u00fdm syst\u00e9mom a radom fyziologick\u00fdch procesov, vr\u00e1tane zvl\u00e1dania bolesti, neurofarmakol\u00f3gie a v\u00fdskumu z\u00e1vislost\u00ed. Je to siln\u00fd agonista kanabinoidn\u00fdch receptorov. Vynikaj\u00faca stabilita a sila kry\u0161t\u00e1lov 5F MDMB-2201 s\u00fa d\u00f4vodom ich v\u00fdnimo\u010dnej kvality. T\u00e1to stabilita umo\u017e\u0148uje presn\u00e9 d\u00e1vkovanie a konzistentn\u00e9 v\u00fdsledky, \u010do vedcom umo\u017e\u0148uje s istotou vykon\u00e1va\u0165 zd\u013ahav\u00e9 v\u00fdskumy. Kry\u0161t\u00e1ly s\u00fa tie\u017e vysoko rozpustn\u00e9 v r\u00f4znych be\u017en\u00fdch rozp\u00fa\u0161\u0165adl\u00e1ch, v\u010faka \u010domu sa daj\u00fa \u013eahko za\u010dleni\u0165 do r\u00f4znych laborat\u00f3rnych techn\u00edk.      <\/p>\n<h3>K\u00fapte si kry\u0161t\u00e1ly 5f MDMB 2201 online<\/h3>\n<p> V <span class=\"selectable-text copyable-text\">Lek\u00e1rni Dr Lawsons<\/span>, spokojnos\u0165 a bezpe\u010dnos\u0165 z\u00e1kazn\u00edkov s\u00fa na\u0161ou najvy\u0161\u0161ou prioritou. Aby sme zabezpe\u010dili s\u00falad s najvy\u0161\u0161\u00edmi priemyseln\u00fdmi \u0161tandardmi, na\u0161e kry\u0161t\u00e1ly 5F MDMB-2201 prech\u00e1dzaj\u00fa pr\u00edsnymi postupmi kontroly kvality. Pr\u00edsne dodr\u017eiavame bezpe\u010dnostn\u00e9 postupy a poskytujeme rozsiahlu dokument\u00e1ciu, ktor\u00e1 v\u00e1m pom\u00f4\u017ee s procesom \u0161t\u00fadia. Upozor\u0148ujeme, \u017ee kry\u0161t\u00e1ly 5F MDMB-2201 s\u00fa len na \u0161tudijn\u00e9 \u00fa\u010dely a \u013eudia by ich za \u017eiadnych okolnost\u00ed nemali konzumova\u0165. Pri pr\u00e1ci s touto chemik\u00e1liou je nevyhnutn\u00e9, aby ste dodr\u017eiavali miestne z\u00e1kony a mor\u00e1lne normy.     &nbsp;<\/p>\n","protected":false},"excerpt":{"rendered":"<p>K\u00fapte si kry\u0161t\u00e1ly 5F-MDMB 2201 online. 5F-MDMB-2201 je syntetick\u00fd kanabinoid z rodiny indazolov, ktor\u00fd je n\u00e1padne podobn\u00fd popul\u00e1rnej\u0161iemu 5F-MDMB-PINACA.  &nbsp;<\/p>\n","protected":false},"featured_media":18582,"comment_status":"closed","ping_status":"closed","template":"","meta":{"om_disable_all_campaigns":false,"_sitemap_exclude":false,"_sitemap_priority":"","_sitemap_frequency":"","_monsterinsights_skip_tracking":false,"_monsterinsights_sitenote_active":false,"_monsterinsights_sitenote_note":"","_monsterinsights_sitenote_category":0},"product_cat":[26712],"product_tag":[37784,37797,37792,37793,37786,37795,37794,37796,37789,37787,37778,37782,37776,37777,37783,37790,37785,37779,37781,37791,37788,37780],"class_list":{"0":"post-35241","1":"product","2":"type-product","3":"status-publish","4":"has-post-thumbnail","6":"product_cat-vyskum-chemikalii-a-psychedelika","7":"product_tag-5f-mdmb","8":"product_tag-5f-mdmb-2201-crystals-europe-review-sk","9":"product_tag-5f-mdmb-2201-crystals-europe-shop-sk","10":"product_tag-5f-mdmb-2201-crystals-europe-zlava","11":"product_tag-5f-mdmb-2201-krystaly-doprava-zadarmo-v-europe","12":"product_tag-autenticke-krystaly-5f-mdmb-2201-europa","13":"product_tag-dodavka-krystalov-5f-mdmb-2201-v-europe","14":"product_tag-europski-dodavatelia-krystalov-5f-mdmb-2201","15":"product_tag-internetovy-obchod-s-krystalmi-5f-mdmb-2201-europa","16":"product_tag-kde-kupit-krystaly-5f-mdmb-2201-europe","17":"product_tag-kde-kupit-krystaly-5f-mdmb-2201-online","18":"product_tag-kolko-je-5f-krystalov-mdmb-2201","19":"product_tag-kupte-si-krystaly-5f-mdmb-2201-sk","20":"product_tag-kupte-si-krystaly-5f-mdmb-2201-online-sk","21":"product_tag-kupte-si-krystaly-5f-mdmb-2201-online-europa","22":"product_tag-lacne-krystaly-5f-mdmb-2201-europe","23":"product_tag-objednajte-si-krystaly-5f-mdmb-2201-eu","24":"product_tag-objednajte-si-krystaly-5f-mdmb-2201-online","25":"product_tag-online-predaj-krystalov-5f-mdmb-2201","26":"product_tag-ponuka-krystalov-5f-mdmb-2201-europe","27":"product_tag-predaj-krystalov-5f-mdmb-2201-v-europe","28":"product_tag-ucinky-krystalov-5f-mdmb-2201","30":"first","31":"instock","32":"shipping-taxable","33":"purchasable","34":"product-type-variable","35":"farmacie-col"},"aioseo_notices":[],"_links":{"self":[{"href":"https:\/\/lacasadelamedicina.es\/sk\/wp-json\/wp\/v2\/product\/35241"}],"collection":[{"href":"https:\/\/lacasadelamedicina.es\/sk\/wp-json\/wp\/v2\/product"}],"about":[{"href":"https:\/\/lacasadelamedicina.es\/sk\/wp-json\/wp\/v2\/types\/product"}],"replies":[{"embeddable":true,"href":"https:\/\/lacasadelamedicina.es\/sk\/wp-json\/wp\/v2\/comments?post=35241"}],"wp:featuredmedia":[{"embeddable":true,"href":"https:\/\/lacasadelamedicina.es\/sk\/wp-json\/wp\/v2\/media\/18582"}],"wp:attachment":[{"href":"https:\/\/lacasadelamedicina.es\/sk\/wp-json\/wp\/v2\/media?parent=35241"}],"wp:term":[{"taxonomy":"product_cat","embeddable":true,"href":"https:\/\/lacasadelamedicina.es\/sk\/wp-json\/wp\/v2\/product_cat?post=35241"},{"taxonomy":"product_tag","embeddable":true,"href":"https:\/\/lacasadelamedicina.es\/sk\/wp-json\/wp\/v2\/product_tag?post=35241"}],"curies":[{"name":"wp","href":"https:\/\/api.w.org\/{rel}","templated":true}]}}