{"id":32389,"date":"2024-08-09T14:01:49","date_gmt":"2024-08-09T14:01:49","guid":{"rendered":"https:\/\/lacasadelamedicina.es\/product\/kupte-si-ciste-krystaly-mdma-online\/"},"modified":"2024-08-09T14:01:49","modified_gmt":"2024-08-09T14:01:49","slug":"kupte-si-ciste-krystaly-mdma-online","status":"publish","type":"product","link":"https:\/\/lacasadelamedicina.es\/sk\/produkt\/kupte-si-ciste-krystaly-mdma-online\/","title":{"rendered":"K\u00fapte si \u010dist\u00e9 kry\u0161t\u00e1ly MDMA online"},"content":{"rendered":"<h1>K\u00fapte si \u010dist\u00e9 kry\u0161t\u00e1ly MDMA online<\/h1>\n<p> K\u00fapi\u0165 MDMA pr\u00e1\u0161ok online \u2013 k\u00fapi\u0165 \u010dist\u00e9 kry\u0161t\u00e1ly MDMA , k\u00fapi\u0165 \u010dist\u00e9 kry\u0161t\u00e1ly MDMA online \u2013 <a href=\"https:\/\/drlawsonspharmacy\/contact-us\/\">KONTAKT<\/a> K\u00fapi\u0165 MDMA pr\u00e1\u0161ok online K\u00fapi\u0165 \u010dist\u00fd MDMA pr\u00e1\u0161ok K\u00fapi\u0165 MDMA online K\u00fapi\u0165 MDMA online (vyjednan\u00fd 3,4-metyl\u00e9ndioxy-metamfetam\u00edn) je psychoakt\u00edvna droga z metyl\u00e9ndioxyfenetylam\u00ednu triedy n\u00e1hrad a amfetam\u00ednov\u00fdch n\u00e1hrad, pou\u017e\u00edvan\u00e9 predov\u0161etk\u00fdm pre svoje euforick\u00e9 a hypnotick\u00e9 \u00fa\u010dinky. Farmakologicky p\u00f4sob\u00ed MDMA ako l\u00e1tka uvo\u013e\u0148uj\u00faca seroton\u00edn-norepinefr\u00edn-dopam\u00edn a ako inhib\u00edtor sp\u00e4tn\u00e9ho vychyt\u00e1vania. K\u00fapi\u0165 pr\u00e1\u0161ok MDMA online MDMA pred\u00e1van\u00e9 online je v\u0161eobecne zn\u00e1me ako \u201eext\u00e1za\u201c (skr\u00e1tene \u201eE\u201c, \u201eX\u201c alebo \u201eXTC\u201c) a zvy\u010dajne sa vz\u0165ahuje na formu tabliet, hoci tento v\u00fdraz m\u00f4\u017ee nazna\u010dova\u0165 mo\u017enos\u0165 falo\u0161n\u00e9ho doplnku. V\u00fdraz \u201eMandy na predaj\u201c v Spojenom kr\u00e1\u013eovstve a americk\u00fd v\u00fdraz \u201eMolly na predaj\u201c sa vz\u0165ahuje na MDMA vo forme kry\u0161talick\u00e9ho pr\u00e1\u0161ku, ktor\u00fd relat\u00edvne neobsahuje fal\u0161ovan\u00e9 pr\u00edsady. \u201eMolly\u201c m\u00f4\u017ee niekedy ozna\u010dova\u0165 pr\u00edbuzn\u00fd liek, metyl\u00f3n, n\u00e1kup \u010dist\u00e9ho pr\u00e1\u0161ku MDMA, n\u00e1kup MDPV online, mefedr\u00f3n alebo in\u00fa skupinu farmakologick\u00fdch zl\u00fa\u010den\u00edn zn\u00e1mych ako k\u00fape\u013eov\u00e9 soli.    [14]<\/p>\n<h3>K\u00fapte si \u010dist\u00e9 kry\u0161t\u00e1ly MDMA online<\/h3>\n<p> Ponorte sa do r\u00ed\u0161e euf\u00f3rie a zv\u00fd\u0161en\u00fdch pocitov s na\u0161imi \u010dist\u00fdmi kry\u0161t\u00e1lmi MDMA, starostlivo vytvoren\u00fdmi tak, aby poskytovali jedine\u010dn\u00fd z\u00e1\u017eitok z ext\u00e1zy. N\u00e1\u0161 produkt, navrhnut\u00fd pre n\u00e1ro\u010dn\u00fdch znalcov, pon\u00faka vynikaj\u00facu zmes kvality, \u010distoty a potencie, \u010d\u00edm zais\u0165uje nezabudnute\u013en\u00fa cestu do bla\u017een\u00fdch sf\u00e9r. Na\u0161e \u010dist\u00e9 kry\u0161t\u00e1ly MDMA s\u00fa stelesnen\u00edm dokonalosti, kovan\u00e9 prostredn\u00edctvom starostliv\u00e9ho procesu synt\u00e9zy, ktor\u00fd sp\u013a\u0148a najvy\u0161\u0161ie priemyseln\u00e9 \u0161tandardy. Ka\u017ed\u00fd kry\u0161t\u00e1l steles\u0148uje esenciu \u010distoty a zaru\u010duje nefal\u0161ovan\u00fd z\u00e1\u017eitok, ktor\u00fd nem\u00e1 konkurenciu. S na\u0161\u00edm produktom sa m\u00f4\u017eete vyda\u0165 na transcendentn\u00fa cestu bez toho, aby ste boli za\u0165a\u017een\u00ed ak\u00fdmiko\u013evek ne\u010distotami alebo ne\u017eiaducimi l\u00e1tkami.     <\/p>\n<h3><strong>objedna\u0165 \u010dist\u00e9 kry\u0161t\u00e1ly MDMA<\/strong><\/h3>\n<p> \u010cistota na\u0161ich kry\u0161t\u00e1lov MDMA zvy\u0161uje ich silu a umo\u017e\u0148uje v\u00e1m za\u017ei\u0165 cel\u00e9 spektrum ich o\u010daruj\u00facich \u00fa\u010dinkov. C\u00edtite pr\u00edval energie a euf\u00f3rie, ke\u010f sa kry\u0161t\u00e1l rozp\u00fa\u0161\u0165a a uvo\u013e\u0148uje svoje transforma\u010dn\u00e9 sily. \u010ci u\u017e h\u013ead\u00e1te hlbok\u00e9 emocion\u00e1lne spojenie, zv\u00fd\u0161en\u00e9 zmyslov\u00e9 z\u00e1\u017eitky alebo zv\u00fd\u0161enie sebad\u00f4very a sebaistoty, na\u0161e \u010dist\u00e9 kry\u0161t\u00e1ly MDMA prekonaj\u00fa va\u0161e o\u010dak\u00e1vania. N\u00e1\u0161 z\u00e1v\u00e4zok ku kvalite presahuje r\u00e1mec v\u00fdrobn\u00e9ho procesu. Ka\u017ed\u00e1 \u0161ar\u017ea kry\u0161t\u00e1lov MDMA prech\u00e1dza pr\u00edsnym testovan\u00edm nez\u00e1visl\u00fdmi laborat\u00f3riami, aby sa zabezpe\u010dil s\u00falad s pr\u00edsnymi normami \u010distoty a bezpe\u010dnosti. Va\u0161e blaho je na\u0161ou najvy\u0161\u0161ou prioritou a sme hrd\u00ed na to, \u017ee dod\u00e1vame produkt, ktor\u00fd je bezpe\u010dn\u00fd, spo\u013eahliv\u00fd a konzistentn\u00fd.      &nbsp;<\/p>\n","protected":false},"excerpt":{"rendered":"<p>Ext\u00e1za\/kry\u0161t\u00e1ly Molly na predaj (k\u00fapte si kry\u0161t\u00e1ly ext\u00e1zy\/Molly online). K\u00fapte si \u010dist\u00e9 kry\u0161t\u00e1ly MDMA online, kry\u0161t\u00e1ly metyl\u00f3nu online, k\u00fapte si metyl\u00f3n online, k\u00fapte si kry\u0161t\u00e1ly ext\u00e1zy online, k\u00fapte si kry\u0161t\u00e1ly Molly online.  &nbsp;<\/p>\n","protected":false},"featured_media":18447,"comment_status":"closed","ping_status":"closed","template":"","meta":{"om_disable_all_campaigns":false,"_sitemap_exclude":false,"_sitemap_priority":"","_sitemap_frequency":"","_monsterinsights_skip_tracking":false,"_monsterinsights_sitenote_active":false,"_monsterinsights_sitenote_note":"","_monsterinsights_sitenote_category":0},"product_cat":[26712],"product_tag":[30055,30046,30053,30044,30051,30056,30054,30047,30039,30042,30038,30037,30043,30050,30052,30045,30036,30049,30041,30048,30057,30040],"class_list":{"0":"post-32389","1":"product","2":"type-product","3":"status-publish","4":"has-post-thumbnail","6":"product_cat-vyskum-chemikalii-a-psychedelika","7":"product_tag-autenticke-ciste-krystaly-mdma-europa","8":"product_tag-ciste-krystaly-mdma-doprava-zadarmo-v-europe","9":"product_tag-ciste-mdma-krystaly-europa-zlava","10":"product_tag-ciste-mdma-krystaly-najlepsia-cena-v-europe","11":"product_tag-cistych-krystalov-mdma-v-europe","12":"product_tag-dodavatelia-cistych-krystalov-mdma-v-europe","13":"product_tag-dodavka-cistych-krystalov-mdma-v-europe","14":"product_tag-kde-kupit-ciste-krystaly-mdma-europa","15":"product_tag-kde-kupit-ciste-krystaly-mdma-online","16":"product_tag-kolko-stoja-ciste-krystaly-mdma","17":"product_tag-kupit-ciste-krystaly-mdma-online","18":"product_tag-kupte-si-ciste-krystaly-mdma-sk","19":"product_tag-kupte-si-ciste-krystaly-mdma-online-europa","20":"product_tag-lacne-ciste-krystaly-mdma-europa","21":"product_tag-obchod-s-cistymi-krystalmi-mdma-v-europe","22":"product_tag-objednajte-si-ciste-krystaly-mdma-eu","23":"product_tag-objednajte-si-ciste-krystaly-mdma-online","24":"product_tag-online-obchod-s-cistymi-mdma-krystalmi-v-europe","25":"product_tag-online-predaj-cistych-krystalov-mdma","26":"product_tag-predaj-cistych-krystalov-mdma-v-europe","27":"product_tag-recenzia-cistych-krystalov-mdma-v-europe","28":"product_tag-ucinky-cistych-krystalov-mdma","30":"first","31":"instock","32":"shipping-taxable","33":"purchasable","34":"product-type-variable","35":"farmacie-col"},"aioseo_notices":[],"_links":{"self":[{"href":"https:\/\/lacasadelamedicina.es\/sk\/wp-json\/wp\/v2\/product\/32389"}],"collection":[{"href":"https:\/\/lacasadelamedicina.es\/sk\/wp-json\/wp\/v2\/product"}],"about":[{"href":"https:\/\/lacasadelamedicina.es\/sk\/wp-json\/wp\/v2\/types\/product"}],"replies":[{"embeddable":true,"href":"https:\/\/lacasadelamedicina.es\/sk\/wp-json\/wp\/v2\/comments?post=32389"}],"wp:featuredmedia":[{"embeddable":true,"href":"https:\/\/lacasadelamedicina.es\/sk\/wp-json\/wp\/v2\/media\/18447"}],"wp:attachment":[{"href":"https:\/\/lacasadelamedicina.es\/sk\/wp-json\/wp\/v2\/media?parent=32389"}],"wp:term":[{"taxonomy":"product_cat","embeddable":true,"href":"https:\/\/lacasadelamedicina.es\/sk\/wp-json\/wp\/v2\/product_cat?post=32389"},{"taxonomy":"product_tag","embeddable":true,"href":"https:\/\/lacasadelamedicina.es\/sk\/wp-json\/wp\/v2\/product_tag?post=32389"}],"curies":[{"name":"wp","href":"https:\/\/api.w.org\/{rel}","templated":true}]}}