{"id":32369,"date":"2024-08-09T14:01:49","date_gmt":"2024-08-09T14:01:49","guid":{"rendered":"https:\/\/lacasadelamedicina.es\/product\/kupte-si-cisty-prasok-mdma-online\/"},"modified":"2024-08-09T14:01:49","modified_gmt":"2024-08-09T14:01:49","slug":"kupte-si-cisty-prasok-mdma-online","status":"publish","type":"product","link":"https:\/\/lacasadelamedicina.es\/sk\/produkt\/kupte-si-cisty-prasok-mdma-online\/","title":{"rendered":"K\u00fapte si \u010dist\u00fd pr\u00e1\u0161ok MDMA online"},"content":{"rendered":"<h3>K\u00fapte si \u010dist\u00fd MDMA pr\u00e1\u0161ok online<\/h3>\n<p> Buy MDMA Online, tie\u017e zn\u00e1my ako 3,4-metyl\u00e9ndioxy-metamfetam\u00edn, je psychoakt\u00edvny stimulant klasifikovan\u00fd ako n\u00e1hrada amfetam\u00ednu a metyl\u00e9ndioxyfenetylam\u00ednu, ktor\u00fd sa naj\u010dastej\u0161ie pou\u017e\u00edva pre svoje euforick\u00e9 a empatick\u00e9 \u00fa\u010dinky. MDMA Purchase Pure Powder uvo\u013e\u0148uje seroton\u00edn, norepinefr\u00edn a dopam\u00edn a inhibuje sp\u00e4tn\u00e9 vychyt\u00e1vanie MDMA. K\u00fapi\u0165 MDMA pr\u00e1\u0161ok online \u2013 k\u00fapi\u0165 \u010dist\u00fd MDMA pr\u00e1\u0161ok online \u2013 <a href=\"https:\/\/drlawsonspharmacy\/contact-us\/\">KONTAKT \u2013 <\/a> V\u00fdraz \u201eext\u00e1za\u201c (skr\u00e1tene \u201eE\u201c, \u201eX\u201c alebo \u201eXTC\u201c) pre MDMA pon\u00fakan\u00fd online sa \u010dasto vz\u0165ahuje na formu tabletu , ale tento v\u00fdraz m\u00f4\u017ee nazna\u010dova\u0165 mo\u017en\u00fd falzifik\u00e1t. V\u00fdrazy \u201eMandy na predaj\u201c v Spojenom kr\u00e1\u013eovstve a \u201eMolly na predaj\u201c v USA sa vz\u0165ahuj\u00fa na MDMA vo forme kry\u0161talick\u00e9ho pr\u00e1\u0161ku, ktor\u00fd je pomerne bez fal\u0161ovan\u00fdch pr\u00edsad. Ke\u010f hovor\u00edme o drog\u00e1ch, v\u00fdraz \u201eMolly\u201c sa m\u00f4\u017ee pou\u017ei\u0165 aj na ozna\u010denie metyl\u00f3nu, \u010dist\u00e9ho pr\u00e1\u0161ku MDMA, n\u00e1kupu MDPV online, mefedronu alebo inej triedy farmakologick\u00fdch l\u00e1tok zn\u00e1mych ako soli do k\u00fape\u013ea.     <\/p>\n<h3>K\u00fapte si Pure MDMA Powder online<\/h3>\n<p> S Pure MDMA Powder, \u0161pi\u010dkov\u00fdm produktom navrhnut\u00fdm tak, aby poskytoval bezkonkuren\u010dn\u00fd zmyslov\u00fd z\u00e1\u017eitok, m\u00f4\u017eete za\u017ei\u0165 t\u00fa najv\u00e4\u010d\u0161iu rados\u0165. N\u00e1\u0161 Pure MDMA Powder bol vytvoren\u00fd s maxim\u00e1lnou starostlivos\u0165ou a bezkonkuren\u010dnou kvalitou, aby zabezpe\u010dil jedine\u010dn\u00fd z\u00e1\u017eitok pre n\u00e1ro\u010dn\u00fdch nad\u0161encov aj v\u00fdskumn\u00edkov. Na\u0161a snaha o dokonalos\u0165 za\u010d\u00edna starostliv\u00fdm v\u00fdberom pr\u00e9miov\u00fdch ingredienci\u00ed a aplik\u00e1ciou sofistikovan\u00fdch v\u00fdrobn\u00fdch procesov. Na starostliv\u00fa v\u00fdrobu ka\u017edej \u0161ar\u017ee Pure MDMA Powder sa pou\u017e\u00edvaj\u00fa modern\u00e9 syntetick\u00e9 met\u00f3dy, aby sa zaru\u010dilo, \u017ee hotov\u00fd produkt je bez kontaminantov a tox\u00ednov. M\u00f4\u017eete si by\u0165 ist\u00ed, \u017ee v\u010faka n\u00e1\u0161mu z\u00e1v\u00e4zku k \u010distote dostanete ve\u013emi pozoruhodn\u00fd produkt.     <\/p>\n<h3><strong>objedna\u0165 \u010dist\u00fd MDMA pr\u00e1\u0161ok<\/strong><\/h3>\n<p> Schopnos\u0165 maximalizova\u0165 va\u0161e zmysly je to, \u010do odli\u0161uje Pure MDMA Powder od in\u00fdch l\u00e1tok. T\u00e1to \u00fa\u010dinn\u00e1 l\u00e1tka navodzuje siln\u00fd a euforick\u00fd stav mysle spusten\u00edm uvo\u013e\u0148ovania seroton\u00ednu, dopam\u00ednu a norepinefr\u00ednu. Pure MDMA Powder je jedine\u010dn\u00e1 pr\u00edle\u017eitos\u0165 presk\u00fama\u0165 zlo\u017eit\u00e9 fungovanie \u013eudskej mysle, \u010di u\u017e h\u013ead\u00e1te pohlcuj\u00faci z\u00e1\u017eitok alebo vediete neurochemick\u00fd v\u00fdskum. N\u00e1\u0161 z\u00e1v\u00e4zok k spokojnosti z\u00e1kazn\u00edkov presahuje kvalitu na\u0161ej ponuky. Bezpe\u010dnos\u0165 a spr\u00e1vne pou\u017e\u00edvanie s\u00fa na\u0161ou najvy\u0161\u0161ou prioritou. Je d\u00f4le\u017eit\u00e9 si uvedomi\u0165, \u017ee \u010dist\u00fd pr\u00e1\u0161ok MDMA by sa nikdy nemal pou\u017e\u00edva\u0165 na \u013eudsk\u00fa spotrebu a je ur\u010den\u00fd len na v\u00fdskumn\u00e9 \u00fa\u010dely. V\u0161etk\u00fdch spotrebite\u013eov vyz\u00fdvame, aby dodr\u017eiavali miestne z\u00e1kony a mor\u00e1lne normy upravuj\u00face zaobch\u00e1dzanie a pou\u017e\u00edvanie tejto chemik\u00e1lie. V Dr Lawsons Pharmacy ch\u00e1peme d\u00f4le\u017eitos\u0165 s\u00fakromia a diskr\u00e9tneho balenia. Va\u0161a objedn\u00e1vka \u010dist\u00e9ho pr\u00e1\u0161ku MDMA bude bezpe\u010dne zabalen\u00e1, aby sa zabezpe\u010dila d\u00f4vernos\u0165 a odoslan\u00e1 priamo k va\u0161im dver\u00e1m.<\/p>\n","protected":false},"excerpt":{"rendered":"<ul>\n<li>K\u00fapte si \u010dist\u00fd pr\u00e1\u0161ok MDMA online<\/li>\n<li>\u010cist\u00fd pr\u00e1\u0161ok MDMA online<\/li>\n<li>Ext\u00e1za\/Molly pr\u00e1\u0161ok na predaj<\/li>\n<li>K\u00fapte si pr\u00e1\u0161ok ext\u00e1zy\/molly online<\/li>\n<\/ul>\n<p>&nbsp;<\/p>\n","protected":false},"featured_media":17907,"comment_status":"closed","ping_status":"closed","template":"","meta":{"om_disable_all_campaigns":false,"_sitemap_exclude":false,"_sitemap_priority":"","_sitemap_frequency":"","_monsterinsights_skip_tracking":false,"_monsterinsights_sitenote_active":false,"_monsterinsights_sitenote_note":"","_monsterinsights_sitenote_category":0},"product_cat":[26712],"product_tag":[29967,29965,29956,29958,29963,29968,29966,29959,29951,29954,29948,29950,29955,29962,29964,29957,29949,29961,29953,29960,29969,29952],"class_list":{"0":"post-32369","1":"product","2":"type-product","3":"status-publish","4":"has-post-thumbnail","6":"product_cat-vyskum-chemikalii-a-psychedelika","7":"product_tag-autenticky-cisty-prasok-mdma-v-europe","8":"product_tag-cisty-mdma-prasok-europa-zlava","9":"product_tag-cisty-mdma-prasok-za-najlepsiu-cenu-v-europe","10":"product_tag-cisty-prasok-mdma-doprava-zadarmo-v-europe","11":"product_tag-cisty-prasok-mdma-europa-sa-zaobera","12":"product_tag-dodavatelia-cisteho-prasku-mdma-v-europe","13":"product_tag-dodavka-cisteho-prasku-mdma-v-europe","14":"product_tag-kde-kupit-cisty-prasok-mdma-europe","15":"product_tag-kde-kupit-cisty-prasok-mdma-online","16":"product_tag-kolko-je-cisty-prasok-mdma","17":"product_tag-kupit-cisty-mdma-prasok","18":"product_tag-kupit-cisty-prasok-mdma-online","19":"product_tag-kupte-si-cisty-prasok-mdma-online-europa","20":"product_tag-lacny-cisty-prasok-mdma-v-europe","21":"product_tag-obchod-s-cistym-praskom-mdma-v-europe","22":"product_tag-objednajte-si-cisty-mdma-prasok-eu","23":"product_tag-objednat-cisty-mdma-prasok-online","24":"product_tag-online-obchod-s-praskom-cisteho-mdma-v-europe","25":"product_tag-online-predaj-cisteho-prasku-mdma","26":"product_tag-predaj-cisteho-prasku-mdma-v-europe","27":"product_tag-recenzia-cisteho-prasku-mdma-v-europe","28":"product_tag-ucinky-cisteho-prasku-mdma-sk","30":"first","31":"instock","32":"shipping-taxable","33":"purchasable","34":"product-type-variable","35":"farmacie-col"},"aioseo_notices":[],"_links":{"self":[{"href":"https:\/\/lacasadelamedicina.es\/sk\/wp-json\/wp\/v2\/product\/32369"}],"collection":[{"href":"https:\/\/lacasadelamedicina.es\/sk\/wp-json\/wp\/v2\/product"}],"about":[{"href":"https:\/\/lacasadelamedicina.es\/sk\/wp-json\/wp\/v2\/types\/product"}],"replies":[{"embeddable":true,"href":"https:\/\/lacasadelamedicina.es\/sk\/wp-json\/wp\/v2\/comments?post=32369"}],"wp:featuredmedia":[{"embeddable":true,"href":"https:\/\/lacasadelamedicina.es\/sk\/wp-json\/wp\/v2\/media\/17907"}],"wp:attachment":[{"href":"https:\/\/lacasadelamedicina.es\/sk\/wp-json\/wp\/v2\/media?parent=32369"}],"wp:term":[{"taxonomy":"product_cat","embeddable":true,"href":"https:\/\/lacasadelamedicina.es\/sk\/wp-json\/wp\/v2\/product_cat?post=32369"},{"taxonomy":"product_tag","embeddable":true,"href":"https:\/\/lacasadelamedicina.es\/sk\/wp-json\/wp\/v2\/product_tag?post=32369"}],"curies":[{"name":"wp","href":"https:\/\/api.w.org\/{rel}","templated":true}]}}