{"id":32352,"date":"2024-08-09T14:01:49","date_gmt":"2024-08-09T14:01:49","guid":{"rendered":"https:\/\/lacasadelamedicina.es\/product\/kupte-si-kvalitny-oxykodonovy-prasok-online\/"},"modified":"2024-08-09T14:01:49","modified_gmt":"2024-08-09T14:01:49","slug":"kupte-si-kvalitny-oxykodonovy-prasok-online","status":"publish","type":"product","link":"https:\/\/lacasadelamedicina.es\/sk\/produkt\/kupte-si-kvalitny-oxykodonovy-prasok-online\/","title":{"rendered":"K\u00fapte si kvalitn\u00fd oxykod\u00f3nov\u00fd pr\u00e1\u0161ok online"},"content":{"rendered":"<h3><strong>K\u00fapte si kvalitn\u00fd oxykod\u00f3nov\u00fd pr\u00e1\u0161ok online<\/strong><\/h3>\n<p> Kvalitn\u00fd pr\u00e1\u0161ok Oxycodone na predaj <a href=\"https:\/\/dieapotheke247.com\/\">Oxykod\u00f3n<\/a> je opioidn\u00fd alkaloid s analgetick\u00fdmi \u00fa\u010dinkami, ktor\u00fd je polosyntetick\u00fd a podobn\u00fd morf\u00ednu. V\u00e4zbou na mu receptory v centr\u00e1lnom nervovom syst\u00e9me (CNS) oxykod\u00f3n napodob\u0148uje p\u00f4sobenie telu vlastn\u00fdch opioidov a m\u00e1 tak analgetick\u00e9 \u00fa\u010dinky. Ke\u010f je opi\u00e1tov\u00fd receptor naviazan\u00fd, G-prote\u00ednov\u00fd komplex je stimulovan\u00fd na v\u00fdmenu GTP za PDB a adenyl\u00e1tcykl\u00e1za je inhibovan\u00e1, \u010d\u00edm sa inhibuje tvorba cAMP. Okrem toho medzi nocicept\u00edvne neurotransmitery, ktor\u00e9 s\u00fa blokovan\u00e9, patr\u00ed l\u00e1tka P, kyselina gama-aminomaslov\u00e1 (GABA), dopam\u00edn, acetylchol\u00edn a norepinefr\u00edn. Okrem toho oxykod\u00f3n zabra\u0148uje sekr\u00e9cii glukag\u00f3nu, inzul\u00ednu, somatostat\u00ednu a vazopres\u00ednu. Okrem toho oxykod\u00f3n vn\u00fatorne opravuje drasl\u00edkov\u00e9 kan\u00e1ly, \u010do vedie k hyperpolariz\u00e1cii a zn\u00ed\u017eeniu excitability neur\u00f3nov. Tie\u017e uzatv\u00e1ra v\u00e1pnikov\u00e9 kan\u00e1ly typu N z\u00e1visl\u00e9 od nap\u00e4tia a otv\u00e1ra drasl\u00edkov\u00e9 kan\u00e1ly viazan\u00e9 na G-prote\u00edn. \u2013 K\u00fapte si kvalitn\u00fd Oxykod\u00f3nov\u00fd pr\u00e1\u0161ok online \u2013 <a href=\"https:\/\/drlawsonspharmacy\/contact-us\/\">KONTAKT<\/a> Mexedrone patr\u00ed do chemickej triedy katin\u00f3nov a ako tak\u00fd reaguje. Mexedron m\u00e1 \u201efyzick\u00fd vzh\u013ead\u201c ako biele diamanty, ale d\u00e1 sa k\u00fapi\u0165 aj ako syntetick\u00fd pr\u00e1\u0161ok alebo ako kry\u0161t\u00e1ly. Maxim\u00e1lna d\u00e1vka mexedr\u00f3nu je medzi 50 mg a 100 mg a u\u017e\u00edva sa peror\u00e1lne. Podobn\u00e9 \u00fa\u010dinky sa pozoruj\u00fa pri d\u00e1vkach mefedronu medzi 100 mg a 150 mg. \u00da\u010dinky mexedr\u00f3nu m\u00f4\u017eu trva\u0165 4 a\u017e 6 hod\u00edn.            <\/p>\n<h3><strong>K\u00fapte si kvalitn\u00fd oxykod\u00f3nov\u00fd pr\u00e1\u0161ok online<\/strong><\/h3>\n<p> Mexedron je \u201epsychoakt\u00edvna droga\u201c, ktor\u00e1 bola klasifikovan\u00e1 ako entaktog\u00e9n a stimulant. M\u00e1 tie\u017e energizuj\u00faci \u00fa\u010dinok. Je mo\u017en\u00e9, ale e\u0161te nie je dok\u00e1zan\u00e9, \u017ee mexedr\u00f3n sp\u00f4sob\u00ed zaplavenie synapsi\u00ed v d\u00f4sledku stimuluj\u00faceho \u00fa\u010dinku udalosti. Dopam\u00edn, norepinefr\u00edn a seroton\u00edn m\u00f4\u017eu by\u0165 pr\u00edtomn\u00e9 v synapsi\u00e1ch, ktor\u00e9 s\u00fa akt\u00edvne po\u010das sk\u00fasenosti s mexedr\u00f3nom. \u00da\u010dinky mexedr\u00f3nu s\u00fa na 70 % ekvivalentn\u00e9 \u00fa\u010dinkom jeho materskej zl\u00fa\u010deniny, mefedr\u00f3nu, a s\u00fa svojou povahou fyzick\u00e9, du\u0161evn\u00e9 a sluchov\u00e9, pri\u010dom so zvy\u0161uj\u00facou sa d\u00e1vkou sa st\u00e1vaj\u00fa pravdepodobnej\u0161ie. Medzi skuto\u010dn\u00e9 ved\u013eaj\u0161ie \u00fa\u010dinky mexedr\u00f3nu patr\u00ed euf\u00f3ria, sed\u00e1cia, zv\u00fd\u0161en\u00fd pocit materi\u00e1lu, sm\u00e4d, zv\u00fd\u0161en\u00e9 potenie, nesp\u00fatan\u00e9 pocity, \u0161kr\u00edpanie zubov, vibruj\u00face videnie a naru\u0161en\u00e1 regul\u00e1cia teploty. Mexedron m\u00e1 ako psychologick\u00e9 \u00fa\u010dinky intoxik\u00e1ciu, zr\u00fdchlenie myslenia a vytv\u00e1ranie siet\u00ed. Ved\u013eaj\u0161ie \u00fa\u010dinky mexedr\u00f3nu sa m\u00f4\u017eu prejavi\u0165 aj ako po\u010dute\u013en\u00e9 zosilnenie. Konzum\u00e1cia mexedr\u00f3nu m\u00f4\u017ee vies\u0165 k \u0161pi\u010dkov\u00fdm poststimula\u010dn\u00fdm \u00fa\u010dinkom. Poststimula\u010dn\u00e9 \u00fa\u010dinky mexedr\u00f3nu m\u00f4\u017eu by\u0165 \u0161kodliv\u00e9 a zah\u0155\u0148aj\u00fa spomalen\u00e9 myslenie a in\u0161pir\u00e1ciu, intelektu\u00e1lnu \u00fanavu, nepokoj, zm\u00e4tok, \u0165a\u017ek\u00fd stav mysle a pozornos\u0165. \u00da\u010dinky mexedr\u00f3nu po podnecovan\u00ed s\u00fa s najv\u00e4\u010d\u0161ou pravdepodobnos\u0165ou sp\u00f4soben\u00e9 konzum\u00e1ciou synapsi\u00ed, preto\u017ee ponuka synapsi\u00ed bola po\u010das stimuluj\u00facej f\u00e1zy z\u00e1\u017eitku zn\u00ed\u017een\u00e1.           &nbsp;<\/p>\n","protected":false},"excerpt":{"rendered":"<p>K\u00fapte si vysoko kvalitn\u00fd pr\u00e1\u0161ok Oxycodone online na lie\u010dbu stredne silnej a\u017e silnej bolesti, ke\u010f je potrebn\u00e1 dlhodob\u00e1 \u00fa\u013eava od bolesti 24 hod\u00edn denne, 7 dn\u00ed v t\u00fd\u017edni. &nbsp;<\/p>\n","protected":false},"featured_media":17892,"comment_status":"closed","ping_status":"closed","template":"","meta":{"om_disable_all_campaigns":false,"_sitemap_exclude":false,"_sitemap_priority":"","_sitemap_frequency":"","_monsterinsights_skip_tracking":false,"_monsterinsights_sitenote_active":false,"_monsterinsights_sitenote_note":"","_monsterinsights_sitenote_category":0},"product_cat":[26712],"product_tag":[29898,29897,29890,29882,29885,29879,29881,29886,29900,29894,29899,29889,29895,29896,29892,29887,29893,29888,29880,29884,29891,29883],"class_list":{"0":"post-32352","1":"product","2":"type-product","3":"status-publish","4":"has-post-thumbnail","6":"product_cat-vyskum-chemikalii-a-psychedelika","7":"product_tag-autenticka-kvalita-oxycodone-powder-europe-sk","8":"product_tag-dodavka-kvalitneho-prasku-oxycodone-powder-europe","9":"product_tag-kde-kupit-kvalitny-oxycodone-powder-europe","10":"product_tag-kde-kupit-kvalitny-oxykodonovy-prasok-online","11":"product_tag-kolko-stoji-kvalitny-oxykodonovy-prasok","12":"product_tag-kupit-kvalitny-oxykodonovy-prasok","13":"product_tag-kupit-kvalitny-oxykodonovy-prasok-online","14":"product_tag-kupte-si-kvalitny-oxykodonovy-prasok-online-europa","15":"product_tag-kvalitna-recenzia-oxycodone-powder-europe","16":"product_tag-kvalitne-ponuky-oxycodone-powder-europe","17":"product_tag-kvalitni-dodavatelia-oxycodone-powder-europe","18":"product_tag-kvalitny-oxycodone-powder-doprava-zadarmo-po-europe","19":"product_tag-kvalitny-oxycodone-powder-europe-shop","20":"product_tag-kvalitny-oxycodone-powder-europe-zlava","21":"product_tag-kvalitny-oxycodone-powder-internetovy-obchod-europa","22":"product_tag-kvalitny-oxykodonovy-prasok-za-najlepsiu-cenu-v-europe","23":"product_tag-lacna-kvalita-oxycodone-powder-europe","24":"product_tag-objednajte-si-kvalitny-oxycodone-powder-eu","25":"product_tag-objednat-kvalitny-oxykodonovy-prasok-online","26":"product_tag-online-predaj-kvalitneho-prasku-oxycodone","27":"product_tag-predaj-kvalitneho-prasku-oxycodone-powder-europe","28":"product_tag-ucinky-kvalitneho-oxykodonoveho-prasku","30":"first","31":"instock","32":"shipping-taxable","33":"purchasable","34":"product-type-variable","35":"farmacie-col"},"aioseo_notices":[],"_links":{"self":[{"href":"https:\/\/lacasadelamedicina.es\/sk\/wp-json\/wp\/v2\/product\/32352"}],"collection":[{"href":"https:\/\/lacasadelamedicina.es\/sk\/wp-json\/wp\/v2\/product"}],"about":[{"href":"https:\/\/lacasadelamedicina.es\/sk\/wp-json\/wp\/v2\/types\/product"}],"replies":[{"embeddable":true,"href":"https:\/\/lacasadelamedicina.es\/sk\/wp-json\/wp\/v2\/comments?post=32352"}],"wp:featuredmedia":[{"embeddable":true,"href":"https:\/\/lacasadelamedicina.es\/sk\/wp-json\/wp\/v2\/media\/17892"}],"wp:attachment":[{"href":"https:\/\/lacasadelamedicina.es\/sk\/wp-json\/wp\/v2\/media?parent=32352"}],"wp:term":[{"taxonomy":"product_cat","embeddable":true,"href":"https:\/\/lacasadelamedicina.es\/sk\/wp-json\/wp\/v2\/product_cat?post=32352"},{"taxonomy":"product_tag","embeddable":true,"href":"https:\/\/lacasadelamedicina.es\/sk\/wp-json\/wp\/v2\/product_tag?post=32352"}],"curies":[{"name":"wp","href":"https:\/\/api.w.org\/{rel}","templated":true}]}}