{"id":32338,"date":"2024-08-09T14:01:49","date_gmt":"2024-08-09T14:01:49","guid":{"rendered":"https:\/\/lacasadelamedicina.es\/product\/kupte-si-100-mcg-fractal-storm-online\/"},"modified":"2024-08-09T14:01:49","modified_gmt":"2024-08-09T14:01:49","slug":"kupte-si-100-mcg-fractal-storm-online","status":"publish","type":"product","link":"https:\/\/lacasadelamedicina.es\/sk\/produkt\/kupte-si-100-mcg-fractal-storm-online\/","title":{"rendered":"K\u00fapte si 100 mcg Fractal Storm online"},"content":{"rendered":"<h2>K\u00fapte si LSD Fractal Storm Blotter 100ug online<\/h2>\n<p> Frakt\u00e1lna b\u00farka je jednou z najob\u013e\u00fabenej\u0161\u00edch kateg\u00f3ri\u00ed <a href=\"https:\/\/en.wikipedia.org\/wiki\/Lysergic_acid_diethylamide\" target=\"_blank\" rel=\"noopener\">LSD<\/a>, ktor\u00e9 mo\u017eno konzumova\u0165 mnoh\u00fdmi sp\u00f4sobmi. Pred\u00e1m LSD Fractal Storm Blotter na predaj, ktor\u00e9ho chemick\u00fd vzorec je dietylamid kyselina lysergov\u00e1, p\u00f4vodne vyroben\u00e1 v roku 1938, je skuto\u010dne psychoakt\u00edvnym narkotikom. Vyr\u00e1ba sa prostredn\u00edctvom priemyselne kyseliny lysergovej pr\u00edtomnej v kyseline citr\u00f3novej, kvasinky, ktor\u00e1 sa \u010dasto vyskytuje na ra\u017ei, ako aj na in\u00fdch plodin\u00e1ch. Je tak\u00fd siln\u00fd, \u017ee jeho koncentr\u00e1cie sa zdaj\u00fa by\u0165 v r\u00e1mci spektra mikrogramov (mcg). S\u00fa to v\u00fdsledky, ktor\u00e9 m\u00f4\u017eu by\u0165 relaxa\u010dn\u00e9, pr\u00edjemn\u00e9 a meniace mozog, naz\u00fdvan\u00e9 aj v\u00fdlet. K\u00fapte si LSD Fractal Storm Blotter      <\/p>\n<h3>Fractal Storm Blot Acid na predaj online<\/h3>\n<p> Fakty, ktor\u00e9 v\u00e1m m\u00f4\u017eu pom\u00f4c\u0165 k\u00fapi\u0165 LSD Fractal Storm Blotter <\/p>\n<ul>\n<li>LSD m\u00f4\u017ee by\u0165 dostupn\u00e9 na trhu mnoh\u00fdmi sp\u00f4sobmi, ako je pijav\u00fd papier, \u0161tvor\u010deky \u017eelat\u00edny, tablety alebo niekedy v tekutej forme.<\/li>\n<li>Diskusia o sp\u00f4soboch konzum\u00e1cie m\u00e1 potom \u0161irok\u00fa \u0161k\u00e1lu sp\u00f4sobov, ako je sp\u00f4sob inhal\u00e1cie, pod\u00e1vanie injekciami alebo or\u00e1lne.<\/li>\n<\/ul>\n<p> Ved\u013eaj\u0161ie \u00fa\u010dinky K\u00fapte si LSD Fractal Storm Blotter Konzum\u00e1cia drog viac, ako je ich kapacita, po\u0161kod\u00ed va\u0161e telo mnoh\u00fdmi sp\u00f4sobmi, ako je fyzick\u00e1 alebo du\u0161evn\u00e1 \u0161koda. Preto je tu nieko\u013eko bodov &#8211;  <\/p>\n<ul>\n<li>N\u00e1rast srdcov\u00e9ho tepu, krvn\u00e9ho tlaku at\u010f.<\/li>\n<li>Om\u00e1men\u00fd zm\u00e4tok v tvaroch, miestach a tak \u010falej.<\/li>\n<\/ul>\n<h4>Fractal Storm LSD Gammagoblin na predaj<\/h4>\n<p> Pre\u010do si vybra\u0165 pr\u00e9miov\u00e9 psychedelik\u00e1 Ni\u017e\u0161ie s\u00fa uveden\u00e9 tri hlavn\u00e9 d\u00f4vody, pre\u010do si vybra\u0165 najlep\u0161\u00ed obchod so z\u00e1suvkami <\/p>\n<ul>\n<li>D\u00f4vera je z\u00e1kladn\u00fdm bodom budovania zdrav\u00e9ho vz\u0165ahu medzi na\u0161imi z\u00e1kazn\u00edkmi, ktor\u00fd ve\u013emi starostlivo udr\u017eiavame.<\/li>\n<li>Kvalita je k\u013e\u00fa\u010dov\u00fdm bodom, prostredn\u00edctvom ktor\u00e9ho sa k n\u00e1m na\u0161i predch\u00e1dzaj\u00faci klienti znova a znova prip\u00e1jaj\u00fa.<\/li>\n<li>Akcie a z\u013eavy s\u00fa hlavn\u00fdmi faktormi.<\/li>\n<\/ul>\n<h4>Z\u00e1ver<\/h4>\n<p> K\u00fapi\u0165 LSD Fractal Storm Blotter je jednou z v\u00fdhodn\u00fdch kateg\u00f3ri\u00ed LSD, ktor\u00e1 je v\u00e4\u010d\u0161inou v\u017edy klientmi \u017eiadan\u00e1. Vedecky sa o chemickom n\u00e1zve LSD na predaj hovor\u00ed dietylamid kyselina lysergov\u00e1 a p\u00f4vodne sa vyr\u00e1bala v polovici roku 1938.  <\/p>\n<h4>Pred\u00e1m lsd pijavice s frakt\u00e1lnym b\u00farkov\u00fdm dizajnom<\/h4>\n<div class=\"node\">\n<div class=\"content\">\n<div class=\"story\">\n<p class=\"common-body-white-8pt\"><span class=\"lsd-dropcap\">K\u00fapte si LSD Fractal Storm Blotter. K\u00fapte si LSD <\/span> je jednou z najsilnej\u0161\u00edch chemik\u00e1li\u00ed, ktor\u00e9 menia n\u00e1ladu. Vyr\u00e1ba sa z kyseliny lysergovej, ktor\u00e1 sa nach\u00e1dza v n\u00e1me\u013eovej hube, ktor\u00e1 rastie na ra\u017ei a in\u00fdch obilnin\u00e1ch. <\/p>\n<p class=\"common-body-white-8pt\">Vyr\u00e1ba sa v kry\u0161t\u00e1lovej forme v neleg\u00e1lnych laborat\u00f3ri\u00e1ch hlavne v USA. Tieto kry\u0161t\u00e1ly sa premie\u0148aj\u00fa na kvapalinu na distrib\u00faciu. Je bez z\u00e1pachu, farby a m\u00e1 mierne hork\u00fa chu\u0165. K\u00fapte si LSD Fractal Storm Blotter   <span class=\"lsd-dropcap\">.<br \/>\nLSD for sale online <\/span> je jednou z najsilnej\u0161\u00edch chemik\u00e1li\u00ed, ktor\u00e9 menia n\u00e1ladu. Vyr\u00e1ba sa z kyseliny lysergovej, ktor\u00e1 sa nach\u00e1dza v n\u00e1me\u013eovej hube, ktor\u00e1 rastie na ra\u017ei a in\u00fdch obilnin\u00e1ch. <\/p>\n<div class=\"node\">\n<div class=\"content\">\n<div class=\"story\">\n<div class=\"node\">\n<div class=\"content\"> Niekedy to, \u010do sa pred\u00e1va ako 1P LSD na predaj online, m\u00f4\u017eu by\u0165 v skuto\u010dnosti in\u00e9 chemik\u00e1lie, ako napr\u00edklad NBOMe na predaj alebo rodina drog Buy 2Cb (s\u00fa\u010das\u0165 nov\u00fdch psychoakt\u00edvnych l\u00e1tok). Tie m\u00f4\u017eu by\u0165 dos\u0165 nebezpe\u010dn\u00e9, preto\u017ee ich kvalita je nekonzistentn\u00e1, plus potenci\u00e1l prija\u0165 pr\u00edli\u0161 ve\u013ea t\u00fdchto in\u00fdch l\u00e1tok m\u00f4\u017ee by\u0165 smrte\u013en\u00fd a bolo hl\u00e1sen\u00fdch mno\u017estvo \u00famrt\u00ed v d\u00f4sledku toho, \u017ee ich \u013eudia u\u017e\u00edvali.  <\/p>\n<h5>kde k\u00fapi\u0165 lsd fractal storm blotter acid online<\/h5>\n<\/div>\n<\/div>\n<div class=\"ref-links\"> LSD na predaj online patr\u00ed do skupiny drog zn\u00e1mych ako psychedelik\u00e1. Ke\u010f sa u\u017e\u00edvaj\u00fa mal\u00e9 d\u00e1vky, m\u00f4\u017ee sp\u00f4sobi\u0165 mierne zmeny vo vn\u00edman\u00ed, n\u00e1lade a myslen\u00ed. Ke\u010f sa u\u017e\u00edvaj\u00fa v\u00e4\u010d\u0161ie d\u00e1vky, m\u00f4\u017ee to sp\u00f4sobi\u0165 vizu\u00e1lne halucin\u00e1cie a skreslenie priestoru a \u010dasu.   <\/div>\n<p class=\"common-body-white-8pt\">K\u00fapte si LSD Fractal Storm Blotter pred\u00e1van\u00fd na ulici v mal\u00fdch tablet\u00e1ch, kapsul\u00e1ch alebo \u017eelat\u00ednov\u00fdch \u0161tvor\u010dekoch. Niekedy sa prid\u00e1va do sav\u00e9ho papiera, ktor\u00fd sa potom del\u00ed na mal\u00e9 \u0161tvor\u010deky zdoben\u00e9 vzormi alebo kreslen\u00fdmi postavi\u010dkami. Ob\u010das sa pred\u00e1va v tekutej forme. Ale bez oh\u013eadu na to, v akej forme prich\u00e1dza, LSD jedl\u00e9 a lsd mikrod\u00e1vky na predaj prived\u00fa pou\u017e\u00edvate\u013ea na to ist\u00e9 miesto \u2013 v\u00e1\u017ene odpojenie od reality.<span class=\"lsd-dropcap\">K\u00fapte si fractal storm lsd online.<\/span>   <\/p>\n<\/div>\n<\/div>\n<\/div>\n<\/div>\n<\/div>\n<\/div>\n","protected":false},"excerpt":{"rendered":"<p>Radi by sme v\u00e1m predstavili \u0161peci\u00e1lny produkt: limitovan\u00fa ed\u00edciu tabliet LSD, ktor\u00e9 sme si sami polo\u017eili pomocou kry\u0161t\u00e1lov, ktor\u00e9 sme z\u00edskali od vybranej skupiny nad\u0161encov, ktor\u00ed maj\u00fa podobn\u00e9 n\u00e1zory na spiritualitu a realitu. Otestovali sme to na ceste a boli sme ohromen\u00ed energiou a silou, ktor\u00fa n\u00e1m tieto mal\u00e9 k\u00fasky papiera poskytli. Cena nebola tak\u00e1 priazniv\u00e1 ako u Azt\u00e9kov kv\u00f4li obmedzen\u00e9mu mno\u017estvu kry\u0161t\u00e1lov, ale budeme ich pred\u00e1va\u0165 o nie\u010do drah\u0161ie, aby sa to roz\u0161\u00edrilo v na\u0161ej psychedelickej komunite.  <\/p>\n","protected":false},"featured_media":14063,"comment_status":"open","ping_status":"closed","template":"","meta":{"om_disable_all_campaigns":false,"_sitemap_exclude":false,"_sitemap_priority":"","_sitemap_frequency":"","_monsterinsights_skip_tracking":false,"_monsterinsights_sitenote_active":false,"_monsterinsights_sitenote_note":"","_monsterinsights_sitenote_category":0},"product_cat":[26143],"product_tag":[29845,29856,29843,29854,29855,29853,29848,29846,29837,29841,29835,29836,29842,29849,29851,29844,29838,29840,29850,29847,29839,29852],"class_list":{"0":"post-32338","1":"product","2":"type-product","3":"status-publish","4":"has-post-thumbnail","6":"product_cat-lsd-sk","7":"product_tag-100mcg-fractal-storm-doprava-zadarmo-v-europe","8":"product_tag-100mcg-fractal-storm-europe-recenzia","9":"product_tag-100mcg-fractal-storm-najlepsia-cena-v-europe","10":"product_tag-autenticka-100mcg-fractal-storm-europe","11":"product_tag-dodavatelia-100mcg-fractal-storm-europe","12":"product_tag-dodavka-100mcg-fractal-storm-europe-sk","13":"product_tag-internetovy-obchod-100mcg-fractal-storm-europe-sk","14":"product_tag-kde-kupit-100mcg-fractal-storm-europe","15":"product_tag-kde-kupit-100mcg-fractal-storm-online","16":"product_tag-kolko-je-100-mcg-fractal-storm","17":"product_tag-kupte-si-100-mcg-fractal-storm","18":"product_tag-kupte-si-100-mcg-fractal-storm-online","19":"product_tag-kupte-si-100mcg-fractal-storm-online-europa","20":"product_tag-lacny-100mcg-fractal-storm-europe","21":"product_tag-obchod-100mcg-fractal-storm-europe-sk","22":"product_tag-objednajte-si-100mcg-fractal-storm-eu","23":"product_tag-objednajte-si-100mcg-fractal-storm-online","24":"product_tag-online-predaj-100mcg-fractal-storm","25":"product_tag-ponuky-100mcg-fractal-storm-europe","26":"product_tag-predaj-100mcg-fractal-storm-europe","27":"product_tag-ucinky-100-mcg-fraktalnej-burky","28":"product_tag-zlava-100mcg-fractal-storm-europe","30":"first","31":"instock","32":"shipping-taxable","33":"purchasable","34":"product-type-variable","35":"farmacie-col"},"aioseo_notices":[],"_links":{"self":[{"href":"https:\/\/lacasadelamedicina.es\/sk\/wp-json\/wp\/v2\/product\/32338"}],"collection":[{"href":"https:\/\/lacasadelamedicina.es\/sk\/wp-json\/wp\/v2\/product"}],"about":[{"href":"https:\/\/lacasadelamedicina.es\/sk\/wp-json\/wp\/v2\/types\/product"}],"replies":[{"embeddable":true,"href":"https:\/\/lacasadelamedicina.es\/sk\/wp-json\/wp\/v2\/comments?post=32338"}],"wp:featuredmedia":[{"embeddable":true,"href":"https:\/\/lacasadelamedicina.es\/sk\/wp-json\/wp\/v2\/media\/14063"}],"wp:attachment":[{"href":"https:\/\/lacasadelamedicina.es\/sk\/wp-json\/wp\/v2\/media?parent=32338"}],"wp:term":[{"taxonomy":"product_cat","embeddable":true,"href":"https:\/\/lacasadelamedicina.es\/sk\/wp-json\/wp\/v2\/product_cat?post=32338"},{"taxonomy":"product_tag","embeddable":true,"href":"https:\/\/lacasadelamedicina.es\/sk\/wp-json\/wp\/v2\/product_tag?post=32338"}],"curies":[{"name":"wp","href":"https:\/\/api.w.org\/{rel}","templated":true}]}}