{"id":32327,"date":"2024-08-09T14:01:50","date_gmt":"2024-08-09T14:01:50","guid":{"rendered":"https:\/\/lacasadelamedicina.es\/product\/metho-metadon-hcl-prasok-kupit-online\/"},"modified":"2024-08-09T14:01:50","modified_gmt":"2024-08-09T14:01:50","slug":"metho-metadon-hcl-prasok-kupit-online","status":"publish","type":"product","link":"https:\/\/lacasadelamedicina.es\/sk\/produkt\/metho-metadon-hcl-prasok-kupit-online\/","title":{"rendered":"Metho Metadon HCL pr\u00e1\u0161ok k\u00fapi\u0165 online"},"content":{"rendered":"<h1>K\u00fapte si Metho Metadon HCL pr\u00e1\u0161ok online<\/h1>\n<p> Nakupujte ve\u013ekoobchodne 99,8% \u010dist\u00fd methomethad\u00f3nov\u00fd HCL pr\u00e1\u0161ok za ve\u013ekoobchodn\u00e9 ceny. K\u00fapte si Metho Metadon HCL vo forme pr\u00e1\u0161ku. Stredn\u00e1 a\u017e siln\u00e1 boles\u0165 sa lie\u010di pomocou Metho (Meth<a href=\"https:\/\/dieapotheke247.com\/\">o<\/a>n HCL). K\u00fapi\u0165 Metho Metadon HCL pr\u00e1\u0161ok online \u2013 <a href=\"https:\/\/drlawsonspharmacy\/contact-us\/\">kontakt<\/a> Pou\u017e\u00edva sa tie\u017e na lie\u010dbu drogovej z\u00e1vislosti alebo na zvl\u00e1dnutie abstinen\u010dn\u00fdch pr\u00edznakov u \u013eud\u00ed, ktor\u00ed dost\u00e1vaj\u00fa lie\u010dbu drogovej z\u00e1vislosti, spolu s lek\u00e1rskym monitorovan\u00edm a podporou. Tento liek je narkotick\u00e9 analgetikum.     <strong>Ako sa doru\u010duj\u00fa bal\u00edky?<\/strong> Aby z\u00e1sielka \u00faspe\u0161ne pre\u0161la letiskov\u00fdm r\u00f6ntgenov\u00fdm zariaden\u00edm, opatrne ju za\u0165a\u017e\u00edme volfr\u00e1mov\u00fdm a uhl\u00edkov\u00fdm papierom. Vonkaj\u0161ia \u010das\u0165 bal\u00edkov je starostlivo zabalen\u00e1 do baliaceho papiera. So\u013en\u00e9 alebo pr\u00e1\u0161kov\u00e9 formy metadonu (Metadon HCL) sa pou\u017e\u00edvaj\u00fa na lie\u010dbu stredne silnej a\u017e silnej bolesti. T\u00e1to l\u00e1tka je skvel\u00e1 na monitorovanie zdravotn\u00edckymi pracovn\u00edkmi a poradenstvo pri lie\u010dbe drogovej z\u00e1vislosti. pom\u00e1ha \u013eu\u010fom zvl\u00e1da\u0165 abstinen\u010dn\u00e9 pr\u00edznaky. Metho Metadon HCL Powder je jedinou \u00fa\u010dinnou lie\u010dbou z\u00e1vislosti od opioidov alebo lie\u010dby bolesti. Zdravotn\u00edcki odborn\u00edci u\u017e dlho veria silnej a \u00fa\u010dinnej zmesi tohto prelomov\u00e9ho lieku. Metho Methadone HCL Powder je v\u00e1\u0161 k\u013e\u00fa\u010d k zlep\u0161eniu kvality \u017eivota v\u010faka svojej vysokej kvalite a dobre zdokumentovan\u00fdm v\u00fdsledkom. Metho Methadone HCL Powder je liek farmaceutickej kvality, ktor\u00fd sa starostlivo vyr\u00e1ba pomocou najmodernej\u0161\u00edch met\u00f3d. Jeho hlavn\u00e1 zlo\u017eka, metad\u00f3n hydrochlorid, je syntetick\u00fd opioid, ktor\u00fd \u00fa\u010dinne zmier\u0148uje boles\u0165 a zni\u017euje abstinen\u010dn\u00e9 pr\u00edznaky t\u00fdm, \u017ee sa navia\u017ee na opioidn\u00e9 receptory v mozgu.          <\/p>\n<h3><strong>Objednajte si Metho Metadon HCL pr\u00e1\u0161ok online<\/strong><\/h3>\n<p> Jednou z hlavn\u00fdch v\u00fdhod Metho Metadon HCL Powder s\u00fa jeho trval\u00e9 \u00fa\u010dinky. To umo\u017e\u0148uje dlhotrvaj\u00facu \u00fa\u013eavu od bolesti, v\u010faka \u010domu je dobrou vo\u013ebou pre \u013eud\u00ed s chronickou boles\u0165ou. Okrem toho sa v\u010faka svojej \u00fa\u010dinnosti pri lie\u010dbe abstinen\u010dn\u00fdch pr\u00edznakov od opioidov stal z\u00e1kladom v lie\u010debn\u00fdch programoch s pomocou liekov pre \u013eud\u00ed, ktor\u00ed sa sna\u017eia prekona\u0165 svoju z\u00e1vislos\u0165. V lek\u00e1rni Dr. Lawsons je bezpe\u010dnos\u0165 a blaho z\u00e1kazn\u00edkov na\u0161ou najvy\u0161\u0161ou prioritou. Aby sa zabezpe\u010dila jeho \u00fa\u010dinnos\u0165 a \u010distota, n\u00e1\u0161 pr\u00e1\u0161ok Metho Metadon HCL prech\u00e1dza pr\u00edsnym testovan\u00edm. Pou\u017e\u00edvame iba materi\u00e1ly od renomovan\u00fdch v\u00fdrobcov a na\u0161e v\u00fdrobn\u00e9 zariadenia podliehaj\u00fa najpr\u00edsnej\u0161\u00edm priemyseln\u00fdm \u0161tandardom, tak\u017ee si m\u00f4\u017eete by\u0165 ist\u00ed, \u017ee dost\u00e1vate kvalitn\u00fd produkt. Metho Methadone HCL pr\u00e1\u0161ok by sa mal u\u017e\u00edva\u0165 iba na radu a pod doh\u013eadom licencovan\u00e9ho poskytovate\u013ea zdravotnej starostlivosti, preto\u017ee ide o liek na predpis. Po zhodnoten\u00ed V\u00e1\u0161ho stavu rozhodne o spr\u00e1vnom d\u00e1vkovan\u00ed a lie\u010debnej strat\u00e9gii pre Va\u0161e individu\u00e1lne potreby.        &nbsp;<\/p>\n","protected":false},"excerpt":{"rendered":"<p>K\u00fapte si pr\u00e1\u0161ok Metho Metadon HCL online. 99,8% \u010dist\u00fd Metho Metadon HCL pr\u00e1\u0161ok dostupn\u00fd vo ve\u013ekoobchode za zv\u00fdhodnen\u00e9 ceny. Stredn\u00e1 a\u017e siln\u00e1 boles\u0165 sa lie\u010di Metho (Metadon HCL).   &nbsp;<\/p>\n","protected":false},"featured_media":18492,"comment_status":"closed","ping_status":"closed","template":"","meta":{"om_disable_all_campaigns":false,"_sitemap_exclude":false,"_sitemap_priority":"","_sitemap_frequency":"","_monsterinsights_skip_tracking":false,"_monsterinsights_sitenote_active":false,"_monsterinsights_sitenote_note":"","_monsterinsights_sitenote_category":0},"product_cat":[26712],"product_tag":[29788,29780,29771,29775,29769,29770,29776,29783,29777,29787,29790,29779,29789,29781,29786,29784,29785,29782,29778,29772,29774,29773],"class_list":{"0":"post-32327","1":"product","2":"type-product","3":"status-publish","4":"has-post-thumbnail","6":"product_cat-vyskum-chemikalii-a-psychedelika","7":"product_tag-autenticky-metho-metadon-hcl-prasok-europa","8":"product_tag-kde-kupit-metho-metadon-hcl-prasok-europa","9":"product_tag-kde-kupit-metho-metadon-hcl-prasok-online","10":"product_tag-kolko-je-prasok-metho-metadon-hcl","11":"product_tag-kupte-si-prasok-metho-metadon-hcl","12":"product_tag-kupte-si-prasok-metho-metadon-hcl-online","13":"product_tag-kupte-si-prasok-metho-metadon-hcl-online-europa","14":"product_tag-lacny-metho-metadon-hcl-prasok-europa","15":"product_tag-metho-metadon-hcl-prasok-za-najlepsiu-cenu-v-europe","16":"product_tag-metho-methadone-hcl-powder-europe-delivery-sk","17":"product_tag-metho-methadone-hcl-powder-europe-recenzia","18":"product_tag-metho-methadone-hcl-prasok-doprava-zadarmo-po-europe","19":"product_tag-metho-methadone-hcl-prasok-europa-dodavatelia","20":"product_tag-metho-methadone-hcl-prasok-europa-predaj","21":"product_tag-metho-methadone-hcl-prasok-europa-zlava","22":"product_tag-metho-methadone-hcl-prasok-europe-sa-zaobera","23":"product_tag-metho-methadone-hcl-prasok-europe-shop","24":"product_tag-metho-methadone-hcl-prasok-online-obchod-europa","25":"product_tag-objednajte-si-metho-metadon-hcl-prasok-eu","26":"product_tag-objednajte-si-prasok-metho-metadon-hcl-online","27":"product_tag-online-predaj-prasku-metho-metadon-hcl","28":"product_tag-ucinky-prasku-metho-metadon-hcl","30":"first","31":"instock","32":"shipping-taxable","33":"purchasable","34":"product-type-variable","35":"farmacie-col"},"aioseo_notices":[],"_links":{"self":[{"href":"https:\/\/lacasadelamedicina.es\/sk\/wp-json\/wp\/v2\/product\/32327"}],"collection":[{"href":"https:\/\/lacasadelamedicina.es\/sk\/wp-json\/wp\/v2\/product"}],"about":[{"href":"https:\/\/lacasadelamedicina.es\/sk\/wp-json\/wp\/v2\/types\/product"}],"replies":[{"embeddable":true,"href":"https:\/\/lacasadelamedicina.es\/sk\/wp-json\/wp\/v2\/comments?post=32327"}],"wp:featuredmedia":[{"embeddable":true,"href":"https:\/\/lacasadelamedicina.es\/sk\/wp-json\/wp\/v2\/media\/18492"}],"wp:attachment":[{"href":"https:\/\/lacasadelamedicina.es\/sk\/wp-json\/wp\/v2\/media?parent=32327"}],"wp:term":[{"taxonomy":"product_cat","embeddable":true,"href":"https:\/\/lacasadelamedicina.es\/sk\/wp-json\/wp\/v2\/product_cat?post=32327"},{"taxonomy":"product_tag","embeddable":true,"href":"https:\/\/lacasadelamedicina.es\/sk\/wp-json\/wp\/v2\/product_tag?post=32327"}],"curies":[{"name":"wp","href":"https:\/\/api.w.org\/{rel}","templated":true}]}}