{"id":32320,"date":"2024-08-09T14:01:50","date_gmt":"2024-08-09T14:01:50","guid":{"rendered":"https:\/\/lacasadelamedicina.es\/product\/kupte-si-hnedy-praskovy-heroin-online\/"},"modified":"2024-08-09T14:01:50","modified_gmt":"2024-08-09T14:01:50","slug":"kupte-si-hnedy-praskovy-heroin-online","status":"publish","type":"product","link":"https:\/\/lacasadelamedicina.es\/sk\/produkt\/kupte-si-hnedy-praskovy-heroin-online\/","title":{"rendered":"K\u00fapte si hned\u00fd pr\u00e1\u0161kov\u00fd hero\u00edn online"},"content":{"rendered":"<h1>K\u00fapte si hned\u00fd pr\u00e1\u0161kov\u00fd hero\u00edn online<\/h1>\n<p> Hned\u00fd pr\u00e1\u0161kov\u00fd hero\u00edn (BPH) si na medzin\u00e1rodnom trhu z\u00edskava na popularite. Hoci BPH existuje u\u017e nejak\u00fd \u010das, z\u00e1ujem o \u0148u rastie kv\u00f4li \u0161peci\u00e1lnym \u00fa\u010dinkom, ktor\u00e9 m\u00e1 na \u013eudsk\u00fd organizmus. Tak\u017ee, ak si chcete k\u00fapi\u0165 hned\u00fd hero\u00ednov\u00fd pr\u00e1\u0161ok online, lek\u00e1re\u0148 Dr. Lawsons je va\u0161a najlep\u0161ia vo\u013eba. K\u00fapi\u0165 hned\u00fd pr\u00e1\u0161kov\u00fd hero\u00edn online-    <a href=\"https:\/\/drlawsonspharmacy\/contact-us\/\">KONTAKT<\/a><\/p>\n<h3>Z \u010doho sa vyr\u00e1ba hned\u00fd hero\u00ednov\u00fd pr\u00e1\u0161ok?<\/h3>\n<p> \u00d3pium vo forme BPH bolo spracovan\u00e9 na pr\u00e1\u0161ok. Tento pr\u00e1\u0161ok je silnej\u0161\u00ed a n\u00e1vykovej\u0161\u00ed ako in\u00e9 druhy \u00f3pia, preto\u017ee sa \u013eahko faj\u010d\u00ed alebo injek\u010dne pod\u00e1va. BPH je tie\u017e vhodnej\u0161ie na pou\u017eitie pri vysoko intenz\u00edvnych aktivit\u00e1ch, ako je \u0161port alebo sex, preto\u017ee m\u00e1 dlhodobej\u0161\u00ed \u00fa\u010dinok ako in\u00e9 druhy \u00f3pia.   <\/p>\n<h3>V\u00fdhody hned\u00e9ho pr\u00e1\u0161ku hero\u00ednu<\/h3>\n<p> Brown Powder Hero\u00edn (BPH) je nepochybne jednou z naj\u010dastej\u0161ie pou\u017e\u00edvan\u00fdch l\u00e1tok s\u00fa\u010dasnosti. Je \u013eahk\u00e9 ho z\u00edska\u0165 a poskytuje okam\u017eit\u00fd vysok\u00fd v\u00fdkon. BPH sa niekedy ozna\u010duje ako \u201ehned\u00fd hero\u00edn\u201c, preto\u017ee sa zvy\u010dajne vyr\u00e1ba z hned\u00e9ho cukru, k\u00e1vy a s\u00f3dy bikarb\u00f3ny. BPH je vysoko kvalitn\u00fd hero\u00edn, \u010do znamen\u00e1, \u017ee obsahuje zna\u010dn\u00e9 mno\u017estvo morf\u00ednu a kode\u00ednu. Je to preto fantastick\u00e1 mo\u017enos\u0165 pre \u013eud\u00ed, ktor\u00ed h\u013eadaj\u00fa siln\u00e9 d\u00e1vkovanie na \u00fa\u013eavu od bolesti. Okrem toho BPH pon\u00faka r\u00fdchle doru\u010denie na ak\u00e9ko\u013evek miesto na svete, \u010do z neho rob\u00ed najlep\u0161iu vo\u013ebu pre \u013eud\u00ed, ktor\u00ed potrebuj\u00fa svoje lieky okam\u017eite. V neposlednom rade je cena hned\u00e9ho pr\u00e1\u0161kov\u00e9ho hero\u00ednu v porovnan\u00ed s in\u00fdmi dod\u00e1vate\u013emi primeran\u00e1, v\u010faka \u010domu je \u017eiaducou vo\u013ebou pre z\u00e1kazn\u00edkov, ktor\u00ed chc\u00fa kvalitn\u00e9 lieky bez toho, aby naru\u0161ili svoj rozpo\u010det.       <\/p>\n<h3>K\u00fapte si hned\u00fd pr\u00e1\u0161kov\u00fd hero\u00edn online<\/h3>\n<p> Hero\u00edn vo forme hned\u00e9ho pr\u00e1\u0161ku je vysoko n\u00e1vykov\u00e1 a rizikov\u00e1 omamn\u00e1 l\u00e1tka, ktor\u00e1 sa \u010dasto kombinuje s in\u00fdmi l\u00e1tkami na zv\u00fd\u0161enie jeho \u00fa\u010dinkov. Zvy\u010dajne sa pred\u00e1va na ulici ako hned\u00fd, \u010dierny alebo pu\u0161n\u00fd prach. Kombin\u00e1cia morf\u00ednu a in\u00fdch opi\u00e1tov v hnedom hero\u00ednovom pr\u00e1\u0161ku mu d\u00e1va vysok\u00fa \u00fa\u010dinnos\u0165. Medzi bezprostredn\u00e9 ved\u013eaj\u0161ie \u00fa\u010dinky hned\u00e9ho hero\u00ednov\u00e9ho pr\u00e1\u0161ku patr\u00ed zr\u00fdchlen\u00fd tep, siln\u00fd pocit tepla, zr\u00fdchlen\u00e9 d\u00fdchanie a pocit \u017eiadostivosti. Bezprostredne po t\u00fdchto \u00fa\u010dinkoch sa dostav\u00ed pocit ospalosti a uvo\u013enenia. Pravideln\u00e9 u\u017e\u00edvanie hned\u00e9ho hero\u00ednov\u00e9ho pr\u00e1\u0161ku m\u00f4\u017ee \u010dasom vies\u0165 k drogovej z\u00e1vislosti a z\u00e1vislosti.      <\/p>\n<h3>Pre\u010do kupova\u0165 hned\u00fd pr\u00e1\u0161kov\u00fd hero\u00edn od Dr Lawsons Pharmacy?<\/h3>\n<p> Ak si chcete k\u00fapi\u0165 hned\u00fd hero\u00ednov\u00fd pr\u00e1\u0161ok online, existuje nieko\u013eko mo\u017enost\u00ed. Nie v\u0161etky tieto mo\u017enosti s\u00fa v\u0161ak spo\u013eahliv\u00e9 alebo bezpe\u010dn\u00e9. V tejto situ\u00e1cii je n\u00e1pomocn\u00e1 lek\u00e1re\u0148 Dr. Lawsons. Pon\u00fakame \u0161irok\u00fa \u0161k\u00e1lu spo\u013eahliv\u00fdch foriem, zna\u010diek a odr\u00f4d hned\u00e9ho hero\u00ednov\u00e9ho pr\u00e1\u0161ku na predaj online. Navy\u0161e, na\u0161e kr\u00e1tke dodacie lehoty v\u00e1m umo\u017e\u0148uj\u00fa zaobstara\u0165 si lieky bez ak\u00fdchko\u013evek probl\u00e9mov. Chceme, aby ka\u017ed\u00fd z\u00e1kazn\u00edk, ktor\u00fd u n\u00e1s zad\u00e1 objedn\u00e1vku, mal uspokojiv\u00fa sk\u00fasenos\u0165. Najlep\u0161\u00edm miestom na online n\u00e1kup hned\u00e9ho pr\u00e1\u0161kov\u00e9ho hero\u00ednu je lek\u00e1re\u0148 Dr. Lawsons, ktor\u00e1 pon\u00faka jednoduch\u00fd proces objedn\u00e1vania a pohodln\u00e9 mo\u017enosti platby. Objednajte si teda teraz z n\u00e1\u0161ho obchodu a vyu\u017eite najlep\u0161ie z\u013eavy na po\u017eadovan\u00e9 produkty.        &nbsp;<\/p>\n","protected":false},"excerpt":{"rendered":"<p>K\u00fapte si hned\u00fd pr\u00e1\u0161kov\u00fd hero\u00edn online Hned\u00fd pr\u00e1\u0161kov\u00fd hero\u00edn (BPH) si na medzin\u00e1rodnom trhu z\u00edskava na popularite. Hoci BPH existuje u\u017e nejak\u00fd \u010das, z\u00e1ujem o \u0148u rastie kv\u00f4li \u0161peci\u00e1lnym \u00fa\u010dinkom, ktor\u00e9 m\u00e1 na \u013eudsk\u00fd organizmus. Tak\u017ee, ak si chcete k\u00fapi\u0165 hned\u00fd hero\u00ednov\u00fd pr\u00e1\u0161ok online, lek\u00e1re\u0148 Dr. Lawsons je va\u0161a najlep\u0161ia vo\u013eba. K\u00fapi\u0165 hned\u00fd pr\u00e1\u0161kov\u00fd hero\u00edn [&hellip;]<\/p>\n","protected":false},"featured_media":17952,"comment_status":"closed","ping_status":"closed","template":"","meta":{"om_disable_all_campaigns":false,"_sitemap_exclude":false,"_sitemap_priority":"","_sitemap_frequency":"","_monsterinsights_skip_tracking":false,"_monsterinsights_sitenote_active":false,"_monsterinsights_sitenote_note":"","_monsterinsights_sitenote_category":0},"product_cat":[29118],"product_tag":[29766,29768,29763,29760,29765,29767,29757,29764,29755,29758,29750,29753,29748,29747,29754,29761,29756,29749,29752,29762,29759,29751],"class_list":{"0":"post-32320","1":"product","2":"type-product","3":"status-publish","4":"has-post-thumbnail","6":"product_cat-heroin-sk","7":"product_tag-autenticky-hnedy-prasok-heroin-europe","8":"product_tag-brown-powder-heroin-europe-recenzia","9":"product_tag-brown-powder-heroin-europe-shop-sk","10":"product_tag-brown-powder-heroin-online-obchod-europa","11":"product_tag-dodavka-hnedeho-prasku-heroinu-v-europe","12":"product_tag-hnedy-prasok-heroin-dodavatelia-europy","13":"product_tag-hnedy-prasok-heroin-doprava-zadarmo-v-europe","14":"product_tag-hnedy-prasok-heroin-europe-zlava","15":"product_tag-hnedy-prasok-heroin-za-najlepsiu-cenu-v-europe","16":"product_tag-kde-kupit-brown-powder-heroin-europe","17":"product_tag-kde-kupit-heroin-v-hnedom-prasku-online","18":"product_tag-kolko-je-hnedy-prasok-heroin","19":"product_tag-kupit-hnedy-praskovy-heroin","20":"product_tag-kupit-hnedy-praskovy-heroin-online","21":"product_tag-kupte-si-hnedy-praskovy-heroin-online-europa","22":"product_tag-lacny-hnedy-praskovy-heroin-v-europe","23":"product_tag-objednajte-si-hnedy-prasok-heroin-eu","24":"product_tag-objednat-hnedy-praskovy-heroin-online","25":"product_tag-online-predaj-hnedeho-prasku-heroinu","26":"product_tag-ponuky-hnedeho-prasku-heroin-europe","27":"product_tag-predaj-hnedeho-prasku-heroinu-v-europe","28":"product_tag-ucinky-hnedeho-prasku-heroinu-sk","30":"first","31":"instock","32":"shipping-taxable","33":"purchasable","34":"product-type-variable","35":"farmacie-col"},"aioseo_notices":[],"_links":{"self":[{"href":"https:\/\/lacasadelamedicina.es\/sk\/wp-json\/wp\/v2\/product\/32320"}],"collection":[{"href":"https:\/\/lacasadelamedicina.es\/sk\/wp-json\/wp\/v2\/product"}],"about":[{"href":"https:\/\/lacasadelamedicina.es\/sk\/wp-json\/wp\/v2\/types\/product"}],"replies":[{"embeddable":true,"href":"https:\/\/lacasadelamedicina.es\/sk\/wp-json\/wp\/v2\/comments?post=32320"}],"wp:featuredmedia":[{"embeddable":true,"href":"https:\/\/lacasadelamedicina.es\/sk\/wp-json\/wp\/v2\/media\/17952"}],"wp:attachment":[{"href":"https:\/\/lacasadelamedicina.es\/sk\/wp-json\/wp\/v2\/media?parent=32320"}],"wp:term":[{"taxonomy":"product_cat","embeddable":true,"href":"https:\/\/lacasadelamedicina.es\/sk\/wp-json\/wp\/v2\/product_cat?post=32320"},{"taxonomy":"product_tag","embeddable":true,"href":"https:\/\/lacasadelamedicina.es\/sk\/wp-json\/wp\/v2\/product_tag?post=32320"}],"curies":[{"name":"wp","href":"https:\/\/api.w.org\/{rel}","templated":true}]}}