{"id":32305,"date":"2024-08-09T14:01:50","date_gmt":"2024-08-09T14:01:50","guid":{"rendered":"https:\/\/lacasadelamedicina.es\/product\/kupte-si-cierny-dechtovy-heroin-online\/"},"modified":"2024-08-09T14:01:50","modified_gmt":"2024-08-09T14:01:50","slug":"kupte-si-cierny-dechtovy-heroin-online","status":"publish","type":"product","link":"https:\/\/lacasadelamedicina.es\/sk\/produkt\/kupte-si-cierny-dechtovy-heroin-online\/","title":{"rendered":"K\u00fapte si \u010dierny dechtov\u00fd hero\u00edn online"},"content":{"rendered":"<h3>K\u00fapte si \u010dierny dechtov\u00fd hero\u00edn online<\/h3>\n<p> \u010cierny dechtov\u00fd hero\u00edn je variant narkotick\u00e9ho hero\u00ednu, ktor\u00fd sa vyzna\u010duje svojou \u010diernou konzistenciou podobnou dechtu. Hoci ide o nebezpe\u010dn\u00fa a siln\u00fa l\u00e1tku, st\u00e1le je po nej vysok\u00fd dopyt kv\u00f4li jej dostupnosti a dostupnej cene. Preto je lek\u00e1re\u0148 Dr. Lawsons ide\u00e1lnou vo\u013ebou, ak si chcete k\u00fapi\u0165 \u010dierny dechtov\u00fd hero\u00edn online za najni\u017e\u0161iu cenu. K\u00fapi\u0165 \u010dierny dechtov\u00fd hero\u00edn online \u2013    <a href=\"https:\/\/drlawsonspharmacy\/contact-us\/\">KONTAKT<\/a><\/p>\n<h3>Ak\u00fd je vzh\u013ead a v\u00f4\u0148a Black Tar Hero\u00ednu?<\/h3>\n<p> Zvy\u0161ky po faj\u010den\u00ed alebo injek\u010dnom podan\u00ed har<a href=\"https:\/\/dieapotheke247.com\/\">e<\/a>roin tvrdne a pou\u017e\u00edva sa na v\u00fdrobu \u010dierneho dechtov\u00e9ho hero\u00ednu. M\u00e1 silnej\u0161iu v\u00f4\u0148u a chu\u0165 ako in\u00e9 druhy hero\u00ednu a je \u00fa\u010dinnej\u0161\u00ed. Kliknite na \u201ePrida\u0165 do ko\u0161\u00edka\u201c a dokon\u010dite proces platby, aby ste si k\u00fapili Hero\u00edn Black Tar online od Dr. Lawsons Pharmacy. Potom bude Black Tar Heroin hromadne doru\u010den\u00fd priamo k v\u00e1m domov. Nikdy s nik\u00fdm nezdie\u013eajte ihly alebo injek\u010dn\u00e9 strieka\u010dky a uchov\u00e1vajte svoje lieky bezpe\u010dne mimo dosahu det\u00ed a zvierat.     <\/p>\n<h3>Proces v\u00fdroby a obchodovania s \u010diernym dechtov\u00fdm hero\u00ednom<\/h3>\n<p> \u00d3piov\u00fd pr\u00e1\u0161ok sa pou\u017e\u00edva na v\u00fdrobu hero\u00ednu zn\u00e1meho ako \u201e\u010dierny decht\u201c. Po zahriat\u00ed a spojen\u00ed s in\u00fdmi chemik\u00e1liami sa tento materi\u00e1l zmen\u00ed na lepkav\u00fa, tmav\u00fa l\u00e1tku zn\u00e1mu ako \u201edecht\u201c. Decht sa potom rozbije na mal\u00e9 k\u00fasky a pred\u00e1va sa na ulici ako hero\u00edn. V\u00fdroba a obchodovanie s \u010diernym dechtov\u00fdm hero\u00ednom s\u00fa komplikovan\u00e9 procesy. Obchodn\u00edci s hero\u00ednom vyjedn\u00e1vaj\u00fa so zlo\u010dineck\u00fdm podsvet\u00edm, aby z\u00edskali z\u00e1soby potrebn\u00e9 na v\u00fdrobu narkot\u00edk a br\u00e1nili sa ak\u00fdmko\u013evek pokusom org\u00e1nov \u010dinn\u00fdch v trestnom konan\u00ed ich zmari\u0165. Ale teraz, ke\u010f je \u010dierny dechtov\u00fd hero\u00edn dostupn\u00fd na predaj online od renomovan\u00fdch obchodov ako Dr. Lawsons Pharmacy, je t\u00e1to met\u00f3da jednoduch\u0161ia ako kedyko\u013evek predt\u00fdm. Bu\u010fte si vedom\u00ed nebezpe\u010denstva objedn\u00e1vania \u010dierneho dechtov\u00e9ho hero\u00ednu online. Nielen\u017ee riskujete, \u017ee dostanete drogy od nespo\u013eahliv\u00e9ho dod\u00e1vate\u013ea, ale vystavujete sa aj riziku pred\u00e1vkovania a nakazenia sa HIV alebo in\u00fdmi infekciami (STD). Preto kupujte tieto lieky iba od renomovan\u00e9ho predajcu, ak\u00fdm je Dr. Lawsons Pharmacy.         <\/p>\n<h3>Negat\u00edvne \u00fa\u010dinky \u010dierneho dechtov\u00e9ho hero\u00ednu<\/h3>\n<p> \u010cierny dechtov\u00fd hero\u00edn je siln\u00fd, ne\u010dist\u00fd variant drogy, ktor\u00e1 m\u00e1 mno\u017estvo z\u00e1va\u017en\u00fdch negat\u00edvnych \u00fa\u010dinkov. Napr\u00edklad \u010dierny dechtov\u00fd hero\u00edn m\u00f4\u017ee sp\u00f4sobi\u0165 bolesti hlavy, nevo\u013enos\u0165 a zvracanie. Dlhodob\u00e9 u\u017e\u00edvanie m\u00f4\u017ee tie\u017e sp\u00f4sobi\u0165 abstinen\u010dn\u00e9 pr\u00edznaky, ako je \u00fazkos\u0165, nepokoj a depresia. Riziko vzniku srdcov\u00fdch a p\u013e\u00facnych probl\u00e9mov sa m\u00f4\u017ee zv\u00fd\u0161i\u0165 aj vtedy, ak u\u017e\u00edvate \u010dierny dechtov\u00fd hero\u00edn. Ak vy alebo niekto, koho pozn\u00e1te, bojujete so z\u00e1vislos\u0165ou od hero\u00ednu z \u010dierneho dechtu, nev\u00e1hajte a po\u017eiadajte o pomoc.     <\/p>\n<h3>Pre\u010do kupova\u0165 Black Tar Heroin online od Dr. Lawsons Pharmacy?<\/h3>\n<p> H\u013ead\u00e1te kvalitn\u00e9ho a d\u00f4veryhodn\u00e9ho internetov\u00e9ho dod\u00e1vate\u013ea na n\u00e1kup \u010dierneho dechtov\u00e9ho hero\u00ednu? Lek\u00e1re\u0148 Dr. Lawsona je jedin\u00e1 mo\u017enos\u0165. Tu m\u00f4\u017eete z\u00edska\u0165 vysoko kvalitn\u00fd \u010dierny dechtov\u00fd hero\u00edn za najlep\u0161iu cenu. Okrem toho pon\u00fakame najr\u00fdchlej\u0161ie dodacie lehoty v odvetv\u00ed.    &nbsp;<\/p>\n","protected":false},"excerpt":{"rendered":"<p>&nbsp;<\/p>\n<p>&nbsp;<\/p>\n","protected":false},"featured_media":17937,"comment_status":"closed","ping_status":"closed","template":"","meta":{"om_disable_all_campaigns":false,"_sitemap_exclude":false,"_sitemap_priority":"","_sitemap_frequency":"","_monsterinsights_skip_tracking":false,"_monsterinsights_sitenote_active":false,"_monsterinsights_sitenote_note":"","_monsterinsights_sitenote_category":0},"product_cat":[29118],"product_tag":[29714,29705,29710,29707,29716,29712,29703,29708,29715,29713,29706,29698,29701,29695,29697,29702,29709,29711,29704,29696,29700,29699],"class_list":{"0":"post-32305","1":"product","2":"type-product","3":"status-publish","4":"has-post-thumbnail","6":"product_cat-heroin-sk","7":"product_tag-autenticky-cierny-dechtovy-heroin-v-europe","8":"product_tag-black-tar-heroin-doprava-zadarmo-po-europe","9":"product_tag-black-tar-heroin-europe-ponuky","10":"product_tag-black-tar-heroin-europe-predaj","11":"product_tag-black-tar-heroin-europe-recenzia","12":"product_tag-black-tar-heroin-europe-zlava","13":"product_tag-black-tar-heroin-najlepsia-cena-v-europe","14":"product_tag-black-tar-heroin-online-obchod-europa","15":"product_tag-dodavatelia-heroinu-cierneho-dechtu-v-europe","16":"product_tag-dodavka-black-tar-heroin-europe-sk","17":"product_tag-kde-kupit-black-tar-heroin-europe","18":"product_tag-kde-kupit-black-tar-heroin-online","19":"product_tag-kolko-je-black-tar-heroin","20":"product_tag-kupit-black-tar-heroin","21":"product_tag-kupit-black-tar-heroin-online","22":"product_tag-kupte-si-black-tar-heroin-online-europa","23":"product_tag-lacny-black-tar-heroin-europe","24":"product_tag-obchod-black-tar-heroin-europe-sk","25":"product_tag-objednajte-si-black-tar-heroin-eu","26":"product_tag-objednajte-si-black-tar-heroin-online","27":"product_tag-predaj-heroinu-black-tar-online","28":"product_tag-ucinky-cierneho-dechtoveho-heroinu","30":"first","31":"instock","32":"shipping-taxable","33":"purchasable","34":"product-type-variable","35":"farmacie-col"},"aioseo_notices":[],"_links":{"self":[{"href":"https:\/\/lacasadelamedicina.es\/sk\/wp-json\/wp\/v2\/product\/32305"}],"collection":[{"href":"https:\/\/lacasadelamedicina.es\/sk\/wp-json\/wp\/v2\/product"}],"about":[{"href":"https:\/\/lacasadelamedicina.es\/sk\/wp-json\/wp\/v2\/types\/product"}],"replies":[{"embeddable":true,"href":"https:\/\/lacasadelamedicina.es\/sk\/wp-json\/wp\/v2\/comments?post=32305"}],"wp:featuredmedia":[{"embeddable":true,"href":"https:\/\/lacasadelamedicina.es\/sk\/wp-json\/wp\/v2\/media\/17937"}],"wp:attachment":[{"href":"https:\/\/lacasadelamedicina.es\/sk\/wp-json\/wp\/v2\/media?parent=32305"}],"wp:term":[{"taxonomy":"product_cat","embeddable":true,"href":"https:\/\/lacasadelamedicina.es\/sk\/wp-json\/wp\/v2\/product_cat?post=32305"},{"taxonomy":"product_tag","embeddable":true,"href":"https:\/\/lacasadelamedicina.es\/sk\/wp-json\/wp\/v2\/product_tag?post=32305"}],"curies":[{"name":"wp","href":"https:\/\/api.w.org\/{rel}","templated":true}]}}