{"id":32285,"date":"2024-08-09T14:01:50","date_gmt":"2024-08-09T14:01:50","guid":{"rendered":"https:\/\/lacasadelamedicina.es\/product\/kupte-si-afgansky-heroin-online\/"},"modified":"2024-08-09T14:01:50","modified_gmt":"2024-08-09T14:01:50","slug":"kupte-si-afgansky-heroin-online","status":"publish","type":"product","link":"https:\/\/lacasadelamedicina.es\/sk\/produkt\/kupte-si-afgansky-heroin-online\/","title":{"rendered":"K\u00fapte si afgansk\u00fd hero\u00edn online"},"content":{"rendered":"<h3>K\u00fapte si afgansk\u00fd hero\u00edn online<\/h3>\n<p> Mnoh\u00e9 krajiny zakazuj\u00fa z\u00edskavanie afgansk\u00e9ho hero\u00ednu z kvetov maku, ale to \u013eu\u010fom nebr\u00e1ni v z\u00edskavan\u00ed tejto l\u00e1tky. V skuto\u010dnosti je afgansk\u00fd hero\u00edn jednou z najbe\u017enej\u0161ie pou\u017e\u00edvan\u00fdch odr\u00f4d drogy kv\u00f4li svojim siln\u00fdm euforick\u00fdm \u00fa\u010dinkom. Ak h\u013ead\u00e1te najlep\u0161\u00ed afgansk\u00fd hero\u00edn na n\u00e1kup online, neh\u013eadajte ni\u010d in\u00e9 ako lek\u00e1re\u0148 Dr. Lawsons.   <a href=\"https:\/\/dieapotheke247.com\/\"><a href=\"https:\/\/dieapotheke247.com\/\">K\u00fapi\u0165 afgansk\u00e9<\/a><\/a> Hero\u00edn online &#8211; <a href=\"https:\/\/drlawsonspharmacy\/contact-us\/\">KONTAKT<\/a><\/p>\n<h3>Ako sa vyr\u00e1ba afgansk\u00fd hero\u00edn?<\/h3>\n<p> \u00d3pium sa pou\u017e\u00edva na v\u00fdrobu afgansk\u00e9ho hero\u00ednu, formy narkotika. \u00d3pium je pr\u00edrodn\u00fd zdroj morf\u00ednu a kode\u00ednu, ktor\u00fd sa z\u00edskava z rastliny maku. Na v\u00fdrobu afgansk\u00e9ho hero\u00ednu sa \u00f3pium mus\u00ed najsk\u00f4r prevari\u0165, k\u00fdm sa nestane lepkav\u00fdm \u010diernym dechtom. Potom sa mus\u00ed prefiltrova\u0165 cez g\u00e1zu, aby sa odstr\u00e1nili ne\u010distoty. Po vysu\u0161en\u00ed sa tento \u010dierny decht rozdrv\u00ed na pr\u00e1\u0161ok, ktor\u00fd sa potom pou\u017e\u00edva na v\u00fdrobu teh\u00e1l alebo piluliek. Afgansk\u00fd hero\u00edn prich\u00e1dza v nieko\u013ek\u00fdch form\u00e1ch, z ktor\u00fdch ka\u017ed\u00e1 m\u00e1 jedine\u010dn\u00e9 vlastnosti a vyu\u017eitie. Najpopul\u00e1rnej\u0161ou formou hero\u00ednu v Afganistane je biely hero\u00edn, be\u017ene ozna\u010dovan\u00fd ako \u201esurov\u00e9 \u00f3pium\u201c, a je zvy\u010dajne ni\u017e\u0161ej kvality ako in\u00e9 formy. Hned\u00fd hero\u00edn (vyroben\u00fd z \u010diasto\u010dne vysu\u0161en\u00e9ho \u010dierneho dechtu) je pre svoju silu u u\u017e\u00edvate\u013eov ob\u013e\u00fabenej\u0161\u00ed a m\u00e1 silnej\u0161\u00ed \u00fa\u010dinok. Najsilnej\u0161\u00ed zo v\u0161etk\u00fdch je tmavohned\u00fd hero\u00edn (vyroben\u00fd z \u00faplne vysu\u0161en\u00e9ho \u010dierneho dechtu), ktor\u00fd m\u00e1 tie\u017e najv\u00e4\u010d\u0161\u00ed potenci\u00e1l na zneu\u017eitie kv\u00f4li \u0165a\u017ekej regul\u00e1cii d\u00e1vkovania.         <\/p>\n<h3>V\u00fdhody afgansk\u00e9ho hero\u00ednu<\/h3>\n<p> Afgansk\u00fd hero\u00edn je najlep\u0161ou vo\u013ebou pre intenz\u00edvne a euforick\u00e9 vzru\u0161enie, ke\u010f si ho k\u00fapite online. Tento typ hero\u00ednu patr\u00ed medzi naj\u010distej\u0161ie a najsilnej\u0161ie dostupn\u00e9 a \u013eudia ho \u010dasto vyh\u013ead\u00e1vaj\u00fa pre jeho obrovsk\u00e9 \u00fa\u010dinky. Z tohto d\u00f4vodu sa afgansk\u00fd hero\u00edn pou\u017e\u00edva na lie\u010dbu z\u00e1vislosti od opi\u00e1tov a chronickej bolesti, dvoch chor\u00f4b, ktor\u00e9 s\u00fa v modernej kult\u00fare pr\u00edli\u0161 be\u017en\u00e9.   <\/p>\n<h3>Ved\u013eaj\u0161ie \u00fa\u010dinky afgansk\u00e9ho hero\u00ednu<\/h3>\n<p> Ke\u010f\u017ee afgansk\u00fd hero\u00edn je opioid z\u00edskan\u00fd z maku siateho, m\u00e1 aj ur\u010dit\u00e9 negat\u00edvne \u00fa\u010dinky. R\u00fdchlej\u0161\u00ed tlkot srdca, vy\u0161\u0161\u00ed krvn\u00fd tlak a euf\u00f3ria (vysok\u00e1, ktor\u00e1 poch\u00e1dza z u\u017e\u00edvania hero\u00ednu) s\u00fa niektor\u00e9 z kr\u00e1tkodob\u00fdch negat\u00edvnych \u00fa\u010dinkov u\u017e\u00edvania afgansk\u00e9ho hero\u00ednu. Z\u00e1vislos\u0165, chronick\u00e1 infekcia hepatit\u00eddou C (potenci\u00e1lne smrte\u013en\u00e9 ochorenie pe\u010dene), probl\u00e9my du\u0161evn\u00e9ho zdravia, ako je \u00fazkos\u0165 a depresia, a \u00famrtia z pred\u00e1vkovania patria medzi dlhodob\u00e9 zdravotn\u00e9 probl\u00e9my spojen\u00e9 s u\u017e\u00edvan\u00edm afgansk\u00e9ho hero\u00ednu.   <\/p>\n<h3>Kde k\u00fapi\u0165 afgansk\u00fd hero\u00edn online?<\/h3>\n<p> Chcete si k\u00fapi\u0165 afgansk\u00fd hero\u00edn online diskr\u00e9tne a bezpe\u010dne? K\u00fapite ho v lek\u00e1rni Dr. Lawsons. Pon\u00fakame komplexn\u00fd sortiment vysokokvalitn\u00e9ho tovaru a m\u00e1me dlhoro\u010dn\u00e9 obchodn\u00e9 sk\u00fasenosti. Aby ste dosiahli ide\u00e1lne d\u00e1vkovanie pre v\u00e1s, m\u00f4\u017eete si vybra\u0165 z ponuky \u010dist\u00fdch, organick\u00fdch a laborat\u00f3rne testovan\u00fdch produktov. V\u010faka dostupnosti mnoh\u00fdch pohodln\u00fdch platobn\u00fdch met\u00f3d, vr\u00e1tane kreditn\u00fdch kariet, PayPal a Western Union, je hromadn\u00fd online n\u00e1kup afgansk\u00e9ho hero\u00ednu jednoduch\u00fd a pohodln\u00fd pre ka\u017ed\u00e9ho. K\u00fapte si teda teraz najlep\u0161\u00ed afgansk\u00fd hero\u00edn!      &nbsp;<\/p>\n","protected":false},"excerpt":{"rendered":"<p>K\u00fapte si afgansk\u00fd hero\u00edn online Mnoh\u00e9 krajiny zakazuj\u00fa z\u00edskavanie afgansk\u00e9ho hero\u00ednu z kvetov maku, ale to \u013eu\u010fom nebr\u00e1ni v z\u00edskavan\u00ed tejto l\u00e1tky. V skuto\u010dnosti je afgansk\u00fd hero\u00edn jednou z najbe\u017enej\u0161ie pou\u017e\u00edvan\u00fdch odr\u00f4d drogy kv\u00f4li svojim siln\u00fdm euforick\u00fdm \u00fa\u010dinkom. Ak h\u013ead\u00e1te najlep\u0161\u00ed afgansk\u00fd hero\u00edn na n\u00e1kup online, neh\u013eadajte ni\u010d in\u00e9 ako lek\u00e1re\u0148 Dr. Lawsons. K\u00fapi\u0165 afgansk\u00e9 [&hellip;]<\/p>\n","protected":false},"featured_media":17922,"comment_status":"closed","ping_status":"closed","template":"","meta":{"om_disable_all_campaigns":false,"_sitemap_exclude":false,"_sitemap_priority":"","_sitemap_frequency":"","_monsterinsights_skip_tracking":false,"_monsterinsights_sitenote_active":false,"_monsterinsights_sitenote_note":"","_monsterinsights_sitenote_category":0},"product_cat":[29118],"product_tag":[29638,29631,29642,29633,29630,29643,29641,29636,29626,29634,29629,29623,29624,29637,29639,29632,29625,29628,29635,29644,29627,29640],"class_list":{"0":"post-32285","1":"product","2":"type-product","3":"status-publish","4":"has-post-thumbnail","6":"product_cat-heroin-sk","7":"product_tag-afganske-ponuky-heroinu-v-europe","8":"product_tag-afgansky-heroin-za-najlepsiu-cenu-v-europe","9":"product_tag-autenticky-afgansky-heroin-v-europe","10":"product_tag-bezplatna-doprava-afganskeho-heroinu-v-europe","11":"product_tag-buy-afghan-heroin-online-europe-sk","12":"product_tag-dodavatelia-afganskeho-heroinu-v-europe","13":"product_tag-dodavka-afganskeho-heroinu-v-europe","14":"product_tag-internetovy-obchod-afghan-heroin-europe-sk","15":"product_tag-kde-kupit-afgansky-heroin-online","16":"product_tag-kde-kupit-afgansky-heroin-v-europe","17":"product_tag-kolko-stoji-afgansky-heroin","18":"product_tag-kupit-afgansky-heroin","19":"product_tag-kupit-afgansky-heroin-online","20":"product_tag-kupte-si-afgansky-heroin-online-europa","21":"product_tag-obchod-afghan-heroin-europe-sk","22":"product_tag-objednajte-si-afgansky-heroin-eu","23":"product_tag-objednat-afgansky-heroin-online","24":"product_tag-online-predaj-afganskeho-heroinu","25":"product_tag-predaj-afganskeho-heroinu-v-europe","26":"product_tag-prehlad-afghan-heroin-europe","27":"product_tag-ucinky-afganskeho-heroinu","28":"product_tag-zlava-na-afgansky-heroin-v-europe","30":"first","31":"instock","32":"shipping-taxable","33":"purchasable","34":"product-type-variable","35":"farmacie-col"},"aioseo_notices":[],"_links":{"self":[{"href":"https:\/\/lacasadelamedicina.es\/sk\/wp-json\/wp\/v2\/product\/32285"}],"collection":[{"href":"https:\/\/lacasadelamedicina.es\/sk\/wp-json\/wp\/v2\/product"}],"about":[{"href":"https:\/\/lacasadelamedicina.es\/sk\/wp-json\/wp\/v2\/types\/product"}],"replies":[{"embeddable":true,"href":"https:\/\/lacasadelamedicina.es\/sk\/wp-json\/wp\/v2\/comments?post=32285"}],"wp:featuredmedia":[{"embeddable":true,"href":"https:\/\/lacasadelamedicina.es\/sk\/wp-json\/wp\/v2\/media\/17922"}],"wp:attachment":[{"href":"https:\/\/lacasadelamedicina.es\/sk\/wp-json\/wp\/v2\/media?parent=32285"}],"wp:term":[{"taxonomy":"product_cat","embeddable":true,"href":"https:\/\/lacasadelamedicina.es\/sk\/wp-json\/wp\/v2\/product_cat?post=32285"},{"taxonomy":"product_tag","embeddable":true,"href":"https:\/\/lacasadelamedicina.es\/sk\/wp-json\/wp\/v2\/product_tag?post=32285"}],"curies":[{"name":"wp","href":"https:\/\/api.w.org\/{rel}","templated":true}]}}