{"id":32262,"date":"2024-08-09T14:01:50","date_gmt":"2024-08-09T14:01:50","guid":{"rendered":"https:\/\/lacasadelamedicina.es\/product\/kupte-si-cisty-prasok-mmb-2201-online\/"},"modified":"2024-08-09T14:01:50","modified_gmt":"2024-08-09T14:01:50","slug":"kupte-si-cisty-prasok-mmb-2201-online","status":"publish","type":"product","link":"https:\/\/lacasadelamedicina.es\/sk\/produkt\/kupte-si-cisty-prasok-mmb-2201-online\/","title":{"rendered":"K\u00fapte si \u010dist\u00fd pr\u00e1\u0161ok MMB-2201 online"},"content":{"rendered":"<h1>K\u00fapte si Pure MMB-2201 pr\u00e1\u0161ok online<\/h1>\n<p> K\u00fapte si pr\u00e1\u0161ok MMB-2201 online. Kanabinoidy s\u00fa \u0161pi\u010dkov\u00e9 v\u00fdskumn\u00e9 chemik\u00e1lie. MDMB-2201 je mo\u017en\u00e9 zak\u00fapi\u0165 online od renomovan\u00e9ho dod\u00e1vate\u013ea, Coinstar Chemical, za ve\u013ekoobchodn\u00e9 ceny. K\u00fapi\u0165 Pure MMB-2201 Powder online &#8211; <a href=\"https:\/\/drlawsonspharmacy\/contact-us\/\">KONTAKT<\/a><strong>5f MDMB 2201 na predaj MDMB 2201 reddit<\/strong><strong>mmb-fub | mmbfub<\/strong><strong>fub2201 | fub-akb48<\/strong> (tie\u017e zn\u00e1my ako 5F-MMB-PICA, 5F-AMB-PICA a I-AMB) je siln\u00fd syntetick\u00fd kanabinoid na b\u00e1ze indol-3-karboxamidu, ktor\u00fd sa pred\u00e1va ako akt\u00edvna zlo\u017eka v kanabisov\u00fdch zmesiach a pou\u017e\u00edva sa ako dizajn\u00e9rska droga. Syntetick\u00e9. V janu\u00e1ri 2014 sa prv\u00fdkr\u00e1t spom\u00edna v Rusku a Bielorusku; napriek tomu bol nesk\u00f4r predan\u00fd do mno\u017estva \u010fal\u0161\u00edch kraj\u00edn. Syntetick\u00fd kanabinoid z rodiny indazolov s n\u00e1zvom 5F-MDMB-2201 je pozoruhodne porovnate\u013en\u00fd s MMB-2201. Receptory CB1 a CB2 s\u00fa silne ovplyvnen\u00e9 (antagonizovan\u00e9) 5F-MDMB-2201. Mexedron patr\u00ed do chemickej triedy katin\u00f3nov a ako tak\u00fd reaguje. Mexedron m\u00e1 \u201efyzick\u00fd vzh\u013ead\u201c ako biele diamanty, ale m\u00f4\u017eete si ho k\u00fapi\u0165 aj ako pr\u00e1\u0161ok alebo kry\u0161t\u00e1ly podobn\u00e9 syntetick\u00fdm. Mexedrone m\u00e1 maxim\u00e1lny rozsah d\u00e1vkovania 50 mg a\u017e 100 mg a u\u017e\u00edva sa peror\u00e1lne. Bolo pozorovan\u00e9, \u017ee d\u00e1vky mefedr\u00f3nu medzi 100 mg a 150 mg vyvol\u00e1vaj\u00fa podobn\u00e9 \u00fa\u010dinky. \u00da\u010dinky mexedr\u00f3nu m\u00f4\u017eu trva\u0165 4 a\u017e 6 hod\u00edn.             <\/p>\n<h3>K\u00fapte si Pure MMB-2201 pr\u00e1\u0161ok online<\/h3>\n<p> Mexedron je \u201epsychoakt\u00edvna droga\u201c, ktor\u00e1 bola klasifikovan\u00e1 ako entaktog\u00e9n a stimulant. Tie\u017e vyvol\u00e1va vzru\u0161enie. Je mo\u017en\u00e9, ale e\u0161te nie je dok\u00e1zan\u00e9, \u017ee mexedr\u00f3n sp\u00f4sob\u00ed synaptick\u00fa z\u00e1plavu v d\u00f4sledku stimuluj\u00facich \u00fa\u010dinkov udalosti. Dopam\u00edn, norepinefr\u00edn a seroton\u00edn m\u00f4\u017eu by\u0165 pr\u00edtomn\u00e9 v synapsi\u00e1ch, ktor\u00e9 s\u00fa akt\u00edvne po\u010das sk\u00fasenosti s mexedr\u00f3nom.    <\/p>\n<h3><strong>Objednajte si MMB-2201<\/strong><\/h3>\n<p> \u00da\u010dinky mexedr\u00f3nu s\u00fa 70 % \u00fa\u010dinkov p\u00f4vodnej chemickej l\u00e1tky mefedr\u00f3n. \u00da\u010dinky mexedr\u00f3nu s\u00fa fyzick\u00e9ho, du\u0161evn\u00e9ho a sluchov\u00e9ho charakteru a st\u00e1vaj\u00fa sa pravdepodobnej\u0161ie s v\u00e4\u010d\u0161\u00edmi meraniami. Medzi skuto\u010dn\u00e9 ved\u013eaj\u0161ie \u00fa\u010dinky lieku Mexedrone patr\u00ed euf\u00f3ria, sed\u00e1cia, zv\u00fd\u0161en\u00fd pocit tela, sm\u00e4d, zv\u00fd\u0161en\u00e9 potenie, neobmedzovan\u00e9 pocity, \u0161kr\u00edpanie zubov, vibra\u010dn\u00e9 videnie a zhor\u0161en\u00e1 regul\u00e1cia teploty. Mexedron m\u00e1 psychologick\u00fd \u00fa\u010dinok, ako je nad\u0161enie, zr\u00fdchlenie myslenia a vytv\u00e1ranie siet\u00ed. Ved\u013eaj\u0161ie \u00fa\u010dinky mexedr\u00f3nu sa m\u00f4\u017eu prejavi\u0165 aj po\u010dute\u013en\u00fdmi vylep\u0161eniami. Konzum\u00e1cia Mexedrone m\u00f4\u017ee vies\u0165 k \u0161pi\u010dkov\u00fdm \u00fa\u010dinkom po stimul\u00e1cii. \u00da\u010dinky mexedr\u00f3nu po u\u017eit\u00ed m\u00f4\u017eu by\u0165 \u0161kodliv\u00e9, sp\u00f4sobi\u0165 spomalen\u00e9 myslenie a in\u0161pir\u00e1ciu, intelektu\u00e1lne vy\u010derpanie, nepohodlie, vzdorovitos\u0165, \u0165a\u017ek\u00fa \u200b\u200bn\u00e1ladu a pozornos\u0165. N\u00e1sledn\u00e9 \u00fa\u010dinky mexedr\u00f3nu sa s najv\u00e4\u010d\u0161ou pravdepodobnos\u0165ou vyskytuj\u00fa v d\u00f4sledku konzum\u00e1cie synapsi\u00ed, preto\u017ee ponuka synapsi\u00ed bola zn\u00ed\u017een\u00e1 po\u010das excita\u010dnej f\u00e1zy z\u00e1\u017eitku.        &nbsp;<\/p>\n","protected":false},"excerpt":{"rendered":"<p>K\u00fapte si \u010dist\u00fd pr\u00e1\u0161ok MMB-2201 online. Tie\u017e zn\u00e1my ako pr\u00e1\u0161ok I-AMB, 5F-AMB-PICA alebo MMB-2201.  &nbsp;<\/p>\n<p>&nbsp;<\/p>\n","protected":false},"featured_media":18462,"comment_status":"closed","ping_status":"closed","template":"","meta":{"om_disable_all_campaigns":false,"_sitemap_exclude":false,"_sitemap_priority":"","_sitemap_frequency":"","_monsterinsights_skip_tracking":false,"_monsterinsights_sitenote_active":false,"_monsterinsights_sitenote_note":"","_monsterinsights_sitenote_category":0},"product_cat":[26712],"product_tag":[29505,29503,29502,29496,29507,29501,29506,29499,29494,29498,29504,29497,29488,29492,29486,29487,29493,29500,29495,29489,29491,29490],"class_list":{"0":"post-32262","1":"product","2":"type-product","3":"status-publish","4":"has-post-thumbnail","6":"product_cat-vyskum-chemikalii-a-psychedelika","7":"product_tag-autenticky-cisty-prasok-mmb-2201-europe","8":"product_tag-cisty-mmb-2201-prasok-europa-zlava","9":"product_tag-cisty-mmb-2201-prasok-europe-shop","10":"product_tag-cisty-prasok-mmb-2201-doprava-zadarmo-po-europe","11":"product_tag-cisty-prasok-mmb-2201-europe-review","12":"product_tag-cisty-prasok-mmb-2201-europe-sa-zaobera","13":"product_tag-cisty-prasok-mmb-2201-europski-dodavatelia","14":"product_tag-cisty-prasok-mmb-2201-internetovy-obchod-europa","15":"product_tag-cisty-prasok-mmb-2201-najlepsia-cena-v-europe","16":"product_tag-cisty-prasok-mmb-2201-v-europe-predaj","17":"product_tag-dodavka-cisteho-prasku-mmb-2201-v-europe","18":"product_tag-kde-kupit-cisty-prasok-mmb-2201-europe","19":"product_tag-kde-kupit-cisty-prasok-mmb-2201-online","20":"product_tag-kolko-stoji-cisty-prasok-mmb-2201","21":"product_tag-kupte-si-cisty-prasok-mmb-2201","22":"product_tag-kupte-si-cisty-prasok-mmb-2201-online","23":"product_tag-kupte-si-cisty-prasok-mmb-2201-online-europa","24":"product_tag-lacny-cisty-prasok-mmb-2201-europe","25":"product_tag-objednajte-si-cisty-prasok-mmb-2201-eu","26":"product_tag-objednajte-si-cisty-prasok-mmb-2201-online","27":"product_tag-online-predaj-cisteho-prasku-mmb-2201","28":"product_tag-ucinky-cisteho-prasku-mmb-2201-sk","30":"first","31":"instock","32":"shipping-taxable","33":"purchasable","34":"product-type-variable","35":"farmacie-col"},"aioseo_notices":[],"_links":{"self":[{"href":"https:\/\/lacasadelamedicina.es\/sk\/wp-json\/wp\/v2\/product\/32262"}],"collection":[{"href":"https:\/\/lacasadelamedicina.es\/sk\/wp-json\/wp\/v2\/product"}],"about":[{"href":"https:\/\/lacasadelamedicina.es\/sk\/wp-json\/wp\/v2\/types\/product"}],"replies":[{"embeddable":true,"href":"https:\/\/lacasadelamedicina.es\/sk\/wp-json\/wp\/v2\/comments?post=32262"}],"wp:featuredmedia":[{"embeddable":true,"href":"https:\/\/lacasadelamedicina.es\/sk\/wp-json\/wp\/v2\/media\/18462"}],"wp:attachment":[{"href":"https:\/\/lacasadelamedicina.es\/sk\/wp-json\/wp\/v2\/media?parent=32262"}],"wp:term":[{"taxonomy":"product_cat","embeddable":true,"href":"https:\/\/lacasadelamedicina.es\/sk\/wp-json\/wp\/v2\/product_cat?post=32262"},{"taxonomy":"product_tag","embeddable":true,"href":"https:\/\/lacasadelamedicina.es\/sk\/wp-json\/wp\/v2\/product_tag?post=32262"}],"curies":[{"name":"wp","href":"https:\/\/api.w.org\/{rel}","templated":true}]}}