{"id":32228,"date":"2024-08-09T14:01:54","date_gmt":"2024-08-09T14:01:54","guid":{"rendered":"https:\/\/lacasadelamedicina.es\/product\/kupit-alpha-pvp-a-pvp-online-flakka\/"},"modified":"2024-08-09T14:01:54","modified_gmt":"2024-08-09T14:01:54","slug":"kupit-alpha-pvp-a-pvp-online-flakka","status":"publish","type":"product","link":"https:\/\/lacasadelamedicina.es\/sk\/produkt\/kupit-alpha-pvp-a-pvp-online-flakka\/","title":{"rendered":"K\u00fapi\u0165 Alpha-PVP (A-PVP) online &#8211; Flakka"},"content":{"rendered":"<h3>K\u00fapte si Alpha-PVP (A-PVP) online<\/h3>\n<p> Syntetick\u00fd stimulant naz\u00fdvan\u00fd alfa-PVP sa v medic\u00edne pou\u017e\u00edva na lie\u010dbu r\u00f4znych chor\u00f4b. Alfa je prekurzor, ktor\u00fd patr\u00ed do rodiny katin\u00f3nov. P\u00f4vodne bol alfa-PVP vyvinut\u00fd ako dizajnov\u00fd liek. Dnes ho ve\u013ea \u013eud\u00ed pou\u017e\u00edva na r\u00f4zne \u00fa\u010dely, napr\u00edklad na \u00fa\u013eavu od bolesti. Tento umel\u00fd stimulant sa pou\u017e\u00edva na uspokojenie potrieb u\u017e\u00edvate\u013eov drog. Po 40 rokoch a prvom produkte v roku 2000 si z\u00edskal ob\u013eubu. Najd\u00f4le\u017eitej\u0161ie je, \u017ee po\u010das t\u00fdchto rokov ho nevyu\u017e\u00edvala ani mal\u00e1 komunita. Od roku 2000 sa v\u0161ak stala nato\u013eko popul\u00e1rnou, \u017ee ju v s\u00fa\u010dasnosti pou\u017e\u00edva pribli\u017ene 70 % svetovej popul\u00e1cie. K\u00fapi\u0165 Alpha-PVP (A-PVP) online <a href=\"https:\/\/dieapotheke247.com\/\">&#8211; <\/a><a href=\"https:\/\/drlawsonspharmacy\/contact-us\/\">KONTAKT<\/a><strong>D\u00f4vod popularity psychedelickej drogy alfa-PVP <\/strong>        <\/p>\n<p>&nbsp;<\/p>\n<h3><strong>Kde m\u00f4\u017eem z\u00edska\u0165 PVP? Alfa-PVP <\/strong><\/h3>\n<p> Najpopul\u00e1rnej\u0161ou triedou prolie\u010div je \u0161iroko pou\u017e\u00edvan\u00fd alfa-PVP. Jeho obrovsk\u00e1 sila a r\u00fdchle p\u00f4sobenie s\u00fa hlavn\u00fdmi d\u00f4vodmi jeho pr\u00ed\u0165a\u017elivosti. Rovnako ako in\u00e9 stimulanty m\u00e1 priamy vplyv na centr\u00e1lny nervov\u00fd syst\u00e9m. P\u00f4sob\u00ed v\u0161ak ve\u013emi r\u00fdchlo a uvo\u013e\u0148uje niektor\u00e9 horm\u00f3ny, aby vyvolal po\u017eadovan\u00fd \u00fa\u010dinok. V\u010faka sp\u00f4sobu, ak\u00fdm funguje, sa alfa-PVP niekedy ozna\u010duje ako stimulant centr\u00e1lneho nervov\u00e9ho syst\u00e9mu.     <\/p>\n<h3><strong>Psychedelick\u00e9 drogy Alpha PVP medic\u00ednsky pou\u017e\u00edvan\u00e9<\/strong><\/h3>\n<p> \u013dudsk\u00e1 myse\u013e m\u00f4\u017ee lep\u0161ie ovl\u00e1da\u0165 prchav\u00e9 em\u00f3cie, ako je \u0161\u0165astie, sm\u00fatok alebo boles\u0165, pomocou Alpha PVP. T\u00e1to droga umo\u017e\u0148uje mysli predstavi\u0165 si typick\u00fd r\u00e1mec, ktor\u00fd funguje bez preru\u0161enia. T\u00fdmto sp\u00f4sobom Alpha PVP zmier\u0148uje otrasy ak\u00e9hoko\u013evek druhu. T\u00e1to profesion\u00e1lna droga sa pou\u017e\u00edva v kr\u010dm\u00e1ch a tane\u010dn\u00fdch s\u00e1lach. Ale aj to sa pou\u017e\u00edva len pri vybran\u00fdch terapi\u00e1ch na pr\u00edkaz lek\u00e1ra. Lek\u00e1ri lie\u010dia \u013eud\u00ed liekmi obsahuj\u00facimi Alpha PVP. Hlavn\u00fdm \u00fa\u010delom je lie\u010di\u0165 \u00fazkos\u0165 a sm\u00fatok. Toto s\u00fa niektor\u00e9 zo z\u00e1kladn\u00fdch funkci\u00ed, ktor\u00e9 prispievaj\u00fa k rast\u00facej popularite Alpha PVP. V oboch oblastiach \u017eivota z\u00edskava na sile.         <\/p>\n<h3>\u00fadaje <b>Ako k\u00fapi\u0165 a-PVP <\/b><b> bezpe\u010dne \u2013 popis<\/b><\/h3>\n<p>\u00fadaje <strong>\u00dapln\u00fd chemick\u00fd n\u00e1zov:<\/strong> alfa-pyrolidinopentiofen\u00f3n <strong>Systematick\u00fd n\u00e1zov IUPAC<\/strong> 1-fenyl-2-(1-pyrolidinyl)-1-pentan\u00f3n <strong>\u010c\u00edslo CAS<\/strong><strong>14530-33-7<\/strong><strong>\u010c\u00edslo ChemSpider<\/strong><strong>9324063<\/strong><strong>Molekul\u00e1rny vzorec<\/strong><strong>C15H21NO<\/strong><strong>Molekul\u00e1rna hmotnos\u0165<\/strong><strong>231,333 g\/mol<\/strong> Alfa-pyrolidinovalerofen\u00f3n, tie\u017e zn\u00e1my ako a-PVP, alfa-PVP, O-2387 alebo a-ket\u00f3nprolint\u00e1n, je vyvinut\u00fd stimulant v 60. rokoch 20. storo\u010dia a s\u00favis\u00ed s pyrovaler\u00f3nom. M\u00f4\u017eete si k\u00fapi\u0165 autentick\u00e9 a-PVP online. V na\u0161om internetovom obchode obchodujeme Alpha-PVP vo ve\u013ek\u00fdch mno\u017estv\u00e1ch. Produkty, ktor\u00e9 si vyberiete, s\u00fa dostupn\u00e9 za mimoriadne prijate\u013en\u00e9 ceny. Tovar navy\u0161e dostanete r\u00fdchlo v\u010faka na\u0161ej online prepravnej slu\u017ebe.       <\/p>\n<h3>K\u00fapte si Alpha-PVP (A-PVP) online<\/h3>\n<p>&nbsp;<\/p>\n","protected":false},"excerpt":{"rendered":"<p><strong>PVP je \u010do?<\/strong> Stimula\u010dn\u00fd liek A-PVP, -pyrolidinopentiofen\u00f3n (alfa-pyrolidinovalerofen\u00f3n, -PVP, alfa-PVP, O-2387, -ket\u00f3nprolint\u00e1n) bol vyvinut\u00fd v 60. rokoch minul\u00e9ho storo\u010dia a s\u00favis\u00ed s pyrovaler\u00f3nom. &nbsp;<\/p>\n","protected":false},"featured_media":18012,"comment_status":"closed","ping_status":"closed","template":"","meta":{"om_disable_all_campaigns":false,"_sitemap_exclude":false,"_sitemap_priority":"","_sitemap_frequency":"","_monsterinsights_skip_tracking":false,"_monsterinsights_sitenote_active":false,"_monsterinsights_sitenote_note":"","_monsterinsights_sitenote_category":0},"product_cat":[26712],"product_tag":[29381,29379,29371,29374,29369,29377,29366,29376,29373,29382,29378,29380,29372,29363,29367,29361,29362,29368,29375,29364,29370,29365],"class_list":{"0":"post-32228","1":"product","2":"type-product","3":"status-publish","4":"has-post-thumbnail","6":"product_cat-vyskum-chemikalii-a-psychedelika","7":"product_tag-alpha-pvp-a-pvp-dodavatelia-flakka-europe","8":"product_tag-alpha-pvp-a-pvp-dodavka-flakka-europe","9":"product_tag-alpha-pvp-a-pvp-flakka-doprava-zadarmo-v-europe","10":"product_tag-alpha-pvp-a-pvp-flakka-internetovy-obchod-europa","11":"product_tag-alpha-pvp-a-pvp-flakka-najlepsia-cena-v-europe","12":"product_tag-alpha-pvp-a-pvp-obchod-flakka-europe-sk","13":"product_tag-alpha-pvp-a-pvp-online-predaj-flakka","14":"product_tag-alpha-pvp-a-pvp-ponuky-flakka-europe","15":"product_tag-alpha-pvp-a-pvp-predaj-flakka-europe","16":"product_tag-alpha-pvp-a-pvp-recenzia-flakka-europe","17":"product_tag-alpha-pvp-a-pvp-zlava-flakka-europe","18":"product_tag-autenticky-alpha-pvp-a-pvp-flakka-europe","19":"product_tag-kde-kupit-alpha-pvp-a-pvp-flakka-europe","20":"product_tag-kde-kupit-alpha-pvp-a-pvp-flakka-online","21":"product_tag-kolko-je-alpha-pvp-a-pvp-flakka","22":"product_tag-kupit-alpha-pvp-a-pvp-flakka","23":"product_tag-kupte-si-alpha-pvp-a-pvp-flakka-online","24":"product_tag-kupte-si-alpha-pvp-a-pvp-flakka-online-europa","25":"product_tag-lacne-alpha-pvp-a-pvp-flakka-europe","26":"product_tag-objednajte-si-alpha-pvp-a-pvp-flakka-online","27":"product_tag-objednavka-alpha-pvp-a-pvp-flakka-eu-sk","28":"product_tag-ucinky-alpha-pvp-a-pvp-flakka-sk","30":"first","31":"instock","32":"shipping-taxable","33":"purchasable","34":"product-type-variable","35":"farmacie-col"},"aioseo_notices":[],"_links":{"self":[{"href":"https:\/\/lacasadelamedicina.es\/sk\/wp-json\/wp\/v2\/product\/32228"}],"collection":[{"href":"https:\/\/lacasadelamedicina.es\/sk\/wp-json\/wp\/v2\/product"}],"about":[{"href":"https:\/\/lacasadelamedicina.es\/sk\/wp-json\/wp\/v2\/types\/product"}],"replies":[{"embeddable":true,"href":"https:\/\/lacasadelamedicina.es\/sk\/wp-json\/wp\/v2\/comments?post=32228"}],"wp:featuredmedia":[{"embeddable":true,"href":"https:\/\/lacasadelamedicina.es\/sk\/wp-json\/wp\/v2\/media\/18012"}],"wp:attachment":[{"href":"https:\/\/lacasadelamedicina.es\/sk\/wp-json\/wp\/v2\/media?parent=32228"}],"wp:term":[{"taxonomy":"product_cat","embeddable":true,"href":"https:\/\/lacasadelamedicina.es\/sk\/wp-json\/wp\/v2\/product_cat?post=32228"},{"taxonomy":"product_tag","embeddable":true,"href":"https:\/\/lacasadelamedicina.es\/sk\/wp-json\/wp\/v2\/product_tag?post=32228"}],"curies":[{"name":"wp","href":"https:\/\/api.w.org\/{rel}","templated":true}]}}