{"id":32193,"date":"2024-08-09T14:01:54","date_gmt":"2024-08-09T14:01:54","guid":{"rendered":"https:\/\/lacasadelamedicina.es\/product\/kupte-si-chemicky-prasok-jwh-210-online\/"},"modified":"2024-08-09T14:01:54","modified_gmt":"2024-08-09T14:01:54","slug":"kupte-si-chemicky-prasok-jwh-210-online","status":"publish","type":"product","link":"https:\/\/lacasadelamedicina.es\/sk\/produkt\/kupte-si-chemicky-prasok-jwh-210-online\/","title":{"rendered":"K\u00fapte si chemick\u00fd pr\u00e1\u0161ok JWH-210 online"},"content":{"rendered":"<h1 class=\"product_title enter-title\">K\u00fapte si chemick\u00fd pr\u00e1\u0161ok JWH-210 online<\/h1>\n<p> K\u00fapi\u0165 chemick\u00fd pr\u00e1\u0161ok JWH-210 online \u2013 k\u00fapi\u0165 chemick\u00fd pr\u00e1\u0161ok JWH-210 online. JWH-210 (4-etylnaftal\u00e9n-1-yl-(1-pentylindol-3-yl)metan\u00f3n), tie\u017e zn\u00e1my ako. je siln\u00fd kanabinoid. K\u00fapte si chemick\u00fd pr\u00e1\u0161ok JWH-210 online &#8211; <a href=\"https:\/\/drlawsonspharmacy\/contact-us\/\">KONTAKT<\/a> JWH-210 je mo\u017en\u00e9 zak\u00fapi\u0165 online. Ako \u010dlen rodiny naftoylindolov je JWH-210 siln\u00fdm kanabinoidn\u00fdm agonistom na receptoroch CB1 a CB2 s hodnotami Ki 0,46 nM pre CB1 a 0,69 nM pre CB2. Pou\u017e\u00edva sa na lie\u010dbu bolesti. So silnej\u0161ou v\u00e4zbovou afinitou (t. j. ni\u017e\u0161ou Ki) k CB1 ako jeho 4-metyl a 4-n-propyl homol\u00f3gy JWH-122 (CB1 Ki 0,69 nM), je to jeden z najsilnej\u0161\u00edch 4-substituovan\u00fdch naftylov\u00fdch deriv\u00e1tov v naftoylindolovej s\u00e9rii. . a JWH-182 (CB1 Ki 0,65 nM) alebo JWH-081 (CB1 Ki 1,2 nM), 4-metoxy molekula [2] John W. Huffman in\u0161piroval objav a pomenovanie.        <\/p>\n<h3>K\u00fapte si chemick\u00fd pr\u00e1\u0161ok JWH-210 online<\/h3>\n<p> Ste oddan\u00fd vedec, ktor\u00fd sa chce ponori\u0165 do komplexnej oblasti syntetick\u00fdch kanabinoidov? Potom neh\u013eadajte ni\u010d in\u00e9 ako JWH-210 Chemical Powder, \u0161pi\u010dkov\u00fd produkt navrhnut\u00fd na podporu prelomov\u00e9ho farmakologick\u00e9ho v\u00fdskumu. Chemick\u00fd pr\u00e1\u0161ok JWH-210 je ide\u00e1lnym n\u00e1strojom na maximaliz\u00e1ciu potenci\u00e1lu v\u00e1\u0161ho v\u00fdskumu v\u010faka svojej vysokej kvalite a \u0161peci\u00e1lnym vlastnostiam. JWH-210 Chemical Powder je starostlivo vyr\u00e1ban\u00fd s pou\u017eit\u00edm najmodernej\u0161\u00edch met\u00f3d, aby sa zabezpe\u010dil \u010dist\u00fd a spo\u013eahliv\u00fd produkt pri ka\u017edej objedn\u00e1vke. T\u00e1to l\u00e1tka vykazuje v\u00fdnimo\u010dn\u00fa afinitu a selektivitu ako siln\u00fd agonista kanabinoidn\u00fdch receptorov, \u010do umo\u017e\u0148uje v\u00fdskumn\u00edkom z\u00edska\u0165 komplexn\u00e9 pochopenie komplexn\u00fdch mechanizmov, ktor\u00e9 funguj\u00fa v endokanabinoidnom syst\u00e9me.     <\/p>\n<h3><strong>Objednajte si chemick\u00fd pr\u00e1\u0161ok JWH-210<\/strong><\/h3>\n<p> Pozoruhodn\u00e1 stabilita chemick\u00e9ho pr\u00e1\u0161ku JWH-210, ktor\u00e1 umo\u017e\u0148uje presn\u00e9 v\u00fdpo\u010dty d\u00e1vkovania a rozsiahle experimentovanie, je jednou z jeho hlavn\u00fdch v\u00fdhod. Jeho stabilita a rozpustnos\u0165 v rade be\u017en\u00fdch rozp\u00fa\u0161\u0165adiel z neho rob\u00ed ide\u00e1lneho kandid\u00e1ta pre \u0161irok\u00fa \u0161k\u00e1lu laborat\u00f3rnych aplik\u00e1ci\u00ed. V\u010faka chemick\u00e9mu pr\u00e1\u0161ku JWH-210 m\u00f4\u017eu v\u00fdskumn\u00edci vo\u013ene sk\u00fama\u0165 r\u00f4zne fascinuj\u00face v\u00fdskumn\u00e9 t\u00e9my, ako s\u00fa neurofarmakol\u00f3gia, lie\u010dba bolesti a \u0161t\u00fadie z\u00e1vislosti. Adaptabilita tejto l\u00e1tky otv\u00e1ra nov\u00e9 mo\u017enosti pre prevratn\u00e9 objavy, ktor\u00e9 by mohli ovplyvni\u0165 v\u00fdvoj liekov a medic\u00ednskeho v\u00fdskumu v bud\u00facnosti.    &nbsp;<\/p>\n","protected":false},"excerpt":{"rendered":"<p>K\u00fapte si chemick\u00fd pr\u00e1\u0161ok JWH-210 online. Chemick\u00fd pr\u00e1\u0161ok JWH-210 patr\u00ed do rodiny naftoylindolov a pou\u017e\u00edva sa ako analgetikum.  &nbsp;<\/p>\n","protected":false},"featured_media":18537,"comment_status":"closed","ping_status":"closed","template":"","meta":{"om_disable_all_campaigns":false,"_sitemap_exclude":false,"_sitemap_priority":"","_sitemap_frequency":"","_monsterinsights_skip_tracking":false,"_monsterinsights_sitenote_active":false,"_monsterinsights_sitenote_note":"","_monsterinsights_sitenote_category":0},"product_cat":[26712],"product_tag":[29248,29247,29239,29249,29250,29244,29242,29237,29232,29240,29235,29229,29230,29236,29243,29245,29238,29231,29234,29241,29233,29246],"class_list":{"0":"post-32193","1":"product","2":"type-product","3":"status-publish","4":"has-post-thumbnail","6":"product_cat-vyskum-chemikalii-a-psychedelika","7":"product_tag-autenticky-chemicky-prasok-jwh-210-europe","8":"product_tag-dodavka-jwh-210-chemical-powder-europe-sk","9":"product_tag-jwh-210-chemical-powder-doprava-zdarma-po-europe","10":"product_tag-jwh-210-chemical-powder-europe-dodavatelia","11":"product_tag-jwh-210-chemical-powder-europe-recenzia","12":"product_tag-jwh-210-chemical-powder-europe-sa-zaobera","13":"product_tag-jwh-210-chemical-powder-internetovy-obchod-europa","14":"product_tag-jwh-210-chemical-powder-najlepsia-cena-v-europe","15":"product_tag-kde-kupit-chemicky-prasok-jwh-210-online","16":"product_tag-kde-kupit-jwh-210-chemical-powder-europe","17":"product_tag-kolko-stoji-chemicky-prasok-jwh-210","18":"product_tag-kupit-chemicky-prasok-jwh-210","19":"product_tag-kupit-chemicky-prasok-jwh-210-online","20":"product_tag-kupte-si-chemicky-prasok-jwh-210-online-europa","21":"product_tag-lacny-chemicky-prasok-jwh-210-europe","22":"product_tag-obchod-jwh-210-chemical-powder-europe-sk","23":"product_tag-objednajte-si-chemicky-prasok-jwh-210-eu","24":"product_tag-objednajte-si-chemicky-prasok-jwh-210-online","25":"product_tag-online-predaj-chemickeho-prasku-jwh-210","26":"product_tag-predaj-jwh-210-chemical-powder-europe","27":"product_tag-ucinky-chemickeho-prasku-jwh-210-sk","28":"product_tag-zlava-jwh-210-chemical-powder-europe","30":"first","31":"instock","32":"shipping-taxable","33":"purchasable","34":"product-type-variable","35":"farmacie-col"},"aioseo_notices":[],"_links":{"self":[{"href":"https:\/\/lacasadelamedicina.es\/sk\/wp-json\/wp\/v2\/product\/32193"}],"collection":[{"href":"https:\/\/lacasadelamedicina.es\/sk\/wp-json\/wp\/v2\/product"}],"about":[{"href":"https:\/\/lacasadelamedicina.es\/sk\/wp-json\/wp\/v2\/types\/product"}],"replies":[{"embeddable":true,"href":"https:\/\/lacasadelamedicina.es\/sk\/wp-json\/wp\/v2\/comments?post=32193"}],"wp:featuredmedia":[{"embeddable":true,"href":"https:\/\/lacasadelamedicina.es\/sk\/wp-json\/wp\/v2\/media\/18537"}],"wp:attachment":[{"href":"https:\/\/lacasadelamedicina.es\/sk\/wp-json\/wp\/v2\/media?parent=32193"}],"wp:term":[{"taxonomy":"product_cat","embeddable":true,"href":"https:\/\/lacasadelamedicina.es\/sk\/wp-json\/wp\/v2\/product_cat?post=32193"},{"taxonomy":"product_tag","embeddable":true,"href":"https:\/\/lacasadelamedicina.es\/sk\/wp-json\/wp\/v2\/product_tag?post=32193"}],"curies":[{"name":"wp","href":"https:\/\/api.w.org\/{rel}","templated":true}]}}