{"id":32175,"date":"2024-08-09T14:01:54","date_gmt":"2024-08-09T14:01:54","guid":{"rendered":"https:\/\/lacasadelamedicina.es\/product\/kupte-si-nestrihany-heroin-online\/"},"modified":"2024-08-09T14:01:54","modified_gmt":"2024-08-09T14:01:54","slug":"kupte-si-nestrihany-heroin-online","status":"publish","type":"product","link":"https:\/\/lacasadelamedicina.es\/sk\/produkt\/kupte-si-nestrihany-heroin-online\/","title":{"rendered":"K\u00fapte si nestrihan\u00fd hero\u00edn online"},"content":{"rendered":"<h1>K\u00fapte si nezostrihan\u00fd hero\u00edn online<\/h1>\n<p> K\u00fapi\u0165 nezostrihan\u00fd hero\u00edn online \u2013 Nestrihan\u00fd hero\u00edn je mo\u017en\u00e9 zak\u00fapi\u0165 online od ur\u010dit\u00fdch predajcov, hoci to so sebou nesie svoje rizik\u00e1. Tak\u017ee ak ste prem\u00fd\u0161\u013eali, kde n\u00e1js\u0165 prav\u00fd, bezpe\u010dn\u00fd, nestrihan\u00fd hero\u00edn online, lek\u00e1re\u0148 Dr. Lawsons je to prav\u00e9 miesto, kam \u00eds\u0165. K\u00fapi\u0165 nezostrihan\u00fd hero\u00edn online \u2013   <a href=\"https:\/\/drlawsonspharmacy\/contact-us\/\">KONTAKT<\/a><\/p>\n<h3>Ako sa vyr\u00e1ba nerezan\u00fd hero\u00edn?<\/h3>\n<p> Nerezan\u00fd hero\u00edn sa vyr\u00e1ba zo su\u0161en\u00fdch strukov \u00f3piov\u00e9ho maku. Zhroma\u017e\u010fuje sa a men\u00ed na pr\u00e1\u0161kov\u00fd, biely materi\u00e1l. Obsahuje vysok\u00e9 koncentr\u00e1cie morf\u00ednu, <a href=\"https:\/\/dieapotheke247.com\/\">c<\/a>ode\u00edn a \u010fal\u0161ie l\u00e1tky vr\u00e1tane siln\u00fdch opioidov. Kone\u010dn\u00fdm v\u00fdsledkom je nerafinovan\u00e1 odroda \u00f3pia bez \u010fal\u0161\u00edch chemik\u00e1li\u00ed a spracovate\u013esk\u00fdch \u010dinidiel. V z\u00e1vislosti od mno\u017estva vlhkosti a pr\u00edtomn\u00fdch alkaloidov sa men\u00ed sila lie\u010diva.     <\/p>\n<h3>V\u00fdhody nezostrihan\u00e9ho hero\u00ednu<\/h3>\n<p> Nestrihan\u00fd hero\u00edn by mal by\u0165 va\u0161ou vo\u013ebou, ak h\u013ead\u00e1te po\u017eitok, ktor\u00fd je lep\u0161\u00ed ako ostatn\u00e9. Nestrihan\u00fd hero\u00edn je \u00fa\u010dinnej\u0161\u00ed a \u010distej\u0161\u00ed ako in\u00e9 formy hero\u00ednu a pon\u00faka lep\u0161ie kr\u00e1tkodob\u00e9 a dlhodob\u00e9 \u00fa\u010dinky. Navy\u0161e m\u00f4\u017ee by\u0165 prisp\u00f4soben\u00fd potreb\u00e1m u\u017e\u00edvate\u013ea, v\u00fdsledkom \u010doho s\u00fa koktaily, ktor\u00e9 u\u017e\u00edvate\u013eovi poskytuj\u00fa v\u00e4\u010d\u0161iu kontrolu nad d\u00e1vkovan\u00edm a kvalitou lieku. Bezpe\u010dnej\u0161ia je aj konzum\u00e1cia nerezan\u00e9ho hero\u00ednu zak\u00fapen\u00e9ho online pod doh\u013eadom. V\u010faka vy\u0161\u0161ej sile je men\u0161ie riziko pred\u00e1vkovania. Nestrihan\u00fd hero\u00edn m\u00e1 v porovnan\u00ed s in\u00fdmi druhmi hero\u00ednu menej negat\u00edvnych \u00fa\u010dinkov a ni\u017e\u0161ie riziko z\u00e1vislosti. V skuto\u010dnosti z\u00e1kazn\u00edci tvrdili, \u017ee lek\u00e1re\u0148 Dr. Lawsona u\u013eah\u010duje online n\u00e1kup \u010dist\u00e9ho, siln\u00e9ho, \u200b\u200bnerezan\u00e9ho hero\u00ednu.       <\/p>\n<h3>Ved\u013eaj\u0161ie \u00fa\u010dinky nerezan\u00e9ho hero\u00ednu<\/h3>\n<p> Zv\u00fd\u0161en\u00e9 riziko z\u00e1vislosti a pred\u00e1vkovania, ako aj vy\u0161\u0161\u00ed v\u00fdskyt HIV a in\u00fdch infekci\u00ed, to v\u0161etko s\u00fa zdravotn\u00e9 rizik\u00e1 spojen\u00e9 s u\u017e\u00edvan\u00edm nerezan\u00e9ho hero\u00ednu. Okrem toho m\u00f4\u017ee nerezan\u00fd hero\u00edn sp\u00f4sobi\u0165 fyzick\u00e9 ved\u013eaj\u0161ie \u00fa\u010dinky, vr\u00e1tane nevo\u013enosti, vracania, zr\u00fdchlen\u00e9ho srdcov\u00e9ho tepu a vy\u0161\u0161ieho rizika pred\u00e1vkovania. Za ur\u010dit\u00fdch okolnost\u00ed m\u00f4\u017ee vies\u0165 a\u017e k smrti.   <\/p>\n<h3>Kde k\u00fapi\u0165 nezostrihan\u00fd hero\u00edn online?<\/h3>\n<p> Pri h\u013eadan\u00ed hromadn\u00e9ho nerezan\u00e9ho hero\u00ednu online h\u013eadajte dod\u00e1vate\u013eov, ako je Dr. Lawsons Pharmacy, ktor\u00fdch produkty boli z in\u00fdch zdrojov hodnoten\u00e9 ako vysoko kvalitn\u00e9. Pri porovn\u00e1van\u00ed cien nerezan\u00e9ho hero\u00ednu online majte na pam\u00e4ti, \u017ee n\u00e1klady sa m\u00f4\u017eu zna\u010dne l\u00ed\u0161i\u0165 v z\u00e1vislosti od lokality (napr. mest\u00e1, kde je cena hero\u00ednu na uliciach zvy\u010dajne vy\u0161\u0161ia), dennej doby (obrady eutan\u00e1zie \u010dasto ved\u00fa k vy\u0161\u0161\u00edm cen\u00e1m), sp\u00f4sobu platby ( kreditn\u00e9 karty maj\u00fa tendenciu \u00fa\u010dtova\u0165 vy\u0161\u0161ie poplatky ako PayPal) at\u010f. Ke\u010f\u017ee to, \u010do kupujete, bude pravdepodobne zmie\u0161an\u00e9 s in\u00fdmi l\u00e1tkami bez oh\u013eadu na zdroj, je d\u00f4le\u017eit\u00e9, aby ste sa pr\u00edli\u0161 nezaoberali podrobnos\u0165ami o cen\u00e1ch. Namiesto toho sa zamerajte na zachovanie \u010distoty a \u010derstvosti po\u010das cel\u00e9ho procesu prepravy a n\u00e1kupu, nielen vo f\u00e1ze kone\u010dn\u00e9ho produktu.    <\/p>\n<h3>K\u00fapte si nestrihan\u00fd hero\u00edn online v lek\u00e1rni Dr. Lawsons<\/h3>\n<p> Je d\u00f4le\u017eit\u00e9 ma\u0165 na pam\u00e4ti, \u017ee nespr\u00e1vne alebo nezodpovedn\u00e9 u\u017e\u00edvanie nerozrezan\u00e9ho hero\u00ednu m\u00f4\u017ee ma\u0165 v\u00e1\u017ene n\u00e1sledky. S oh\u013eadom na to mus\u00edte nerezan\u00fd hero\u00edn nakupova\u0165 online iba v renomovan\u00fdch lek\u00e1r\u0148ach, ako je Dr. Lawsons Pharmacy. Za najlep\u0161iu cenu pon\u00fakame len ve\u013ekoobchodn\u00fd predaj prav\u00e9ho, nerezan\u00e9ho hero\u00ednu.   &nbsp;<\/p>\n","protected":false},"excerpt":{"rendered":"<p>K\u00fapte si nezostrihan\u00fd hero\u00edn online K\u00fapi\u0165 nezostrihan\u00fd hero\u00edn online \u2013 Nestrihan\u00fd hero\u00edn je mo\u017en\u00e9 zak\u00fapi\u0165 online od ur\u010dit\u00fdch predajcov, hoci to so sebou nesie svoje rizik\u00e1. Tak\u017ee ak ste prem\u00fd\u0161\u013eali, kde n\u00e1js\u0165 prav\u00fd, bezpe\u010dn\u00fd, nestrihan\u00fd hero\u00edn online, lek\u00e1re\u0148 Dr. Lawsons je to prav\u00e9 miesto, kam \u00eds\u0165. K\u00fapi\u0165 nezostrihan\u00fd hero\u00edn online \u2013 KONTAKT Ako sa vyr\u00e1ba [&hellip;]<\/p>\n","protected":false},"featured_media":17982,"comment_status":"closed","ping_status":"closed","template":"","meta":{"om_disable_all_campaigns":false,"_sitemap_exclude":false,"_sitemap_priority":"","_sitemap_frequency":"","_monsterinsights_skip_tracking":false,"_monsterinsights_sitenote_active":false,"_monsterinsights_sitenote_note":"","_monsterinsights_sitenote_category":0},"product_cat":[29118],"product_tag":[29204,29195,29203,29188,29196,29191,29185,29192,29187,29199,29201,29190,29202,29200,29193,29198,29205,29194,29186,29197,29206,29189],"class_list":{"0":"post-32175","1":"product","2":"type-product","3":"status-publish","4":"has-post-thumbnail","6":"product_cat-heroin-sk","7":"product_tag-autenticky-nerozrezany-heroin-v-europe","8":"product_tag-bezplatnu-dopravu-heroinu-v-europe","9":"product_tag-dodavka-nezostrihaneho-heroinu-do-europy","10":"product_tag-kde-kupit-nezostrihany-heroin-online","11":"product_tag-kde-kupit-nezostrihany-heroin-v-europe","12":"product_tag-kolko-je-nezostrihany-heroin","13":"product_tag-kupit-nerezany-heroin","14":"product_tag-kupte-si-nerozrezany-heroin-online-v-europe","15":"product_tag-kupte-si-nestrihany-heroin-online","16":"product_tag-lacny-nezostrihany-heroin-v-europe","17":"product_tag-neorezany-obchod-s-heroinom-v-europe","18":"product_tag-neosekany-predaj-heroinu-online","19":"product_tag-nezostrihana-zlava-na-heroin-v-europe","20":"product_tag-nezostrihane-ponuky-heroinu-v-europe","21":"product_tag-nezostrihany-heroin-za-najlepsiu-cenu-v-europe","22":"product_tag-nezostrihany-online-obchod-s-heroinom-v-europe","23":"product_tag-nezostrihanych-dodavatelov-heroinu-v-europe","24":"product_tag-objednajte-si-nerezany-heroin-eu","25":"product_tag-objednat-nerezany-heroin-online","26":"product_tag-predaj-nezostrihaneho-heroinu-v-europe","27":"product_tag-prehlad-o-nezostrihanom-heroine-v-europe","28":"product_tag-ucinky-nerezaneho-heroinu-sk","30":"first","31":"instock","32":"shipping-taxable","33":"purchasable","34":"product-type-variable","35":"farmacie-col"},"aioseo_notices":[],"_links":{"self":[{"href":"https:\/\/lacasadelamedicina.es\/sk\/wp-json\/wp\/v2\/product\/32175"}],"collection":[{"href":"https:\/\/lacasadelamedicina.es\/sk\/wp-json\/wp\/v2\/product"}],"about":[{"href":"https:\/\/lacasadelamedicina.es\/sk\/wp-json\/wp\/v2\/types\/product"}],"replies":[{"embeddable":true,"href":"https:\/\/lacasadelamedicina.es\/sk\/wp-json\/wp\/v2\/comments?post=32175"}],"wp:featuredmedia":[{"embeddable":true,"href":"https:\/\/lacasadelamedicina.es\/sk\/wp-json\/wp\/v2\/media\/17982"}],"wp:attachment":[{"href":"https:\/\/lacasadelamedicina.es\/sk\/wp-json\/wp\/v2\/media?parent=32175"}],"wp:term":[{"taxonomy":"product_cat","embeddable":true,"href":"https:\/\/lacasadelamedicina.es\/sk\/wp-json\/wp\/v2\/product_cat?post=32175"},{"taxonomy":"product_tag","embeddable":true,"href":"https:\/\/lacasadelamedicina.es\/sk\/wp-json\/wp\/v2\/product_tag?post=32175"}],"curies":[{"name":"wp","href":"https:\/\/api.w.org\/{rel}","templated":true}]}}