{"id":32160,"date":"2024-08-09T14:01:54","date_gmt":"2024-08-09T14:01:54","guid":{"rendered":"https:\/\/lacasadelamedicina.es\/product\/kupte-si-cinsky-biely-heroin-online\/"},"modified":"2024-09-15T21:03:28","modified_gmt":"2024-09-15T21:03:28","slug":"kupte-si-cinsky-biely-heroin-online","status":"publish","type":"product","link":"https:\/\/lacasadelamedicina.es\/sk\/produkt\/kupte-si-cinsky-biely-heroin-online\/","title":{"rendered":"K\u00fapte si \u010d\u00ednsky biely hero\u00edn online"},"content":{"rendered":"<h1>K\u00fapte si \u010d\u00ednsky biely hero\u00edn online<\/h1>\n<p> V Amerike a \u010fal\u0161\u00edch krajin\u00e1ch sp\u00f4sobuje pand\u00e9mia opi\u00e1tov zm\u00e4tok. V reakcii na to mnoh\u00ed \u013eudia h\u013eadaj\u00fa alternat\u00edvy k jednaniu s pochybn\u00fdmi pouli\u010dn\u00fdmi d\u00edlermi, aby z\u00edskali siln\u00fd, \u010dist\u00fd hero\u00edn. Na\u0161\u0165astie biely hero\u00edn z \u010c\u00edny je fantastick\u00e1 n\u00e1hrada, ktor\u00e1 je \u013eahko dostupn\u00e1. Tak\u017ee ak m\u00e1te v \u00famysle k\u00fapi\u0165 biely hero\u00edn z \u010c\u00edny online, urobte to priamo v lek\u00e1rni Dr. Lawsons. K\u00fapi\u0165 \u010d\u00ednsky biely hero\u00edn online &#8211;     <a href=\"https:\/\/drlawsonspharmacy\/contact-us\/\">kontakt<\/a><\/p>\n<h3>Ako sa vyr\u00e1ba \u010d\u00ednsky biely hero\u00edn?<\/h3>\n<p> Vo v\u0161eobecnosti je biely hero\u00edn z \u010c\u00edny menej \u00fa\u010dinn\u00fd ako in\u00e9 druhy hero\u00ednu a d\u00e1 sa k\u00fapi\u0165 za menej pe\u0148az\u00ed. China White Heroin sa vyr\u00e1ba pomocou viacstup\u0148ov\u00e9ho, komplikovan\u00e9ho procesu. Surovina poch\u00e1dza najsk\u00f4r z Afganistanu alebo Pakistanu, \u010do je v\u00e4\u010d\u0161inou \u00f3pium. \u00d3pium sa potom premen\u00ed na morf\u00edn pomocou procesov studen\u00e9ho alebo v\u00e1kuov\u00e9ho pe\u010denia. Ke\u010f\u017ee morf\u00edn je \u0165a\u017ek\u00e9 odhali\u0165 a pou\u017ei\u0165 pomocou tejto met\u00f3dy, drogov\u00ed d\u00edleri ho sk\u00f4r bud\u00fa chcie\u0165 preda\u0165. Ak si chcete k\u00fapi\u0165 \u010d\u00ednsky biely hero\u00edn od Dr. Lawsons Pharmacy, m\u00f4\u017eete si prezrie\u0165 r\u00f4zne druhy \u010d\u00ednskeho bieleho hero\u00ednu pon\u00fakan\u00e9 na webovej str\u00e1nke a vybra\u0165 si d\u00e1vku, ktor\u00fa chcete k\u00fapi\u0165. Ak chcete vedie\u0165, ak\u00e9 bezpe\u010dnostn\u00e9 opatrenia je potrebn\u00e9 prija\u0165 pri pou\u017e\u00edvan\u00ed tohto lieku, pred n\u00e1kupom si pre\u010d\u00edtajte bezpe\u010dnostn\u00e9 inform\u00e1cie.       <\/p>\n<h3>V\u00fdhody \u010d\u00ednskeho bieleho hero\u00ednu<\/h3>\n<p> Dostupn\u00e9 exkluz\u00edvne online v lek\u00e1rni Dr Lawsons, \u010c\u00edna. Biely hero\u00edn je vysoko kvalitn\u00fd, siln\u00fd typ drogy. \u010c\u00ednsky biely hero\u00edn je \u010dist\u00fd a konzistentn\u00fd od n\u00e1kupu k n\u00e1kupu, na rozdiel od in\u00fdch typov hero\u00ednu, ktor\u00e9 mo\u017eno mie\u0161a\u0165 s in\u00fdmi l\u00e1tkami na zlep\u0161enie potencie a vytvorenie nov\u00fdch typov narkot\u00edk. To znamen\u00e1, \u017ee pri jeho u\u017e\u00edvan\u00ed budete v\u017edy c\u00edti\u0165 rovnako siln\u00e9 v\u00fdhody, bez oh\u013eadu na to, \u010do e\u0161te m\u00e1te vo svojom syst\u00e9me. Pre \u013eud\u00ed, ktor\u00ed h\u013eadaj\u00fa siln\u00fa d\u00e1vku bez ne\u017eiaducich ved\u013eaj\u0161\u00edch \u00fa\u010dinkov alebo riz\u00edk spojen\u00fdch s in\u00fdmi opioidmi, ako je fentanyl alebo l\u00e1tky na b\u00e1ze morf\u00ednu, je \u010d\u00ednsky biely hero\u00edn fantastickou vo\u013ebou. Ne\u010dakajte viac; \u010c\u00ednsky biely hero\u00edn je dostupn\u00fd v lek\u00e1rni Dr. Lawsons a je \u013eahk\u00e9 ho n\u00e1js\u0165.      <\/p>\n<h3>Ved\u013eaj\u0161ie \u00fa\u010dinky \u010d\u00ednskeho bieleho hero\u00ednu<\/h3>\n<p> Pred konzum\u00e1ciou \u010d\u00ednskeho bieleho hero\u00ednu by ste si mali uvedomi\u0165 rizik\u00e1, ktor\u00e9 s t\u00fdm s\u00favisia, preto\u017ee droga m\u00f4\u017ee sp\u00f4sobi\u0165 v\u00e1\u017ene negat\u00edvne \u00fa\u010dinky. Nevo\u013enos\u0165, z\u00e1vraty, bolesti hlavy, dezorient\u00e1cia, podr\u00e1\u017edenos\u0165 a \u00fazkos\u0165 s\u00fa be\u017en\u00e9 ved\u013eaj\u0161ie \u00fa\u010dinky. China White hero\u00edn m\u00f4\u017ee by\u0165 vysoko n\u00e1vykov\u00fd a sp\u00f4sobi\u0165 \u010fal\u0161ie negat\u00edvne \u00fa\u010dinky, ak sa konzumuje nadmerne a dlhodobo.   <\/p>\n<h3>Kde k\u00fapi\u0165 \u010d\u00ednsky biely hero\u00edn online?<\/h3>\n<p> Droga China White Heroin je siln\u00e1 a nebezpe\u010dn\u00e1. V\u00fdsledkom m\u00f4\u017eu by\u0165 euforick\u00e9 pocity a mnoh\u00e9 potenci\u00e1lne zdravotn\u00e9 rizik\u00e1. V z\u00e1vislosti od dod\u00e1vate\u013ea a jeho zdrojov m\u00f4\u017ee by\u0165 tento liek vyroben\u00fd pomocou jednoduch\u00fdch alebo pokro\u010dil\u00fdch techn\u00edk. Je d\u00f4le\u017eit\u00e9 pochopi\u0165 nebezpe\u010denstvo pou\u017e\u00edvania tejto l\u00e1tky a nakupova\u0165 ju iba od d\u00f4veryhodn\u00fdch dod\u00e1vate\u013eov, ako je Dr. Lawsons Pharmacy. Dodr\u017eiavame bezpe\u010dnostn\u00e9 opatrenia a dostaneme ho k v\u00e1m domov \u010do najsk\u00f4r.     &nbsp;<\/p>\n","protected":false},"excerpt":{"rendered":"<p>K\u00fapte si \u010d\u00ednsky biely hero\u00edn online V Amerike a \u010fal\u0161\u00edch krajin\u00e1ch sp\u00f4sobuje pand\u00e9mia opi\u00e1tov zm\u00e4tok. V reakcii na to mnoh\u00ed \u013eudia h\u013eadaj\u00fa alternat\u00edvy k jednaniu s pochybn\u00fdmi pouli\u010dn\u00fdmi d\u00edlermi, aby z\u00edskali siln\u00fd, \u010dist\u00fd hero\u00edn. Na\u0161\u0165astie biely hero\u00edn z \u010c\u00edny je fantastick\u00e1 n\u00e1hrada, ktor\u00e1 je \u013eahko dostupn\u00e1. Tak\u017ee ak m\u00e1te v \u00famysle k\u00fapi\u0165 biely hero\u00edn z [&hellip;]<\/p>\n","protected":false},"featured_media":17967,"comment_status":"closed","ping_status":"closed","template":"","meta":{"om_disable_all_campaigns":false,"_sitemap_exclude":false,"_sitemap_priority":"","_sitemap_frequency":"","_monsterinsights_skip_tracking":false,"_monsterinsights_sitenote_active":false,"_monsterinsights_sitenote_note":"","_monsterinsights_sitenote_category":0},"product_cat":[29118],"product_tag":[29138,29136,29134,29139,29129,29127,29132,29135,29137,29121,29130,29125,29119,29120,29126,29133,29128,29122,29124,29131,29140,29123],"class_list":{"0":"post-32160","1":"product","2":"type-product","3":"status-publish","4":"has-post-thumbnail","6":"product_cat-heroin-sk","7":"product_tag-autenticky-cinsky-biely-heroin-v-europe","8":"product_tag-cinska-zlava-na-biely-heroin-v-europe","9":"product_tag-cinske-ponuky-bieleho-heroinu-v-europe","10":"product_tag-cinski-dodavatelia-bieleho-heroinu-v-europe","11":"product_tag-cinsky-biely-heroin-doprava-zadarmo-po-europe","12":"product_tag-cinsky-biely-heroin-za-najlepsiu-cenu-v-europe","13":"product_tag-cinsky-internetovy-obchod-white-heroin-europe-sk","14":"product_tag-cinsky-obchod-s-bielym-heroinom-v-europe","15":"product_tag-dodavka-cinskeho-bieleho-heroinu-do-europy","16":"product_tag-kde-kupit-cinsky-biely-heroin-online","17":"product_tag-kde-kupit-cinsky-biely-heroin-v-europe","18":"product_tag-kolko-je-cinsky-biely-heroin","19":"product_tag-kupte-si-cinsky-biely-heroin","20":"product_tag-kupte-si-cinsky-biely-heroin-online","21":"product_tag-kupte-si-cinsky-biely-heroin-online-europa","22":"product_tag-lacny-cinsky-biely-heroin-v-europe","23":"product_tag-objednajte-si-cinsky-biely-heroin-eu","24":"product_tag-objednajte-si-cinsky-biely-heroin-online","25":"product_tag-predaj-cinskeho-bieleho-heroinu-online","26":"product_tag-predaj-cinskeho-bieleho-heroinu-v-europe","27":"product_tag-recenzia-cinskeho-bieleho-heroinu-v-europe","28":"product_tag-ucinky-cinskeho-bieleho-heroinu","30":"first","31":"instock","32":"shipping-taxable","33":"purchasable","34":"product-type-variable","35":"farmacie-col"},"aioseo_notices":[],"_links":{"self":[{"href":"https:\/\/lacasadelamedicina.es\/sk\/wp-json\/wp\/v2\/product\/32160"}],"collection":[{"href":"https:\/\/lacasadelamedicina.es\/sk\/wp-json\/wp\/v2\/product"}],"about":[{"href":"https:\/\/lacasadelamedicina.es\/sk\/wp-json\/wp\/v2\/types\/product"}],"replies":[{"embeddable":true,"href":"https:\/\/lacasadelamedicina.es\/sk\/wp-json\/wp\/v2\/comments?post=32160"}],"wp:featuredmedia":[{"embeddable":true,"href":"https:\/\/lacasadelamedicina.es\/sk\/wp-json\/wp\/v2\/media\/17967"}],"wp:attachment":[{"href":"https:\/\/lacasadelamedicina.es\/sk\/wp-json\/wp\/v2\/media?parent=32160"}],"wp:term":[{"taxonomy":"product_cat","embeddable":true,"href":"https:\/\/lacasadelamedicina.es\/sk\/wp-json\/wp\/v2\/product_cat?post=32160"},{"taxonomy":"product_tag","embeddable":true,"href":"https:\/\/lacasadelamedicina.es\/sk\/wp-json\/wp\/v2\/product_tag?post=32160"}],"curies":[{"name":"wp","href":"https:\/\/api.w.org\/{rel}","templated":true}]}}