{"id":32155,"date":"2024-08-09T14:01:55","date_gmt":"2024-08-09T14:01:55","guid":{"rendered":"https:\/\/lacasadelamedicina.es\/product\/kupte-si-prasok-jwh-200-online\/"},"modified":"2024-09-15T21:00:57","modified_gmt":"2024-09-15T21:00:57","slug":"kupte-si-prasok-jwh-200-online","status":"publish","type":"product","link":"https:\/\/lacasadelamedicina.es\/sk\/produkt\/kupte-si-prasok-jwh-200-online\/","title":{"rendered":"K\u00fapte si pr\u00e1\u0161ok JWH-200 online"},"content":{"rendered":"<h1 class=\"product_title entry-title\">K\u00fapte si pr\u00e1\u0161ok JWH-200 online<\/h1>\n<p> WH-200 pr\u00e1\u0161ok: JWH-200 je agonista kanabinoidn\u00e9ho receptora patriaci do skupiny aminoalkinylov\u00fdch chemik\u00e1li\u00ed a pou\u017e\u00edva sa ako analgetikum. JWH 200 je ligand kanabinoidn\u00e9ho receptora (CB), ktor\u00fd predstavuje aminoalk<a href=\"https:\/\/dieapotheke247.com\/\">ylind<\/a>ol. Interaguje s receptorom CB1 so zna\u010dnou afinitou (IC50 = 7,8-42 nM). K\u00fapte si mastenec JWH-200. K\u00fapte si pr\u00e1\u0161ok JWH-200 online \u2013 <a href=\"https:\/\/drlawsonspharmacy\/contact-us\/\">KONTAKT K\u00fapi\u0165 JWH-200 Powder online<\/a> JWH 200 je ligand kanabinoidn\u00e9ho receptora (CB), ktor\u00fdm je aminoalkylindol. M\u00e1 vysok\u00fa afinitu k receptoru CB1 (IC50 = 7,8-42 nM). V porovnan\u00ed s 99-THC alebo WIN 55 212 mal JWH 200 minim\u00e1lne rovnako dobr\u00fd \u00fa\u010dinok na pohybov\u00fa aktivitu, latenciu chvosta, hypotermiu a test nehybnosti kr\u00fa\u017eku.       <\/p>\n<h3 class=\"product_title entry-title\">K\u00fapte si pr\u00e1\u0161ok JWH-200 online<\/h3>\n<p> R\u00e1d by som v\u00e1m predstavil JWH-200 Powder, pozoruhodn\u00fa v\u00fdskumn\u00fa zl\u00fa\u010deninu navrhnut\u00fa tak, aby v\u00e1m pomohla napredova\u0165 vo va\u0161om \u0161t\u00fadiu v zauj\u00edmavom svete syntetick\u00fdch kanabinoidov. JWH-200 Powder je v\u010faka svojej pozoruhodnej \u010distote a siln\u00fdm vlastnostiam ide\u00e1lnym katalyz\u00e1torom pre prevratn\u00e9 farmakologick\u00e9 \u0161t\u00fadie. JWH-200 Powder pon\u00faka v\u00fdskumn\u00edkom bezkonkuren\u010dn\u00fa \u00farove\u0148 konzistencie a kvality, preto\u017ee sa vyr\u00e1ba s ve\u013ekou presnos\u0165ou pomocou najmodernej\u0161\u00edch techn\u00edk synt\u00e9zy. T\u00e1to l\u00e1tka pon\u00faka vz\u00e1cnu pr\u00edle\u017eitos\u0165 pochopi\u0165 komplexn\u00e9 fungovanie endokanabinoidn\u00e9ho syst\u00e9mu, preto\u017ee je vysoko selekt\u00edvnym aktiv\u00e1torom kanabinoidn\u00fdch receptorov. JWH-200 Powder sa vyzna\u010duje v\u00fdnimo\u010dnou stabilitou, ktor\u00e1 zaru\u010duje presn\u00e9 d\u00e1vkovanie a dlh\u00e9 experiment\u00e1lne \u010dasy. V\u010faka svojej rozpustnosti v mnoh\u00fdch be\u017en\u00fdch rozp\u00fa\u0161\u0165adl\u00e1ch je t\u00e1to chemik\u00e1lia prisp\u00f4sobiv\u00e1 a \u013eahko pou\u017eite\u013en\u00e1 v \u0161irokom rozsahu laborat\u00f3rnych situ\u00e1ci\u00ed. K\u00fapte si pr\u00e1\u0161ok JWH-200       <\/p>\n<h3><strong>Objednajte si pr\u00e1\u0161ok JWH-200 online<\/strong><\/h3>\n<p> JWH-200 Powder mo\u017eno pou\u017ei\u0165 na sk\u00famanie r\u00f4znych oblast\u00ed \u0161t\u00fadia, ako je neurofarmakol\u00f3gia, lie\u010dba bolesti a \u0161t\u00fadie z\u00e1vislosti. Jeho v\u0161estrannos\u0165 vytv\u00e1ra nov\u00e9 pr\u00edle\u017eitosti pre prevratn\u00e9 objavy, ktor\u00e9 m\u00f4\u017eu ovplyvni\u0165 bud\u00faci v\u00fdvoj liekov a lie\u010dby. V <span class=\"selectable-text copyable-text\">Lek\u00e1rni Dr Lawsons<\/span>, spokojnos\u0165 a bezpe\u010dnos\u0165 z\u00e1kazn\u00edkov s\u00fa na\u0161ou najvy\u0161\u0161ou prioritou. Aby sme zaistili, \u017ee n\u00e1\u0161 JWH-200 Powder sp\u013a\u0148a a prekra\u010duje priemyseln\u00e9 normy, prech\u00e1dza pr\u00edsnymi postupmi kontroly kvality. Dodr\u017eiavame pr\u00edsne bezpe\u010dnostn\u00e9 pokyny a poskytujeme d\u00f4kladn\u00fa dokument\u00e1ciu, aby sme zaistili hladk\u00fd a bezpe\u010dn\u00fd v\u00fdskum.     &nbsp;<\/p>\n","protected":false},"excerpt":{"rendered":"<p>K\u00fapte si pr\u00e1\u0161ok JWH-200 online. \u010eal\u0161\u00edm n\u00e1zvom tejto zl\u00fa\u010deniny je (1-(2-morfol\u00edn-4-yletyl)indol-3-yl)naftal\u00e9n-1-ylmetan\u00f3n. Nakupujte priamo tu. Pou\u017e\u00edvame najlep\u0161ie techniky prepravy a diskr\u00e9tneho balenia.    &nbsp;<\/p>\n","protected":false},"featured_media":18507,"comment_status":"closed","ping_status":"closed","template":"","meta":{"om_disable_all_campaigns":false,"_sitemap_exclude":false,"_sitemap_priority":"","_sitemap_frequency":"","_monsterinsights_skip_tracking":false,"_monsterinsights_sitenote_active":false,"_monsterinsights_sitenote_note":"","_monsterinsights_sitenote_category":0},"product_cat":[26712],"product_tag":[29093,29084,29094,29092,29087,29085,29077,29080,29074,29076,29081,29088,29083,29075,29079,29089,29082,29086,29090,29095,29078,29091],"class_list":{"0":"post-32155","1":"product","2":"type-product","3":"status-publish","4":"has-post-thumbnail","6":"product_cat-vyskum-chemikalii-a-psychedelika","7":"product_tag-autenticky-prasok-jwh-200-europa","8":"product_tag-bezplatna-doprava-prasku-jwh-200-v-europe","9":"product_tag-dodavatelia-prasku-jwh-200-v-europe","10":"product_tag-dodavka-prasku-jwh-200-v-europe","11":"product_tag-internetovy-obchod-s-praskom-jwh-200-europe","12":"product_tag-kde-kupit-prasok-jwh-200-europe","13":"product_tag-kde-kupit-prasok-jwh-200-online","14":"product_tag-kolko-je-prasok-jwh-200","15":"product_tag-kupit-prasok-jwh-200","16":"product_tag-kupit-prasok-jwh-200-online","17":"product_tag-kupte-si-prasok-jwh-200-online-europa","18":"product_tag-lacny-prasok-jwh-200-europa","19":"product_tag-objednajte-si-prasok-jwh-200-eu","20":"product_tag-objednat-prasok-jwh-200-online","21":"product_tag-online-predaj-prasku-jwh-200","22":"product_tag-ponuka-prasku-jwh-200-v-europe","23":"product_tag-prasok-jwh-200-za-najlepsiu-cenu-v-europe","24":"product_tag-predaj-prasku-jwh-200-v-europe","25":"product_tag-predajna-praskov-jwh-200-v-europe","26":"product_tag-recenzia-prasku-jwh-200-europe","27":"product_tag-ucinky-prasku-jwh-200-sk","28":"product_tag-zlava-na-prasok-jwh-200-v-europe","30":"first","31":"instock","32":"shipping-taxable","33":"purchasable","34":"product-type-variable","35":"farmacie-col"},"aioseo_notices":[],"_links":{"self":[{"href":"https:\/\/lacasadelamedicina.es\/sk\/wp-json\/wp\/v2\/product\/32155"}],"collection":[{"href":"https:\/\/lacasadelamedicina.es\/sk\/wp-json\/wp\/v2\/product"}],"about":[{"href":"https:\/\/lacasadelamedicina.es\/sk\/wp-json\/wp\/v2\/types\/product"}],"replies":[{"embeddable":true,"href":"https:\/\/lacasadelamedicina.es\/sk\/wp-json\/wp\/v2\/comments?post=32155"}],"wp:featuredmedia":[{"embeddable":true,"href":"https:\/\/lacasadelamedicina.es\/sk\/wp-json\/wp\/v2\/media\/18507"}],"wp:attachment":[{"href":"https:\/\/lacasadelamedicina.es\/sk\/wp-json\/wp\/v2\/media?parent=32155"}],"wp:term":[{"taxonomy":"product_cat","embeddable":true,"href":"https:\/\/lacasadelamedicina.es\/sk\/wp-json\/wp\/v2\/product_cat?post=32155"},{"taxonomy":"product_tag","embeddable":true,"href":"https:\/\/lacasadelamedicina.es\/sk\/wp-json\/wp\/v2\/product_tag?post=32155"}],"curies":[{"name":"wp","href":"https:\/\/api.w.org\/{rel}","templated":true}]}}