{"id":32141,"date":"2024-08-09T14:01:55","date_gmt":"2024-08-09T14:01:55","guid":{"rendered":"https:\/\/lacasadelamedicina.es\/product\/kupte-si-crystal-meth-metamfetamin-online\/"},"modified":"2024-08-09T14:01:55","modified_gmt":"2024-08-09T14:01:55","slug":"kupte-si-crystal-meth-metamfetamin-online","status":"publish","type":"product","link":"https:\/\/lacasadelamedicina.es\/sk\/produkt\/kupte-si-crystal-meth-metamfetamin-online\/","title":{"rendered":"K\u00fapte si Crystal Meth (metamfetam\u00edn) online"},"content":{"rendered":"<h1>K\u00fapte si Crystal Meth (metamfetam\u00edn) online<\/h1>\n<p> Najlep\u0161ie miesto na objednanie Crystal Meth (metamfetam\u00ednu) je online. Crystal Meth je teraz mo\u017en\u00e9 objedna\u0165 online a doda\u0165 nasleduj\u00faci de\u0148. Kry\u0161talick\u00fd metamfetam\u00edn (metamfetam\u00edn) vo svojej najaktu\u00e1lnej\u0161ej alebo najnov\u0161ej forme je takmer \u00faplne \u010dist\u00fd. K\u00fapi\u0165 Crystal Meth (metamfetam\u00edn) mo\u017eno faj\u010di\u0165 cez sklenen\u00e9 fajky a nem\u00e1 z\u00e1pach. Pod\u013ea v\u00fdskumu je smrte\u013enej\u0161\u00ed a n\u00e1vykovej\u0161\u00ed ako crack a koka\u00edn. The<a href=\"https:\/\/dieapotheke247.com\/\">efekty<\/a> m\u00f4\u017eu v tele pretrv\u00e1va\u0165 4 a\u017e 14 hod\u00edn v z\u00e1vislosti od osoby. Po\u010das tejto doby faj\u010diari za\u017e\u00edvaj\u00fa siln\u00fd n\u00e1val kovu a stav fyzickej ext\u00e1zy. Je to pr\u00edjemn\u00fd pocit. Naproti tomu nosenie \u0165a\u017ek\u00fdch \u0161ortiek v\u00fdrazne zvy\u0161uje pravdepodobnos\u0165 pocitu depresie, \u00fazkosti, nepokoja a nakoniec vy\u010derpania. K\u00fapi\u0165 Crystal Meth (metamfetam\u00edn) online \u2013 <a href=\"https:\/\/drlawsonspharmacy\/contact-us\/\">KONTAKT<\/a>         <\/p>\n<p><strong>Hoci si Crystal Meth m\u00f4\u017eete k\u00fapi\u0165 bez lek\u00e1rskeho predpisu, mus\u00edte si by\u0165 vedom\u00ed toho, \u017ee pokra\u010duj\u00face u\u017e\u00edvanie m\u00f4\u017ee ma\u0165 negat\u00edvne \u00fa\u010dinky na va\u0161u pe\u010de\u0148, p\u013e\u00faca a obli\u010dky, preto by ste si mali d\u00e1vkovanie regulova\u0165. Online n\u00e1kupy Crystal Meth. K\u00fapte si Crystal Meth online vr\u00e1tane 4-MEC, Koop Crystal Meth a Kb Crystal Meth.  <\/strong><\/p>\n<h3><strong>Objednajte si Crystal Meth (metamfetam\u00edn) online<\/strong><\/h3>\n<p> Rovnako ako in\u00e9 stimulanty, ako je koka\u00edn alebo cola, Crystal Meth ovplyv\u0148uje hladiny dopam\u00ednu v mozgu. Jeho schopnos\u0165 napodob\u0148ova\u0165 norepinefr\u00edn je \u010fal\u0161ou v\u00fdhodou. S cie\u013eom vytr\u00e9nova\u0165 mozog tak, aby potreboval viac oboch na pre\u017eitie, neur\u00f3ny medzit\u00fdm uvo\u013enia viac oboch. Du\u0161evn\u00e1 a fyzick\u00e1 stabilita \u010dloveka m\u00f4\u017ee by\u0165 naru\u0161en\u00e1 n\u00e1sledkami abstinencie pervit\u00ednu alebo kocovinou, ktor\u00e1 trv\u00e1 nieko\u013eko dn\u00ed. Pri n\u00e1kupe pervit\u00ednu cez internet by ste si mali by\u0165 vedom\u00ed v\u0161etk\u00fdch t\u00fdchto \u00fa\u010dinkov. \u010eal\u0161ie n\u00e1zvy ul\u00edc zah\u0155\u0148aj\u00fa Rock, LA Glass, Super Ice, Hot Ice a Hawaiian Salt. K dispoz\u00edcii je aj ketam\u00edn. Ketam\u00edn hcl kry\u0161t\u00e1l je teraz dostupn\u00fd aj so z\u013eavou. Internetov\u00e9 drog\u00e9rie \u010dasto pon\u00fakaj\u00fa kry\u0161talick\u00fd pervit\u00edn na predaj. Ak si v\u0161ak chcete objedna\u0165 \u010dist\u00fd pervit\u00edn, mus\u00edte pozna\u0165 svojich dod\u00e1vate\u013eov. Bez oh\u013eadu na \u010distotu, ak\u00fd bezpe\u010dn\u00fd je tento proces? Ste si ist\u00fd, \u017ee doru\u010denie v\u00e1\u0161ho odpadu bude uskuto\u010dnen\u00e9? V tomto smere sme lep\u0161\u00ed. Ka\u017ed\u00fd bal\u00edk je dod\u00e1van\u00fd so z\u00e1rukou vr\u00e1tenia pe\u0148az\u00ed a inform\u00e1ciami o sledovan\u00ed. Balenie a doru\u010denie prebieha diskr\u00e9tne do dom\u00e1cnost\u00ed, ul\u00edc a PO boxov. K\u00fapte si kry\u0161t\u00e1lov\u00fd met\u00e1n online a k\u00fapte si kri\u0161t\u00e1\u013eov\u00fd met\u00e1n online. Metamfetam\u00edn \u2013 Koop Crystal Meth, Kb, K\u00fapte si Crystal Meth (metamfetam\u00edn) online Crystal Meth, K\u00fapte si 4-MEC online, Crystal Meth (metamfetam\u00edn) na predaj online                 &nbsp;<\/p>\n","protected":false},"excerpt":{"rendered":"<p>najlep\u0161\u00ed obchod na n\u00e1kup skla. V s\u00fa\u010dasnosti si m\u00f4\u017eete k\u00fapi\u0165 kry\u0161t\u00e1lov\u00fd pervit\u00edn online a necha\u0165 si ho doru\u010di\u0165 nasleduj\u00faci de\u0148. Kry\u0161t\u00e1lov\u00fd metamfetam\u00edn vo svojej najaktu\u00e1lnej\u0161ej alebo najnov\u0161ej forme je prakticky \u00faplne \u010dist\u00fd. M\u00f4\u017ee sa faj\u010di\u0165 v sklenen\u00fdch fajk\u00e1ch a nem\u00e1 z\u00e1pach. Pon\u00fakame \u0161pi\u010dkov\u00e9 produkty s vynikaj\u00facou a diskr\u00e9tnou dopravou. V\u010faka 12-ro\u010dn\u00fdm sk\u00fasenostiam s dod\u00e1vkami v\u00fdskumn\u00fdch chemik\u00e1li\u00ed je bezpe\u010dnos\u0165 na\u0161ou prioritou \u010d\u00edslo jedna. Sme spo\u013eahliv\u00ed, d\u00f4veryhodn\u00ed a pon\u00fakame len vysokokvalitn\u00e9 produkty za konkurencieschopn\u00e9 ceny.       &nbsp;<\/p>\n","protected":false},"featured_media":18042,"comment_status":"closed","ping_status":"closed","template":"","meta":{"om_disable_all_campaigns":false,"_sitemap_exclude":false,"_sitemap_priority":"","_sitemap_frequency":"","_monsterinsights_skip_tracking":false,"_monsterinsights_sitenote_active":false,"_monsterinsights_sitenote_note":"","_monsterinsights_sitenote_category":0},"product_cat":[26712],"product_tag":[29027,29018,29020,29028,29016,29029,29023,29024,29025,29021,29026,29013,29019,29011,29014,29008,29010,29015,29022,29009,29017,29012],"class_list":{"0":"post-32141","1":"product","2":"type-product","3":"status-publish","4":"has-post-thumbnail","6":"product_cat-vyskum-chemikalii-a-psychedelika","7":"product_tag-autenticky-krystalicky-metamfetamin-v-europe","8":"product_tag-crystal-meth-metamfetamin-doprava-zadarmo-v-europe","9":"product_tag-crystal-meth-metamfetamin-europa-predaj","10":"product_tag-crystal-meth-metamfetamin-europski-dodavatelia","11":"product_tag-crystal-meth-metamfetamin-najlepsia-cena-v-europe","12":"product_tag-crystal-meth-methamphetamine-europe-review-sk","13":"product_tag-crystal-meth-methamphetamine-europe-sa-zaobera","14":"product_tag-crystal-meth-methamphetamine-europe-shop-sk","15":"product_tag-crystal-meth-methamphetamine-europe-zlava","16":"product_tag-crystal-meth-methamphetamine-internetovy-obchod-europa","17":"product_tag-dodavka-crystal-meth-metamfetaminu-v-europe","18":"product_tag-internetovy-predaj-crystal-meth-metamfetaminu","19":"product_tag-kde-kupit-crystal-meth-metamfetamin-europa","20":"product_tag-kde-kupit-crystal-meth-metamfetamin-online","21":"product_tag-kolko-je-crystal-meth-metamfetamin","22":"product_tag-kupit-crystal-meth-metamfetamin","23":"product_tag-kupit-crystal-meth-metamfetamin-online","24":"product_tag-kupte-si-crystal-meth-metamfetamin-online-europa","25":"product_tag-lacny-crystal-meth-metamfetamin-europa","26":"product_tag-objednat-crystal-meth-metamfetamin-online-sk","27":"product_tag-objednavka-crystal-meth-metamfetamin-eu","28":"product_tag-ucinky-crystal-meth-metamfetaminu-sk","30":"first","31":"instock","32":"shipping-taxable","33":"purchasable","34":"product-type-variable","35":"farmacie-col"},"aioseo_notices":[],"_links":{"self":[{"href":"https:\/\/lacasadelamedicina.es\/sk\/wp-json\/wp\/v2\/product\/32141"}],"collection":[{"href":"https:\/\/lacasadelamedicina.es\/sk\/wp-json\/wp\/v2\/product"}],"about":[{"href":"https:\/\/lacasadelamedicina.es\/sk\/wp-json\/wp\/v2\/types\/product"}],"replies":[{"embeddable":true,"href":"https:\/\/lacasadelamedicina.es\/sk\/wp-json\/wp\/v2\/comments?post=32141"}],"wp:featuredmedia":[{"embeddable":true,"href":"https:\/\/lacasadelamedicina.es\/sk\/wp-json\/wp\/v2\/media\/18042"}],"wp:attachment":[{"href":"https:\/\/lacasadelamedicina.es\/sk\/wp-json\/wp\/v2\/media?parent=32141"}],"wp:term":[{"taxonomy":"product_cat","embeddable":true,"href":"https:\/\/lacasadelamedicina.es\/sk\/wp-json\/wp\/v2\/product_cat?post=32141"},{"taxonomy":"product_tag","embeddable":true,"href":"https:\/\/lacasadelamedicina.es\/sk\/wp-json\/wp\/v2\/product_tag?post=32141"}],"curies":[{"name":"wp","href":"https:\/\/api.w.org\/{rel}","templated":true}]}}