{"id":32065,"date":"2024-08-09T14:01:58","date_gmt":"2024-08-09T14:01:58","guid":{"rendered":"https:\/\/lacasadelamedicina.es\/product\/kupte-si-prasok-etizolam-online\/"},"modified":"2024-08-09T14:01:58","modified_gmt":"2024-08-09T14:01:58","slug":"kupte-si-prasok-etizolam-online","status":"publish","type":"product","link":"https:\/\/lacasadelamedicina.es\/sk\/produkt\/kupte-si-prasok-etizolam-online\/","title":{"rendered":"K\u00fapte si pr\u00e1\u0161ok Etizolam online"},"content":{"rendered":"<h1>K\u00fapte si pr\u00e1\u0161ok Etizolam online<\/h1>\n<p> Etizolam Powder, API, akt\u00edvne farmaceutick\u00e9 zlo\u017eky, medziprodukty s dokument\u00e1ciou a certifik\u00e1ciou, DMF, FDA a US Drug Master File s\u00fa vyr\u00e1ban\u00e9 a dod\u00e1van\u00e9 spolo\u010dnos\u0165ou <span class=\"selectable-text copyable-text\">Dr Lawsons Pharmacy&lt;\/span&gt; v glob\u00e1lnom meradle. Pon\u00fakame vysoko kvalitn\u00e9 zdroje so sprievodn\u00fdmi technick\u00fdmi bal\u00edkmi na n\u00e1kup pod\u013ea potreby\/mno\u017estva RND na v\u00fdvoj alebo propag\u00e1ciu. Ve\u013ekoobchody Etizolam v \u010c\u00edne. Predajcovia Etizolamu. K\u00fapte si pr\u00e1\u0161ok Etizolam, n\u00e1jdite dod\u00e1vate\u013ea alebo k\u00fapte pr\u00e1\u0161ok Etizolam vo ve\u013ekom. K\u00fapte si pr\u00e1\u0161ok Etizolam online \u2013 <a href=\"https:\/\/drlawsonspharmacy\/contact-us\/\">KONTAKT<\/a>     <\/span><\/p>\n<p>&nbsp; N\u00e1\u0161 tovar sa vyr\u00e1ba v zariadeniach vyhovuj\u00facich cGMP ako akt\u00edvne farmaceutick\u00e9 zlo\u017eky pre farmaceutick\u00fd priemysel. Ak m\u00e1te z\u00e1ujem o viac inform\u00e1ci\u00ed, vr\u00e1tane aktu\u00e1lneho stavu DMF produktu, nev\u00e1hajte n\u00e1s kontaktova\u0165. Radi v\u00e1m pom\u00f4\u017eeme s va\u0161\u00edm v\u00fdskumn\u00fdm a v\u00fdvojov\u00fdm \u00fasil\u00edm.   <\/p>\n<h3>K\u00fapte si pr\u00e1\u0161ok Etizolam online<\/h3>\n<p> S pr\u00e1\u0161kom Etizolam, fantastick\u00fdm farmaceutick\u00fdm produktom zn\u00e1mym pre svoje sedat\u00edvne a proti\u00fazkostn\u00e9 \u00fa\u010dinky, m\u00f4\u017eete vst\u00fapi\u0165 do sveta pokoja a mieru. Deriv\u00e1t tienodiazep\u00ednu naz\u00fdvan\u00fd Etizolam si z\u00edskal popularitu medzi akademikmi, odborn\u00edkmi a \u013eu\u010fmi, ktor\u00ed h\u013eadaj\u00fa lie\u010dbu probl\u00e9mov, ako je \u00fazkos\u0165, nespavos\u0165 a stres. Pre jednotlivcov, ktor\u00ed h\u013eadaj\u00fa pokojn\u00fd stav mysle a dobr\u00fd sp\u00e1nok, predstavuje pr\u00e1\u0161ok Etizolam nov\u00fa odpove\u010f. Ako siln\u00fd benzodiazep\u00ednov\u00fd anal\u00f3g interaguje s receptormi kyseliny gama-aminomaslovej (GABA) v mozgu, \u010d\u00edm pom\u00e1ha kontrolova\u0165 nadmern\u00fa aktivitu neur\u00f3nov. To m\u00e1 relaxa\u010dn\u00fd \u00fa\u010dinok, ktor\u00fd zni\u017euje pr\u00edznaky \u00fazkosti a podporuje relax\u00e1ciu.     <\/p>\n<h3><strong>Objednajte si pr\u00e1\u0161ok Etizolam<\/strong><\/h3>\n<p> N\u00e1\u0161 pr\u00e1\u0161ok Etizolam prin\u00e1\u0161a tie najlep\u0161ie \u0161tudijn\u00e9 v\u00fdsledky a v\u010faka svojej bezkonkuren\u010dnej kvalite a \u010distote je spo\u013eahliv\u00fdm rie\u0161en\u00edm na spozn\u00e1vanie vlastnost\u00ed a aplik\u00e1ci\u00ed tejto fascinuj\u00facej molekuly. Aby sa zabezpe\u010dila najvy\u0161\u0161ia \u00farove\u0148 kvality a konzistencie, ka\u017ed\u00e1 \u0161ar\u017ea prech\u00e1dza pr\u00edsnym testovan\u00edm a anal\u00fdzou, pri\u010dom sa dodr\u017eiavaj\u00fa pr\u00edsne po\u017eiadavky na kontrolu kvality. V\u0161estrannos\u0165 pr\u00e1\u0161ku Etizolam udivuje v\u00fdskumn\u00edkov. Jeho hypnotick\u00e9, sedat\u00edvne a svalov\u00e9 relaxa\u010dn\u00e9 \u00fa\u010dinky z neho robia skvel\u00fd n\u00e1stroj pri v\u00fdskume z\u00e1chvatov paniky, chor\u00f4b s\u00favisiacich s \u00fazkos\u0165ou a dokonca aj por\u00fach sp\u00e1nku. Sk\u00fama sa aj potenci\u00e1l pr\u00e1\u0161ku Etizolam lie\u010di\u0165 abstinen\u010dn\u00e9 pr\u00edznaky po alkohole a kontrolova\u0165 niektor\u00e9 typy z\u00e1chvatov.     &nbsp;<\/p>\n","protected":false},"excerpt":{"rendered":"<p>K\u00fapte si pr\u00e1\u0161ok Etizolam online. Real Etizolam Powder Online &#8211; Etizolam Powder na predaj | K\u00fapi\u0165 Etizolam pr\u00e1\u0161ok online | Etizolam pr\u00e1\u0161ok na predaj | K\u00fapte si lacn\u00fd pr\u00e1\u0161ok Etizolam | Kde k\u00fapi\u0165 pr\u00e1\u0161ok Etizolam online  &nbsp;<\/p>\n","protected":false},"featured_media":18522,"comment_status":"closed","ping_status":"closed","template":"","meta":{"om_disable_all_campaigns":false,"_sitemap_exclude":false,"_sitemap_priority":"","_sitemap_frequency":"","_monsterinsights_skip_tracking":false,"_monsterinsights_sitenote_active":false,"_monsterinsights_sitenote_note":"","_monsterinsights_sitenote_category":0},"product_cat":[26712],"product_tag":[28872,28863,28873,28871,28865,28870,28869,28866,28858,28864,28856,28859,28853,28855,28860,28867,28862,28854,28868,28861,28874,28857],"class_list":{"0":"post-32065","1":"product","2":"type-product","3":"status-publish","4":"has-post-thumbnail","6":"product_cat-vyskum-chemikalii-a-psychedelika","7":"product_tag-autenticky-prasok-etizolam-europe","8":"product_tag-bezplatna-doprava-prasku-etizolam-v-europe","9":"product_tag-dodavatelia-prasku-etizolam-v-europe","10":"product_tag-dodavka-prasku-etizolam-europa","11":"product_tag-etizolam-prasok-europa-predaj","12":"product_tag-etizolam-prasok-europa-zlava","13":"product_tag-etizolam-prasok-europe-shop","14":"product_tag-etizolam-prasok-online-obchod-europa","15":"product_tag-internetovy-predaj-prasku-etizolam","16":"product_tag-kde-kupit-prasok-etizolam-europe","17":"product_tag-kde-kupit-prasok-etizolam-online","18":"product_tag-kolko-je-prasok-etizolamu","19":"product_tag-kupit-prasok-etizolam","20":"product_tag-kupit-prasok-etizolam-online","21":"product_tag-kupte-si-prasok-etizolam-online-europa","22":"product_tag-lacny-prasok-etizolam-europe","23":"product_tag-objednajte-si-prasok-etizolam-eu","24":"product_tag-objednat-prasok-etizolam-online","25":"product_tag-ponuka-prasku-etizolam-europe","26":"product_tag-prasok-etizolam-za-najlepsiu-cenu-v-europe","27":"product_tag-recenzia-prasku-etizolam-europe","28":"product_tag-ucinky-prasku-etizolam-sk","30":"first","31":"instock","32":"shipping-taxable","33":"purchasable","34":"product-type-variable","35":"farmacie-col"},"aioseo_notices":[],"_links":{"self":[{"href":"https:\/\/lacasadelamedicina.es\/sk\/wp-json\/wp\/v2\/product\/32065"}],"collection":[{"href":"https:\/\/lacasadelamedicina.es\/sk\/wp-json\/wp\/v2\/product"}],"about":[{"href":"https:\/\/lacasadelamedicina.es\/sk\/wp-json\/wp\/v2\/types\/product"}],"replies":[{"embeddable":true,"href":"https:\/\/lacasadelamedicina.es\/sk\/wp-json\/wp\/v2\/comments?post=32065"}],"wp:featuredmedia":[{"embeddable":true,"href":"https:\/\/lacasadelamedicina.es\/sk\/wp-json\/wp\/v2\/media\/18522"}],"wp:attachment":[{"href":"https:\/\/lacasadelamedicina.es\/sk\/wp-json\/wp\/v2\/media?parent=32065"}],"wp:term":[{"taxonomy":"product_cat","embeddable":true,"href":"https:\/\/lacasadelamedicina.es\/sk\/wp-json\/wp\/v2\/product_cat?post=32065"},{"taxonomy":"product_tag","embeddable":true,"href":"https:\/\/lacasadelamedicina.es\/sk\/wp-json\/wp\/v2\/product_tag?post=32065"}],"curies":[{"name":"wp","href":"https:\/\/api.w.org\/{rel}","templated":true}]}}