{"id":31977,"date":"2024-08-09T14:01:59","date_gmt":"2024-08-09T14:01:59","guid":{"rendered":"https:\/\/lacasadelamedicina.es\/product\/kupte-si-lacne-4-cl-pvp-krystaly-online\/"},"modified":"2024-08-09T14:01:59","modified_gmt":"2024-08-09T14:01:59","slug":"kupte-si-lacne-4-cl-pvp-krystaly-online","status":"publish","type":"product","link":"https:\/\/lacasadelamedicina.es\/sk\/produkt\/kupte-si-lacne-4-cl-pvp-krystaly-online\/","title":{"rendered":"K\u00fapte si lacn\u00e9 4 CL PVP kry\u0161t\u00e1ly online"},"content":{"rendered":"<h1>K\u00fapte si lacn\u00e9 kry\u0161t\u00e1ly 4-CL-PVP online<\/h1>\n<p> Tie\u017e zn\u00e1my ako 4-chl\u00f3r-alfa-pyrolidinopentiofen\u00f3n, 4-chl\u00f3r-PVP, 4Cl-PVP alebo 4C-PVP, 4-chl\u00f3r-alfa-pyrolidinovalerofen\u00f3n je 4-chl\u00f3r-alfa-pyrolidinopentiofen\u00f3n. K\u00fapte si kry\u0161t\u00e1l 4-CL-PVP a k\u00fapte si 4-CL-PVP online so z\u013eavou. Lacn\u00e9 kry\u0161t\u00e1ly 4-CL-PVP \u2013 K\u00fapte si lacn\u00e9 kry\u0161t\u00e1ly 4-CL-PVP online \u2013 <a href=\"https:\/\/drlawsonspharmacy\/contact-us\/\">KONTAKT<\/a> Vynikaj\u00faca kvalita lacn\u00e9ho V lek\u00e1rni Dr. At Lawsons je spokojnos\u0165 a bezpe\u010dnos\u0165 z\u00e1kazn\u00edka na\u0161ou najvy\u0161\u0161ou prioritou. Aby sme sa uistili, \u017ee sp\u013a\u0148aj\u00fa najvy\u0161\u0161ie \u0161tandardy v tomto odvetv\u00ed, na\u0161e kry\u0161t\u00e1ly Lacn\u00e9 4-CL-PVP prech\u00e1dzaj\u00fa pr\u00edsnym procesom kontroly kvality. Aby sme zaistili, \u017ee pre svoj v\u00fdskum dostanete bezpe\u010dn\u00fd a spo\u013eahliv\u00fd produkt, dodr\u017eiavame v\u0161etky pr\u00edslu\u0161n\u00e9 z\u00e1kony a nariadenia. V triede pyrolidinofen\u00f3nov je 4-CLPVP ned\u00e1vno vyvinut\u00fd dizajn\u00e9rsky liek, ktor\u00fd m\u00e1 \u0161truktur\u00e1lne podobnosti s alfa-pyrolidinopentiofen\u00f3nom (-PVP). Farmakol\u00f3gia a toxicita tejto l\u00e1tky nie s\u00fa zn\u00e1me. Ste oddan\u00fd v\u00fdskumn\u00edk, ktor\u00fd pre svoj v\u00fdskum h\u013ead\u00e1 vysokokvalitn\u00e9 chemick\u00e9 zl\u00fa\u010deniny za dostupn\u00e9 ceny? Potom neh\u013eadajte ni\u010d in\u00e9 ako Cheap 4-CL-PVP Crystals, pozoruhodn\u00fd produkt, ktor\u00fd v\u00e1m pon\u00faka bezkonkuren\u010dn\u00fa spo\u013eahlivos\u0165 a hodnotu pre va\u0161e v\u00fdskumn\u00e9 \u00fasilie.         <\/p>\n<h3><strong>Objednajte si kry\u0161t\u00e1ly 4-CL-PVP<\/strong><\/h3>\n<p> Bez kompromisov v kvalite s\u00fa lacn\u00e9 kry\u0161t\u00e1ly 4-CL-PVP fantastick\u00fdm sp\u00f4sobom, ako sa ponori\u0165 hlb\u0161ie do zauj\u00edmavej oblasti deriv\u00e1tov pyrolidinofen\u00f3nu. Pomocou najnov\u0161\u00edch vedeck\u00fdch met\u00f3d s\u00fa tieto kry\u0161t\u00e1ly starostlivo vyr\u00e1ban\u00e9, aby zaru\u010dili konzistentn\u00fd a \u010dist\u00fd produkt pri ka\u017edej objedn\u00e1vke. M\u00f4\u017eete sa spo\u013eahn\u00fa\u0165 na Lacn\u00e9 kry\u0161t\u00e1ly 4-CL-PVP, ktor\u00e9 v\u00e1m poskytn\u00fa presn\u00e9 a spo\u013eahliv\u00e9 v\u00fdsledky, preto\u017ee db\u00e1me na kvalitu. Vynikaj\u00facou kvalitou Lacn\u00fdch kry\u0161t\u00e1lov 4-CL-PVP je ich n\u00edzka cena. Sna\u017e\u00edme sa pon\u00faka\u0165 konkurencieschopn\u00e9 ceny bez kompromisov v oblasti kvality alebo \u010distoty, preto\u017ee vieme, ak\u00e1 d\u00f4le\u017eit\u00e1 je efekt\u00edvnos\u0165 n\u00e1kladov vo v\u00fdskume. S Lacn\u00fdmi kry\u0161t\u00e1lmi 4-CL-PVP m\u00f4\u017eete svoj rozpo\u010det na v\u00fdskum e\u0161te viac natiahnu\u0165 a st\u00e1le z\u00edskate spo\u013eahliv\u00fa a \u00fa\u010dinn\u00fa molekulu.      <\/p>\n<h3><strong>objedna\u0165 lacn\u00e9 kry\u0161t\u00e1ly 4-CL-PVP<\/strong><\/h3>\n<p> Tieto kry\u0161t\u00e1ly maj\u00fa fascinuj\u00face vlastnosti, v\u010faka ktor\u00fdm s\u00fa ide\u00e1lne pre r\u00f4zne v\u00fdskumn\u00e9 aplik\u00e1cie. Lacn\u00e9 kry\u0161t\u00e1ly 4-CL-PVP, siln\u00fd stimulant, pon\u00fakaj\u00fa v\u00fdskumn\u00edkom pr\u00edle\u017eitos\u0165 sk\u00fama\u0165 t\u00e9my ako neuroveda, psychofarmakol\u00f3gia a \u0161t\u00fadie z\u00e1vislost\u00ed. Pomocou tejto prisp\u00f4sobivej l\u00e1tky m\u00f4\u017eete maximalizova\u0165 potenci\u00e1l v\u00e1\u0161ho v\u00fdskumu. V lek\u00e1rni Dr. Lawsons s\u00fa spokojnos\u0165 a bezpe\u010dnos\u0165 z\u00e1kazn\u00edkov na\u0161ou najvy\u0161\u0161ou prioritou. Aby sme sa uistili, \u017ee sp\u013a\u0148aj\u00fa najvy\u0161\u0161ie \u0161tandardy v tomto odvetv\u00ed, na\u0161e lacn\u00e9 kry\u0161t\u00e1ly 4-CL-PVP prech\u00e1dzaj\u00fa pr\u00edsnym procesom kontroly kvality. Aby sme zaistili, \u017ee pre svoj v\u00fdskum dostanete bezpe\u010dn\u00fd a spo\u013eahliv\u00fd produkt, dodr\u017eiavame v\u0161etky pr\u00edslu\u0161n\u00e9 z\u00e1kony a nariadenia.      &nbsp;<\/p>\n","protected":false},"excerpt":{"rendered":"<p>Tie\u017e zn\u00e1my ako 4-chl\u00f3r-alfa-pyrolidinopentiofen\u00f3n, 4-chl\u00f3r-PVP, 4Cl-PVP alebo 4C-PVP, 4-chl\u00f3r-alfa-pyrolidinovalerofen\u00f3n je 4-chl\u00f3r-alfa-pyrolidinopentiofen\u00f3n. K\u00fapte si kry\u0161t\u00e1l 4-CL-PVP a k\u00fapte si 4-CL-PVP so z\u013eavou online. Lacn\u00e9 kry\u0161t\u00e1ly 4-CL-PVP \u2013 Nak\u00fapte kry\u0161t\u00e1ly 4-CL-PVP lacno online   &nbsp;<\/p>\n","protected":false},"featured_media":18567,"comment_status":"closed","ping_status":"closed","template":"","meta":{"om_disable_all_campaigns":false,"_sitemap_exclude":false,"_sitemap_priority":"","_sitemap_frequency":"","_monsterinsights_skip_tracking":false,"_monsterinsights_sitenote_active":false,"_monsterinsights_sitenote_note":"","_monsterinsights_sitenote_category":0},"product_cat":[26712],"product_tag":[28740,28732,28723,28727,28721,28722,28728,28739,28731,28737,28736,28733,28742,28738,28741,28734,28729,28726,28735,28730,28724,28725],"class_list":{"0":"post-31977","1":"product","2":"type-product","3":"status-publish","4":"has-post-thumbnail","6":"product_cat-vyskum-chemikalii-a-psychedelika","7":"product_tag-autenticke-lacne-4-cl-pvp-krystaly-europa","8":"product_tag-kde-kupit-lacne-4-cl-pvp-krystaly-europa","9":"product_tag-kde-kupit-lacne-4-cl-pvp-krystaly-online","10":"product_tag-kolko-su-lacne-4-cl-pvp-krystaly","11":"product_tag-kupte-si-lacne-4-cl-pvp-krystaly","12":"product_tag-kupte-si-lacne-4-cl-pvp-krystaly-online","13":"product_tag-kupte-si-lacne-4-cl-pvp-krystaly-online-europa","14":"product_tag-lacne-4-cl-pvp-krystaly-dodavka-do-europy","15":"product_tag-lacne-4-cl-pvp-krystaly-doprava-zdarma-v-europe","16":"product_tag-lacne-4-cl-pvp-krystaly-europa-obchod","17":"product_tag-lacne-4-cl-pvp-krystaly-europa-ponuky","18":"product_tag-lacne-4-cl-pvp-krystaly-europa-predaj","19":"product_tag-lacne-4-cl-pvp-krystaly-europa-recenzia","20":"product_tag-lacne-4-cl-pvp-krystaly-europa-zlava","21":"product_tag-lacne-4-cl-pvp-krystaly-europski-dodavatelia","22":"product_tag-lacne-4-cl-pvp-krystaly-internetovy-obchod-europa","23":"product_tag-lacne-4-cl-pvp-krystaly-najlepsia-cena-europa","24":"product_tag-lacne-4-cl-pvp-krystaly-predaj-online","25":"product_tag-lacne-lacne-4-cl-pvp-krystaly-europa","26":"product_tag-objednajte-si-lacne-4-cl-pvp-krystaly-eu","27":"product_tag-objednajte-si-lacne-4-cl-pvp-krystaly-online","28":"product_tag-ucinky-lacnych-4-cl-pvp-krystalov","30":"first","31":"instock","32":"shipping-taxable","33":"purchasable","34":"product-type-variable","35":"farmacie-col"},"aioseo_notices":[],"_links":{"self":[{"href":"https:\/\/lacasadelamedicina.es\/sk\/wp-json\/wp\/v2\/product\/31977"}],"collection":[{"href":"https:\/\/lacasadelamedicina.es\/sk\/wp-json\/wp\/v2\/product"}],"about":[{"href":"https:\/\/lacasadelamedicina.es\/sk\/wp-json\/wp\/v2\/types\/product"}],"replies":[{"embeddable":true,"href":"https:\/\/lacasadelamedicina.es\/sk\/wp-json\/wp\/v2\/comments?post=31977"}],"wp:featuredmedia":[{"embeddable":true,"href":"https:\/\/lacasadelamedicina.es\/sk\/wp-json\/wp\/v2\/media\/18567"}],"wp:attachment":[{"href":"https:\/\/lacasadelamedicina.es\/sk\/wp-json\/wp\/v2\/media?parent=31977"}],"wp:term":[{"taxonomy":"product_cat","embeddable":true,"href":"https:\/\/lacasadelamedicina.es\/sk\/wp-json\/wp\/v2\/product_cat?post=31977"},{"taxonomy":"product_tag","embeddable":true,"href":"https:\/\/lacasadelamedicina.es\/sk\/wp-json\/wp\/v2\/product_tag?post=31977"}],"curies":[{"name":"wp","href":"https:\/\/api.w.org\/{rel}","templated":true}]}}