{"id":31884,"date":"2024-08-09T14:01:59","date_gmt":"2024-08-09T14:01:59","guid":{"rendered":"https:\/\/lacasadelamedicina.es\/product\/kupte-si-acetylfentanylovy-prasok-99-cisty-online\/"},"modified":"2024-08-09T14:01:59","modified_gmt":"2024-08-09T14:01:59","slug":"kupte-si-acetylfentanylovy-prasok-99-cisty-online","status":"publish","type":"product","link":"https:\/\/lacasadelamedicina.es\/sk\/produkt\/kupte-si-acetylfentanylovy-prasok-99-cisty-online\/","title":{"rendered":"K\u00fapte si acetylfentanylov\u00fd pr\u00e1\u0161ok (99%+ \u010dist\u00fd) online"},"content":{"rendered":"<h3>K\u00fapte si acetylfentanylov\u00fd pr\u00e1\u0161ok (99%+ \u010dist\u00fd) online<\/h3>\n<p> K\u00fapte si Acetyl Fentanyl vo forme pr\u00e1\u0161ku. Je p\u00e4\u0165kr\u00e1t silnej\u0161\u00ed ako hero\u00edn a je klasifikovan\u00fd ako opioid. Pou\u017e\u00edva sa na lie\u010dbu silnej, pretrv\u00e1vaj\u00facej bolesti, ktor\u00e1 nereaguje na in\u00e9 lieky. Tento liek je siln\u00e9 narkotick\u00e9 analgetikum. <strong>K\u00fapi\u0165 acetylfentanylov\u00fd pr\u00e1\u0161ok (99 %+ \u010dist\u00fd) online<\/strong> \u2013 <a href=\"https:\/\/drlawsonspharmacy\/contact-us\/\">KONTAKT<\/a> Acryl Fentanyl Powder (99 % + Pure) na predaj Acetylfentanyl je opioidn\u00e9 analgetikum, ktor\u00e9 z h\u013eadiska \u00fa\u013eavy od bolesti p\u00f4sob\u00ed podobne ako fentanyl. Acetylfentanyl je a\u017e 80-kr\u00e1t silnej\u0161\u00ed ako morf\u00edn a 5 a\u017e 40-kr\u00e1t silnej\u0161\u00ed ako hero\u00edn. Je 15-kr\u00e1t silnej\u0161\u00ed ako fentanyl. Acetyl Fentanyl Powder, starostlivo syntetizovan\u00e1 l\u00e1tka, ktor\u00e1 m\u00e1 v\u00fdnimo\u010dn\u00fa \u00farove\u0148 \u010distoty, v\u00e1m m\u00f4\u017ee pom\u00f4c\u0165 naplno vyu\u017ei\u0165 potenci\u00e1l v\u00e1\u0161ho v\u00fdskumu. S \u010distotou viac ako 99% umo\u017e\u0148uje tento v\u00fdnimo\u010dn\u00fd produkt prelomov\u00fd v\u00fdskum v oblasti farmaceutick\u00e9ho v\u00fdskumu a anal\u00fdzy. Acetyl Fentanyl Powder, odvoden\u00fd od dobre zn\u00e1meho opioidn\u00e9ho fentanylu, m\u00e1 siln\u00e9 analgetick\u00e9 vlastnosti, v\u010faka ktor\u00fdm je d\u00f4le\u017eit\u00fdm n\u00e1strojom pre v\u00fdskumn\u00edkov, ktor\u00ed \u0161tuduj\u00fa kontrolu bolesti, opioidn\u00e9 receptory a s\u00favisiace oblasti. V\u010faka svojej vysokej \u010distote m\u00f4\u017eete do h\u013abky \u0161tudova\u0165 komplexn\u00e9 fungovanie opioidn\u00fdch zl\u00fa\u010den\u00edn s d\u00f4verou v presn\u00e9 a spo\u013eahliv\u00e9 v\u00fdsledky.          <\/p>\n<h3>K\u00fapte si acetylfentanylov\u00fd pr\u00e1\u0161ok (99%+ \u010dist\u00fd) online<\/h3>\n<p> \u010cistota a konzistencia s\u00fa \u017eivotne d\u00f4le\u017eit\u00e9 vo v\u00fdskume a <span class=\"selectable-text copyable-text\">lek\u00e1r\u0148a Dr Lawsons<\/span> tomu rozumie. Preto sa n\u00e1\u0161 acetylfentanylov\u00fd pr\u00e1\u0161ok vyr\u00e1ba pomocou najnov\u0161\u00edch techn\u00edk synt\u00e9zy a podlieha pr\u00edsnym testom kontroly kvality. Aby sme zabezpe\u010dili reprodukovate\u013enos\u0165 a spo\u013eahlivos\u0165 v\u00e1\u0161ho v\u00fdskumu, sna\u017e\u00edme sa doda\u0165 produkt, ktor\u00fd sp\u013a\u0148a a prekra\u010duje najvy\u0161\u0161ie priemyseln\u00e9 \u0161tandardy. Vysok\u00e1 \u010distota n\u00e1\u0161ho pr\u00e1\u0161ku Acetyl Fentanyl Powder umo\u017e\u0148uje presn\u00e9 d\u00e1vkovanie a kontrolovan\u00e9 testovanie, \u010do v\u00e1m d\u00e1va istotu, ktor\u00fa potrebujete na vykonanie d\u00f4kladn\u00e9ho v\u00fdskumu. N\u00e1\u0161 produkt je \u013eahko rozpustn\u00fd v be\u017en\u00fdch rozp\u00fa\u0161\u0165adl\u00e1ch, v\u010faka \u010domu sa s n\u00edm \u013eahko manipuluje a je vhodn\u00fd pre cel\u00fd rad vedeck\u00fdch aplik\u00e1ci\u00ed.     <\/p>\n<h3><strong>Objednajte si acetylfentanylov\u00fd pr\u00e1\u0161ok (99%+ \u010dist\u00fd)<\/strong><\/h3>\n<p> Bezpe\u010dnos\u0165 je na\u0161ou prioritou \u010d\u00edslo jedna. Je d\u00f4le\u017eit\u00e9 si zapam\u00e4ta\u0165, \u017ee Acetyl Fentanyl Powder je ur\u010den\u00fd len na v\u00fdskumn\u00e9 \u00fa\u010dely a nikdy nie na \u013eudsk\u00fa spotrebu. Vyz\u00fdvame v\u00e1s, aby ste t\u00fato \u00fa\u010dinn\u00fa l\u00e1tku pou\u017e\u00edvali zodpovedne, v s\u00falade so v\u0161etk\u00fdmi platn\u00fdmi z\u00e1konmi a mor\u00e1lnymi k\u00f3dexmi. Acetyl Fentanyl Powder sa uk\u00e1\u017ee ako u\u017eito\u010dn\u00fd n\u00e1stroj pre v\u00e1\u0161 v\u00fdskum, \u010di u\u017e \u0161tudujete farmakokinetiku opioidov, sk\u00famate najnov\u0161ie techniky v lie\u010dbe bolesti alebo sk\u00famate \u00fa\u010dinky opioidov na centr\u00e1lny nervov\u00fd syst\u00e9m.    &nbsp;<\/p>\n","protected":false},"excerpt":{"rendered":"<p>K\u00fapte si acetylfentanylov\u00fd pr\u00e1\u0161ok (99%+ \u010dist\u00fd) online. na pretrv\u00e1vaj\u00facu siln\u00fa boles\u0165, ktor\u00e1 je odoln\u00e1 vo\u010di in\u00fdm liekom. Tento liek je siln\u00e9 narkotick\u00e9 analgetikum.   &nbsp;<\/p>\n","protected":false},"featured_media":18057,"comment_status":"closed","ping_status":"closed","template":"","meta":{"om_disable_all_campaigns":false,"_sitemap_exclude":false,"_sitemap_priority":"","_sitemap_frequency":"","_monsterinsights_skip_tracking":false,"_monsterinsights_sitenote_active":false,"_monsterinsights_sitenote_note":"","_monsterinsights_sitenote_category":0},"product_cat":[26712],"product_tag":[28555,28566,28558,28561,28557,28560,28565,28563,28562,28553,28550,28564,28556,28548,28551,28545,28546,28552,28559,28554,28547,28549],"class_list":{"0":"post-31884","1":"product","2":"type-product","3":"status-publish","4":"has-post-thumbnail","6":"product_cat-vyskum-chemikalii-a-psychedelika","7":"product_tag-acetyl-fentanyl-powder-cistota-99-doprava-zadarmo-v-europe","8":"product_tag-acetyl-fentanyl-powder-cistota-99-europa-recenzia","9":"product_tag-acetyl-fentanyl-powder-cistota-99-internetovy-obchod-europa","10":"product_tag-acetyl-fentanyl-powder-cistota-99-v-europe-sk-2","11":"product_tag-acetyl-fentanyl-powder-cistota-99-v-europe","12":"product_tag-acetyl-fentanyl-powder-cistota-99-v-europe-sk","13":"product_tag-acetylfentanylovy-prasok-99-cisty-europski-dodavatelia","14":"product_tag-acetylfentanylovy-prasok-cistota-99-europa-dodavka","15":"product_tag-acetylfentanylovy-prasok-cistota-99-europa-zlava","16":"product_tag-acetylfentanylovy-prasok-cistota-99-najlepsia-cena-v-europe","17":"product_tag-acetylfentanylovy-prasok-cistota-99-online-predaj","18":"product_tag-autenticky-acetylfentanylovy-prasok-cistota-99-europa","19":"product_tag-kde-kupit-acetyl-fentanyl-powder-cistota-99-europa","20":"product_tag-kde-kupit-acetylfentanylovy-prasok-99-cisty-online","21":"product_tag-kolko-je-acetylfentanylovy-prasok-99-cisty","22":"product_tag-kupit-acetyl-fentanyl-powder-99-cisty","23":"product_tag-kupit-acetyl-fentanyl-powder-99-cisty-online","24":"product_tag-kupte-si-acetylfentanylovy-prasok-cistota-99-online-v-europe","25":"product_tag-lacny-acetylfentanylovy-prasok-99-cisty-europa","26":"product_tag-objednajte-si-acetylfentanylovy-prasok-cistota-99-eu","27":"product_tag-objednat-acetyl-fentanyl-powder-99-pure-online","28":"product_tag-ucinky-prasku-acetylfentanyl-99-cisty","30":"first","31":"instock","32":"shipping-taxable","33":"purchasable","34":"product-type-variable","35":"farmacie-col"},"aioseo_notices":[],"_links":{"self":[{"href":"https:\/\/lacasadelamedicina.es\/sk\/wp-json\/wp\/v2\/product\/31884"}],"collection":[{"href":"https:\/\/lacasadelamedicina.es\/sk\/wp-json\/wp\/v2\/product"}],"about":[{"href":"https:\/\/lacasadelamedicina.es\/sk\/wp-json\/wp\/v2\/types\/product"}],"replies":[{"embeddable":true,"href":"https:\/\/lacasadelamedicina.es\/sk\/wp-json\/wp\/v2\/comments?post=31884"}],"wp:featuredmedia":[{"embeddable":true,"href":"https:\/\/lacasadelamedicina.es\/sk\/wp-json\/wp\/v2\/media\/18057"}],"wp:attachment":[{"href":"https:\/\/lacasadelamedicina.es\/sk\/wp-json\/wp\/v2\/media?parent=31884"}],"wp:term":[{"taxonomy":"product_cat","embeddable":true,"href":"https:\/\/lacasadelamedicina.es\/sk\/wp-json\/wp\/v2\/product_cat?post=31884"},{"taxonomy":"product_tag","embeddable":true,"href":"https:\/\/lacasadelamedicina.es\/sk\/wp-json\/wp\/v2\/product_tag?post=31884"}],"curies":[{"name":"wp","href":"https:\/\/api.w.org\/{rel}","templated":true}]}}