{"id":31854,"date":"2024-08-09T14:02:03","date_gmt":"2024-08-09T14:02:03","guid":{"rendered":"https:\/\/lacasadelamedicina.es\/product\/kupte-si-butylon-online\/"},"modified":"2024-08-09T14:02:03","modified_gmt":"2024-08-09T14:02:03","slug":"kupte-si-butylon-online","status":"publish","type":"product","link":"https:\/\/lacasadelamedicina.es\/sk\/produkt\/kupte-si-butylon-online\/","title":{"rendered":"K\u00fapte si butyl\u00f3n online"},"content":{"rendered":"<h1>K\u00fapte si butyl\u00f3n online<\/h1>\n<p> Internetov\u00fd obchod, ktor\u00fd pred\u00e1va butyl\u00f3n. Butylon, be\u017ene zn\u00e1my ako k-MBDB alebo B1, je syntetick\u00fd entaktog\u00e9n a stimulant, ktor\u00fd patr\u00ed do tried fenetylam\u00ednu a katin\u00f3nu. Je tie\u017e zn\u00e1my ako -keto-N-metylbenzodioxolylbut\u00e1nam\u00edn. Substituovan\u00fd metyl\u00e9ndioxy n\u00e1protivok bufedr\u00f3nu a -keto anal\u00f3g MBDB sa naz\u00fdvaj\u00fa butyl\u00f3n. K\u00fapte si Butylone online \u2013 <a href=\"https:\/\/drlawsonspharmacy\/contact-us\/\">KONTAKT<\/a> Ke\u010f\u017ee z\u00e1soba metyl\u00f3nu na trhu chemik\u00e1li\u00ed pre v\u00fdskum kles\u00e1, \u010dasto sa pred\u00e1va na ulici spolu s etyl\u00f3nom ako dizajnov\u00e1 droga, ako n\u00e1hrada alebo imit\u00e1cia pre MDMA a metyl\u00f3n (v\u0161etky s\u00fa spolo\u010dne ozna\u010dovan\u00e9 ako &#8222;molly&#8220;). Butylon a MDMA maj\u00fa podobn\u00e9 farmakologick\u00e9 a behavior\u00e1lne vlastnosti, ale ich zjavn\u00e9 subjekt\u00edvne \u00fa\u010dinky nie s\u00fa \u00faplne rovnak\u00e9. Butylon je \u00fadajne menej \u00fa\u010dinn\u00fd ako jeho pr\u00edbuzn\u00ed metyl\u00f3n a etyl\u00f3n a m\u00e1 sk\u00f4r tradi\u010dn\u00e9 stimula\u010dn\u00e9 ne\u017e entaktog\u00e9nne \u00fa\u010dinky. \u013dudia ho za\u010dali pou\u017e\u00edva\u0165 len ned\u00e1vno.        <\/p>\n<h3><strong>Objednajte si butyl\u00f3n online<\/strong><\/h3>\n<p> Syntetick\u00fd \u010dlen rodiny katin\u00f3nov, tie\u017e zn\u00e1my ako -keto-N-metylbenzodioxolylbut\u00e1nam\u00edn. Katin\u00f3ny maj\u00fa fenetylam\u00ednov\u00e9 jadro s fenylov\u00fdm kruhom pripojen\u00fdm k aminoskupine (NH2) cez etylov\u00fd re\u0165azec a in\u00fa etylov\u00fa substit\u00faciu na R. To im d\u00e1va \u0161truktur\u00e1lnu podobnos\u0165 s amfetam\u00ednmi. Alfa-metylovan\u00e9 fenetylam\u00edny (t.j. amfetam\u00edny) s\u00fa katin\u00f3ny ako butyl\u00f3n. L\u00ed\u0161ia sa v\u0161ak od nich t\u00fdm, \u017ee maj\u00fa ket\u00f3nov\u00fa funk\u010dn\u00fa skupinu (karbonylov\u00fa skupinu na R). Butylon zdie\u013ea metylov\u00fa substit\u00faciu v polohe RN s MDEA, etyl\u00f3nom, 4-MEC a niektor\u00fdmi \u010fal\u0161\u00edmi stimulantmi a entaktog\u00e9nmi. Butylon m\u00e1 tie\u017e kysl\u00edkov\u00e9 skupiny v poloh\u00e1ch R3 a R4 fenylov\u00e9ho kruhu. Tieto kysl\u00edkov\u00e9 skupiny s\u00fa integrovan\u00e9 do metyl\u00e9ndioxy kruhu prostredn\u00edctvom metyl\u00e9nov\u00e9ho re\u0165azca. Butylon m\u00e1 tie\u017e tento metyl\u00e9ndioxy kruh. P\u00f4sob\u00ed ako kombinovan\u00fd inhib\u00edtor sp\u00e4tn\u00e9ho vychyt\u00e1vania\/dopam\u00edn, noradrenal\u00edn a uvo\u013e\u0148ova\u010d seroton\u00ednu. Tieto neurotransmitery riadia motiv\u00e1ciu, pote\u0161enie, odmenu a s\u00fastredenie. Dosahuje sa to t\u00fdm, \u017ee sa neurotransmiterom br\u00e1ni v reabsorbcii po tom, \u010do dokon\u010dili svoju \u00falohu vyslania mozgov\u00e9ho impulzu. To umo\u017e\u0148uje, aby sa neurotransmitery hromadili a boli recyklovan\u00e9, \u010d\u00edm sa vytv\u00e1raj\u00fa fyziologicky stimuluj\u00face a euforick\u00e9 \u00fa\u010dinky.            <\/p>\n<h3>Kde si m\u00f4\u017eem k\u00fapi\u0165 Butylon online, viete?<\/h3>\n<p> Kde si m\u00f4\u017eem k\u00fapi\u0165 butyl\u00f3n online, kde si m\u00f4\u017eem k\u00fapi\u0165 butyl\u00f3n online, \u010do je butyl\u00f3n a kde si m\u00f4\u017eem k\u00fapi\u0165 butyl\u00f3nov\u00fd pr\u00e1\u0161ok pr\u00e9miovej kvality, to v\u0161etko s\u00fa ot\u00e1zky, ktor\u00e9 bud\u00fa zodpovedan\u00e9 ni\u017e\u0161ie. Na v\u0161etky tieto nevyrie\u0161en\u00e9 ot\u00e1zky vieme poskytn\u00fa\u0165 rie\u0161enia. M\u00f4\u017eete sa dozvedie\u0165 viac o tom, kde a ako k\u00fapi\u0165 Fentanyl tablety online jednoduch\u00fdm prehliadan\u00edm na\u0161ej webovej str\u00e1nky. A \u010do pr\u00e1\u0161kov\u00fd Butylon? Viete, kde si m\u00f4\u017eem k\u00fapi\u0165 Butylon online? Kde k\u00fapi\u0165 butyl\u00f3nov\u00fd pr\u00e1\u0161ok, Kde k\u00fapi\u0165 \u010dist\u00fd butyl\u00f3nov\u00fd pr\u00e1\u0161ok, Ako vyrobi\u0165 butyl\u00f3nov\u00fd pr\u00e1\u0161ok, Ako vyzer\u00e1 butyl\u00f3nov\u00fd pr\u00e1\u0161ok, Cena butyl\u00f3nov\u00e9ho pr\u00e1\u0161ku, Cena butyl\u00f3nov\u00e9ho pr\u00e1\u0161ku, Dod\u00e1vatelia butyl\u00f3nov\u00e9ho pr\u00e1\u0161ku, Forma butyl\u00f3nov\u00e9ho pr\u00e1\u0161ku, K\u00fapi\u0165 \u010dist\u00fd butyl\u00f3nov\u00fd pr\u00e1\u0161ok, Cena butyl\u00f3nov\u00e9ho pr\u00e1\u0161ku Je celkom pochopite\u013en\u00e9, \u017ee jednotlivci okam\u017eite ned\u00f4veruj\u00fa kvalite butyl\u00f3nov\u00e9ho pr\u00e1\u0161ku pred\u00e1van\u00e9ho online, preto\u017ee ho nem\u00f4\u017eu osobne vidie\u0165. Av\u0161ak, veci s\u00fa in\u00e9 s online dod\u00e1vate\u013emi Butylon. Tu pon\u00fakan\u00e9 produkty s\u00fa presne tak\u00e9, ak\u00e9 s\u00fa a s\u00fa \u0161pi\u010dkovo udr\u017eiavan\u00e9 pod odborn\u00fdm doh\u013eadom. R\u00fdchly &amp;amp; Diskr\u00e9tna doprava: Butylon je doru\u010den\u00fd pod\u013ea pr\u00eds\u013eubu ihne\u010f po prijat\u00ed objedn\u00e1vky. Z\u00e1sielkov\u00fd t\u00edm sa sna\u017e\u00ed, aby bol proces odoslania a doru\u010denia r\u00fdchly a jednoduch\u00fd. Ke\u010f si k\u00fapite Butylone od renomovan\u00e9ho predajcu na online trhu, m\u00f4\u017eete tie\u017e o\u010dak\u00e1va\u0165 vynikaj\u00face slu\u017eby.           &nbsp;<\/p>\n","protected":false},"excerpt":{"rendered":"<p>Butylon, be\u017ene zn\u00e1my ako k-MBDB alebo B1, je syntetick\u00fd entaktog\u00e9n a stimulant patriaci do tried fenetylam\u00ednu a katin\u00f3nu. Je tie\u017e zn\u00e1my ako -keto-N-metylbenzodioxolylbut\u00e1nam\u00edn. Substituovan\u00fd metyl\u00e9ndioxy n\u00e1protivok bufedr\u00f3nu a -keto anal\u00f3g MBDB sa naz\u00fdvaj\u00fa butyl\u00f3n.   &nbsp;<\/p>\n","protected":false},"featured_media":18597,"comment_status":"closed","ping_status":"closed","template":"","meta":{"om_disable_all_campaigns":false,"_sitemap_exclude":false,"_sitemap_priority":"","_sitemap_frequency":"","_monsterinsights_skip_tracking":false,"_monsterinsights_sitenote_active":false,"_monsterinsights_sitenote_note":"","_monsterinsights_sitenote_category":0},"product_cat":[26712],"product_tag":[28454,28445,28443,28455,28456,28450,28451,28452,28448,28453,28440,28446,28438,28441,28435,28437,28442,28449,28444,28436,28447,28439],"class_list":{"0":"post-31854","1":"product","2":"type-product","3":"status-publish","4":"has-post-thumbnail","6":"product_cat-vyskum-chemikalii-a-psychedelika","7":"product_tag-autenticky-butylone-europe","8":"product_tag-butylon-doprava-zadarmo-v-europe","9":"product_tag-butylon-za-najlepsiu-cenu-v-europe","10":"product_tag-butylone-europe-dodavatelia","11":"product_tag-butylone-europe-recenzia","12":"product_tag-butylone-europe-sa-zaobera","13":"product_tag-butylone-europe-shop-sk","14":"product_tag-butylone-europe-zlava","15":"product_tag-butylone-internetovy-obchod-europa","16":"product_tag-dorucenie-butylonu-po-europe","17":"product_tag-internetovy-predaj-butylonu","18":"product_tag-kde-kupit-butylone-europe","19":"product_tag-kde-kupit-butylone-online","20":"product_tag-kolko-je-butylone","21":"product_tag-kupit-butylone","22":"product_tag-kupit-butylone-online","23":"product_tag-kupit-butylone-online-europa","24":"product_tag-lacny-butylone-europe","25":"product_tag-objednajte-si-butylone-eu","26":"product_tag-objednat-butylone-online-sk","27":"product_tag-predaj-butylonu-v-europe","28":"product_tag-ucinky-butylonu-sk","30":"first","31":"instock","32":"shipping-taxable","33":"purchasable","34":"product-type-variable","35":"farmacie-col"},"aioseo_notices":[],"_links":{"self":[{"href":"https:\/\/lacasadelamedicina.es\/sk\/wp-json\/wp\/v2\/product\/31854"}],"collection":[{"href":"https:\/\/lacasadelamedicina.es\/sk\/wp-json\/wp\/v2\/product"}],"about":[{"href":"https:\/\/lacasadelamedicina.es\/sk\/wp-json\/wp\/v2\/types\/product"}],"replies":[{"embeddable":true,"href":"https:\/\/lacasadelamedicina.es\/sk\/wp-json\/wp\/v2\/comments?post=31854"}],"wp:featuredmedia":[{"embeddable":true,"href":"https:\/\/lacasadelamedicina.es\/sk\/wp-json\/wp\/v2\/media\/18597"}],"wp:attachment":[{"href":"https:\/\/lacasadelamedicina.es\/sk\/wp-json\/wp\/v2\/media?parent=31854"}],"wp:term":[{"taxonomy":"product_cat","embeddable":true,"href":"https:\/\/lacasadelamedicina.es\/sk\/wp-json\/wp\/v2\/product_cat?post=31854"},{"taxonomy":"product_tag","embeddable":true,"href":"https:\/\/lacasadelamedicina.es\/sk\/wp-json\/wp\/v2\/product_tag?post=31854"}],"curies":[{"name":"wp","href":"https:\/\/api.w.org\/{rel}","templated":true}]}}