{"id":31842,"date":"2024-08-09T14:02:03","date_gmt":"2024-08-09T14:02:03","guid":{"rendered":"https:\/\/lacasadelamedicina.es\/product\/kupte-si-ketamin-online\/"},"modified":"2024-08-09T14:02:03","modified_gmt":"2024-08-09T14:02:03","slug":"kupte-si-ketamin-online","status":"publish","type":"product","link":"https:\/\/lacasadelamedicina.es\/sk\/produkt\/kupte-si-ketamin-online\/","title":{"rendered":"K\u00fapte si ketam\u00edn online"},"content":{"rendered":"<h3>K\u00fapte si ketam\u00edn online.<\/h3>\n<p>&nbsp; Internetov\u00fd predaj ketam\u00ednu. NMIAD686 Ketam\u00edn HCl, halucinog\u00e9n. Online n\u00e1kupy pr\u00e9miov\u00fdch licencovan\u00fdch referen\u010dn\u00fdch kn\u00edh s\u00fa k dispoz\u00edcii na adrese <span class=\"selectable-text copyable-text\">lek\u00e1rni Dr Lawsons<\/span> mo\u017en\u00e9. <a href=\"https:\/\/dieapotheke247.com\/\">K\u00fapte si K<\/a>etamin online \u2013 <a href=\"https:\/\/drlawsonspharmacy\/contact-us\/\">KONTAKT<\/a> K\u00fapte si ketam\u00edn online, vr\u00e1tane kry\u0161t\u00e1lov ketam\u00ednu HCL, tekut\u00e9ho ketam\u00ednu, d\u00e1vkovania ketam\u00ednov\u00e9ho pr\u00e1\u0161ku a ketam\u00ednov\u00fdch liekov. K\u00fapte si Ketam\u00edn HCL v kry\u0161t\u00e1lovom pr\u00e1\u0161ku. K\u00fapte si ketam\u00ednov\u00e9 kry\u0161t\u00e1ly, tekut\u00fd ketam\u00edn, tekut\u00fd ketam\u00edn a pr\u00e1\u0161ok online na sklade. K\u00fapte si ketam\u00edn online pod obchodn\u00fdm n\u00e1zvom Ketalar. Vo v\u00e4\u010d\u0161ine pr\u00edpadov sa lieky Ketalar pou\u017e\u00edvaj\u00fa na lie\u010dbu a odpustenie anest\u00e9zie. Okrem toho sa pou\u017e\u00edva na zmiernenie bolesti a zlep\u0161enie pam\u00e4ti. Okrem toho obsahuje prvky neust\u00e1lej bolesti a ospalosti, ktor\u00e9 poskytuj\u00fa s\u00fastreden\u00fa pozornos\u0165. Srdcov\u00fd tep, d\u00fdchanie a letov\u00e9 reflexy zostali po\u010das jeho dr\u017eania do zna\u010dnej miery funk\u010dn\u00e9.          &nbsp;<\/p>\n<h2>Ketam\u00edn na predaj<\/h2>\n<p> Pri podan\u00ed inf\u00fazie je n\u00e1stup \u00fa\u010dinku minim\u00e1lny do 5 min\u00fat, pri\u010dom prim\u00e1rny \u00fa\u010dinok trv\u00e1 do 25 min\u00fat. Pravideln\u00e9 pr\u00edznaky s\u00fa psychologick\u00e9 reakcie, preto\u017ee liek u\u017e nefunguje. Reakcie m\u00f4\u017eu zah\u0155\u0148a\u0165 nepokoj, zm\u00e4tenos\u0165, z\u00e1vraty, \u00fanavu a svalov\u00e9 chvenie.   &nbsp;<\/p>\n<h2>K\u00fapte si leg\u00e1lny ketam\u00edn online<\/h2>\n<p> Zv\u00fd\u0161en\u00e9 d\u00e1vky m\u00f4\u017eu sp\u00f4sobi\u0165 v\u00e1\u017enej\u0161ie \u00fa\u010dinky, pri\u010dom pou\u017e\u00edvatelia opisuj\u00fa \u00fapln\u00e9 odpojenie od svojho tela. \u00da\u010dinky s\u00fa prezentovan\u00e9 tak, ako je zn\u00e1zornen\u00e9 v \u201eK-Opening\u201c a s\u00fa podobn\u00e9 t\u00fdm, ktor\u00e9 op\u00edsali t\u00ed, ktor\u00ed za\u017eili bl\u00edzke stretnutie so smr\u0165ou.  &nbsp;<\/p>\n<h2>Pred\u00e1m tekut\u00fd ketam\u00edn<\/h2>\n<p> Ketam\u00edn sa pou\u017e\u00edva na zmiernenie poopera\u010dnej bolesti u gener\u00e1lnych riadite\u013eov. N\u00edzke hladiny ketam\u00ednu m\u00f4\u017eu zn\u00ed\u017ei\u0165 potrebu morf\u00ednu, nevo\u013enos\u0165 a z\u00e1vraty po oper\u00e1cii. N\u00edzke d\u00e1vky ketam\u00ednu sa preto pou\u017e\u00edvaj\u00fa na lie\u010dbu zlo\u017eit\u00fdch provin\u010dn\u00fdch bolestiv\u00fdch stavov.   &nbsp;<\/p>\n<h2>Pred\u00e1m ketam\u00ednov\u00fd HCL pr\u00e1\u0161ok<\/h2>\n<p> Pred lek\u00e1rskym o\u0161etren\u00edm alebo ur\u010ditou met\u00f3dou sa ketam\u00edn pou\u017e\u00edva na vyvolanie anest\u00e9zie (strata citlivosti alebo pocitu). Preto nie s\u00fa potrebn\u00e9 ketam\u00ednov\u00e9 ambulancie na relax\u00e1ciu kostrov\u00e9ho svalstva. M\u00f4\u017ee sa pou\u017ei\u0165 aj pri in\u00fdch zdravotn\u00fdch probl\u00e9moch, ktor\u00e9 v\u00e1m predp\u00edsal v\u00e1\u0161 rodinn\u00fd lek\u00e1r. Sedat\u00edvum, ketam\u00edn. V mozgu riadi nepr\u00edjemn\u00e9 pocity. Kupujte ketam\u00edn leg\u00e1lne.      &nbsp;<\/p>\n<h2>K\u00fapte si ketam\u00edn leg\u00e1lne online<\/h2>\n<p> Klient za\u017eije ohromuj\u00faci pocit uvo\u013enenia a ob\u010das za\u017eije pocit mrav\u010denia v celom tele z intranaz\u00e1lneho ketam\u00ednu. Niektor\u00ed klienti hovoria, \u017ee maj\u00fa pocit, \u017ee sa k\u013a\u017eu, in\u00ed dokonca tvrdia, \u017ee sa c\u00edtia ako mimo svojho tela. Mnoho \u013eud\u00ed m\u00e1 nere\u00e1lne predstavy, ktor\u00e9 niekedy pre\u017eij\u00fa ich usp\u00e1vaj\u00faci \u00fa\u010dinok. Preto je d\u00f4le\u017eit\u00e9 pochopi\u0165, ako dlho trv\u00e1 inf\u00fazia ketam\u00ednu.    &nbsp;<\/p>\n<h2>Kde k\u00fapi\u0165 ketam\u00edn online<\/h2>\n<p> Kr\u00e1tkodob\u00e1 vysok\u00e1 hladina ketam\u00ednov\u00e9ho pr\u00e1\u0161ku (Ketalar) trv\u00e1 asi 60 min\u00fat. Za\u010d\u00edna sa asi 2 a\u017e 5 min\u00fat po tom, \u010do faj\u010diar alebo preh\u013ataj\u00faci dokon\u010d\u00ed porciu. Po\u010das inf\u00fazie k tomu d\u00f4jde pribli\u017ene 30 sek\u00fand po injekcii.\u201c &nbsp;<\/p>\n<h2>K\u00fapte si ketam\u00edn online bez rie\u0161enia<\/h2>\n<p> Hlavn\u00fdm efektom high je, \u017ee z\u00e1kazn\u00edk za\u017eije ohromuj\u00faci pocit uvo\u013enenia a v ur\u010dit\u00fdch pr\u00edpadoch aj pocit cel\u00e9ho tela. Niektor\u00ed klienti hovoria, \u017ee maj\u00fa pocit, \u017ee sa k\u013a\u017eu, in\u00ed dokonca tvrdia, \u017ee sa c\u00edtia ako mimo svojho tela. Mnoho \u013eud\u00ed uv\u00e1dza v\u00edzie, ktor\u00e9 trvaj\u00fa dlh\u0161ie ako usp\u00e1vacie \u00fa\u010dinky ketam\u00ednovej depresie. Najdiskr\u00e9tnej\u0161\u00ed internetov\u00fd obchod, m\u00f4\u017eete si k\u00fapi\u0165 Jwh 122 online, k\u00fapi\u0165 Jwh 018 online, k\u00fapi\u0165 Nembutal online, k\u00fapi\u0165 ketam\u00edn online, k\u00fapi\u0165 pentobarbital sodn\u00fd Nembutal, k\u00fapi\u0165 sirup proti ka\u0161\u013eu TUSSIONEX online, k\u00fapi\u0165 Actimmune online, k\u00fapi\u0165 Cinryze online, k\u00fapi\u0165 crack online, K\u00fapi\u0165 koka\u00edn online, k\u00fapi\u0165 hero\u00edn online, k\u00fapi\u0165 LSD online, k\u00fapi\u0165 tablety LSD online, k\u00fapi\u0165 roxicod\u00f3n online, k\u00fapi\u0165 fenazepam, k\u00fapi\u0165 MDPV online, k\u00fapi\u0165 kry\u0161t\u00e1ly A-PVP, k\u00fapi\u0165 JWH-200, k\u00fapi\u0165 Dilaudid online, k\u00fapi\u0165 Adderall online, k\u00fapi\u0165 Oxycontin, K\u00fapte si Xanax online, k\u00fapte si Vicodin online, k\u00fapte si mefedron online, k\u00fapte si Pure Crystal Meth online, k\u00fapte si Fentanyl online    <\/p>\n<h2>Ketam\u00ednov\u00e9 pilulky na predaj<\/h2>\n<p> Zv\u00fd\u0161en\u00e9 d\u00e1vky m\u00f4\u017eu ma\u0165 dramatickej\u0161ie \u00fa\u010dinky, pri\u010dom u\u017e\u00edvatelia deklaruj\u00fa \u00fapln\u00e9 a v\u00fdrazn\u00e9 odl\u00fa\u010denie od svojho tela. \u00da\u010dinky s\u00fa podobn\u00e9 t\u00fdm, ktor\u00e9 op\u00edsali \u013eudia, ktor\u00ed boli bl\u00edzko smrti, a tie, ktor\u00e9 boli pozorovan\u00e9 pri \u201eK-gap\u201c ketam\u00edne na \u00fazkos\u0165.  &nbsp;<\/p>\n<h2>K\u00fapte si ketam\u00ednov\u00fd pr\u00e1\u0161ok online<\/h2>\n<p> Samozrejme, existuj\u00fa reakcie na ketam\u00ednov\u00fd (Ketalar) pr\u00e1\u0161ok a tieto reakcie m\u00f4\u017eu ma\u0165 ve\u013ek\u00fd vplyv. Moment\u00e1lne reakcie m\u00f4\u017eu vies\u0165 k hrozn\u00fdm ment\u00e1lnym odch\u00fdlkam. To ist\u00e9 plat\u00ed pre ka\u017ed\u00e9 jedno psychotropn\u00e9 lie\u010divo. Preto p\u00f4\u017eitok z ment\u00e1lnej cesty z\u00e1vis\u00ed od poh\u013eadu klienta. Ke\u010f sa teda z\u00e1kazn\u00edk sna\u017e\u00ed prekona\u0165 bezn\u00e1dej. V d\u00f4sledku toho bud\u00fa fant\u00e1zie pravdepodobne nepr\u00edjemn\u00e9. pr\u00e1\u0161kov\u00fd ketam\u00edn (Ketalar)       &nbsp;<\/p>\n<h2>Kde k\u00fapi\u0165 ketam\u00edn<\/h2>\n<p> Vzh\u013eadom na sedat\u00edvne vlastnosti lieku s\u00fa \u010dasto hl\u00e1sen\u00fdmi ved\u013eaj\u0161\u00edmi \u00fa\u010dinkami zm\u00e4tenos\u0165 a celkov\u00e1 bezmocnos\u0165. Injekcia ketam\u00ednu sp\u00f4sobuje ospalos\u0165, zr\u00fdchlenie srdcov\u00e9ho tepu a zv\u00fd\u0161en\u00e9 nam\u00e1hanie krvn\u00e9ho obehu.  &nbsp;<\/p>\n<h2>K\u00fapte si ketam\u00ednov\u00fd pr\u00e1\u0161ok online<\/h2>\n<p> Kr\u00e1tkodob\u00e1 vysok\u00e1 hladina ketam\u00ednov\u00e9ho pr\u00e1\u0161ku (Ketalar) trv\u00e1 asi 60 min\u00fat. Za\u010d\u00edna sa asi 2 a\u017e 5 min\u00fat po tom, \u010do faj\u010diar alebo preh\u013ataj\u00faci dokon\u010d\u00ed porciu. K n\u00e1kupu ketam\u00ednov\u00e9ho kr\u00e9mu online doch\u00e1dza pribli\u017ene 30 sek\u00fand po inf\u00fazii, \u010do je leg\u00e1lny n\u00e1kup ketam\u00ednu.   &nbsp;<\/p>\n<h2>K\u00fapte si tekut\u00fd ketam\u00edn<\/h2>\n<p> Ketam\u00ednov\u00fd (Ketalar) pr\u00e1\u0161ok vo ve\u013ek\u00fdch d\u00e1vkach m\u00f4\u017ee sp\u00f4sobi\u0165 to, \u010do niektor\u00ed naz\u00fdvaj\u00fa \u201eK-otvorenie\u201c, ktor\u00e9 m\u00f4\u017ee zah\u0155\u0148a\u0165 znepokojuj\u00face vizu\u00e1lne a sluchov\u00e9 vizualiz\u00e1cie, ako aj \u0165a\u017ek\u00fa \u200b\u200bderealiz\u00e1ciu a ohromuj\u00face odpojenie od reality. &nbsp;<\/p>\n<h2>Ako k\u00fapi\u0165 ketam\u00edn online<\/h2>\n<p> U\u017e\u00edvatelia ketam\u00ednov\u00e9ho pr\u00e1\u0161ku (Ketalar) m\u00f4\u017eu tie\u017e za\u017ei\u0165 dos\u0165 nepr\u00edjemn\u00fd pocit, ktor\u00fd m\u00f4\u017ee by\u0165 e\u0161te v\u00e1\u017enej\u0161\u00ed. Ak to sp\u00f4sob\u00ed zvracanie, m\u00f4\u017ee to by\u0165 mimoriadne nebezpe\u010dn\u00e9, preto\u017ee je to be\u017en\u00e9 u t\u00fdch, ktor\u00ed za\u017e\u00edvaj\u00fa samostatn\u00fd neporiadok. To vytv\u00e1ra mo\u017enos\u0165, \u017ee skon\u010d\u00edte v le\u017eiacom bicykli, \u010do predstavuje skuto\u010dn\u00e9 nebezpe\u010denstvo udusenia. Ak je to mo\u017en\u00e9, polo\u017ete ju na bok alebo do stabilizovanej polohy (Ketalarov\u00fd pr\u00e1\u0161ok), aby ste tomu zabr\u00e1nili. Ak chcete z\u00edska\u0165 n\u00fadzov\u00fa lek\u00e1rsku pomoc, zavolajte na \u010d\u00edslo 911 \u010do najsk\u00f4r.     <strong>Viete, kde k\u00fapi\u0165 ketam\u00edn?<\/strong> Methylone na predaj, hodnota ketam\u00ednu, d\u00e1vkovanie ketam\u00ednu, ako vyrobi\u0165 ketam\u00edn, kde m\u00f4\u017eem z\u00edska\u0165 ketam\u00edn online, kde m\u00f4\u017eem z\u00edska\u0165 ketam\u00edn, \u010do je ketam\u00edn a vysoko kvalitn\u00fd ketam\u00edn na predaj. Na v\u0161etky tieto nevyrie\u0161en\u00e9 ot\u00e1zky vieme poskytn\u00fa\u0165 rie\u0161enia. M\u00f4\u017eete sa dozvedie\u0165 viac o tom, kde a ako k\u00fapi\u0165 ketam\u00edn online jednoduch\u00fdm prehliadan\u00edm na\u0161ej webovej str\u00e1nky. Ketam\u00edn, \u010do s n\u00edm? Viete, kde si m\u00f4\u017eem k\u00fapi\u0165 ketam\u00edn online? K\u00fapi\u0165 \u010dist\u00fd ketam\u00edn online, kde si m\u00f4\u017eem k\u00fapi\u0165 \u010dist\u00fd ketam\u00edn online, ako vyrobi\u0165 ketam\u00edn, ako ketam\u00edn vyzer\u00e1, ko\u013eko stoj\u00ed ketam\u00edn na ulici, kde k\u00fapim \u010dist\u00fd ketam\u00edn? Je \u00faplne pochopite\u013en\u00e9, \u017ee jednotlivci okam\u017eite neakceptuj\u00fa kvalitu ketam\u00ednu pred\u00e1van\u00e9ho online, preto\u017ee ho nem\u00f4\u017eu vidie\u0165 osobne. Veci s\u00fa v\u0161ak in\u00e9, pokia\u013e ide o internetov\u00fdch poskytovate\u013eov ketam\u00ednu. Tu pon\u00fakan\u00e9 produkty s\u00fa presn\u00fdm zobrazen\u00edm toho, \u010do s\u00fa, s prvotriednou \u00fadr\u017ebou vykon\u00e1vanou pod odborn\u00fdm doh\u013eadom. R\u00fdchly &amp;amp; Diskr\u00e9tna doprava: Po prijat\u00ed objedn\u00e1vky bude ketam\u00edn doru\u010den\u00fd online hne\u010f, ako to bude \u0161pecifikovan\u00e9. Prepravn\u00fd t\u00edm vynaklad\u00e1 maxim\u00e1lne \u00fasilie, aby zabezpe\u010dil r\u00fdchly a jednoduch\u00fd proces odoslania a doru\u010denia. Pri n\u00e1kupe ketam\u00ednu od renomovan\u00e9ho predajcu cez webov\u00fa str\u00e1nku sa m\u00f4\u017eete spo\u013eahn\u00fa\u0165 aj na prvotriedne slu\u017eby.            &nbsp;<\/p>\n","protected":false},"excerpt":{"rendered":"<p>Uk\u00e1zalo sa, \u017ee ketam\u00edn je \u00fa\u010dinn\u00fd pri lie\u010dbe depresie u bipol\u00e1rnych jedincov, ktor\u00ed nereagovali na antidepres\u00edva. &nbsp;<\/p>\n","protected":false},"featured_media":18117,"comment_status":"closed","ping_status":"closed","template":"","meta":{"om_disable_all_campaigns":false,"_sitemap_exclude":false,"_sitemap_priority":"","_sitemap_frequency":"","_monsterinsights_skip_tracking":false,"_monsterinsights_sitenote_active":false,"_monsterinsights_sitenote_note":"","_monsterinsights_sitenote_category":0},"product_cat":[26712],"product_tag":[28406,28410,28401,28411,28409,28396,28394,28402,28404,28399,28397,28391,28393,28398,28405,28407,28400,28392,28403,28412,28395,28408],"class_list":{"0":"post-31842","1":"product","2":"type-product","3":"status-publish","4":"has-post-thumbnail","6":"product_cat-vyskum-chemikalii-a-psychedelika","7":"product_tag-akcie-ketaminu-europe","8":"product_tag-autenticky-ketamin-europa","9":"product_tag-bezplatna-doprava-ketaminu-v-europe","10":"product_tag-dodavatelia-ketaminu-v-europe","11":"product_tag-dodavka-ketaminu-po-europe","12":"product_tag-internetovy-predaj-ketaminu","13":"product_tag-kde-kupit-ketamin-online","14":"product_tag-kde-kupit-ketamine-europe","15":"product_tag-ketamin-internetovy-obchod-europa","16":"product_tag-ketamin-za-najlepsiu-cenu-v-europe","17":"product_tag-kolko-je-ketamin","18":"product_tag-kupit-ketamin","19":"product_tag-kupit-ketamin-online","20":"product_tag-kupte-si-ketamin-online-europa","21":"product_tag-lacny-ketamin-europa","22":"product_tag-obchod-s-ketaminom-europe","23":"product_tag-objednajte-si-ketamin-eu","24":"product_tag-objednat-ketamin-online-sk","25":"product_tag-predaj-ketaminu-v-europe","26":"product_tag-prehlad-ketaminu-europe","27":"product_tag-ucinky-ketaminu-sk","28":"product_tag-zlava-na-ketamin-europa","30":"first","31":"instock","32":"shipping-taxable","33":"purchasable","34":"product-type-variable","35":"farmacie-col"},"aioseo_notices":[],"_links":{"self":[{"href":"https:\/\/lacasadelamedicina.es\/sk\/wp-json\/wp\/v2\/product\/31842"}],"collection":[{"href":"https:\/\/lacasadelamedicina.es\/sk\/wp-json\/wp\/v2\/product"}],"about":[{"href":"https:\/\/lacasadelamedicina.es\/sk\/wp-json\/wp\/v2\/types\/product"}],"replies":[{"embeddable":true,"href":"https:\/\/lacasadelamedicina.es\/sk\/wp-json\/wp\/v2\/comments?post=31842"}],"wp:featuredmedia":[{"embeddable":true,"href":"https:\/\/lacasadelamedicina.es\/sk\/wp-json\/wp\/v2\/media\/18117"}],"wp:attachment":[{"href":"https:\/\/lacasadelamedicina.es\/sk\/wp-json\/wp\/v2\/media?parent=31842"}],"wp:term":[{"taxonomy":"product_cat","embeddable":true,"href":"https:\/\/lacasadelamedicina.es\/sk\/wp-json\/wp\/v2\/product_cat?post=31842"},{"taxonomy":"product_tag","embeddable":true,"href":"https:\/\/lacasadelamedicina.es\/sk\/wp-json\/wp\/v2\/product_tag?post=31842"}],"curies":[{"name":"wp","href":"https:\/\/api.w.org\/{rel}","templated":true}]}}