{"id":31676,"date":"2024-08-09T14:02:04","date_gmt":"2024-08-09T14:02:04","guid":{"rendered":"https:\/\/lacasadelamedicina.es\/product\/kupte-si-2-fdck-prasok-a-krystal-online\/"},"modified":"2024-08-09T14:02:04","modified_gmt":"2024-08-09T14:02:04","slug":"kupte-si-2-fdck-prasok-a-krystal-online","status":"publish","type":"product","link":"https:\/\/lacasadelamedicina.es\/sk\/produkt\/kupte-si-2-fdck-prasok-a-krystal-online\/","title":{"rendered":"K\u00fapte si 2-FDCK pr\u00e1\u0161ok a kry\u0161t\u00e1l online"},"content":{"rendered":"<h3><strong>2FDCK na predaj &#8211; K\u00fapte si 2-fdck online, objednajte si 2-fdck kry\u0161t\u00e1lov\u00fd pr\u00e1\u0161ok online<\/strong><\/h3>\n<p><strong>K\u00fapte si 2-FDCK pr\u00e1\u0161ok a kry\u0161t\u00e1l online<\/strong>&#8211; K\u00fapte 2FDCK online &#8211; Pon\u00fakame pr\u00e9miov\u00e9 2-fdck na predaj v na\u0161om internetovom obchode s kanabisom. Zak\u00fapen\u00edm kry\u0161t\u00e1lu a pr\u00e1\u0161ku 2-FDCK online m\u00f4\u017eete va\u0161u polo\u017eku r\u00fdchlo doru\u010di\u0165. K\u00fapi\u0165 pr\u00e1\u0161ok a kry\u0161t\u00e1l 2-FDCK online Farmaceutick\u00e9 chemik\u00e1lie ako 2FDCK patria medzi najd\u00f4le\u017eitej\u0161ie typy l\u00e1tok a s\u00fa teraz ve\u013emi \u017eiadan\u00e9. Patr\u00ed do triedy arylcylohexylam\u00ednov medzi disociat\u00edvne lie\u010div\u00e1. Hovor\u00ed sa, \u017ee vo viacer\u00fdch smeroch pripom\u00edna rodinu PCP. Ak si chcete k\u00fapi\u0165 2-fdck online, mus\u00edte si vybra\u0165 pr\u00edslu\u0161n\u00fa webov\u00fa str\u00e1nku na zadanie objedn\u00e1vky s okam\u017eitou z\u013eavou. Bola zalo\u017een\u00e1 v roku 2015 a v\u017edy m\u00f4\u017eete zada\u0165 objedn\u00e1vku z najspo\u013eahlivej\u0161ej webovej str\u00e1nky online s nepretr\u017eit\u00fdm predajom a z\u013eavami. Chemick\u00e9 vlastnosti skupiny arylcyklohexylam\u00ednu, ktor\u00e1 obsahuje ketam\u00edn, s\u00fa rovnak\u00e9.        &nbsp;<\/p>\n<h3><strong>K\u00fapi\u0165 2-FDCK pr\u00e1\u0161ok a kry\u0161t\u00e1l online \u2013 \u010do je 2FDCK?<\/strong><\/h3>\n<p> Lek\u00e1rsky zn\u00e1my ako 2&#8242;-Fl-2-Oxo-PCM, Fluoroketamine, 2FDCK je chemick\u00e1 zl\u00fa\u010denina spojen\u00e1 s ketam\u00ednom. V nieko\u013ek\u00fdch krajin\u00e1ch sa \u010dasto uv\u00e1dza, \u017ee sa pou\u017e\u00edva ako dizajnov\u00e1 droga. Ide o ketam\u00ednov\u00fd n\u00e1protivok, kde flu\u00f3r preber\u00e1 \u00falohu trval\u00fdch l\u00e1tok. Pod\u013ea najnov\u0161\u00edch inform\u00e1ci\u00ed nie s\u00fa zn\u00e1me farmakologick\u00e9 detaily l\u00e1tky, \u010do poskytuje konkuren\u010dn\u00fa v\u00fdhodu. T\u00e1to l\u00e1tka zmier\u0148uje disocia\u010dn\u00e9 sympt\u00f3my, boles\u0165 a in\u00e9 negat\u00edvne em\u00f3cie. M\u00f4\u017eete ho pou\u017e\u00edva\u0165 s \u013eahkos\u0165ou a pohodl\u00edm a m\u00e1 lep\u0161\u00ed \u00fa\u010dinok na telo. Zaviazali sme sa prin\u00e1\u0161a\u0165 na trh vysokokvalitn\u00e9 produkty a spotrebite\u013e m\u00f4\u017ee z\u00edska\u0165 2-fdck kry\u0161t\u00e1lov\u00fd pr\u00e1\u0161ok online v USA s okam\u017eitou z\u013eavou. Zvy\u0161uje sa n\u00e1v\u0161tevnos\u0165 v d\u00f4sledku toho, \u017ee sa pou\u017e\u00edva na r\u00f4zne zdravotn\u00e9 potreby \u013eud\u00ed.        &nbsp;<\/p>\n<h3><strong>Pre\u010do by ste si mali k\u00fapi\u0165 2FDCK od n\u00e1s?<\/strong><\/h3>\n<p> Sme ide\u00e1lnou webovou str\u00e1nkou na n\u00e1kup pr\u00edrodn\u00fdch lie\u010div, preto\u017ee m\u00e1me dlhoro\u010dn\u00e9 sk\u00fasenosti s poskytovan\u00edm \u0161irok\u00e9ho sortimentu produktov s exkluz\u00edvnymi z\u013eavami. Zadan\u00edm objedn\u00e1vky prostredn\u00edctvom mobiln\u00e9ho telef\u00f3nu si m\u00f4\u017eete k\u00fapi\u0165 2-FDCK. Dod\u00e1vame v mno\u017estv\u00e1ch 1g, 5g, 25g a 50g, v\u010faka \u010domu z\u00edskate presne to, \u010do potrebujete, a u\u0161etr\u00edte peniaze.   <\/p>\n<ul>\n<li>Poskytujeme podporu 24 \u00d7 7 hod\u00edn<\/li>\n<li>Dod\u00e1vame origin\u00e1lny produkt<\/li>\n<li>100% bezpe\u010dnej\u0161ie balenie<\/li>\n<\/ul>\n<p>&nbsp;<\/p>\n<h3>K\u00fapi\u0165 2-FDCK Powder &amp;amp; Crystal Online &#8211; Ako pou\u017e\u00edva\u0165 2-FDCK?<\/h3>\n<p> Dod\u00e1va energiu, zmier\u0148uje \u00fa\u010dinky drog a \u010dist\u00ed myse\u013e. SFDCK chce za\u017ei\u0165 \u00fa\u017easn\u00fd z\u00e1\u017eitok a n\u00e1js\u0165 drogu euforickej\u0161iu. Tieto lieky umo\u017e\u0148uj\u00fa preh\u013atanie pri u\u017e\u00edvan\u00ed viac disociat\u00edvneho 2-FDCK. Navy\u0161e je zaru\u010den\u00e9, \u017ee je menej stimulovan\u00fd v porovnan\u00ed s in\u00fdmi met\u00f3dami. Na n\u00e1kup tak\u00fdchto polo\u017eiek online mus\u00edte po\u010dka\u0165 na 2FDCK na predaj, \u010d\u00edm u\u0161etr\u00edte v\u00e4\u010d\u0161inu transak\u010dn\u00e9ho poplatku.     &nbsp;<\/p>\n","protected":false},"excerpt":{"rendered":"<p>&nbsp;<\/p>\n","protected":false},"featured_media":18192,"comment_status":"closed","ping_status":"closed","template":"","meta":{"om_disable_all_campaigns":false,"_sitemap_exclude":false,"_sitemap_priority":"","_sitemap_frequency":"","_monsterinsights_skip_tracking":false,"_monsterinsights_sitenote_active":false,"_monsterinsights_sitenote_note":"","_monsterinsights_sitenote_category":0},"product_cat":[26712],"product_tag":[28141,28146,28144,28138,28143,28147,28142,28139,28134,28145,28136,28137,28128,28132,28127,28133,28126,28140,28135,28129,28131,28130],"class_list":{"0":"post-31676","1":"product","2":"type-product","3":"status-publish","4":"has-post-thumbnail","6":"product_cat-vyskum-chemikalii-a-psychedelika","7":"product_tag-2-fdck-praskove-a-kristalove-ponuky-v-europe","8":"product_tag-2-fdck-praskovych-a-kristalovych-europskych-dodavatelov","9":"product_tag-2-fdck-prasok-a-krystal-europa-dodavka","10":"product_tag-2-fdck-prasok-a-krystal-europa-predaj","11":"product_tag-2-fdck-prasok-a-krystal-europa-zlava","12":"product_tag-2-fdck-prasok-a-krystal-europe-recenzia","13":"product_tag-2-fdck-prasok-a-krystal-europe-shop","14":"product_tag-2-fdck-prasok-a-krystal-online-obchod-europa","15":"product_tag-2-fdck-prasok-a-krystal-za-najlepsiu-cenu-v-europe","16":"product_tag-autenticky-2-fdck-prasok-a-krystal-europa","17":"product_tag-bezplatna-doprava-2-fdck-prasku-a-krystalov-v-europe","18":"product_tag-kde-kupit-2-fdck-prasok-a-krystal-europe","19":"product_tag-kde-kupit-2-fdck-prasok-a-krystal-online","20":"product_tag-kolko-je-prasok-a-krystal-2-fdck","21":"product_tag-kupit-2-fdck-prasok-a-krystal-online","22":"product_tag-kupit-2-fdck-prasok-a-krystal-online-europa","23":"product_tag-kupte-si-2-fdck-prasok-a-krystal","24":"product_tag-lacny-2-fdck-prasok-a-kristal-europa","25":"product_tag-objednajte-si-2-fdck-prasok-a-krystal-eu","26":"product_tag-objednajte-si-2-fdck-prasok-a-krystal-online","27":"product_tag-online-predaj-prasku-a-krystalov-2-fdck","28":"product_tag-ucinky-prasku-a-krystalu-2-fdck-sk","30":"first","31":"instock","32":"shipping-taxable","33":"purchasable","34":"product-type-variable","35":"farmacie-col"},"aioseo_notices":[],"_links":{"self":[{"href":"https:\/\/lacasadelamedicina.es\/sk\/wp-json\/wp\/v2\/product\/31676"}],"collection":[{"href":"https:\/\/lacasadelamedicina.es\/sk\/wp-json\/wp\/v2\/product"}],"about":[{"href":"https:\/\/lacasadelamedicina.es\/sk\/wp-json\/wp\/v2\/types\/product"}],"replies":[{"embeddable":true,"href":"https:\/\/lacasadelamedicina.es\/sk\/wp-json\/wp\/v2\/comments?post=31676"}],"wp:featuredmedia":[{"embeddable":true,"href":"https:\/\/lacasadelamedicina.es\/sk\/wp-json\/wp\/v2\/media\/18192"}],"wp:attachment":[{"href":"https:\/\/lacasadelamedicina.es\/sk\/wp-json\/wp\/v2\/media?parent=31676"}],"wp:term":[{"taxonomy":"product_cat","embeddable":true,"href":"https:\/\/lacasadelamedicina.es\/sk\/wp-json\/wp\/v2\/product_cat?post=31676"},{"taxonomy":"product_tag","embeddable":true,"href":"https:\/\/lacasadelamedicina.es\/sk\/wp-json\/wp\/v2\/product_tag?post=31676"}],"curies":[{"name":"wp","href":"https:\/\/api.w.org\/{rel}","templated":true}]}}