{"id":31620,"date":"2024-08-09T14:02:04","date_gmt":"2024-08-09T14:02:04","guid":{"rendered":"https:\/\/lacasadelamedicina.es\/product\/kupte-si-metylon-online\/"},"modified":"2024-08-09T14:02:04","modified_gmt":"2024-08-09T14:02:04","slug":"kupte-si-metylon-online","status":"publish","type":"product","link":"https:\/\/lacasadelamedicina.es\/sk\/produkt\/kupte-si-metylon-online\/","title":{"rendered":"K\u00fapte si metyl\u00f3n online"},"content":{"rendered":"<h3>Metyl\u00f3n na predaj online.<\/h3>\n<p> K\u00fapte si metyl\u00f3n online. Methylone (Bk-MDMA) Online Lacn\u00e9 &#8211; Svetov\u00e1 droga Vo Ve\u013ekej Brit\u00e1nii, Eur\u00f3pe, Nemecku, Rusku a USA pred\u00e1vame lacn\u00e9 Bk-MDMA pr\u00e1\u0161ky a kry\u0161t\u00e1ly, ktor\u00e9 s\u00fa najvy\u0161\u0161ej kvality. K\u00fapte si metyl\u00f3n online \u2013 <a href=\"https:\/\/drlawsonspharmacy\/contact-us\/\">KONTAKT<\/a> Crystallized Ethylone BK-ebdp 4-CMC Clear 3-CMC Clear 4CMC Crystal Mephedrone 4mmc MDPV Methylone (bk-MDMA), tie\u017e zn\u00e1my ako Crystal 4- BMC. Metyl\u00f3n je chemick\u00e1 l\u00e1tka, ktor\u00e1 m\u00e1 mnoho podobnost\u00ed s MDMA vo svojej \u0161trukt\u00fare a \u00fa\u010dinkoch. Methylone je stimulant s miernym psychedelick\u00fdm \u00fa\u010dinkom. Naz\u00fdva sa to v\u00fdskumn\u00e1 chemik\u00e1lia, preto\u017ee ide o relat\u00edvne nov\u00fa zl\u00fa\u010deninu. Pri manipul\u00e1cii s metyl\u00f3nom je potrebn\u00e9 postupova\u0165 opatrne, preto\u017ee bol m\u00e1lo presk\u00faman\u00fd a m\u00e1lo je zn\u00e1me o jeho dlhodob\u00fdch \u00fa\u010dinkoch alebo pravdepodobnosti z\u00e1vislosti. Be\u017ene sa pred\u00e1va ako pr\u00e1\u0161ok, ale niekedy s\u00fa dostupn\u00e9 aj tablety. Tieto tablety sa m\u00f4\u017eu l\u00ed\u0161i\u0165 ve\u013ekos\u0165ou, farbou a silou, rovnako ako XTC. First Trust Chemical pred\u00e1va metyl\u00f3n v troch r\u00f4znych form\u00e1ch: obrovsk\u00e9 kry\u0161t\u00e1ly (n\u00e1\u0161 najob\u013e\u00fabenej\u0161\u00ed produkt), jemn\u00fd lie\u010div\u00fd pr\u00e1\u0161ok alebo mal\u00e9 kry\u0161t\u00e1ly. Pozrite si zoznam \u010fal\u0161\u00edch top produktov, ktor\u00e9 m\u00e1me moment\u00e1lne na sklade. Pr\u00e1ve teraz si m\u00f4\u017eete zak\u00fapi\u0165 vysokokvalitn\u00e9 produkty od First Trust Chemical.            <\/p>\n<h3>PRI N\u00c1KUPE METYL\u00d3NU BUDE S VA\u0160IM \u00da\u010cTOM ZAOBCH\u00c1DZAN\u00c9 OPATRNE<\/h3>\n<p> So v\u0161etk\u00fdmi ot\u00e1zkami predaja zaobch\u00e1dzame d\u00f4verne. Ke\u010f sa stanete z\u00e1kazn\u00edkom, inform\u00e1cie o va\u0161om \u00fa\u010dte sa nikdy nezdie\u013eaj\u00fa ani nedistribuuj\u00fa. Sk\u00f4r ne\u017e uskuto\u010dn\u00edme po\u017eadovan\u00fd predaj, m\u00f4\u017eeme v\u00e1m polo\u017ei\u0165 ur\u010dit\u00e9 ot\u00e1zky, ale to je len pre va\u0161u ochranu. Spolo\u010dnos\u0165 First Trust Chemical chce by\u0165 uzn\u00e1van\u00e1 len pre svoje vysok\u00e9 \u0161tandardy a z\u00e1v\u00e4zok k spokojnosti z\u00e1kazn\u00edkov. Akon\u00e1hle First Trust Chemical schv\u00e1li va\u0161u objedn\u00e1vku, m\u00f4\u017eete nakupova\u0165. Va\u0161e doru\u010denie je zaru\u010den\u00e9. Ak nie sme schopn\u00ed splni\u0165 objedn\u00e1vku, nem\u00f4\u017eeme garantova\u0165 predaj. Metyl\u00f3n je chemick\u00e1 l\u00e1tka, ktor\u00e1 m\u00e1 mnoho podobnost\u00ed s MDMA, pokia\u013e ide o jej \u0161trukt\u00faru a \u00fa\u010dinky. M\u00e1 mierne psychedelick\u00fd \u00fa\u010dinok a je stimulant. Naz\u00fdva sa to v\u00fdskumn\u00e1 chemik\u00e1lia, preto\u017ee ide o relat\u00edvne nov\u00fa zl\u00fa\u010deninu. Odpor\u00fa\u010da sa, aby ste pri manipul\u00e1cii s metyl\u00f3nom boli opatrn\u00ed, preto\u017ee o \u0148om bolo vykonan\u00fdch m\u00e1lo \u0161t\u00fadi\u00ed a m\u00e1lo sa vie o jeho dlhodob\u00fdch \u00fa\u010dinkoch alebo pravdepodobnosti z\u00e1vislosti. \u010casto sa pred\u00e1va ako pr\u00e1\u0161ok, no dostupn\u00e9 s\u00fa aj tablety. Tieto tablety, rovnako ako XTC, sa m\u00f4\u017eu l\u00ed\u0161i\u0165 ve\u013ekos\u0165ou, farbou a silou.             <\/p>\n<h3><strong>K\u00fapte si metyl\u00f3n online \u2013 viete, kde k\u00fapi\u0165 metyl\u00f3n?<\/strong><\/h3>\n<p> Methylone na predaj, Methylone street value, Methylone d\u00e1vkovanie, Methylone na predaj online, Methylone na predaj vo ve\u013ekom a metylone na predaj vo vysokej kvalite. Na v\u0161etky tieto nevyrie\u0161en\u00e9 ot\u00e1zky vieme poskytn\u00fa\u0165 rie\u0161enia. M\u00f4\u017eete sa dozvedie\u0165 viac o tom, kde a ako k\u00fapi\u0165 Methylone online jednoducho n\u00e1v\u0161tevou na\u0161ej webovej str\u00e1nky. Metyl\u00f3n je probl\u00e9m. Viete, kde si m\u00f4\u017eem k\u00fapi\u0165 Methylone online? K\u00fapi\u0165 metyl\u00f3n, ako vyrobi\u0165 metyl\u00f3n, ako metyl\u00f3n vyzer\u00e1, ko\u013eko stoj\u00ed metyl\u00f3n na ulici, kde k\u00fapi\u0165 metyl\u00f3n online a kde k\u00fapi\u0165 \u010dist\u00fd metyl\u00f3n. Je celkom pochopite\u013en\u00e9, \u017ee \u010dlovek nemus\u00ed hne\u010f d\u00f4verova\u0165 kvalite Methylone pon\u00fakan\u00e9ho online, preto\u017ee si ju nem\u00f4\u017ee osobne overi\u0165. S internetov\u00fdmi dod\u00e1vate\u013emi Methylone je to v\u0161ak inak. Tu pon\u00fakan\u00e9 produkty s\u00fa presne tak\u00e9, ak\u00e9 s\u00fa a s\u00fa udr\u017eiavan\u00e9 pod\u013ea najvy\u0161\u0161\u00edch \u0161tandardov pod odborn\u00fdm doh\u013eadom. R\u00fdchly &amp;amp; Diskr\u00e9tna doprava: Po prijat\u00ed objedn\u00e1vky je Methylone online doru\u010den\u00fd v s\u013e\u00fabenom \u010dasovom r\u00e1mci. Prepravn\u00fd t\u00edm rob\u00ed v\u0161etko pre to, aby bol proces odoslania a doru\u010denia r\u00fdchly a jednoduch\u00fd. Ke\u010f si k\u00fapite Methylone od \u0161pecialistu na online platforme, m\u00f4\u017eete po\u010d\u00edta\u0165 aj s prvotriednou slu\u017ebou.            &nbsp;<\/p>\n","protected":false},"excerpt":{"rendered":"<p>Stimulant s miernymi psychedelick\u00fdmi \u00fa\u010dinkami, Methylone. Naz\u00fdva sa to v\u00fdskumn\u00e1 chemik\u00e1lia, preto\u017ee ide o relat\u00edvne nov\u00fa zl\u00fa\u010deninu. Pri manipul\u00e1cii s metyl\u00f3nom je potrebn\u00e9 postupova\u0165 opatrne, preto\u017ee bolo vykonan\u00fdch m\u00e1lo \u0161t\u00fadi\u00ed a m\u00e1lo je zn\u00e1me o dlhodob\u00fdch \u00fa\u010dinkoch alebo pravdepodobnosti z\u00e1vislosti.   &nbsp;<\/p>\n","protected":false},"featured_media":18177,"comment_status":"closed","ping_status":"closed","template":"","meta":{"om_disable_all_campaigns":false,"_sitemap_exclude":false,"_sitemap_priority":"","_sitemap_frequency":"","_monsterinsights_skip_tracking":false,"_monsterinsights_sitenote_active":false,"_monsterinsights_sitenote_note":"","_monsterinsights_sitenote_category":0},"product_cat":[26712],"product_tag":[28045,28057,28048,28058,28056,28051,28049,28040,28044,28038,28039,28052,28046,28047,28041,28053,28043,28050,28054,28059,28042,28055],"class_list":{"0":"post-31620","1":"product","2":"type-product","3":"status-publish","4":"has-post-thumbnail","6":"product_cat-vyskum-chemikalii-a-psychedelika","7":"product_tag-acquistare-methylone-in-europa","8":"product_tag-autenticky-methylone-europe-sk","9":"product_tag-bezplatna-doprava-metylonu-v-europe","10":"product_tag-dodavatelia-methylone-europe","11":"product_tag-dodavka-metylonu-v-europe","12":"product_tag-internetovy-obchod-methylone-europe-sk","13":"product_tag-kde-kupit-methylone-europe","14":"product_tag-kde-kupit-methylone-online","15":"product_tag-kolko-je-metylon","16":"product_tag-kupte-si-metylon","17":"product_tag-kupte-si-metylon-online-europa","18":"product_tag-lacny-metylone-europe","19":"product_tag-metylon-za-najlepsiu-cenu-v-europe","20":"product_tag-objednajte-si-methylone-eu","21":"product_tag-objednajte-si-metylon-online","22":"product_tag-ponuky-methylone-europe","23":"product_tag-predaj-metylonu-online","24":"product_tag-predaj-metylonu-v-europe","25":"product_tag-predajna-methylone-europe","26":"product_tag-recenzia-methylone-europe","27":"product_tag-ucinky-metylonu","28":"product_tag-zlava-methylone-europe","30":"first","31":"instock","32":"shipping-taxable","33":"purchasable","34":"product-type-variable","35":"farmacie-col"},"aioseo_notices":[],"_links":{"self":[{"href":"https:\/\/lacasadelamedicina.es\/sk\/wp-json\/wp\/v2\/product\/31620"}],"collection":[{"href":"https:\/\/lacasadelamedicina.es\/sk\/wp-json\/wp\/v2\/product"}],"about":[{"href":"https:\/\/lacasadelamedicina.es\/sk\/wp-json\/wp\/v2\/types\/product"}],"replies":[{"embeddable":true,"href":"https:\/\/lacasadelamedicina.es\/sk\/wp-json\/wp\/v2\/comments?post=31620"}],"wp:featuredmedia":[{"embeddable":true,"href":"https:\/\/lacasadelamedicina.es\/sk\/wp-json\/wp\/v2\/media\/18177"}],"wp:attachment":[{"href":"https:\/\/lacasadelamedicina.es\/sk\/wp-json\/wp\/v2\/media?parent=31620"}],"wp:term":[{"taxonomy":"product_cat","embeddable":true,"href":"https:\/\/lacasadelamedicina.es\/sk\/wp-json\/wp\/v2\/product_cat?post=31620"},{"taxonomy":"product_tag","embeddable":true,"href":"https:\/\/lacasadelamedicina.es\/sk\/wp-json\/wp\/v2\/product_tag?post=31620"}],"curies":[{"name":"wp","href":"https:\/\/api.w.org\/{rel}","templated":true}]}}