{"id":31544,"date":"2024-08-09T14:02:04","date_gmt":"2024-08-09T14:02:04","guid":{"rendered":"https:\/\/lacasadelamedicina.es\/product\/kupte-si-mdai-online\/"},"modified":"2024-08-09T14:02:04","modified_gmt":"2024-08-09T14:02:04","slug":"kupte-si-mdai-online","status":"publish","type":"product","link":"https:\/\/lacasadelamedicina.es\/sk\/produkt\/kupte-si-mdai-online\/","title":{"rendered":"K\u00fapte si MDAI online"},"content":{"rendered":"<h3>K\u00fapte si MDAI online.<\/h3>\n<p> Internetov\u00fd obchod, ktor\u00fd pred\u00e1va MDAI. Odpor\u00fa\u010da sa, aby sa MDAI a v\u0161etky zvy\u0161ky fenetylam\u00ednov pon\u00fakan\u00e9 na predaj na tejto webovej str\u00e1nke pou\u017e\u00edvali na v\u00fdskumn\u00e9 a vedeck\u00e9 \u00fa\u010dely. MDA bol n\u00e1zov testovanej syntetiky. I je architektonick\u00fd liek so subatom\u00e1rnou rovnicou C10H11NO2 &#8211; HCl a potenci\u00e1lnymi fyziologick\u00fdmi a psychedelick\u00fdmi \u00fa\u010dinkami. Hodnota hmotnosti rovnice je 213,7 g\/mol. K\u00fapte si MDAI online. \u2013 <a href=\"https:\/\/drlawsonspharmacy\/contact-us\/\">KONTAKT<\/a> Ke\u010f\u017ee MDAI je nov\u00e1 chemik\u00e1lia, jej toxikologick\u00e9 a fyziologick\u00e9 vlastnosti e\u0161te nie s\u00fa zn\u00e1me. 5,6-Metyl\u00e9ndioxy-2-aminoind\u00e1n, ved\u013eaj\u0161\u00ed produkt fenetylam\u00ednu, m\u00f4\u017ee ma\u0165 energizuj\u00face a entaktog\u00e9nne \u00fa\u010dinky. K\u00fapte si MDAI online. 6,7-dihydro-5H-indeno[5,6-d]monohydrochlorid, 1,3-dioxol-6-am\u00edn a v\u0161etky ostatn\u00e9 farmaceutick\u00e9 pr\u00edpravky pred\u00e1van\u00e9 na tejto webovej str\u00e1nke sa odpor\u00fa\u010daj\u00fa na v\u00fdskum a kvantifik\u00e1ciu \u00fa\u010dely. Tento fenetylam\u00edn uchov\u00e1vajte na chladnom a suchom mieste. Bezpe\u010dnos\u0165 MDA, molekuly fenetylam\u00ednu, m\u00f4\u017ee trva\u0165 a\u017e dva roky za okolnost\u00ed, ktor\u00e9 to pr\u00e1vne umo\u017e\u0148uj\u00fa. Investujte do MDA.I online. Pre\u010do by ste si mali k\u00fapi\u0165 MDA.I od n\u00e1s? \u2605 M\u00e1me dlh\u00fa hist\u00f3riu v\u00fdmen na trhu, tak\u017ee na\u0161e sk\u00fasenosti vyu\u017eijete. \u2605 MDAI bol testovan\u00fd a overen\u00fd. \u2605 MDAI si m\u00f4\u017eete k\u00fapi\u0165 za Bitcoin, MoneyGram a Western Union alebo bankov\u00fdm prevodom. \u010co z\u00edskate, ke\u010f si od n\u00e1s k\u00fapite MDA.I? \u2013 Pevn\u00e9 vrec\u00fa\u0161ko z hlin\u00edkovej f\u00f3lie obsahuj\u00face 6,7-dihydro-5H-indeno[5,6-d]-1,3-dioxol-6-am\u00edn, monohydrochloridov\u00e1 v\u00fdskumn\u00e1 synt\u00e9za najvy\u0161\u0161ej kvality &#8211; \u010cisto sklovit\u00e1 siln\u00e1 formul\u00e1cia &#8211; \u226598 % pravosti Online ot\u00e1zky t\u00fdkaj\u00face sa MDAI, dostupn\u00e9 MDAI na n\u00e1kup, lieky MDAI, dostupn\u00fd online predaj 10 mg tabliet MDAI a inform\u00e1cie o tom, ako z\u00edska\u0165 lieky MDAI, MDAI a d\u00e1vkovanie MDAI MDAI 60 mg je mo\u017en\u00e9 zak\u00fapi\u0165, MDAI 15 mg je dostupn\u00e9 na street, MDAI pilulky s\u00fa k dispoz\u00edcii na n\u00e1kup a MDAI je tie\u017e dostupn\u00fd bez lek\u00e1rskeho predpisu. K\u00fapi\u0165 MDAI sulf\u00e1tov\u00e9 tablety, k\u00fapi\u0165 MDAI, k\u00fapi\u0165 MDAI 30 mg, k\u00fapi\u0165 MDAI pilulky online, k\u00fapi\u0165 MDAI pr\u00e1\u0161ok, k\u00fapi\u0165 MDAI, k\u00fapi\u0165 MDAI bez lek\u00e1rskeho predpisu, k\u00fapi\u0165 MDAI, k\u00fapi\u0165 MDAI, k\u00fapi\u0165 MDAI, k\u00fapi\u0165 MDAI, k\u00fapi\u0165 MDAI, k\u00fapi\u0165 MDAI, k\u00fapi\u0165 MDAI, k\u00fapi\u0165 MDAI, k\u00fapi\u0165 MDAI, k\u00fapi\u0165 MDAI, k\u00fapi\u0165 MDAI, k\u00fapi\u0165 MDAI, k\u00fapi\u0165 MDAI, k\u00fapi\u0165 MDAI, k\u00fapi\u0165 MDAI, k\u00fapi\u0165 MDAI, k\u00fapi\u0165 MDAI, k\u00fapi\u0165 MDAI, k\u00fapi\u0165 MDAI. Po celom svete poskytujeme expresn\u00e9 slu\u017eby do 1-2 dn\u00ed. Na\u0161e dod\u00e1vky s\u00fa \u00faplne bezpe\u010dn\u00e9 a expresn\u00e9, \u010d\u00edm zabezpe\u010dujeme v\u0161etk\u00fdch z\u00e1kazn\u00edkov a bal\u00edky na doru\u010denie, v\u010faka \u010domu je obchod neust\u00e1le \u00faspe\u0161n\u00fd.                     <\/p>\n<h3><strong>Viete, kde k\u00fapi\u0165 MDAI?<\/strong><\/h3>\n<p> MDAI na predaj, cena MDAI, d\u00e1vkovanie MDAI, ako vyrobi\u0165 MDAI, kde si m\u00f4\u017eem k\u00fapi\u0165 MDAI online, kde n\u00e1jdem MDAI, \u010do je MDAI a MDAI pr\u00e9miovej kvality, to v\u0161etko je mo\u017en\u00e9 zak\u00fapi\u0165. Na v\u0161etky tieto nevyrie\u0161en\u00e9 ot\u00e1zky vieme poskytn\u00fa\u0165 rie\u0161enia. M\u00f4\u017eete sa dozvedie\u0165 viac o tom, kde a ako k\u00fapi\u0165 MDAI online jednoduch\u00fdm prehliadan\u00edm na\u0161ej webovej str\u00e1nky. Ako sa porovn\u00e1va MDAI? Viete, kde k\u00fapi\u0165 MDAI online? Kde k\u00fapi\u0165 MDAI, kde z\u00edska\u0165 \u010dist\u00e9 MDAI online, ako vyrobi\u0165 MDAI, ako vyzer\u00e1 MDAI, cena MDAI a cena MDAI, to v\u0161etko s\u00fa v\u00fdrazy pou\u017e\u00edvan\u00e9 na opis n\u00e1kupu MDAI.      &nbsp;<\/p>\n<h3><strong>Objednajte si N\u00c1RO\u010cN\u00c9HO<\/strong><\/h3>\n<p> Je \u00faplne pochopite\u013en\u00e9, \u017ee spotrebitelia okam\u017eite ned\u00f4veruj\u00fa kvalite MDAI pred\u00e1van\u00e9ho online, preto\u017ee ho nem\u00f4\u017eu fyzicky skontrolova\u0165. Ale s online predajcami MDAI je to in\u00e9. Tu pon\u00fakan\u00e9 produkty s\u00fa presn\u00fdm vyjadren\u00edm toho, \u010do s\u00fa, so \u0161pi\u010dkovou \u00fadr\u017ebou vykon\u00e1vanou pod odborn\u00fdm doh\u013eadom. R\u00fdchly &amp;amp; Diskr\u00e9tna doprava: Po prijat\u00ed objedn\u00e1vky bude MDAIonline doru\u010den\u00fd v s\u013e\u00fabenom \u010dasovom r\u00e1mci. Prepravn\u00fd t\u00edm vynaklad\u00e1 ve\u013ek\u00e9 \u00fasilie, aby zabezpe\u010dil r\u00fdchly a jednoduch\u00fd proces odoslania a doru\u010denia. Ke\u010f si k\u00fapite MDAI od profesion\u00e1la na webovej str\u00e1nke online, m\u00f4\u017eete si by\u0165 ist\u00ed \u0161pi\u010dkov\u00fdmi slu\u017ebami.      &nbsp;<\/p>\n","protected":false},"excerpt":{"rendered":"<p>\u00dapln\u00fd n\u00e1zov IUPAC pre MDAI pred\u00e1van\u00fd online je 6,7-dihydro-5H-indeno[5,6-d].-1,3-dioxol-6-am\u00edn, monohydrochlorid, l\u00e1tka pou\u017e\u00edvan\u00e1 pri v\u00fdskume fenetylam\u00ednov. MDAI m\u00f4\u017ee by\u0165 entaktog\u00e9n a stimulant.  &nbsp;<\/p>\n","protected":false},"featured_media":18162,"comment_status":"closed","ping_status":"closed","template":"","meta":{"om_disable_all_campaigns":false,"_sitemap_exclude":false,"_sitemap_priority":"","_sitemap_frequency":"","_monsterinsights_skip_tracking":false,"_monsterinsights_sitenote_active":false,"_monsterinsights_sitenote_note":"","_monsterinsights_sitenote_category":0},"product_cat":[26712],"product_tag":[27837,27828,27838,27836,27831,27829,27821,27824,27820,27818,27825,27832,27826,27834,27819,27827,27823,27830,27833,27839,27822,27835],"class_list":{"0":"post-31544","1":"product","2":"type-product","3":"status-publish","4":"has-post-thumbnail","6":"product_cat-vyskum-chemikalii-a-psychedelika","7":"product_tag-autenticke-mdai-europe-sk","8":"product_tag-bezplatna-doprava-mdai-v-europe","9":"product_tag-dodavatelia-mdai-europe","10":"product_tag-dorucenie-veritelom-v-europe","11":"product_tag-internetovy-obchod-mdai-europe-sk","12":"product_tag-kde-kupit-mdai-europe","13":"product_tag-kde-kupit-mdai-online","14":"product_tag-kolko-je-mdai","15":"product_tag-kupit-mdai-online","16":"product_tag-kupit-pohladavky","17":"product_tag-kupte-si-mdai-online-v-europe","18":"product_tag-lacne-mdai-europe","19":"product_tag-mdai-najlepsia-cena-v-europe","20":"product_tag-obchod-creditor-europe","21":"product_tag-objednat-mdai-online-sk","22":"product_tag-objednavka-mdai-eu-sk","23":"product_tag-online-predaj-mdai","24":"product_tag-pohladavky-europa-predaj","25":"product_tag-ponuky-mdai-europe","26":"product_tag-preskumanie-veritela-v-europe","27":"product_tag-ucinky-mdai-sk","28":"product_tag-zlava-mdai-europe","30":"first","31":"instock","32":"shipping-taxable","33":"purchasable","34":"product-type-variable","35":"farmacie-col"},"aioseo_notices":[],"_links":{"self":[{"href":"https:\/\/lacasadelamedicina.es\/sk\/wp-json\/wp\/v2\/product\/31544"}],"collection":[{"href":"https:\/\/lacasadelamedicina.es\/sk\/wp-json\/wp\/v2\/product"}],"about":[{"href":"https:\/\/lacasadelamedicina.es\/sk\/wp-json\/wp\/v2\/types\/product"}],"replies":[{"embeddable":true,"href":"https:\/\/lacasadelamedicina.es\/sk\/wp-json\/wp\/v2\/comments?post=31544"}],"wp:featuredmedia":[{"embeddable":true,"href":"https:\/\/lacasadelamedicina.es\/sk\/wp-json\/wp\/v2\/media\/18162"}],"wp:attachment":[{"href":"https:\/\/lacasadelamedicina.es\/sk\/wp-json\/wp\/v2\/media?parent=31544"}],"wp:term":[{"taxonomy":"product_cat","embeddable":true,"href":"https:\/\/lacasadelamedicina.es\/sk\/wp-json\/wp\/v2\/product_cat?post=31544"},{"taxonomy":"product_tag","embeddable":true,"href":"https:\/\/lacasadelamedicina.es\/sk\/wp-json\/wp\/v2\/product_tag?post=31544"}],"curies":[{"name":"wp","href":"https:\/\/api.w.org\/{rel}","templated":true}]}}