{"id":31534,"date":"2024-08-09T14:02:04","date_gmt":"2024-08-09T14:02:04","guid":{"rendered":"https:\/\/lacasadelamedicina.es\/product\/kupte-si-ketaminovy-prasok-online\/"},"modified":"2024-08-09T14:02:04","modified_gmt":"2024-08-09T14:02:04","slug":"kupte-si-ketaminovy-prasok-online","status":"publish","type":"product","link":"https:\/\/lacasadelamedicina.es\/sk\/produkt\/kupte-si-ketaminovy-prasok-online\/","title":{"rendered":"K\u00fapte si ketam\u00ednov\u00fd pr\u00e1\u0161ok online"},"content":{"rendered":"<h1>K\u00fapte si ketam\u00ednov\u00fd pr\u00e1\u0161ok online.<\/h1>\n<p> Online predaj ketam\u00ednu. Ak chcete vylie\u010di\u0165 siln\u00fd stres a z\u00fafalstvo, k\u00fapte si ketam\u00ednov\u00fd pr\u00e1\u0161ok. K\u00fapi\u0165 ketam\u00ednov\u00fd pr\u00e1\u0161ok online \u2013 <a href=\"https:\/\/drlawsonspharmacy\/contact-us\/\">KONTAKT<\/a> Depresia je naj\u010dastej\u0161ou du\u0161evnou chorobou na svete a je hlavn\u00fdm prispievate\u013eom k n\u00e1rastu po\u010dtu samovr\u00e1\u017ed. V\u010faka r\u00fdchlemu n\u00e1stupu \u00fa\u010dinku <a href=\"https:\/\/dieapotheke247.com\/\">ketam\u00edn<\/a> sa st\u00e1va \u010doraz ob\u013e\u00fabenej\u0161\u00edm prostriedkom na lie\u010dbu depresie. Funguje tak, \u017ee sa navia\u017ee na NMDA receptory v mozgu, \u010d\u00edm sa zv\u00fd\u0161i koncentr\u00e1cia neurotransmiteru glutam\u00e1tu. V d\u00f4sledku toho sa aktivuj\u00fa receptory AMPA, \u010do sp\u00f4sobuje uvo\u013enenie v\u00e4\u010d\u0161ieho mno\u017estva chemik\u00e1li\u00ed. Cel\u00fd proces ovplyv\u0148uje kogn\u00edciu, n\u00e1ladu a vzorce myslenia. Okrem toho liek zlep\u0161uje komunik\u00e1ciu medzi ur\u010dit\u00fdmi oblas\u0165ami mozgu a zni\u017euje sign\u00e1ly s\u00favisiace so z\u00e1palom. Pred n\u00e1kupom ketam\u00ednov\u00e9ho pr\u00e1\u0161ku je d\u00f4le\u017eit\u00e9 uvedomi\u0165 si v\u00fdhody a nev\u00fdhody.         &nbsp;<\/p>\n<h2>K\u00fapte si ketam\u00ednov\u00fd pr\u00e1\u0161ok online od d\u00f4veryhodn\u00e9ho dod\u00e1vate\u013ea<\/h2>\n<p> Pri pou\u017e\u00edvan\u00ed liekov na predpis zo zdravotn\u00fdch d\u00f4vodov nie je ni\u010d d\u00f4le\u017eitej\u0161ie ako kvalita. V Dr. Lawsons Pharmacy m\u00e1me t\u00edm profesion\u00e1lov, ktor\u00ed vykon\u00e1vaj\u00fa kontroly kvality v r\u00f4znych f\u00e1zach, aby sme sa uistili, \u017ee dodr\u017eiavame najvy\u0161\u0161ie medzin\u00e1rodn\u00e9 \u0161tandardy. Mnoho \u013eud\u00ed malo ve\u013ek\u00fd \u00faspech s ketam\u00ednov\u00fdm pr\u00e1\u0161kom, ktor\u00fd pred\u00e1vame, a d\u00fafame, \u017ee budete ma\u0165 aj vy. Ak m\u00e1te ak\u00e9ko\u013evek ot\u00e1zky, kontaktujte n\u00e1\u0161 t\u00edm kedyko\u013evek, ke\u010f v\u00e1m to vyhovuje.    <\/p>\n<h3><\/h3>\n<p>&nbsp;<\/p>\n","protected":false},"excerpt":{"rendered":"<p>Uk\u00e1zalo sa, \u017ee ketam\u00edn je \u00fa\u010dinn\u00fd pri lie\u010dbe depresie u bipol\u00e1rnych jedincov, ktor\u00ed nereagovali na antidepres\u00edva. &nbsp;<\/p>\n","protected":false},"featured_media":18147,"comment_status":"closed","ping_status":"closed","template":"","meta":{"om_disable_all_campaigns":false,"_sitemap_exclude":false,"_sitemap_priority":"","_sitemap_frequency":"","_monsterinsights_skip_tracking":false,"_monsterinsights_sitenote_active":false,"_monsterinsights_sitenote_note":"","_monsterinsights_sitenote_category":0},"product_cat":[26712],"product_tag":[27789,27793,27794,27792,27779,27785,27777,27795,27791,27784,27787,27782,27780,27774,27776,27781,27788,27790,27783,27775,27786,27778],"class_list":{"0":"post-31534","1":"product","2":"type-product","3":"status-publish","4":"has-post-thumbnail","6":"product_cat-vyskum-chemikalii-a-psychedelika","7":"product_tag-akcie-ketaminoveho-prasku-europe","8":"product_tag-autenticky-ketaminovy-prasok-europe","9":"product_tag-dodavatelia-ketaminoveho-prasku-v-europe","10":"product_tag-dodavka-ketaminoveho-prasku-v-europe","11":"product_tag-internetovy-predaj-ketaminoveho-prasku","12":"product_tag-kde-kupit-ketamine-powder-europe","13":"product_tag-kde-kupit-ketaminovy-prasok-online","14":"product_tag-ketamine-powder-europe-recenzia","15":"product_tag-ketamine-powder-europe-zlava","16":"product_tag-ketaminovy-prasok-doprava-zadarmo-po-europe","17":"product_tag-ketaminovy-prasok-internetovy-obchod-europa","18":"product_tag-ketaminovy-prasok-za-najlepsiu-cenu-v-europe","19":"product_tag-kolko-je-ketaminovy-prasok","20":"product_tag-kupit-ketaminovy-prasok","21":"product_tag-kupit-ketaminovy-prasok-online","22":"product_tag-kupte-si-ketaminovy-prasok-online-europa","23":"product_tag-lacny-ketaminovy-prasok-v-europe","24":"product_tag-obchod-ketamine-powder-europe","25":"product_tag-objednajte-si-ketaminovy-prasok-eu","26":"product_tag-objednat-ketaminovy-prasok-online","27":"product_tag-predaj-ketaminoveho-prasku-v-europe","28":"product_tag-ucinky-ketaminoveho-prasku-sk","30":"first","31":"instock","32":"shipping-taxable","33":"purchasable","34":"product-type-variable","35":"farmacie-col"},"aioseo_notices":[],"_links":{"self":[{"href":"https:\/\/lacasadelamedicina.es\/sk\/wp-json\/wp\/v2\/product\/31534"}],"collection":[{"href":"https:\/\/lacasadelamedicina.es\/sk\/wp-json\/wp\/v2\/product"}],"about":[{"href":"https:\/\/lacasadelamedicina.es\/sk\/wp-json\/wp\/v2\/types\/product"}],"replies":[{"embeddable":true,"href":"https:\/\/lacasadelamedicina.es\/sk\/wp-json\/wp\/v2\/comments?post=31534"}],"wp:featuredmedia":[{"embeddable":true,"href":"https:\/\/lacasadelamedicina.es\/sk\/wp-json\/wp\/v2\/media\/18147"}],"wp:attachment":[{"href":"https:\/\/lacasadelamedicina.es\/sk\/wp-json\/wp\/v2\/media?parent=31534"}],"wp:term":[{"taxonomy":"product_cat","embeddable":true,"href":"https:\/\/lacasadelamedicina.es\/sk\/wp-json\/wp\/v2\/product_cat?post=31534"},{"taxonomy":"product_tag","embeddable":true,"href":"https:\/\/lacasadelamedicina.es\/sk\/wp-json\/wp\/v2\/product_tag?post=31534"}],"curies":[{"name":"wp","href":"https:\/\/api.w.org\/{rel}","templated":true}]}}