{"id":31528,"date":"2024-08-09T14:02:04","date_gmt":"2024-08-09T14:02:04","guid":{"rendered":"https:\/\/lacasadelamedicina.es\/product\/kupte-si-fentanylovy-prasok-online\/"},"modified":"2024-08-09T14:02:04","modified_gmt":"2024-08-09T14:02:04","slug":"kupte-si-fentanylovy-prasok-online","status":"publish","type":"product","link":"https:\/\/lacasadelamedicina.es\/sk\/produkt\/kupte-si-fentanylovy-prasok-online\/","title":{"rendered":"K\u00fapte si fentanylov\u00fd pr\u00e1\u0161ok online"},"content":{"rendered":"<h1>K\u00fapte si fentanylov\u00fd pr\u00e1\u0161ok online<\/h1>\n<p> Fentanylov\u00fd pr\u00e1\u0161ok na predaj online, \u00fa\u017easn\u00fd syntetick\u00fd opioidn\u00fd liek proti bolesti Fentanylov\u00fd pr\u00e1\u0161ok je svojimi \u00fa\u010dinkami podobn\u00fd morf\u00ednu, ale je 50 a\u017e mnohon\u00e1sobne silnej\u0161\u00ed.3 Je to liek pod\u013ea sch\u00e9my II, ktor\u00fd mus\u00ed pod\u00e1va\u0165 lek\u00e1r.4 Zvy\u010dajne sa pou\u017e\u00edva na lie\u010dbu pacientov s neznesite\u013enou boles\u0165 alebo na kontrolu bolesti po oper\u00e1cii. Pr\u00edle\u017eitostne sa pou\u017e\u00edva aj na lie\u010dbu \u013eud\u00ed s chronickou boles\u0165ou, ktor\u00ed netoleruj\u00fa in\u00e9 opioidy.5 V medic\u00edne je fentanyl zn\u00e1my pod n\u00e1zvami ako Actiq, Duragesic a Sublimaze. Apache, China Girl, China White, Dance Fever, Friend, Goodfella, Jackpot, Murder 8, TNT a Tango and Cash s\u00fa niektor\u00e9 z n\u00e1zvov ul\u00edc pre fentanyl alebo hero\u00edn, ktor\u00fd obsahuje fentanyl. K\u00fapi\u0165 fentanylov\u00fd pr\u00e1\u0161ok online &#8211;       <a href=\"https:\/\/drlawsonspharmacy\/contact-us\/\">KONTAKT<\/a><\/p>\n<h3>Ako \u013eudia u\u017e\u00edvaj\u00fa Fentanyl?<\/h3>\n<p> Fentanyl sa \u010dasto pod\u00e1va prostredn\u00edctvom inf\u00fazi\u00ed, transderm\u00e1lnych fix\u00e1ci\u00ed alebo pastiliek, ak to predpisuje lek\u00e1r.6 Fentanyl a anal\u00f3gy fentanylu spojen\u00e9 s ned\u00e1vnym pred\u00e1vkovan\u00edm sa v\u0161ak distribuuj\u00fa z tajn\u00fdch laborat\u00f3ri\u00ed.7 Tento neliekov\u00fd fentanyl sa pon\u00faka na predaj v nasleduj\u00facich form\u00e1ch : ako pr\u00e1\u0161ok, nasypan\u00fd na pijav\u00fd papier, v kombin\u00e1cii s hero\u00ednom alebo ako jeho n\u00e1hrada, alebo vo forme piluliek, ktor\u00e9 napodob\u0148uj\u00fa in\u00e9, menej siln\u00e9 opioidy.8 Fentanyl sa m\u00f4\u017ee konzumova\u0165 peror\u00e1lne, grcka\u0165, pod\u00e1va\u0165 inf\u00faziou alebo absorbova\u0165 cez sliznice vlo\u017eenie pijav\u00e9ho papiera do \u00fast.    <\/p>\n<h3>Ak\u00e9 s\u00fa \u00fa\u010dinky fentanylu na mozog?<\/h3>\n<p> Fentanyl \u00fa\u010dinkuje podobne ako hero\u00edn, morf\u00edn a in\u00e9 narkotik\u00e1 t\u00fdm, \u017ee sa via\u017ee na narkotick\u00e9 receptory tela, ktor\u00e9 sa nach\u00e1dzaj\u00fa v oblastiach mozgu, ktor\u00e9 reguluj\u00fa boles\u0165 a em\u00f3cie.9 Narkotik\u00e1 m\u00f4\u017eu zv\u00fd\u0161i\u0165 hladiny dopam\u00ednu v odme\u0148ovac\u00edch oblastiach ve\u013ek\u00e9ho mozgu t\u00fdm, \u017ee sa na ne navia\u017eu. receptory, \u010do vedie k vysoko podobn\u00e9mu stavu.9 \u00da\u010dinky fentanylu s\u00fa podobn\u00e9 \u00fa\u010dinkom hero\u00ednu a zah\u0155\u0148aj\u00fa euf\u00f3riu, vy\u010derpanie, nevo\u013enos\u0165, chaos, ob\u0161trukciu, sed\u00e1ciu, odolnos\u0165, fix\u00e1ciu, d\u00fdchacie \u0165a\u017ekosti a zachytenie, zjavnos\u0165, stav podobn\u00fd tranzu a smr\u0165.   <\/p>\n<h3>Pozn\u00e1te nejak\u00e9 online zdroje fentanylu?<\/h3>\n<p> Kde si m\u00f4\u017eem k\u00fapi\u0165 fentanylov\u00fd pr\u00e1\u0161ok online, kde si m\u00f4\u017eem k\u00fapi\u0165 fentanyl online, \u010do je fentanyl a pr\u00e9miov\u00fd fentanylov\u00fd pr\u00e1\u0161ok na predaj. Fentanylov\u00fd pr\u00e1\u0161ok na predaj, fentanylov\u00fd pr\u00e1\u0161ok na ulici, d\u00e1vkovanie fentanylu a ako vyrobi\u0165 fentanylov\u00fd pr\u00e1\u0161ok. Na v\u0161etky tieto nevyrie\u0161en\u00e9 ot\u00e1zky vieme poskytn\u00fa\u0165 rie\u0161enia. M\u00f4\u017eete sa dozvedie\u0165 viac o tom, kde a ako k\u00fapi\u0165 fentanylov\u00fd pr\u00e1\u0161ok online jednoduch\u00fdm prehliadan\u00edm na\u0161ej webovej str\u00e1nky. A \u010do fentanylov\u00fd pr\u00e1\u0161ok? Viete, kde k\u00fapi\u0165 Fentanyl online? K\u00fapi\u0165 fentanylov\u00fd pr\u00e1\u0161ok, fentanylov\u00fd pr\u00e1\u0161ok na predaj, ako vyrobi\u0165 fentanylov\u00fd pr\u00e1\u0161ok, ako vyzer\u00e1 fentanylov\u00fd pr\u00e1\u0161ok, pouli\u010dn\u00e1 hodnota pr\u00e1\u0161ku fentanylu, n\u00e1klady na fentanylov\u00fd pr\u00e1\u0161ok, kde k\u00fapi\u0165 fentanylov\u00fd pr\u00e1\u0161ok, \u010dist\u00fd fentanylov\u00fd pr\u00e1\u0161ok, dod\u00e1vatelia pr\u00e1\u0161ku fentanylu, kde sa d\u00e1 K\u00fapim fentanylov\u00fd pr\u00e1\u0161ok online a cena fentanylov\u00e9ho pr\u00e1\u0161ku       <\/p>\n<h3>K\u00fapte si fentanylov\u00fd pr\u00e1\u0161ok online<\/h3>\n<p> Je celkom pochopite\u013en\u00e9, \u017ee jednotlivci okam\u017eite neprijm\u00fa kvalitu Fentanyl Powder pred\u00e1van\u00e9ho online, preto\u017ee si ju nem\u00f4\u017eu osobne overi\u0165. In\u00e1 situ\u00e1cia je v\u0161ak u online dod\u00e1vate\u013eov Fentanyl Powder. Tu pon\u00fakan\u00e9 produkty s\u00fa presne tak\u00e9, ak\u00e9 s\u00fa a s\u00fa \u0161pi\u010dkovo servisovan\u00e9 pod odborn\u00fdm doh\u013eadom. R\u00fdchly &amp;amp; Diskr\u00e9tna doprava: Fentanylov\u00fd pr\u00e1\u0161ok je doru\u010den\u00fd pod\u013ea pr\u00eds\u013eubu ihne\u010f po prijat\u00ed objedn\u00e1vky. Prepravn\u00fd t\u00edm rob\u00ed v\u0161etko pre to, aby bol proces odoslania a doru\u010denia r\u00fdchly a jednoduch\u00fd. Ke\u010f si k\u00fapite Fentanyl pr\u00e1\u0161ok od renomovan\u00e9ho internetov\u00e9ho predajcu, m\u00f4\u017eete o\u010dak\u00e1va\u0165 aj prvotriedne slu\u017eby.      &nbsp;<\/p>\n","protected":false},"excerpt":{"rendered":"<p>V porovnan\u00ed s morf\u00ednom je fentanyl siln\u00e9 syntetick\u00e9 opioidn\u00e9 analgetikum, ktor\u00e9 je 50- a\u017e 100-kr\u00e1t \u00fa\u010dinnej\u0161ie.1,2 Je to liek na predpis zo zoznamu II3 a zvy\u010dajne sa pou\u017e\u00edva na zvl\u00e1danie bolesti po oper\u00e1cii alebo na lie\u010dbu jedincov so silnou boles\u0165ou. &nbsp;<\/p>\n","protected":false},"featured_media":18612,"comment_status":"closed","ping_status":"closed","template":"","meta":{"om_disable_all_campaigns":false,"_sitemap_exclude":false,"_sitemap_priority":"","_sitemap_frequency":"","_monsterinsights_skip_tracking":false,"_monsterinsights_sitenote_active":false,"_monsterinsights_sitenote_note":"","_monsterinsights_sitenote_category":0},"product_cat":[26712],"product_tag":[27767,27771,27770,27762,27772,27764,27773,27768,27769,27765,27760,27763,27754,27758,27752,27759,27753,27766,27761,27755,27757,27756],"class_list":{"0":"post-31528","1":"product","2":"type-product","3":"status-publish","4":"has-post-thumbnail","6":"product_cat-vyskum-chemikalii-a-psychedelika","7":"product_tag-akcie-fentanyl-powder-europe","8":"product_tag-autenticky-fentanylovy-prasok-europe","9":"product_tag-dodavka-fentanyl-powder-europe","10":"product_tag-fentanyl-powder-doprava-zadarmo-po-europe","11":"product_tag-fentanyl-powder-europe-dodavatelia","12":"product_tag-fentanyl-powder-europe-predaj","13":"product_tag-fentanyl-powder-europe-recenzia","14":"product_tag-fentanyl-powder-europe-shop-sk","15":"product_tag-fentanyl-powder-europe-zlava","16":"product_tag-fentanyl-powder-internetovy-obchod-europa","17":"product_tag-fentanylovy-prasok-za-najlepsiu-cenu-v-europe","18":"product_tag-kde-kupit-fentanyl-powder-europe","19":"product_tag-kde-kupit-fentanylovy-prasok-online","20":"product_tag-kolko-je-fentanylovy-prasok","21":"product_tag-kupit-fentanyl-powder","22":"product_tag-kupte-si-fentanyl-powder-online-europa","23":"product_tag-kupte-si-fentanylovy-prasok-online","24":"product_tag-lacny-fentanyl-powder-europe","25":"product_tag-objednajte-si-fentanyl-powder-eu","26":"product_tag-objednat-fentanylovy-prasok-online","27":"product_tag-online-predaj-fentanylu-v-prasku","28":"product_tag-ucinky-fentanylu-v-prasku-sk","30":"first","31":"instock","32":"shipping-taxable","33":"purchasable","34":"product-type-variable","35":"farmacie-col"},"aioseo_notices":[],"_links":{"self":[{"href":"https:\/\/lacasadelamedicina.es\/sk\/wp-json\/wp\/v2\/product\/31528"}],"collection":[{"href":"https:\/\/lacasadelamedicina.es\/sk\/wp-json\/wp\/v2\/product"}],"about":[{"href":"https:\/\/lacasadelamedicina.es\/sk\/wp-json\/wp\/v2\/types\/product"}],"replies":[{"embeddable":true,"href":"https:\/\/lacasadelamedicina.es\/sk\/wp-json\/wp\/v2\/comments?post=31528"}],"wp:featuredmedia":[{"embeddable":true,"href":"https:\/\/lacasadelamedicina.es\/sk\/wp-json\/wp\/v2\/media\/18612"}],"wp:attachment":[{"href":"https:\/\/lacasadelamedicina.es\/sk\/wp-json\/wp\/v2\/media?parent=31528"}],"wp:term":[{"taxonomy":"product_cat","embeddable":true,"href":"https:\/\/lacasadelamedicina.es\/sk\/wp-json\/wp\/v2\/product_cat?post=31528"},{"taxonomy":"product_tag","embeddable":true,"href":"https:\/\/lacasadelamedicina.es\/sk\/wp-json\/wp\/v2\/product_tag?post=31528"}],"curies":[{"name":"wp","href":"https:\/\/api.w.org\/{rel}","templated":true}]}}