{"id":31512,"date":"2024-08-09T14:02:08","date_gmt":"2024-08-09T14:02:08","guid":{"rendered":"https:\/\/lacasadelamedicina.es\/product\/kupte-si-caluanie-muelear-oxidize-online\/"},"modified":"2024-08-09T14:02:08","modified_gmt":"2024-08-09T14:02:08","slug":"kupte-si-caluanie-muelear-oxidize-online","status":"publish","type":"product","link":"https:\/\/lacasadelamedicina.es\/sk\/produkt\/kupte-si-caluanie-muelear-oxidize-online\/","title":{"rendered":"K\u00fapte si Caluanie Muelear Oxidize online"},"content":{"rendered":"<h3>Caluanie Muelear Oxidize na predaj &#8211; K\u00fapte si Caluanie Muelear Oxidize online<\/h3>\n<p> Popredn\u00fd dod\u00e1vate\u013e v USA v s\u00fa\u010dasnosti pon\u00faka caluanie nukle\u00e1rny oxid na predaj online. N\u00e1\u0161 t\u00edm v\u00e1m pom\u00f4\u017ee n\u00e1js\u0165 najlep\u0161ie ponuky na vysoko kvalitn\u00fd cauanie muelear oxidise online. K\u00fapte si e\u0161te dnes! K\u00fapi\u0165 Caluanie Muelear Oxidize online -K\u00fapi\u0165 Caluanie Muelear Oxidize online    <a href=\"https:\/\/drlawsonspharmacy\/contact-us\/\">KONTAKT<\/a><\/p>\n<h3>Bol jeho Caluanie Muelear oxidovan\u00fd?<\/h3>\n<p> Svetlohned\u00e1, visk\u00f3zna kvapalina naz\u00fdvan\u00e1 chemik\u00e1lia Caluanie sa vyr\u00e1ba transesterifik\u00e1ciou roztoku surov\u00e9ho palmov\u00e9ho oleja. V 99 % pr\u00edpadov sa na v\u00fdrobu surovej caluany pou\u017e\u00edva muele\u00e1rny oxid. Vynikaj\u00faca chemik\u00e1lia s potenci\u00e1lnymi glob\u00e1lnymi aplik\u00e1ciami v sektoroch centralizovanej chemickej v\u00fdroby je pasteriza\u010dn\u00e1 tov\u00e1re\u0148. Pon\u00fakame na predaj z\u00e1sobu Caluanie Muelear Oxidise. Caluanie muelear oxidise sa pou\u017e\u00edva na spracovanie a br\u00fasenie drah\u00fdch kame\u0148ov a \u0161peci\u00e1lnych kovov. V chemickom priemysle sa pou\u017e\u00edva na spracovanie drahokamov a polodrahokamov a na br\u00fasenie kovov. S jedn\u00fdm pol\u00e1rnym a jedn\u00fdm nepol\u00e1rnym koncom mo\u017eno na odstr\u00e1nenie \u0161kv\u0155n pou\u017ei\u0165 priemern\u00e9 chemick\u00e9 roztoky Calianie.       <\/p>\n<h3><strong>K\u00fapi\u0165 Caluanie Muelear Oxidize<\/strong><\/h3>\n<p> Caluanie sa \u010dasto pou\u017e\u00edva ako hygroskopick\u00e1 n\u00e1hrada vo farb\u00e1ch a chemik\u00e1li\u00e1ch. \u010casto ho pou\u017e\u00edvaj\u00fa n\u00e1tery, farby, polym\u00e9ry a tla\u010diarensk\u00e9 farby. Caluanie Chemical Solution je molekula odstra\u0148uj\u00faca \u0161kvrny s jedn\u00fdm pol\u00e1rnym a jedn\u00fdm nepol\u00e1rnym koncom. S\u00fa schopn\u00e9 podporova\u0165 nerozpustn\u00e9 emulga\u010dn\u00e9 zmesi. Touto chemik\u00e1liou je mo\u017en\u00e9 odstr\u00e1ni\u0165 mastnotu, gumov\u00fd cement, \u0161kvrny od pera, lepidlo a lak na nechty. T\u00e1to chemik\u00e1lia m\u00f4\u017ee by\u0165 obsiahnut\u00e1 v odlakova\u010di na nechty. Pre neobmedzen\u00e9 pou\u017e\u00edvanie sa v\u0161ak odpor\u00fa\u010da k\u00fapi\u0165 Normal Caluanie vo f\u013ea\u0161iach v na\u0161om internetovom obchode. Pou\u017e\u00edva sa v chemickom priemysle na drvenie kovov a v\u00fdrobu vz\u00e1cnych a polodrahokamov. S jedn\u00fdm pol\u00e1rnym a jedn\u00fdm nepol\u00e1rnym koncom sa na odstr\u00e1nenie \u0161kv\u0155n pou\u017e\u00edva molekula zn\u00e1ma ako Cauanie Muelear Oxide. M\u00f4\u017ee pom\u00f4c\u0165 emulgova\u0165 l\u00e1tky, ktor\u00e9 s\u00fa be\u017ene nerozpustn\u00e9. Touto chemik\u00e1liou je mo\u017en\u00e9 odstr\u00e1ni\u0165 mastnotu, gumov\u00fd cement, \u0161kvrny od pera, lepidlo a lak na nechty. T\u00e1to l\u00e1tka m\u00f4\u017ee by\u0165 obsiahnut\u00e1 v odlakova\u010di na nechty. Na v\u0161eobecn\u00e9 pou\u017eitie sa v\u0161ak odpor\u00fa\u010da k\u00fapi\u0165 si Normal Caluanie vo f\u013ea\u0161iach z n\u00e1\u0161ho internetov\u00e9ho obchodu Buy Caluanie Muelear Oxidise Online.             <\/p>\n<h3>Ako si m\u00f4\u017eem k\u00fapi\u0165 Caluanie muelear oxidize?<\/h3>\n<p> S\u00fa schopn\u00e9 podporova\u0165 nerozpustn\u00e9 emulga\u010dn\u00e9 zmesi. Internetov\u00fd obchod na n\u00e1kup Cauanie Muelear Oxidise. Ak chcete k\u00fapi\u0165 najlep\u0161\u00ed produkt, kontaktujte n\u00e1s Dr. Lawsons Pharmacy. Nesklameme v\u00e1s. Z\u00e1kazn\u00edci na celom svete oce\u0148uj\u00fa na\u0161e produkty a slu\u017eby, ktor\u00e9 sa vyzna\u010duj\u00fa vysokou \u010distotou a st\u00e1lou kvalitou. Posledn\u00e9 desa\u0165ro\u010die sme str\u00e1vili v\u00fdskumom zl\u00fa\u010den\u00edn a m\u00e1me o nich vynikaj\u00face znalosti. Pon\u00fakame d\u00f4veryhodn\u00fdch dod\u00e1vate\u013eov v\u00fdskumn\u00fdch chemik\u00e1li\u00ed. Doru\u010denie zvy\u010dajne trv\u00e1 p\u00e4\u0165 a\u017e desa\u0165 dn\u00ed. Na\u0161im z\u00e1kazn\u00edkom pon\u00fakame prvotriedne pokyny na op\u00e4tovn\u00e9 odoslanie. Najmodernej\u0161ie techniky balenia zaru\u010duj\u00fa, \u017ee kvalita na\u0161ich produktov je absol\u00fatne zaru\u010den\u00e1. Tento ohov\u00e1ra\u010dsk\u00fd muele\u00e1rny oxid m\u00e1me skladom vo forme pasty. Partuerize Caluanie Muelear Oxidise je k dispoz\u00edcii so vzorkami.            <\/p>\n<h3>K\u00fapte si Caluanie Muelear Oxidize online<\/h3>\n<p> Na z\u00e1klade transmogeniz\u00e1cie 99 % roztoku Caluanie zo surov\u00e9ho palmov\u00e9ho oleja je Caluanie svetlohned\u00e1 kvapalina. Bol vyvinut\u00fd spolo\u010dnos\u0165ou, ktor\u00e1 vyr\u00e1ba Muelear Oxidise Pasteurise, pr\u00e9miov\u00fa chemik\u00e1liu s viacer\u00fdmi aplik\u00e1ciami. Najviac ho vyu\u017e\u00edva chemick\u00fd centralizovan\u00fd spracovate\u013esk\u00fd sektor. Caluanie Muelear oxidise si m\u00f4\u017eete \u013eahko k\u00fapi\u0165 na trhu.    <\/p>\n<h3><strong>Najlep\u0161ie Caluanie Muelear Oxidize<\/strong><\/h3>\n<p> Je zn\u00e1my ako hygroskopick\u00fd prostriedok v chemickom priemysle a priemysle farieb. Priemysel farieb, n\u00e1terov, atramentov a plastov ho vo ve\u013ekej miere vyu\u017e\u00edva. Kv\u00f4li svojim \u0165a\u017e\u0161\u00edm at\u00f3mom vod\u00edka ako typick\u00e9 at\u00f3my vod\u00edka je Cauanie tie\u017e zn\u00e1my ako \u0165a\u017ek\u00e1 voda. T\u00e1to chemik\u00e1lia je ur\u010den\u00e1 na rozklad a spa\u013eovanie oxidov kovov bez toho, aby reagovala s in\u00fdmi l\u00e1tkami. Aby ru\u010dn\u00e1 manipul\u00e1cia nemala \u017eiadne negat\u00edvne d\u00f4sledky, bola t\u00e1to bezfarebn\u00e1 kvapalina testovan\u00e1 v laborat\u00f3ri\u00e1ch. Caluanie Muelear oxidise je bezpe\u010dn\u00fd a \u010dist\u00fd, tak\u017ee si ho m\u00f4\u017eete bez v\u00e1hania k\u00fapi\u0165 v internetovom obchode.      <\/p>\n<h3>Ako pou\u017e\u00edvate Caluanie Muelear Oxidize?<\/h3>\n<p> Chemik\u00e1lie sa \u010dasto pou\u017e\u00edvaj\u00fa v r\u00f4znych aplik\u00e1ci\u00e1ch vo v\u0161etk\u00fdch priemyseln\u00fdch odvetviach. Kovopriemysel a chemick\u00fd priemysel predstavuje ve\u013ek\u00fd dopyt po produkte Caluanie Muelear Oxidise. Caluanie Muelear oxidise je k dispoz\u00edcii od renomovan\u00e9ho dod\u00e1vate\u013ea. Najd\u00f4le\u017eitej\u0161ie aplik\u00e1cie s\u00fa uveden\u00e9 ni\u017e\u0161ie:    <\/p>\n<ul>\n<li>Emulg\u00e1cia<\/li>\n<li>Chemick\u00e9 br\u00fasenie kovov<\/li>\n<li>Spracovanie kovov\u00fdch armat\u00far<\/li>\n<li>Odstra\u0148uje l\u00e1tky, ktor\u00e9 in\u00e9 chemik\u00e1lie nedok\u00e1\u017eu odstr\u00e1ni\u0165.<\/li>\n<li>Odstra\u0148ovanie \u0161kv\u0155n<\/li>\n<li>Zu\u0161\u013each\u0165ovanie drahokamov a polodrahokamov<\/li>\n<\/ul>\n<p> Ak h\u013ead\u00e1te miesto na lacn\u00fd n\u00e1kup Caluanie Muelear Oxidate, n\u00e1jdete najlep\u0161ieho online predajcu na trhu. Pon\u00fakaj\u00fa r\u00fdchlu a bezpe\u010dn\u00fa prepravu a doru\u010denie do cel\u00e9ho sveta, ako aj ve\u013emi diskr\u00e9tny produkt. Je to najspo\u013eahlivej\u0161\u00ed online predajca v Caluanie, ktor\u00fd pon\u00faka produkty najvy\u0161\u0161ej kvality dostupn\u00e9 online a pon\u00faka mal\u00e9 aj ve\u013ek\u00e9 objedn\u00e1vky s v\u010dasn\u00fdm doru\u010den\u00edm, ako bolo s\u013e\u00faben\u00e9. Najlep\u0161ou vo\u013ebou pre t\u00fdch, ktor\u00ed si nie s\u00fa ist\u00ed, kde k\u00fapi\u0165 Caluanie Muelear oxidise, je online predajca.    <\/p>\n<h3>Pre\u010do k\u00fapi\u0165 Caluanie Muelear Oxidize od Dr. Lawsonsa?<\/h3>\n<p> Dr. Lawsons Pharmacy sa zaviazala e\u0161te viac posun\u00fa\u0165 zabezpe\u010denie kvality a vytv\u00e1ranie hodn\u00f4t. Caluanie Muelear oxidise je k dispoz\u00edcii v na\u0161om obchode za prijate\u013en\u00e9 ceny. Pon\u00fakame spr\u00e1vne poradenstvo a tie\u017e sa star\u00e1me o bezpe\u010dnos\u0165 z\u00e1kazn\u00edkov. Ak chcete <a href=\"https:\/\/dieapotheke247.com\/\">aby sme vyhoveli <\/a>\u0161pecifick\u00fdm potreb\u00e1m, m\u00f4\u017eeme na\u0161e slu\u017eby prisp\u00f4sobi\u0165. A ak m\u00e1te ak\u00e9ko\u013evek obavy alebo ot\u00e1zky, nev\u00e1hajte kontaktova\u0165 na\u0161ich odborn\u00edkov. Aby ste zabr\u00e1nili po\u017eitiu alebo kontaktu s poko\u017ekou pri manipul\u00e1cii s t\u00fdmito chemik\u00e1liami, mali by ste ma\u0165 z\u00e1kladn\u00e9 znalosti o manipul\u00e1cii s chemik\u00e1liami a bezpe\u010dnom skladovan\u00ed. Mali by ste nosi\u0165 aj ochrann\u00fd odev. Caluanie Muelear Oxidize online n\u00e1kup        &nbsp;<\/p>\n","protected":false},"excerpt":{"rendered":"<p>Caluanie Muelear Oxidize na predaj &#8211; K\u00fapte si Caluanie Muelear Oxidize online Popredn\u00fd dod\u00e1vate\u013e v USA v s\u00fa\u010dasnosti pon\u00faka caluanie nukle\u00e1rny oxid na predaj online. N\u00e1\u0161 t\u00edm v\u00e1m pom\u00f4\u017ee n\u00e1js\u0165 najlep\u0161ie ponuky na vysoko kvalitn\u00fd cauanie muelear oxidise online. K\u00fapte si e\u0161te dnes! K\u00fapi\u0165 Caluanie Muelear Oxidize online -K\u00fapi\u0165 Caluanie Muelear Oxidize online KONTAKT Bol [&hellip;]<\/p>\n","protected":false},"featured_media":18687,"comment_status":"closed","ping_status":"closed","template":"","meta":{"om_disable_all_campaigns":false,"_sitemap_exclude":false,"_sitemap_priority":"","_sitemap_frequency":"","_monsterinsights_skip_tracking":false,"_monsterinsights_sitenote_active":false,"_monsterinsights_sitenote_note":"","_monsterinsights_sitenote_category":0},"product_cat":[26712],"product_tag":[27727,27718,27720,27724,27725,27721,27716,27728,27726,27719,27711,27714,27708,27710,27715,27722,27717,27709,27713,27723,27729,27712],"class_list":{"0":"post-31512","1":"product","2":"type-product","3":"status-publish","4":"has-post-thumbnail","6":"product_cat-vyskum-chemikalii-a-psychedelika","7":"product_tag-autenticke-caluanie-muelear-oxidize-europe-sk","8":"product_tag-caluanie-muelear-oxidize-doprava-zdarma-v-europe","9":"product_tag-caluanie-muelear-oxidize-europe-predaj","10":"product_tag-caluanie-muelear-oxidize-europe-shop-sk","11":"product_tag-caluanie-muelear-oxidize-europe-zlava","12":"product_tag-caluanie-muelear-oxidize-internetovy-obchod-europa","13":"product_tag-caluanie-muelear-oxidize-najlepsia-cena-v-europe","14":"product_tag-dodavatelia-caluanie-muelear-oxidize-europe","15":"product_tag-dodavka-caluanie-muelear-oxidize-europe-sk","16":"product_tag-kde-kupit-caluanie-muelear-oxidize-europe","17":"product_tag-kde-kupit-caluanie-muelear-oxidize-online","18":"product_tag-kolko-je-caluanie-muelear-oxidize","19":"product_tag-kupit-caluanie-muelear-oxidize","20":"product_tag-kupit-caluanie-muelear-oxidize-online","21":"product_tag-kupte-si-caluanie-muelear-oxidize-online-europa","22":"product_tag-lacne-caluanie-muelear-oxidize-europe","23":"product_tag-objednajte-si-caluanie-muelear-oxidize-eu","24":"product_tag-objednat-caluanie-muelear-oxidize-online","25":"product_tag-online-predaj-caluanie-muelear-oxidize","26":"product_tag-ponuky-caluanie-muelear-oxidize-europe","27":"product_tag-recenzia-caluanie-muelear-oxidize-europe","28":"product_tag-ucinky-caluanie-muelear-oxidize-sk","30":"first","31":"instock","32":"shipping-taxable","33":"purchasable","34":"product-type-variable","35":"farmacie-col"},"aioseo_notices":[],"_links":{"self":[{"href":"https:\/\/lacasadelamedicina.es\/sk\/wp-json\/wp\/v2\/product\/31512"}],"collection":[{"href":"https:\/\/lacasadelamedicina.es\/sk\/wp-json\/wp\/v2\/product"}],"about":[{"href":"https:\/\/lacasadelamedicina.es\/sk\/wp-json\/wp\/v2\/types\/product"}],"replies":[{"embeddable":true,"href":"https:\/\/lacasadelamedicina.es\/sk\/wp-json\/wp\/v2\/comments?post=31512"}],"wp:featuredmedia":[{"embeddable":true,"href":"https:\/\/lacasadelamedicina.es\/sk\/wp-json\/wp\/v2\/media\/18687"}],"wp:attachment":[{"href":"https:\/\/lacasadelamedicina.es\/sk\/wp-json\/wp\/v2\/media?parent=31512"}],"wp:term":[{"taxonomy":"product_cat","embeddable":true,"href":"https:\/\/lacasadelamedicina.es\/sk\/wp-json\/wp\/v2\/product_cat?post=31512"},{"taxonomy":"product_tag","embeddable":true,"href":"https:\/\/lacasadelamedicina.es\/sk\/wp-json\/wp\/v2\/product_tag?post=31512"}],"curies":[{"name":"wp","href":"https:\/\/api.w.org\/{rel}","templated":true}]}}