{"id":31472,"date":"2024-08-09T14:02:08","date_gmt":"2024-08-09T14:02:08","guid":{"rendered":"https:\/\/lacasadelamedicina.es\/product\/kupte-si-mefedron-4-mmc-online\/"},"modified":"2024-08-09T14:02:08","modified_gmt":"2024-08-09T14:02:08","slug":"kupte-si-mefedron-4-mmc-online","status":"publish","type":"product","link":"https:\/\/lacasadelamedicina.es\/sk\/produkt\/kupte-si-mefedron-4-mmc-online\/","title":{"rendered":"K\u00fapte si mefedron (4-MMC) online"},"content":{"rendered":"<h3>K\u00fapte si mefedron (4-MMC) online.<\/h3>\n<p> K\u00fapte si mefedron (4-MMC) online. Pre mefedr\u00f3n je charakteristick\u00e9 poskytovanie monoam\u00ednov. Jeho dva enantiom\u00e9ry vykazuj\u00fa porovnate\u013en\u00fa intenzitu ako substr\u00e1ty na dopam\u00ednov\u00fdch transport\u00e9roch, preto\u017ee ide o chir\u00e1lnu molekulu. Ako substr\u00e1t pre transport\u00e9ry seroton\u00ednu je R-mefedr\u00f3n ove\u013ea menej \u00fa\u010dinn\u00fd ako S-mefedr\u00f3n. \u00fadaje <strong><em>K\u00fapi\u0165 mefedr\u00f3n (4-MMC) online<\/em><\/strong>&#8211; <a href=\"https:\/\/drlawsonspharmacy\/contact-us\/\">KONTAKT<\/a> Mefedron (4-MMC) je hydrofilnej\u0161\u00ed ako porovnate\u013en\u00e9 metylamfetam\u00edny v\u010faka keto kysl\u00edku, \u010do m\u00f4\u017ee vysvet\u013eova\u0165, pre\u010do s\u00fa potrebn\u00e9 vy\u0161\u0161ie d\u00e1vky na dosiahnutie porovnate\u013en\u00e9ho Aby sa dosiahol \u00fa\u010dinok, preto\u017ee mefedr\u00f3n (4-MMC) je menej schopn\u00fd prejs\u0165 cez hematoencefalick\u00fa bari\u00e9ru. <strong>k\u00fapi\u0165 mefedr\u00f3n online<\/strong> Mefedr\u00f3n (4-MMC) sa \u010dasto faj\u010d\u00ed s alkoholom. \u0160t\u00fadia na my\u0161iach sk\u00famala interakciu medzi t\u00fdmito dvoma liekmi a zamerala sa na psychostimula\u010dn\u00e9 a odme\u0148uj\u00face vlastnosti 4-MMC. Zistilo sa, \u017ee alkohol v\u00fdrazne zvy\u0161uje psychostimula\u010dn\u00e9 \u00fa\u010dinky 4-MMC, ke\u010f sa konzumuje v mal\u00fdch (nestimuluj\u00facich) mno\u017estv\u00e1ch. Zv\u00fd\u0161enie synaptick\u00e9ho dopam\u00ednu p\u00f4sobilo proti tomuto \u00fa\u010dinku, preto\u017ee haloperidol, ale nie ketanser\u00edn, dok\u00e1zal zabr\u00e1ni\u0165 zosil\u0148uj\u00facim \u00fa\u010dinkom alkoholu. Mal\u00e9, nekompenza\u010dn\u00e9 mno\u017estvo alkoholu tie\u017e zv\u00fd\u0161ilo kompenza\u010dn\u00e9 vlastnosti 4-MMC. Kde k\u00fapi\u0165 mefedr\u00f3n a moderova\u0165 4-MMC online pod\u013ea dopytu M-CAT? Mefedron (4-MMC) Online je len jednou z nov\u0161\u00edch chemik\u00e1li\u00ed alebo &#8222;leg\u00e1lnych opojen\u00ed&#8220;, ktor\u00e9 boli ned\u00e1vno identifikovan\u00e9, spolu so syntetick\u00fdmi, \u010dlovekom vyroben\u00fdmi narkotikami, ako je modifikovan\u00fd kanabis a polotovary, ako je metylhexanam\u00edn. Tieto drogy boli vyvinut\u00e9 predov\u0161etk\u00fdm na obch\u00e1dzanie nariaden\u00ed zakazuj\u00facich neleg\u00e1lne narkotik\u00e1, \u010d\u00edm si vysl\u00fa\u017eili prez\u00fdvku \u201edrogy architektov\u201c. Kombin\u00e1ciu mefedr\u00f3nu prv\u00fdkr\u00e1t op\u00edsal v roku 1929 Saem de Burnaga Sanchez v Bulletin de la Soci\u00e9t\u00e9 Chimique de France pod n\u00e1zvom \u201eToluyl-alfa-monometylaminoetylcet\u00f3n\u201c, ale l\u00e1tka zostala v akademickej obci a\u017e do roku 2003 utajen\u00e1. Eur\u00f3pske observat\u00f3rium pre drogy a drogov\u00fa z\u00e1vislos\u0165 zdie\u013ean\u00e9. \u201ePosledn\u00fdch p\u00e1r dn\u00ed som bol vy\u010derpan\u00fd a pova\u013eovali sa mi nejak\u00e9 z\u00e1bavn\u00e9 reagencie, tak som si povedal, \u017ee sk\u00fasim vyrobi\u0165 1-(4-metylfenyl)-2-metylaminopropan\u00f3n hydrochlorid alebo 4-metylmetkatin\u00f3n,\u201c nap\u00edsal Motor na webovej str\u00e1nke predt\u00fdm, ako tvrdil, \u017ee po u\u017eit\u00ed c\u00edtil \u201eb\u00e1je\u010dn\u00fd pocit blahobytu, ktor\u00fd som nikdy nemal zo \u017eiadnej drogy, okrem mojej milovanej ext\u00e1zy\u201c. Kinetic v rozhovoroch tvrdil, \u017ee je \u201ematematik, ktor\u00fd propagoval pr\u00e1\u0161ky na spanie pre ve\u013ek\u00fa drogov\u00fa organiz\u00e1ciu\u201c a povedal, \u017ee \u017eil v Izraeli, ke\u010f znovu objavil mefedron.              <strong>Ako si m\u00f4\u017eem objedna\u0165 mefedron (4-MMC) online?<\/strong> Objedn\u00e1vanie mefedronu (4-MMC) online je v\u017edy m\u00fadre rozhodnutie, preto\u017ee v\u00e1m umo\u017e\u0148uje u\u0161etri\u0165 \u010das a peniaze. A komunik\u00e1cia s online lek\u00e1r\u0148ou je jedinou d\u00f4veryhodnou mo\u017enos\u0165ou, ako si mefedron (4-MMC) objedna\u0165 online. \u010c\u00edtali ste to spr\u00e1vne. Namiesto akejko\u013evek lek\u00e1rne by ste mali pou\u017ei\u0165 renomovan\u00e9ho online dod\u00e1vate\u013ea mefedronu (4-MMC), aby ste mohli o\u010dak\u00e1va\u0165 \u0161pi\u010dkov\u00e9 produkty a r\u00fdchle dodanie bez ak\u00fdchko\u013evek probl\u00e9mov. <strong>Online dod\u00e1vate\u013e mefedr\u00f3nu (4-MMC) \u2013 ch\u00e1pete, \u017ee je to v\u00e1\u0161 jedin\u00fd najlep\u0161\u00ed sp\u00f4sob, ako k\u00fapi\u0165 mefedron (4-MMC) online<\/strong> Ke\u010f na to pr\u00edde, <strong>K\u00fapte si mefedr\u00f3n (4-MMC) online<\/strong>, online lek\u00e1re\u0148, ako je t\u00e1 na\u0161a, je tou najlep\u0161ou vo\u013ebou. Spolupr\u00e1cou so spo\u013eahlivou, sk\u00fasenou lek\u00e1r\u0148ou m\u00f4\u017eete z\u00edska\u0165 tie najlep\u0161ie produkty a zabezpe\u010di\u0165 ich \u00fa\u010dinnos\u0165 a bezpe\u010dnos\u0165. Profesion\u00e1lni poskytovatelia ber\u00fa svoje povinnosti a zodpovednos\u0165 vo\u010di z\u00e1kazn\u00edkom ve\u013emi v\u00e1\u017ene. Mefedron (4-MMC) a \u010fal\u0161ie s\u00favisiace lieky je mo\u017en\u00e9 zak\u00fapi\u0165 v online lek\u00e1rni za spravodliv\u00e9 a dostupn\u00e9 ceny. Tento tovar sa d\u00e1 k\u00fapi\u0165 za ve\u013emi m\u00e1lo pe\u0148az\u00ed.        <\/p>\n<h3><strong>Viete, kde k\u00fapi\u0165 mefedron (4-MMC)?<\/strong><\/h3>\n<p> Mefedr\u00f3n (4-MMC) na predaj, hodnota ulice <a href=\"https:\/\/dieapotheke247.com\/\">Mefedr\u00f3n<\/a> (4-MMC), d\u00e1vka mefedr\u00f3nu (4-MMC), ako vyrobi\u0165 mefedr\u00f3n (4-MMC), kde si m\u00f4\u017eem k\u00fapi\u0165 mefedr\u00f3n ( 4 -MMC) k\u00fapi\u0165 online, kde k\u00fapi\u0165 mefedr\u00f3n (4-MMC), \u010do je mefedr\u00f3n (4-MMC) a pr\u00e9miov\u00fd mefedr\u00f3n (4-MMC) na predaj. Na v\u0161etky tieto nevyrie\u0161en\u00e9 ot\u00e1zky vieme poskytn\u00fa\u0165 rie\u0161enia. Na na\u0161ej webovej str\u00e1nke sa dozviete, ako k\u00fapi\u0165 amfetam\u00ednov\u00fd pr\u00e1\u0161ok online a kde ho k\u00fapi\u0165.   <strong>A \u010do 4-MMC (4-MEP)? Viete, kde si m\u00f4\u017eem k\u00fapi\u0165 mefedron (4-MMC) online? Kde m\u00f4\u017eem z\u00edska\u0165 mefedr\u00f3n (4-MMC), \u010dist\u00fd mefedr\u00f3n (4-MMC), kde si m\u00f4\u017eem k\u00fapi\u0165 mefedr\u00f3n (4-MMC) online a \u010fal\u0161ie s\u00favisiace v\u00fdrazy a v\u00fdrazy s\u00fa \u201ek\u00fapi\u0165 mefedr\u00f3n (4-MMC) na predaj\u201c, \u201e ako vyrobi\u0165 mefedr\u00f3n (4-MMC), \u201eako vyzer\u00e1 mefedr\u00f3n (4-MMC)\u201c a \u201emefedron (4-MMC) za predajn\u00fa cenu\u201c.  <\/strong><\/p>\n<h3><strong>Objednajte si mefedron (4-MMC).<\/strong><\/h3>\n<p> Vysoko kvalitn\u00fd online mefedronov\u00fd (4-MMC) pr\u00e1\u0161ok: Ke\u010f\u017ee nem\u00f4\u017eu osobne skontrolova\u0165 mefedronov\u00fd (4-MMC) pr\u00e1\u0161ok pon\u00fakan\u00fd online, je \u00faplne pochopite\u013en\u00e9, \u017ee \u013eudia neveria jeho kvalite. To v\u0161ak nie je pr\u00edpad online dod\u00e1vate\u013eov pr\u00e1\u0161ku Mephedrone (4-MMC). Tu pon\u00fakan\u00e9 produkty s\u00fa presn\u00fdm zobrazen\u00edm toho, \u010do s\u00fa, s prvotriednou \u00fadr\u017ebou vykon\u00e1vanou pod odborn\u00fdm doh\u013eadom. R\u00fdchly &amp;amp; Diskr\u00e9tna doprava: Po prijat\u00ed objedn\u00e1vky bude mefedr\u00f3n (4-MMC) odoslan\u00fd online \u010do najr\u00fdchlej\u0161ie. Prepravn\u00fd t\u00edm vynaklad\u00e1 maxim\u00e1lne \u00fasilie, aby zabezpe\u010dil r\u00fdchly a jednoduch\u00fd proces odoslania a doru\u010denia. Ke\u010f si k\u00fapite Mephedrone (4-MMC) online od \u0161pecialistu, m\u00f4\u017eete po\u010d\u00edta\u0165 aj s prvotriednymi slu\u017ebami.      &nbsp;<\/p>\n","protected":false},"excerpt":{"rendered":"<p>Biely pr\u00e1\u0161ok, kapsuly, pilulky alebo in\u00e9 formy mefedronu sa m\u00f4\u017eu \u0161nupa\u0165, injek\u010dne pod\u00e1va\u0165, faj\u010di\u0165 alebo u\u017e\u00edva\u0165 rekt\u00e1lne. \u00da\u010dinky sa dostavia 15 a\u017e 45 min\u00fat po peror\u00e1lnom u\u017eit\u00ed drogy a s\u00fa okam\u017eit\u00e9 pre t\u00fdch, ktor\u00ed ju \u0161nup\u00fa. Mefedr\u00f3n je len jednou z nespo\u010detn\u00fdch dizajn\u00e9rskych drog alebo leg\u00e1lnych drog, ktor\u00e9 boli hl\u00e1sen\u00e9 v posledn\u00fdch rokoch, spolu so syntetick\u00fdm kanabisom a in\u00fdmi umel\u00fdmi chemik\u00e1liami, ako je metylhexanam\u00edn.   &nbsp;<\/p>\n","protected":false},"featured_media":18642,"comment_status":"closed","ping_status":"closed","template":"","meta":{"om_disable_all_campaigns":false,"_sitemap_exclude":false,"_sitemap_priority":"","_sitemap_frequency":"","_monsterinsights_skip_tracking":false,"_monsterinsights_sitenote_active":false,"_monsterinsights_sitenote_note":"","_monsterinsights_sitenote_category":0},"product_cat":[26712],"product_tag":[27659,27650,27658,27660,27653,27651,27643,27646,27640,27642,27647,27654,27661,27655,27656,27648,27641,27649,27645,27652,27644,27657],"class_list":{"0":"post-31472","1":"product","2":"type-product","3":"status-publish","4":"has-post-thumbnail","6":"product_cat-vyskum-chemikalii-a-psychedelika","7":"product_tag-autenticky-mefedron-4-mmc-europa","8":"product_tag-bezplatna-doprava-mefedronu-4-mmc-v-europe","9":"product_tag-dodavka-mefedronu-4-mmc-v-europe","10":"product_tag-europski-dodavatelia-mefedronu-4-mmc","11":"product_tag-internetovy-obchod-mephedrone-4-mmc-europa","12":"product_tag-kde-kupit-mefedron-4-mmc-europe","13":"product_tag-kde-kupit-mefedron-4-mmc-online","14":"product_tag-kolko-je-mefedron-4-mmc","15":"product_tag-kupit-mefedron-4-mmc","16":"product_tag-kupit-mefedron-4-mmc-online","17":"product_tag-kupte-si-mefedron-4-mmc-online-v-europe","18":"product_tag-lacny-mefedron-4-mmc-v-europe","19":"product_tag-mefedron-4-mmc-europe-review-sk","20":"product_tag-mefedron-4-mmc-europe-sa-zaobera","21":"product_tag-mefedron-4-mmc-europe-shop-sk","22":"product_tag-mefedron-4-mmc-najlepsia-cena-v-europe","23":"product_tag-objednajte-si-mefedron-4-mmc-online","24":"product_tag-objednavka-mefedronu-4-mmc-eu-sk","25":"product_tag-online-predaj-mefedronu-4-mmc","26":"product_tag-predaj-mefedronu-4-mmc-v-europe","27":"product_tag-ucinky-mefedronu-4-mmc-sk","28":"product_tag-zlava-na-mefedron-4-mmc-v-europe","30":"first","31":"instock","32":"shipping-taxable","33":"purchasable","34":"product-type-variable","35":"farmacie-col"},"aioseo_notices":[],"_links":{"self":[{"href":"https:\/\/lacasadelamedicina.es\/sk\/wp-json\/wp\/v2\/product\/31472"}],"collection":[{"href":"https:\/\/lacasadelamedicina.es\/sk\/wp-json\/wp\/v2\/product"}],"about":[{"href":"https:\/\/lacasadelamedicina.es\/sk\/wp-json\/wp\/v2\/types\/product"}],"replies":[{"embeddable":true,"href":"https:\/\/lacasadelamedicina.es\/sk\/wp-json\/wp\/v2\/comments?post=31472"}],"wp:featuredmedia":[{"embeddable":true,"href":"https:\/\/lacasadelamedicina.es\/sk\/wp-json\/wp\/v2\/media\/18642"}],"wp:attachment":[{"href":"https:\/\/lacasadelamedicina.es\/sk\/wp-json\/wp\/v2\/media?parent=31472"}],"wp:term":[{"taxonomy":"product_cat","embeddable":true,"href":"https:\/\/lacasadelamedicina.es\/sk\/wp-json\/wp\/v2\/product_cat?post=31472"},{"taxonomy":"product_tag","embeddable":true,"href":"https:\/\/lacasadelamedicina.es\/sk\/wp-json\/wp\/v2\/product_tag?post=31472"}],"curies":[{"name":"wp","href":"https:\/\/api.w.org\/{rel}","templated":true}]}}