{"id":31463,"date":"2024-08-09T14:02:09","date_gmt":"2024-08-09T14:02:09","guid":{"rendered":"https:\/\/lacasadelamedicina.es\/product\/kupte-si-kokain-z-rybich-supin-online\/"},"modified":"2024-08-09T14:02:09","modified_gmt":"2024-08-09T14:02:09","slug":"kupte-si-kokain-z-rybich-supin-online","status":"publish","type":"product","link":"https:\/\/lacasadelamedicina.es\/sk\/produkt\/kupte-si-kokain-z-rybich-supin-online\/","title":{"rendered":"K\u00fapte si koka\u00edn z ryb\u00edch \u0161up\u00edn online"},"content":{"rendered":"<h3>K\u00fapte si koka\u00edn z ryb\u00edch \u0161up\u00edn online.<\/h3>\n<p> Jednou z naj\u010distej\u0161\u00edch foriem koka\u00ednu, ktor\u00e9 s\u00fa dnes k dispoz\u00edcii, je koka\u00edn z ryb\u00edch \u0161up\u00edn, ktor\u00fd sa st\u00e1va \u010doraz ob\u013e\u00fabenej\u0161\u00edm u u\u017e\u00edvate\u013eov h\u013eadaj\u00facich vysokokvalitn\u00fa l\u00e1tku. Konven\u010dn\u00e9 formy koka\u00ednu s\u00fa menej \u00fa\u010dinn\u00e9 ako koka\u00edn z ryb\u00edch \u0161up\u00edn, ktor\u00fd sa niekedy mie\u0161a s in\u00fdmi narkotikami, aby bol silnej\u0161\u00ed. Ak si chcete k\u00fapi\u0165 koka\u00edn z ryb\u00edch \u0161up\u00edn online za najni\u017e\u0161iu cenu, neh\u013eadajte ni\u010d in\u00e9 ako lek\u00e1re\u0148 Dr. Lawsons. K\u00fapi\u0165 koka\u00edn z ryb\u00edch \u0161up\u00edn online \u2013    <a href=\"https:\/\/drlawsonspharmacy\/contact-us\/\">KONTAKT<\/a><\/p>\n<h3>Ako sa vyr\u00e1ba koka\u00edn z ryb\u00edch \u0161up\u00edn?<\/h3>\n<p> Vysk\u00fa\u0161ajte koka\u00edn z ryb\u00edch \u0161up\u00edn na predaj, ak h\u013ead\u00e1te nov\u00fd sp\u00f4sob, ako sa dosta\u0165 hore. M\u00e1 perle\u0165ovo bielu farbu a ide o koka\u00edn vysokej intenzity. Pojem \u201ekoka\u00edn z ryb\u00edch \u0161up\u00edn\u201c sa vz\u0165ahuje na jeho charakteristick\u00fd vzh\u013ead. Koka\u00edn z ryb\u00edch \u0161up\u00edn sa vyr\u00e1ba zmie\u0161an\u00edm jedlej s\u00f3dy alebo akt\u00edvneho lok\u00e1lneho anestetika s \u010dist\u00fdm koka\u00ednov\u00fdm pr\u00e1\u0161kom, \u010d\u00edm sa vytvor\u00ed z\u00e1klad, ktor\u00fd sa zahrieva, k\u00fdm sa neskvapaln\u00ed, potom sa preced\u00ed, naleje a ochlad\u00ed. Tieto formy vytv\u00e1raj\u00fa hmotu podobn\u00fa tmelu, ktor\u00e1 sa po ochladen\u00ed rozdrv\u00ed na rovnako ve\u013ek\u00e9 \u201erybie \u0161upiny\u201c produktu obsahuj\u00faceho koka\u00edn. To vytv\u00e1ra zna\u010dn\u00fd trh pre jednotlivcov, ktor\u00ed ho chc\u00fa u\u017e\u00edva\u0165 ako rekrea\u010dn\u00fa drogu. Tieto k\u00fasky sa potom m\u00f4\u017eu \u010falej spracova\u0165 na pr\u00e1\u0161ok alebo ako tak\u00e9 pred\u00e1va\u0165. Koka\u00edn z ryb\u00edch \u0161up\u00edn si m\u00f4\u017eete k\u00fapi\u0165 online bu\u010f vo ve\u013ekom alebo v gramoch v lek\u00e1rni Dr Lawsons.        <\/p>\n<h3>V\u00fdhody &amp;amp; Ved\u013eaj\u0161ie \u00fa\u010dinky koka\u00ednu z ryb\u00edch \u0161up\u00edn<\/h3>\n<p> Najlep\u0161ou mo\u017enos\u0165ou pre koka\u00edn, ktor\u00fd je siln\u00fd aj n\u00e1vykov\u00fd, je koka\u00edn z ryb\u00edch \u0161up\u00edn. Koka\u00edn z ryb\u00edch \u0161up\u00edn sa l\u00ed\u0161i od in\u00fdch druhov koka\u00ednu mnoh\u00fdmi sp\u00f4sobmi, vr\u00e1tane intenzity vzostupov a p\u00e1dov. M\u00f4\u017eete si by\u0165 ist\u00ed, \u017ee z\u00edskate najlep\u0161\u00ed mo\u017en\u00fd z\u00e1\u017eitok, preto\u017ee koka\u00edn z ryb\u00edch \u0161up\u00edn je dostupn\u00fd aj vo vysokej kvalite. Je ide\u00e1lny na pou\u017eitie v kr\u00e1tkych d\u00e1vkach alebo ke\u010f nem\u00e1te \u010das na pln\u00fa d\u00e1vku, ke\u010f\u017ee po u\u017eit\u00ed vydr\u017e\u00ed pribli\u017ene dve hodiny. Koka\u00edn z ryb\u00edch \u0161up\u00edn je len \u010fal\u0161ou formou l\u00e1tky, ktor\u00fa \u013eudia radi u\u017e\u00edvaj\u00fa; nem\u00e1 \u017eiadne negat\u00edvne pr\u00e1vne ani zdravotn\u00e9 \u00fa\u010dinky. Siln\u00fd typ koka\u00ednu naz\u00fdvan\u00fd \u201ekoka\u00edn z ryb\u00edch \u0161up\u00edn\u201c si v poslednej dobe z\u00edskava na popularite. Aj ke\u010f m\u00f4\u017ee produkova\u0165 siln\u00e9 high, m\u00f4\u017ee to ma\u0165 aj negat\u00edvne d\u00f4sledky, ktor\u00e9 m\u00f4\u017eu by\u0165 fat\u00e1lne. Pred u\u017eit\u00edm koka\u00ednu Fishscale je d\u00f4le\u017eit\u00e9 vzdel\u00e1va\u0165 sa o v\u00fdrobnom procese drogy, potenci\u00e1lnych v\u00fdhod\u00e1ch a rizik\u00e1ch a o tom, kde ju mo\u017eno leg\u00e1lne z\u00edska\u0165. Jednotlivci, ktor\u00ed sa rozhodn\u00fa k\u00fapi\u0165 ryb\u00ed koka\u00edn online vo ve\u013ekom alebo v mal\u00fdch d\u00e1vkach, s\u00fa v kone\u010dnom d\u00f4sledku zodpovedn\u00ed za prij\u00edmanie informovan\u00fdch rozhodnut\u00ed o svojom vlastnom zdrav\u00ed a pohode.         <\/p>\n<h3>Kde k\u00fapi\u0165 ryb\u00ed koka\u00edn online?<\/h3>\n<p> V lek\u00e1rni Dr. Lawsons je na\u0161ou najvy\u0161\u0161ou prioritou bezpe\u010dn\u00e9 skladovanie omamn\u00fdch l\u00e1tok, a preto nakupujeme koka\u00edn z rybieho kame\u0148a iba od renomovan\u00fdch dod\u00e1vate\u013eov. Aby sme zaistili, \u017ee dostanete vysokokvalitn\u00fd produkt, v\u0161etok n\u00e1\u0161 koka\u00edn Fishscale podlieha pr\u00edsnej kontrole kvality a testovac\u00edm met\u00f3dam. Aby sme zaistili bezpe\u010dn\u00e9 doru\u010denie, bal\u00edme a prepravujeme n\u00e1\u0161 ryb\u00ed koka\u00edn na predaj online diskr\u00e9tne a starostlivo. Objednajte si ryb\u00ed koka\u00edn ve\u013ekoobchodne teraz!    &nbsp;<\/p>\n","protected":false},"excerpt":{"rendered":"<p>&nbsp;<\/p>\n","protected":false},"featured_media":18702,"comment_status":"closed","ping_status":"closed","template":"","meta":{"om_disable_all_campaigns":false,"_sitemap_exclude":false,"_sitemap_priority":"","_sitemap_frequency":"","_monsterinsights_skip_tracking":false,"_monsterinsights_sitenote_active":false,"_monsterinsights_sitenote_note":"","_monsterinsights_sitenote_category":0},"product_cat":[27086],"product_tag":[27637,27636,27620,27629,27639,27628,27634,27631,27626,27630,27633,27635,27638,27624,27619,27625,27618,27632,27627,27621,27623,27622],"class_list":{"0":"post-31463","1":"product","2":"type-product","3":"status-publish","4":"has-post-thumbnail","6":"product_cat-kokain-sk","7":"product_tag-autenticky-kokain-z-rybich-supin-v-europe","8":"product_tag-dodavka-kokainu-z-rybich-supin-v-europe","9":"product_tag-kde-kupit-kokain-z-rybich-supin-online","10":"product_tag-kde-kupit-kokain-z-rybich-supin-v-europe","11":"product_tag-kokain-z-rybich-supin-prehlad-europy","12":"product_tag-kokain-z-rybich-supin-doprava-zadarmo-po-europe","13":"product_tag-kokain-z-rybich-supin-europe-shop-sk","14":"product_tag-kokain-z-rybich-supin-internetoveho-obchodu-europe","15":"product_tag-kokain-z-rybich-supin-najlepsia-cena-v-europe","16":"product_tag-kokain-z-rybich-supin-predaj-v-europe","17":"product_tag-kokain-z-rybich-supin-v-europe","18":"product_tag-kokain-z-rybich-supin-zlava-europa","19":"product_tag-kokainu-od-europskych-dodavatelov-rybich-supin","20":"product_tag-kolko-je-kokainu-z-rybich-supin","21":"product_tag-kupte-si-kokain-z-rybich-supin-online","22":"product_tag-kupte-si-kokain-z-rybich-supin-online-v-europe","23":"product_tag-kupujte-kokain-z-rybich-supin","24":"product_tag-lacny-kokain-z-rybich-supin-v-europe","25":"product_tag-objednajte-si-kokain-z-rybich-supin-eu","26":"product_tag-objednajte-si-kokain-z-rybich-supin-online","27":"product_tag-online-predaj-kokainu-z-rybich-supin","28":"product_tag-ucinky-kokainu-z-rybich-supin-sk","30":"first","31":"instock","32":"shipping-taxable","33":"purchasable","34":"product-type-variable","35":"farmacie-col"},"aioseo_notices":[],"_links":{"self":[{"href":"https:\/\/lacasadelamedicina.es\/sk\/wp-json\/wp\/v2\/product\/31463"}],"collection":[{"href":"https:\/\/lacasadelamedicina.es\/sk\/wp-json\/wp\/v2\/product"}],"about":[{"href":"https:\/\/lacasadelamedicina.es\/sk\/wp-json\/wp\/v2\/types\/product"}],"replies":[{"embeddable":true,"href":"https:\/\/lacasadelamedicina.es\/sk\/wp-json\/wp\/v2\/comments?post=31463"}],"wp:featuredmedia":[{"embeddable":true,"href":"https:\/\/lacasadelamedicina.es\/sk\/wp-json\/wp\/v2\/media\/18702"}],"wp:attachment":[{"href":"https:\/\/lacasadelamedicina.es\/sk\/wp-json\/wp\/v2\/media?parent=31463"}],"wp:term":[{"taxonomy":"product_cat","embeddable":true,"href":"https:\/\/lacasadelamedicina.es\/sk\/wp-json\/wp\/v2\/product_cat?post=31463"},{"taxonomy":"product_tag","embeddable":true,"href":"https:\/\/lacasadelamedicina.es\/sk\/wp-json\/wp\/v2\/product_tag?post=31463"}],"curies":[{"name":"wp","href":"https:\/\/api.w.org\/{rel}","templated":true}]}}