{"id":31440,"date":"2024-08-09T14:02:09","date_gmt":"2024-08-09T14:02:09","guid":{"rendered":"https:\/\/lacasadelamedicina.es\/product\/kupte-si-p2p-olej-online\/"},"modified":"2024-08-09T14:02:09","modified_gmt":"2024-08-09T14:02:09","slug":"kupte-si-p2p-olej-online","status":"publish","type":"product","link":"https:\/\/lacasadelamedicina.es\/sk\/produkt\/kupte-si-p2p-olej-online\/","title":{"rendered":"K\u00fapte si P2P olej online"},"content":{"rendered":"<h3>K\u00fapte si P2P olej online.<\/h3>\n<p> P2P nakupovanie. Chemicky je fenylacet\u00f3n organick\u00e1 zl\u00fa\u010denina so vzorcom C6H5CH2COCH3. Je to prdiaca s\u00edra, ktor\u00e1 sa rozp\u00fa\u0161\u0165a v organick\u00fdch rozp\u00fa\u0161\u0165adl\u00e1ch. T\u00e1to l\u00e1tka, zn\u00e1ma aj ako P2P, sa pou\u017e\u00edva na v\u00fdrobu metamfetam\u00ednu a amfetam\u00ednu. Kv\u00f4li neleg\u00e1lnemu pou\u017eitiu v tajnej ch\u00e9mii bol v roku 1980 v USA vyhl\u00e1sen\u00fd za kontrolovan\u00fa l\u00e1tku pod\u013ea Schedule II. Fenylacet\u00f3n vznik\u00e1 oxida\u010dnou deamin\u00e1ciou amfetam\u00ednu a metamfetam\u00ednu u \u013eud\u00ed sprostredkovanou FMO3. V na\u0161om internetovom obchode si m\u00f4\u017eete objedna\u0165 kvalitn\u00fd P2P olej lacno a s dopravou zdarma. K\u00fapi\u0165 P2P olej online Kde m\u00f4\u017eem k\u00fapi\u0165 P2P olej online?        <\/p>\n<h3>Sme najlep\u0161\u00ed online dod\u00e1vate\u013e vysokokvalitn\u00e9ho P2P-l v Eur\u00f3pe.<\/h3>\n<p><strong>M\u00f4\u017eem si k\u00fapi\u0165 P2P-L online?<\/strong> Odpor\u00fa\u010dame v\u00e1m, aby ste si v\u0161etky svoje produkty k\u00fapili v lek\u00e1rni Dr. Lawsons. Toto je najuzn\u00e1vanej\u0161\u00ed online predajca chemik\u00e1li\u00ed pre v\u00fdskum, kde m\u00f4\u017eete z\u00edska\u0165 pr\u00e1\u0161ok aj etanol za konkurencieschopn\u00fa cenu. K\u00fapi\u0165 P2p-l   <strong>Pre\u010do \u013eudia u n\u00e1s nakupuj\u00fa?<\/strong><\/p>\n<p>&nbsp;<\/p>\n<p><a href=\"https:\/\/drlawsonspharmacy\/contact-us\/\">KONTAKT<\/a> Sme v\u00fdrobca s rozumn\u00fdmi cenami, r\u00fdchlym dodan\u00edm a presnos\u0165ou 99,99%. Typy P2P T\u00e1to v\u00fdskumn\u00e1 chemik\u00e1lia sa pon\u00faka v dvoch r\u00f4znych form\u00e1ch vr\u00e1tane pr\u00e1\u0161ku a kvapaliny.\u201c Tagy: jednoduch\u00e9, P2P recepty, krok za krokom P2P met\u00f3da P2P \u013ead, v\u00f4\u0148a benzylmetylket\u00f3nu, fenyl-2-propan\u00f3n a metylam\u00edn, synt\u00e9za P2P, synt\u00e9za benzylmetylket\u00f3nu, synt\u00e9za fenyl-2-propan\u00f3nu <\/p>\n<h4>Podtitul: k\u00fapi\u0165 fenylacetonol (P2P) online.<\/h4>\n<p>&nbsp;<\/p>\n<h3><strong>objedna\u0165 olej p2p<\/strong><\/h3>\n<p> K\u00fapi\u0165 fenylacet\u00f3n (P2P) online l. Chemick\u00e1 zl\u00fa\u010denina zn\u00e1ma ako fenylacet\u00f3n m\u00e1 vzorec C6H5CH2COCH3. Kvapalina je bezfarebn\u00e1 a rozpustn\u00e1 v rozp\u00fa\u0161\u0165adle. T\u00e1to l\u00e1tka sa be\u017ene ozna\u010duje ako P2P, ke\u010f sa pou\u017e\u00edva na v\u00fdrobu metamfetam\u00ednu a amfetam\u00ednu. Kv\u00f4li neleg\u00e1lnemu pou\u017e\u00edvaniu v neleg\u00e1lnej ch\u00e9mii bol v roku 1980 v USA vyhl\u00e1sen\u00fd za kontrolovan\u00fa l\u00e1tku pod\u013ea Schedule II. Fenylacet\u00f3n vznik\u00e1 u \u013eud\u00ed ako metabolit amfetam\u00ednu a metamfetam\u00ednu oxidat\u00edvnou deamin\u00e1ciou sprostredkovanou FMO3. K\u00fapi\u0165 P2p-l Na\u0161\u00edm cie\u013eom je poskytn\u00fa\u0165 \u010do naj\u0161ir\u0161\u00ed v\u00fdber a pr\u00edpravu. Ich \u0161pi\u010dkov\u00e1 kvalita, v\u00fdnimo\u010dn\u00e1 hodnota a vynikaj\u00faci z\u00e1kazn\u00edcky servis. Pevne ver\u00edme v spokojnos\u0165 z\u00e1kazn\u00edkov a bezpe\u010dn\u00e9 doru\u010denie. Dod\u00e1vanie produktov na\u0161im z\u00e1kazn\u00edkom je nevyhnutn\u00e9 pre \u00faspech n\u00e1\u0161ho podnikania. P2P (l) si m\u00f4\u017eete k\u00fapi\u0165 online.           &nbsp;<\/p>\n","protected":false},"excerpt":{"rendered":"<h3>M\u00f4\u017eem si k\u00fapi\u0165 P2P-L online?<\/h3>\n<p> Odpor\u00fa\u010dame v\u00e1m, aby ste si v\u0161etky svoje produkty k\u00fapili v lek\u00e1rni Dr. Lawsons. S\u00fa najuzn\u00e1vanej\u0161\u00edm online maloobchodn\u00fdm predajcom chemik\u00e1li\u00ed na v\u00fdskum, kde m\u00f4\u017eete z\u00edska\u0165 pr\u00e1\u0161ok aj etanol za skvel\u00fa cenu.  &nbsp;<\/p>\n","protected":false},"featured_media":18312,"comment_status":"closed","ping_status":"closed","template":"","meta":{"om_disable_all_campaigns":false,"_sitemap_exclude":false,"_sitemap_priority":"","_sitemap_frequency":"","_monsterinsights_skip_tracking":false,"_monsterinsights_sitenote_active":false,"_monsterinsights_sitenote_note":"","_monsterinsights_sitenote_category":0},"product_cat":[26712],"product_tag":[27549,27540,27550,27548,27543,27533,27541,27536,27532,27530,27537,27544,27545,27539,27531,27535,27547,27546,27538,27542,27551,27534],"class_list":{"0":"post-31440","1":"product","2":"type-product","3":"status-publish","4":"has-post-thumbnail","6":"product_cat-vyskum-chemikalii-a-psychedelika","7":"product_tag-autenticky-p2p-olej-v-europe","8":"product_tag-bezplatna-doprava-p2p-v-europe","9":"product_tag-dodavatelia-p2p-ropy-v-europe","10":"product_tag-dodavka-p2p-ropy-po-europe","11":"product_tag-internetovy-obchod-s-olejmi-p2p-v-europe","12":"product_tag-kde-kupit-p2p-olej-online","13":"product_tag-kde-kupit-p2p-olej-v-europe","14":"product_tag-kolko-stoji-p2p-olej","15":"product_tag-kupit-olej-p2p-online","16":"product_tag-kupit-p2p-olej","17":"product_tag-kupte-si-p2p-olej-online-europa","18":"product_tag-lacny-p2p-olej-v-europe","19":"product_tag-obchody-p2p-ropy-v-europe","20":"product_tag-objednajte-si-p2p-olej-eu","21":"product_tag-objednat-olej-p2p-online-sk","22":"product_tag-online-predaj-p2p-oleja","23":"product_tag-p2p-oil-europe-zlava","24":"product_tag-p2p-olej-europe-shop-sk","25":"product_tag-p2p-olej-za-najlepsiu-cenu-v-europe","26":"product_tag-predaj-p2p-ropy-v-europe","27":"product_tag-prehlad-p2p-ropy-v-europe","28":"product_tag-ucinky-p2p-oleja","30":"first","31":"instock","32":"shipping-taxable","33":"purchasable","34":"product-type-variable","35":"farmacie-col"},"aioseo_notices":[],"_links":{"self":[{"href":"https:\/\/lacasadelamedicina.es\/sk\/wp-json\/wp\/v2\/product\/31440"}],"collection":[{"href":"https:\/\/lacasadelamedicina.es\/sk\/wp-json\/wp\/v2\/product"}],"about":[{"href":"https:\/\/lacasadelamedicina.es\/sk\/wp-json\/wp\/v2\/types\/product"}],"replies":[{"embeddable":true,"href":"https:\/\/lacasadelamedicina.es\/sk\/wp-json\/wp\/v2\/comments?post=31440"}],"wp:featuredmedia":[{"embeddable":true,"href":"https:\/\/lacasadelamedicina.es\/sk\/wp-json\/wp\/v2\/media\/18312"}],"wp:attachment":[{"href":"https:\/\/lacasadelamedicina.es\/sk\/wp-json\/wp\/v2\/media?parent=31440"}],"wp:term":[{"taxonomy":"product_cat","embeddable":true,"href":"https:\/\/lacasadelamedicina.es\/sk\/wp-json\/wp\/v2\/product_cat?post=31440"},{"taxonomy":"product_tag","embeddable":true,"href":"https:\/\/lacasadelamedicina.es\/sk\/wp-json\/wp\/v2\/product_tag?post=31440"}],"curies":[{"name":"wp","href":"https:\/\/api.w.org\/{rel}","templated":true}]}}