{"id":31432,"date":"2024-08-09T14:02:09","date_gmt":"2024-08-09T14:02:09","guid":{"rendered":"https:\/\/lacasadelamedicina.es\/product\/kupte-si-sgt-78-online\/"},"modified":"2024-08-09T14:02:09","modified_gmt":"2024-08-09T14:02:09","slug":"kupte-si-sgt-78-online","status":"publish","type":"product","link":"https:\/\/lacasadelamedicina.es\/sk\/produkt\/kupte-si-sgt-78-online\/","title":{"rendered":"K\u00fapte si SGT-78 online"},"content":{"rendered":"<h3><span lang=\"EN-US\">SGT-78 \u2013 K\u00fapte SGT-78 online, SGT-78 na predaj, objednajte si SGT-78 online. <\/span><\/h3>\n<p> K\u00fapte si SGT-78 online \u2013 Lek\u00e1re\u0148 Dr. Lawsons teraz pon\u00faka SGT-78 na n\u00e1kup online. Na\u0161a spolo\u010dnos\u0165 sa zaober\u00e1 predajom SGT-78 a online objedn\u00e1vkami Sgt-78. Objednajte si SGT-78 legit\u00edmne hne\u010f teraz! K\u00fapi\u0165 SGT-78 online &#8211;    <a href=\"https:\/\/drlawsonspharmacy\/contact-us\/\">KONTAKT<\/a><\/p>\n<h3><span lang=\"EN-US\">\u010co je SGT-78? <\/span><\/h3>\n<p> Fyziologick\u00e9 a psychotropn\u00e9 \u00fa\u010dinky \u0161peci\u00e1lnej chemickej l\u00e1tky lieku, <a href=\"https:\/\/dieapotheke247.com\/\">C22H24N4O<\/a> s\u00fa n\u00edm \u010dasto indukovan\u00e9. V\u00fdznam vzorca je 360,5 g\/mol. Nikto nepozn\u00e1 toxikologick\u00e9 alebo fyziologick\u00e9 \u00fa\u010dinky objedn\u00e1vky Sgt 78 online. Perif\u00e9rne kanabinoidn\u00e9 receptory CB1 a CB2 m\u00f4\u017eu silne interagova\u0165 so syntetick\u00fdmi kanabinoidmi. Jeden syntetick\u00fd kanabinoid na b\u00e1ze indazol-3-karboxamidu, ktor\u00fd sa pred\u00e1va online ako v\u00fdvojov\u00e1 droga, sa naz\u00fdva SGT-78. M\u00e1 in vitro hodnoty EC50 0,58 nM a 6,12 nM pre kanabinoidn\u00e9 receptory CB1 a CB2, \u010do z neho rob\u00ed siln\u00e9ho agonistu. Neofici\u00e1lne d\u00f4kazy nazna\u010duj\u00fa, \u017ee CUMYL-4CN-BINACA m\u00e1 u \u013eud\u00ed energetick\u00fa d\u00e1vku pribli\u017ene 0,1 mg a \u017ee pri pod\u00e1van\u00ed prostredn\u00edctvom receptora CB1 vykazuje hypotermick\u00e9 a antikonvulz\u00edvne \u00fa\u010dinky u my\u0161\u00ed. Metabolizmus CUMYL-4CN-BINACA produkuje kyanid, ktor\u00fd vyvol\u00e1va obavy z po\u0161kodenia pe\u010dene. Pod\u00e1vanie CUMYL-4CN-BINACA bolo spojen\u00e9 s v\u00fdskytom hypertermie, rabdomyol\u00fdzy a zlyhania obli\u010diek.         <\/p>\n<h3><span lang=\"EN-US\">K\u00fapi\u0165 SGT-78 online \u2013 \u010co je zalo\u017een\u00e9 na SGT-78?<\/span><\/h3>\n<p> SGT-78, tie\u017e zn\u00e1my ako CUMYL-4CN-BINACA, je syntetick\u00fd kanabinoid na b\u00e1ze indazol-3-karboxamidu. Napr\u00edklad bol pon\u00fakan\u00fd na predaj online ako dizajn\u00e9rska droga. Okrem toho je to siln\u00fd agonista kanabinoidn\u00fdch receptorov CB1 a CB2. Nakoniec boli zisten\u00e9 in vitro hodnoty EC50 0,58 nM a 6,12 nM. SGT-78 vyu\u017e\u00edva receptor CB1 u my\u0161\u00ed na uvo\u013e\u0148ovanie hypotermick\u00fdch a antikonvulz\u00edvnych l\u00e1tok. Neofici\u00e1lne spr\u00e1vy uv\u00e1dzaj\u00fa, \u017ee energetick\u00e1 d\u00e1vka u \u013eud\u00ed je okolo 0,1 mg. Metabolizmus SGT-78 produkuje kyanid, \u010do vyvol\u00e1va obavy z toxicity pe\u010dene. Okrem toho sa jeho pou\u017eitie sp\u00e1ja s rabdomyol\u00fdzou, zlyhan\u00edm obli\u010diek a \u0165a\u017ekou hypertermiou. Okrem toho, analytick\u00fd referen\u010dn\u00fd \u0161tandard 5FAEB2201, l\u00e1tka pou\u017e\u00edvan\u00e1 vo forenzn\u00fdch a vedeck\u00fdch aplik\u00e1ci\u00e1ch, je \u0161truktur\u00e1lne identick\u00e1 s t\u00fdmto syntetick\u00fdm kanabinoidom. K\u00fapte si SGT-78 online z USA a z\u00edskajte pr\u00e9miov\u00fd tovar. V prvom rade konope produkuje mno\u017estvo l\u00e1tok naz\u00fdvan\u00fdch kanabinoidy. Mnoh\u00e9 z nich nie s\u00fa pr\u00edtomn\u00e9 v in\u00fdch rastlin\u00e1ch. Ko\u013eko presne? To je \u0165a\u017eko poveda\u0165. \u010casto sa tvrd\u00ed, \u017ee konope produkuje desiatky, ak nie viac ako 100 r\u00f4znych rastlinn\u00fdch kanabinoidov. Je tie\u017e \u0165a\u017ek\u00e9 ur\u010di\u0165 presn\u00fa sumu. V\u00e4\u010d\u0161ina je tie\u017e nedostato\u010dne pr\u00edtomn\u00e1, najm\u00e4 v priemyseln\u00fdch kanabisov\u00fdch produktoch. Z tohto d\u00f4vodu je pre vedcov \u0165a\u017ek\u00e9 ich presne ur\u010di\u0165. Skuto\u010dnos\u0165, \u017ee ich je ve\u013ea, je rozhoduj\u00faca.                   <\/p>\n<h3><strong>Objednajte si SGT-78<\/strong><\/h3>\n<p> Neexistuje v\u0161ak spo\u013eahliv\u00fd sp\u00f4sob, ako odhali\u0165 zneu\u017e\u00edvanie zna\u010dkov\u00fdch liekov a v\u00fdskumn\u00fdch chemik\u00e1li\u00ed. V in\u00fdch pr\u00edpadoch sa spr\u00e1vaj\u00fa inak ako p\u00f4vodn\u00e1 l\u00e1tka a pr\u00edznaky a sympt\u00f3my ich u\u017e\u00edvania a zneu\u017e\u00edvania m\u00f4\u017eu by\u0165 ve\u013emi odli\u0161n\u00e9. M\u00f4\u017ee v\u0161ak by\u0165 u\u017eito\u010dn\u00e9 obozn\u00e1mi\u0165 sa s pr\u00edznakmi a indik\u00e1tormi, aby ste rozpoznali zneu\u017e\u00edvanie drog v r\u00e1mci v\u00fdskumu. Stru\u010dne povedan\u00e9, zdie\u013eaj\u00fa ve\u013ea podobnost\u00ed a s\u00favisia so zn\u00e1mymi dizajn\u00e9rskymi drogami, ktor\u00e9 sa pred\u00e1vaj\u00fa, ke\u010f s\u00fa k dispoz\u00edcii inform\u00e1cie.    &nbsp;<\/p>\n","protected":false},"excerpt":{"rendered":"<p>&nbsp;<\/p>\n","protected":false},"featured_media":18297,"comment_status":"closed","ping_status":"closed","template":"","meta":{"om_disable_all_campaigns":false,"_sitemap_exclude":false,"_sitemap_priority":"","_sitemap_frequency":"","_monsterinsights_skip_tracking":false,"_monsterinsights_sitenote_active":false,"_monsterinsights_sitenote_note":"","_monsterinsights_sitenote_category":0},"product_cat":[26712],"product_tag":[27527,27526,27521,27519,27511,27514,27508,27510,27515,27522,27509,27517,27513,27523,27520,27529,27518,27524,27528,27516,27512,27525],"class_list":{"0":"post-31432","1":"product","2":"type-product","3":"status-publish","4":"has-post-thumbnail","6":"product_cat-vyskum-chemikalii-a-psychedelika","7":"product_tag-autenticky-sgt-78-europa","8":"product_tag-dodavka-sgt-78-europa","9":"product_tag-internetovy-obchod-sgt-78-europa","10":"product_tag-kde-kupit-sgt-78-europe","11":"product_tag-kde-kupit-sgt-78-online","12":"product_tag-kolko-je-sgt-78","13":"product_tag-kupit-sgt-78","14":"product_tag-kupit-sgt-78-online","15":"product_tag-kupte-si-sgt-78-online-europa","16":"product_tag-lacny-sgt-78-europe","17":"product_tag-objednat-sgt-78-online-sk","18":"product_tag-objednavka-sgt-78-eu","19":"product_tag-online-predaj-sgt-78","20":"product_tag-ponuky-sgt-78-europe","21":"product_tag-predaj-sgt-78-v-europe","22":"product_tag-recenzia-sgt-78-europe","23":"product_tag-sgt-78-bezplatna-doprava-v-europe","24":"product_tag-sgt-78-europe-shop-sk","25":"product_tag-sgt-78-europski-dodavatelia","26":"product_tag-sgt-78-za-najlepsiu-cenu-v-europe","27":"product_tag-ucinky-sgt-78-sk","28":"product_tag-zlava-sgt-78-v-europe","30":"first","31":"instock","32":"shipping-taxable","33":"purchasable","34":"product-type-variable","35":"farmacie-col"},"aioseo_notices":[],"_links":{"self":[{"href":"https:\/\/lacasadelamedicina.es\/sk\/wp-json\/wp\/v2\/product\/31432"}],"collection":[{"href":"https:\/\/lacasadelamedicina.es\/sk\/wp-json\/wp\/v2\/product"}],"about":[{"href":"https:\/\/lacasadelamedicina.es\/sk\/wp-json\/wp\/v2\/types\/product"}],"replies":[{"embeddable":true,"href":"https:\/\/lacasadelamedicina.es\/sk\/wp-json\/wp\/v2\/comments?post=31432"}],"wp:featuredmedia":[{"embeddable":true,"href":"https:\/\/lacasadelamedicina.es\/sk\/wp-json\/wp\/v2\/media\/18297"}],"wp:attachment":[{"href":"https:\/\/lacasadelamedicina.es\/sk\/wp-json\/wp\/v2\/media?parent=31432"}],"wp:term":[{"taxonomy":"product_cat","embeddable":true,"href":"https:\/\/lacasadelamedicina.es\/sk\/wp-json\/wp\/v2\/product_cat?post=31432"},{"taxonomy":"product_tag","embeddable":true,"href":"https:\/\/lacasadelamedicina.es\/sk\/wp-json\/wp\/v2\/product_tag?post=31432"}],"curies":[{"name":"wp","href":"https:\/\/api.w.org\/{rel}","templated":true}]}}