{"id":31419,"date":"2024-08-09T14:02:09","date_gmt":"2024-08-09T14:02:09","guid":{"rendered":"https:\/\/lacasadelamedicina.es\/product\/kupte-si-sgt-67-online\/"},"modified":"2024-09-15T12:08:09","modified_gmt":"2024-09-15T12:08:09","slug":"kupte-si-sgt-67-online","status":"publish","type":"product","link":"https:\/\/lacasadelamedicina.es\/sk\/produkt\/kupte-si-sgt-67-online\/","title":{"rendered":"K\u00fapte si SGT-67 online"},"content":{"rendered":"<h3>SGT-67 Powder &#8211; K\u00fapi\u0165 SGT-67 online &#8211; SGT-67 na predaj online USA<\/h3>\n<p> SGT-67 je jedn\u00fdm z nieko\u013ek\u00fdch dizajn\u00e9rskych liekov alebo syntetick\u00fdch kanabinoidov. SGT-67 je anal\u00f3g 5F-APICA, v ktorom je N-adamantylov\u00e1 skupina nahraden\u00e1 N-kumylovou skupinou. 5F-CUMYL-PICA sa pova\u017euje za agonistu kanabinoidn\u00e9ho receptora. T\u00e1to polo\u017eka bola vytvoren\u00e1 na forenzn\u00e9 a v\u00fdskumn\u00e9 \u00fa\u010dely. Jednoducho kliknite na tla\u010didlo &#8222;K\u00fapi\u0165 teraz&#8220; v lek\u00e1rni Dr. Lawsona a objednajte si SGT-67 online. Na vyhodnotenie metabolizmu a kl\u00edrens v\u00fdskumnej chemik\u00e1lie s pou\u017eit\u00edm potkan\u00edch a \u013eudsk\u00fdch pe\u010de\u0148ov\u00fdch mikroz\u00f3mov a hepatocytov \u0161t\u00fadia SGT-67 porovn\u00e1vala vzorky mo\u010du s in vivo potkan\u00ed plazmou.      <a href=\"https:\/\/drlawsonspharmacy\/contact-us\/\">KONTAKT<\/a><\/p>\n<h3>Ako sa dozviem o SGT-67?<\/h3>\n<p> SGT-67 vo farmakol\u00f3gii Je to v podstate syntetick\u00fd kanabinoid z rodiny indazolov, hoci jeho farmakol\u00f3gia je nedostato\u010dne presk\u00faman\u00e1. Hlavn\u00fd rozdiel medzi n\u00edm a jeho \u010fal\u0161\u00edm deriv\u00e1tom je v tom, \u017ee b\u00fdval\u00e1 N-adamantylov\u00e1 skupina bola nahraden\u00e1 N-kumylovou skupinou. Podobne ako 5F je selekt\u00edvny pre receptor CB2, mal by by\u0165 selekt\u00edvny aj pre receptor CB1. SGT-67 USA nie je zn\u00e1me ako kontrolovan\u00e1 l\u00e1tka v \u017eiadnej ve\u013ekej krajine, hoci by sa mohla pova\u017eova\u0165 za anal\u00f3g SGT-25, ktor\u00fd je v nieko\u013ek\u00fdch krajin\u00e1ch nez\u00e1konn\u00fd. Biologick\u00e9 a toxikologick\u00e9 vlastnosti tohto lieku sa v s\u00fa\u010dasnosti sk\u00famaj\u00fa. Nie je ur\u010den\u00fd na pou\u017eitie u zvierat ak\u00e9hoko\u013evek druhu, vr\u00e1tane \u013eud\u00ed. SGT-67, ktor\u00fd je dostupn\u00fd od Dr. Lawsons Pharmacy, popredn\u00e9ho online predajcu, je najlep\u0161\u00edm v\u00fdsledkom \u0161t\u00fadie.       <\/p>\n<h3>Ak\u00e9 s\u00fa d\u00f4vody pre v\u00fdber SGT-67?<\/h3>\n<p> Je to spo\u013eahliv\u00fd internetov\u00fd obchod, kde si z\u00e1kazn\u00edci m\u00f4\u017eu k\u00fapi\u0165 kvalitn\u00e9 produkty SGT-67 USA, ako aj \u010fal\u0161ie polo\u017eky. Aby ste to dosiahli, mus\u00edte si k\u00fapi\u0165 SGT-67 v obchode, ktor\u00fd m\u00e1 v\u0161etky potrebn\u00e9 inform\u00e1cie o chemickom produkte. M\u00e1me t\u00edm chemikov, ktor\u00ed v\u00e1m m\u00f4\u017eu poskytn\u00fa\u0165 relevantn\u00e9 inform\u00e1cie. Dod\u00e1vame SGT-67 a chemick\u00e9 produkty ako 4F-MDMB-2201 a SGT-263 do \u010c\u00edny a \u010fal\u0161\u00edch kraj\u00edn. Nieko\u013eko lek\u00e1rn\u00ed, vysok\u00fdch \u0161k\u00f4l a laborat\u00f3ri\u00ed nakupuje SGT-67 vo ve\u013ekom pre svoje \u0161t\u00fadium. Sme renomovan\u00fd v\u00fdrobca, ktor\u00fd prisp\u00f4sobuje svoj tovar po\u017eiadavk\u00e1m svojich z\u00e1kazn\u00edkov.      <\/p>\n<h3>K\u00fapi\u0165 SGT-67 online \u2013 Ako k\u00fapi\u0165 SGT-67?<\/h3>\n<p> Aby boli na\u0161i z\u00e1kazn\u00edci spokojn\u00ed, lek\u00e1re\u0148 Dr. Lawsons ide nad r\u00e1mec. <\/p>\n<ul>\n<li>Pon\u00fakame vysoko kvalitn\u00fd SGT-67 na predaj za ve\u013emi n\u00edzku cenu z\u00e1kazn\u00edkom po celom svete. Okam\u017eite n\u00e1s kontaktujte pre \u0161pi\u010dkov\u00e9 slu\u017eby. <\/li>\n<li>Okrem toho pred\u00e1vame \u0161irok\u00fd sortiment chemik\u00e1li\u00ed.<\/li>\n<li>Ak potrebujete chemik\u00e1lie, ktor\u00e9 nie s\u00fa uveden\u00e9 na na\u0161ej webovej str\u00e1nke, kontaktujte n\u00e1s a my v\u00e1m d\u00e1me vedie\u0165, \u010di s\u00fa dostupn\u00e9 a ako ich k v\u00e1m m\u00f4\u017eeme dosta\u0165.<\/li>\n<\/ul>\n<p> Pr\u00e1\u0161ok SGT-67, ktor\u00fd si k\u00fapite, bude l\u00edcom nadol a zabalen\u00fd do hlin\u00edkovej f\u00f3lie. V z\u00e1vislosti od toho, kde \u017eijete, m\u00f4\u017eeme z\u00e1sielky posiela\u0165 r\u00f4znymi prepravn\u00fdmi spolo\u010dnos\u0165ami. SGT-67 si m\u00f4\u017eete k\u00fapi\u0165 aj online. Pre bli\u017e\u0161ie inform\u00e1cie n\u00e1s kontaktujte. Pon\u00fakame spo\u013eahliv\u00fa a r\u00fdchlu doru\u010dovaciu sie\u0165 pripraven\u00fa prepravi\u0165 tovar po celom svete. Kliknut\u00edm sem sa dozviete viac o SGT-67.      &nbsp;<\/p>\n","protected":false},"excerpt":{"rendered":"<p>&nbsp;<\/p>\n","protected":false},"featured_media":18282,"comment_status":"closed","ping_status":"closed","template":"","meta":{"om_disable_all_campaigns":false,"_sitemap_exclude":false,"_sitemap_priority":"","_sitemap_frequency":"","_monsterinsights_skip_tracking":false,"_monsterinsights_sitenote_active":false,"_monsterinsights_sitenote_note":"","_monsterinsights_sitenote_category":0},"product_cat":[26712],"product_tag":[27483,27482,27477,27475,27467,27470,27464,27466,27471,27478,27465,27473,27469,27479,27476,27485,27474,27480,27484,27472,27468,27481],"class_list":{"0":"post-31419","1":"product","2":"type-product","3":"status-publish","4":"has-post-thumbnail","6":"product_cat-vyskum-chemikalii-a-psychedelika","7":"product_tag-autenticky-sgt-67-europa","8":"product_tag-dodavka-sgt-67-europa","9":"product_tag-internetovy-obchod-sgt-67-europa","10":"product_tag-kde-kupit-sgt-67-europe","11":"product_tag-kde-kupit-sgt-67-online","12":"product_tag-kolko-stoji-sgt-67","13":"product_tag-kupit-sgt-67","14":"product_tag-kupit-sgt-67-online","15":"product_tag-kupte-si-sgt-67-online-europa","16":"product_tag-lacny-sgt-67-europe","17":"product_tag-objednat-sgt-67-online-sk","18":"product_tag-objednavka-sgt-67-eu","19":"product_tag-online-predaj-sgt-67","20":"product_tag-ponuky-sgt-67-europe","21":"product_tag-predaj-sgt-67-v-europe","22":"product_tag-recenzia-sgt-67-europe","23":"product_tag-sgt-67-bezplatna-doprava-v-europe","24":"product_tag-sgt-67-europe-shop-sk","25":"product_tag-sgt-67-europski-dodavatelia","26":"product_tag-sgt-67-najlepsia-cena-v-europe","27":"product_tag-ucinky-sgt-67-sk","28":"product_tag-zlava-sgt-67-europe","30":"first","31":"instock","32":"shipping-taxable","33":"purchasable","34":"product-type-variable","35":"farmacie-col"},"aioseo_notices":[],"_links":{"self":[{"href":"https:\/\/lacasadelamedicina.es\/sk\/wp-json\/wp\/v2\/product\/31419"}],"collection":[{"href":"https:\/\/lacasadelamedicina.es\/sk\/wp-json\/wp\/v2\/product"}],"about":[{"href":"https:\/\/lacasadelamedicina.es\/sk\/wp-json\/wp\/v2\/types\/product"}],"replies":[{"embeddable":true,"href":"https:\/\/lacasadelamedicina.es\/sk\/wp-json\/wp\/v2\/comments?post=31419"}],"wp:featuredmedia":[{"embeddable":true,"href":"https:\/\/lacasadelamedicina.es\/sk\/wp-json\/wp\/v2\/media\/18282"}],"wp:attachment":[{"href":"https:\/\/lacasadelamedicina.es\/sk\/wp-json\/wp\/v2\/media?parent=31419"}],"wp:term":[{"taxonomy":"product_cat","embeddable":true,"href":"https:\/\/lacasadelamedicina.es\/sk\/wp-json\/wp\/v2\/product_cat?post=31419"},{"taxonomy":"product_tag","embeddable":true,"href":"https:\/\/lacasadelamedicina.es\/sk\/wp-json\/wp\/v2\/product_tag?post=31419"}],"curies":[{"name":"wp","href":"https:\/\/api.w.org\/{rel}","templated":true}]}}