{"id":31383,"date":"2024-08-09T14:02:09","date_gmt":"2024-08-09T14:02:09","guid":{"rendered":"https:\/\/lacasadelamedicina.es\/product\/kupte-si-gama-butyrolakton-gbl-online\/"},"modified":"2024-08-09T14:02:09","modified_gmt":"2024-08-09T14:02:09","slug":"kupte-si-gama-butyrolakton-gbl-online","status":"publish","type":"product","link":"https:\/\/lacasadelamedicina.es\/sk\/produkt\/kupte-si-gama-butyrolakton-gbl-online\/","title":{"rendered":"K\u00fapte si gama butyrolakt\u00f3n (GBL) online"},"content":{"rendered":"<h3>Gama-butyrolakt\u00f3n na predaj, k\u00fapte GBL online v NEMECKU, objednajte si GBL online<\/h3>\n<p> K\u00fapte si gama butyrolakt\u00f3n (GBL) online \u2013 Hoci GHB a GBL s\u00fa v\u00fdznamn\u00e9 l\u00e1tky tlmiace CNS prakticky u v\u0161etk\u00fdch \u017eiv\u00fdch vec\u00ed, zatia\u013e nie je zn\u00e1me, ako ovplyv\u0148uj\u00fa mozog. Rie\u0161enie t\u00fdchto h\u00e1daniek by n\u00e1m mohlo pom\u00f4c\u0165 pochopi\u0165 najz\u00e1kladnej\u0161ie \u010drty mozgovej aktivity. Optick\u00e1 detekcia GHB a GBL bude pravdepodobne pre <a href=\"https:\/\/dieapotheke247.com\/\">b<\/a>iologick\u00fd v\u00fdskum t\u00fdchto neurodepres\u00edv m\u00f4\u017ee by\u0165 pr\u00ednosom. Okrem toho GHB a GBL patria medzi neurologick\u00e9 druhy, pre ktor\u00e9 je obzvl\u00e1\u0161\u0165 \u0165a\u017ek\u00e9 skon\u0161truova\u0165 senzory kv\u00f4li ich jednoduchej \u0161trukt\u00fare a nedostatku miest odozvy. V\u010faka na\u0161im znalostiam a spo\u013eahlivosti v online predaji gama butyrolakt\u00f3nu sme sa stali jednou z najpopul\u00e1rnej\u0161\u00edch spolo\u010dnost\u00ed s doslova tis\u00edckami spotrebite\u013eov z cel\u00e9ho sveta, ktor\u00ed si objedn\u00e1vaj\u00fa GBL. K\u00fapte si gama butyrolakt\u00f3n (GBL) online      <a href=\"https:\/\/drlawsonspharmacy\/contact-us\/\"><a href=\"https:\/\/drlawsonspharmacy\/contact-us\/\">KONTAKT K\u00fapi\u0165 gama butyrolakt\u00f3n (GBL) online &#8211;<\/a> <\/a><\/p>\n<h3>\u010do je GBL?<\/h3>\n<p> Je to bezfarebn\u00e1, hygroskopick\u00e1 kvapalina, ktor\u00e1 sa mie\u0161a s vodou a m\u00e1 miernu v\u00f4\u0148u. Najz\u00e1kladnej\u0161ie s\u00fa 4-uhl\u00edkov\u00e9 lakt\u00f3ny. GBL p\u00f4sob\u00ed u \u013eud\u00ed ako prolie\u010divo pre kyselinu -hydroxymaslov\u00fa GHB a ako prostriedok tlmiaci CNS na rekrea\u010dn\u00e9 pou\u017eitie s \u00fa\u010dinkami podobn\u00fdmi barbitur\u00e1tom. Ako medziprodukt sa premie\u0148a na in\u00e9 zl\u00fa\u010deniny, ako je metyl-2-pyrolid\u00f3n. Extrakty GBL boli pr\u00edtomn\u00e9 vo vzork\u00e1ch nefal\u0161ovan\u00e9ho v\u00edna. Toto zistenie dokazuje, \u017ee GBL USA sa prirodzene vyskytuje v niektor\u00fdch v\u00ednach a s\u00favisiacich tovaroch. GC\/MS anal\u00fdza detek\u010dnej koncentr\u00e1cie 5 g\/ml bola u\u013eah\u010den\u00e1 jednoduchou elimina\u010dnou technikou. GBL je \u010dasto nespr\u00e1vne prezentovan\u00e1 a pon\u00fakan\u00e1 na predaj ako tekutina.        <\/p>\n<h3>Pre\u010do k\u00fapi\u0165 GBL?<\/h3>\n<p> M\u00e1me dobr\u00fa poves\u0165 poskytovate\u013ea, ktor\u00fd svoje z\u00e1v\u00e4zky vo\u010di svojim z\u00e1kazn\u00edkom berie v\u017edy v\u00e1\u017ene. Online predajcovia pon\u00fakaj\u00fa Gamma-Butyrolactone GBL Online a \u010fal\u0161ie relevantn\u00e9 produkty za f\u00e9rov\u00e9 \u200b\u200bceny. Aby sme si objednali tieto produkty GBL, mus\u00edme investova\u0165 ve\u013ea pe\u0148az\u00ed.   <\/p>\n<ul>\n<li>Va\u0161a objedn\u00e1vka bude baliacim t\u00edmom zabalen\u00e1 s maxim\u00e1lnou presnos\u0165ou, aby nedo\u0161lo k po\u0161kodeniu po\u010das prepravy.<\/li>\n<li>Tak\u017ee m\u00f4\u017eete vidie\u0165, ak\u00e9 \u013eahk\u00e9 je objedna\u0165 si u n\u00e1s online \u010disti\u010d gama butyrolakt\u00f3nu GBL.<\/li>\n<li>Boli \u010dasy, ke\u010f bolo \u0165a\u017ek\u00e9 k\u00fapi\u0165 Gamma-Butyrolactone GBL.<\/li>\n<li>Offline po\u010das dlh\u00fdch ciest a iba vtedy, ke\u010f je k dispoz\u00edcii offline v online obchodoch.<\/li>\n<li>Online re\u017eim v\u0161ak vznikol v\u010faka technologick\u00e9mu a historick\u00e9mu v\u00fdvoju.<\/li>\n<\/ul>\n<p> Gamma-Butyrolactone GBL je mo\u017en\u00e9 \u013eahko zak\u00fapi\u0165 v internetovom obchode za n\u00edzku cenu pomocou va\u0161ich zariaden\u00ed z ak\u00e9hoko\u013evek miesta. U\u017e nemus\u00edte cestova\u0165, ke\u010f si u n\u00e1s m\u00f4\u017eete kedyko\u013evek k\u00fapi\u0165 Gamma-Butyrolactone GBL online.  <\/p>\n<h3>Ako m\u00f4\u017eem pou\u017ei\u0165 GBL?<\/h3>\n<p> Tento materi\u00e1l je ur\u010den\u00fd na podporu odpor\u00fa\u010dan\u00ed v\u00e1\u0161ho lek\u00e1ra alebo in\u00e9ho zdravotn\u00edckeho pracovn\u00edka a nie je ur\u010den\u00fd na pokrytie v\u0161etk\u00fdch mo\u017en\u00fdch pou\u017eit\u00ed, prevent\u00edvnych opatren\u00ed, interakci\u00ed alebo ne\u017eiaducich \u00fa\u010dinkov. Tieto inform\u00e1cie sa nemusia vz\u0165ahova\u0165 na v\u00e1\u0161 konkr\u00e9tny zdravotn\u00fd stav. Nikdy nekupujte GBL online alebo od in\u00e9ho licencovan\u00e9ho poskytovate\u013ea zdravotnej starostlivosti v\u00fdlu\u010dne na z\u00e1klade inform\u00e1ci\u00ed, ktor\u00e9 ste si pre\u010d\u00edtali online.   V\u017edy vyh\u013eadajte naliehav\u00fa odborn\u00fa lek\u00e1rsku pomoc od svojho lek\u00e1ra. <strong><a href=\"https:\/\/legitchemicals.com\/product\/buy-gamma-butyrolactone-gbl-online\/\">K\u00fapi\u0165 GBL online<\/a><\/strong> \u2013 Dr. Lawsons Pharmacy Store m\u00e1 na predaj najkvalitnej\u0161\u00ed gama hydroxybutyr\u00e1t. K\u00fapte si GHB online, objednajte si GHB leg\u00e1lne online. Molekula gama-hydroxybutyr\u00e1t je pr\u00edtomn\u00e1 v mozgu. GHB m\u00e1 sedat\u00edvny \u00fa\u010dinok, ktor\u00fd ovplyv\u0148uje mno\u017estvo nervov\u00fdch dr\u00e1h v mozgu. Be\u017ene sa pou\u017e\u00edva ako droga na u\u013eah\u010denie sexu\u00e1lneho napadnutia a ako droga na p\u00e1rty, a preto je z bezpe\u010dnostn\u00fdch d\u00f4vodov klasifikovan\u00e1 ako zak\u00e1zan\u00e1 l\u00e1tka. Ak teda chcete z\u00edska\u0165 GHB GAMMA HYDROXYBUTYRATE a rie\u0161i\u0165 v\u00e1\u017eny probl\u00e9m, mus\u00edte vyh\u013eada\u0165 pr\u00edslu\u0161n\u00fa webov\u00fa str\u00e1nku. Tento produkt, ktor\u00fd je st\u00e1le na predaj v USA napriek stiahnutiu z trhu v roku 1990, je vhodnej\u0161\u00ed na n\u00e1jdenie rie\u0161enia v\u00e1\u0161ho probl\u00e9mu. K\u00fapte si gama butyrolakt\u00f3n (GBL) online        &nbsp;<\/p>\n","protected":false},"excerpt":{"rendered":"<p>(GBL) online za najni\u017e\u0161ie ceny od americk\u00e9ho dod\u00e1vate\u013ea. Bezfarebn\u00e1 hygroskopick\u00e1 kvapalina s n\u00edzkym z\u00e1pachom mie\u0161ate\u013en\u00e1 s vodou sa naz\u00fdva -butyrolakt\u00f3n (GBL). Najjednoduch\u0161\u00ed je 4-uhl\u00edkov\u00fd lakt\u00f3n. GBL p\u00f4sob\u00ed ako prolie\u010divo kyseliny hydroxymaslovej (GHB) u \u013eud\u00ed a pou\u017e\u00edva sa aj ako relaxant tlmiaci CNS s \u00fa\u010dinkami podobn\u00fdmi ako barbitur\u00e1ty. Je to tie\u017e chemick\u00fd medziprodukt pou\u017e\u00edvan\u00fd na v\u00fdrobu in\u00fdch zl\u00fa\u010den\u00edn.     &nbsp;<\/p>\n","protected":false},"featured_media":18237,"comment_status":"closed","ping_status":"closed","template":"","meta":{"om_disable_all_campaigns":false,"_sitemap_exclude":false,"_sitemap_priority":"","_sitemap_frequency":"","_monsterinsights_skip_tracking":false,"_monsterinsights_sitenote_active":false,"_monsterinsights_sitenote_note":"","_monsterinsights_sitenote_category":0},"product_cat":[26712],"product_tag":[27370,27371,27359,27361,27369,27366,27363,27368,27372,27367,27364,27362,27354,27357,27351,27353,27358,27365,27360,27352,27356,27355],"class_list":{"0":"post-31383","1":"product","2":"type-product","3":"status-publish","4":"has-post-thumbnail","6":"product_cat-vyskum-chemikalii-a-psychedelika","7":"product_tag-autenticky-gama-butyrolakton-gbl-europa","8":"product_tag-europski-dodavatelia-gama-butyrolaktonu-gbl","9":"product_tag-gama-butyrolakton-gbl-najlepsia-cena-v-europe","10":"product_tag-gamma-butyrolactone-gbl-doprava-zadarmo-v-europe","11":"product_tag-gamma-butyrolactone-gbl-europa-dodavka","12":"product_tag-gamma-butyrolactone-gbl-europa-ponuky","13":"product_tag-gamma-butyrolactone-gbl-europa-predaj","14":"product_tag-gamma-butyrolactone-gbl-europa-zlava","15":"product_tag-gamma-butyrolactone-gbl-europe-review-sk","16":"product_tag-gamma-butyrolactone-gbl-europe-shop-sk","17":"product_tag-gamma-butyrolactone-gbl-internetovy-obchod-europa","18":"product_tag-kde-kupit-gama-butyrolakton-gbl-europa","19":"product_tag-kde-kupit-gama-butyrolakton-gbl-online","20":"product_tag-kolko-je-gama-butyrolakton-gbl","21":"product_tag-kupit-gama-butyrolakton-gbl","22":"product_tag-kupit-gama-butyrolakton-gbl-online","23":"product_tag-kupte-si-gama-butyrolakton-gbl-online-europa","24":"product_tag-lacny-gama-butyrolakton-gbl-europa","25":"product_tag-objednajte-si-gama-butyrolakton-gbl-eu","26":"product_tag-objednat-gama-butyrolakton-gbl-online","27":"product_tag-online-predaj-gama-butyrolaktonu-gbl","28":"product_tag-ucinky-gama-butyrolaktonu-gbl-sk","30":"first","31":"instock","32":"shipping-taxable","33":"purchasable","34":"product-type-variable","35":"farmacie-col"},"aioseo_notices":[],"_links":{"self":[{"href":"https:\/\/lacasadelamedicina.es\/sk\/wp-json\/wp\/v2\/product\/31383"}],"collection":[{"href":"https:\/\/lacasadelamedicina.es\/sk\/wp-json\/wp\/v2\/product"}],"about":[{"href":"https:\/\/lacasadelamedicina.es\/sk\/wp-json\/wp\/v2\/types\/product"}],"replies":[{"embeddable":true,"href":"https:\/\/lacasadelamedicina.es\/sk\/wp-json\/wp\/v2\/comments?post=31383"}],"wp:featuredmedia":[{"embeddable":true,"href":"https:\/\/lacasadelamedicina.es\/sk\/wp-json\/wp\/v2\/media\/18237"}],"wp:attachment":[{"href":"https:\/\/lacasadelamedicina.es\/sk\/wp-json\/wp\/v2\/media?parent=31383"}],"wp:term":[{"taxonomy":"product_cat","embeddable":true,"href":"https:\/\/lacasadelamedicina.es\/sk\/wp-json\/wp\/v2\/product_cat?post=31383"},{"taxonomy":"product_tag","embeddable":true,"href":"https:\/\/lacasadelamedicina.es\/sk\/wp-json\/wp\/v2\/product_tag?post=31383"}],"curies":[{"name":"wp","href":"https:\/\/api.w.org\/{rel}","templated":true}]}}