{"id":31367,"date":"2024-08-09T14:02:13","date_gmt":"2024-08-09T14:02:13","guid":{"rendered":"https:\/\/lacasadelamedicina.es\/product\/kupte-si-bolivijsky-kokain-online\/"},"modified":"2024-08-09T14:02:13","modified_gmt":"2024-08-09T14:02:13","slug":"kupte-si-bolivijsky-kokain-online","status":"publish","type":"product","link":"https:\/\/lacasadelamedicina.es\/sk\/produkt\/kupte-si-bolivijsky-kokain-online\/","title":{"rendered":"K\u00fapte si bol\u00edvijsk\u00fd koka\u00edn online"},"content":{"rendered":"<h3><strong>K\u00fapte si bol\u00edvijsk\u00fd koka\u00edn online.<\/strong><\/h3>\n<p> Bol\u00edvia je jedn\u00fdm z najv\u00e4\u010d\u0161\u00edch producentov koky, jednej z najviac konzumovan\u00fdch drog na svete. H\u013ead\u00e1te najlep\u0161\u00ed online obchod na n\u00e1kup koka\u00ednu z Bol\u00edvie? Lek\u00e1re\u0148 Dr Lawsons je jedin\u00fd sp\u00f4sob! Za najdostupnej\u0161iu cenu pon\u00fakame najlep\u0161\u00ed bol\u00edvijsk\u00fd koka\u00edn online.    <a href=\"https:\/\/drlawsonspharmacy\/contact-us\/\">KONTAKT<\/a> K\u00fapte si bol\u00edvijsk\u00fd koka\u00edn online <\/p>\n<h3>Ako sa vyr\u00e1ba koka\u00edn v Bol\u00edvii?<\/h3>\n<p> Bol\u00edvijsk\u00fd koka\u00edn sa vyr\u00e1ba z koky a v\u00e4\u010d\u0161inou sa pred\u00e1va neleg\u00e1lne. V\u00fdroba koka\u00ednu na predaj v Bol\u00edvii si vy\u017eaduje nieko\u013eko procesov vr\u00e1tane chemick\u00e9ho spracovania a mie\u0161ania. Listy koky sa najsk\u00f4r rozdrvia a vysu\u0161ia. Tieto listy sa potom extrahuj\u00fa do pr\u00e1\u0161kov\u00e9ho koka\u00ednu, ktor\u00fd sa potom \u010dasto pred\u00e1va na podzemnom trhu. Bol\u00edvijsk\u00fd koka\u00edn od renomovan\u00fdch predajcov, ako je lek\u00e1re\u0148 Dr. Lawsons, sa m\u00f4\u017ee pod\u00e1va\u0165 injek\u010dne alebo \u0161nupa\u0165 a zvy\u010dajne podlieha vl\u00e1dnym nariadeniam. K\u00fapte si bol\u00edvijsk\u00fd koka\u00edn online      <\/p>\n<h3>V\u00fdhody bol\u00edvijsk\u00e9ho koka\u00ednu &#8211; K\u00fapte si bol\u00edvijsk\u00fd koka\u00edn online.<\/h3>\n<p> Ak h\u013ead\u00e1te nie\u010do, \u010do v\u00e1m d\u00e1 pocit \u0161\u0165astia a energie, bol\u00edvijsk\u00fd koka\u00edn je va\u0161a najlep\u0161ia vo\u013eba. Bol\u00edvijsk\u00fd koka\u00edn je u\u017eito\u010dnou mo\u017enos\u0165ou terapie pre mnoh\u00fdch \u013eud\u00ed, preto\u017ee pom\u00e1ha zni\u017eova\u0165 pr\u00edznaky stavov, ako je ADHD, pretrv\u00e1vaj\u00faca boles\u0165, \u00fazkos\u0165 a depresia. Okrem \u0161nupania, faj\u010denia alebo vstrekovania do tela, aby ste poc\u00edtili \u00fa\u010dinky, m\u00f4\u017eete koka\u00edn konzumova\u0165 aj mnoh\u00fdmi in\u00fdmi sp\u00f4sobmi. Napr\u00edklad kombin\u00e1cia piva a koka\u00ednu m\u00f4\u017ee vies\u0165 k intenz\u00edvnemu ve\u010deru, ktor\u00fd v\u00e1s na druh\u00fd de\u0148 nenech\u00e1 ospal\u00fd. Iba Bol\u00edvia vyr\u00e1ba tento siln\u00fd liek, ktor\u00fd sa pred\u00e1va online v lek\u00e1rni Dr. Lawsons. Bol\u00edvijsk\u00fd koka\u00edn je nielen \u010dist\u00fd a nefal\u0161ovan\u00fd, ale je aj lacn\u00fd \u2013 dokonca lacnej\u0161\u00ed ako niektor\u00e9 neleg\u00e1lne l\u00e1tky. Okrem toho existuj\u00fa mo\u017enosti medzin\u00e1rodnej dopravy, tak\u017ee <strong>bol\u00edvijsk\u00fd koka\u00edn m\u00f4\u017eete z\u00edska\u0165 online odkia\u013eko\u013evek<\/strong>. K\u00fapte si bol\u00edvijsk\u00fd koka\u00edn online        <\/p>\n<h3><strong>Objednajte si bol\u00edvijsk\u00fd koka\u00edn<\/strong><\/h3>\n<p> Bol\u00edvijsk\u00fd koka\u00edn m\u00f4\u017ee ovplyvni\u0165 telesn\u00e9 syst\u00e9my a funkcie r\u00f4znymi sp\u00f4sobmi. Tieto ved\u013eaj\u0161ie \u00fa\u010dinky sa m\u00f4\u017eu vyskytn\u00fa\u0165 kedyko\u013evek po\u010das u\u017e\u00edvania alebo po jeho vysaden\u00ed a m\u00f4\u017eu sa pohybova\u0165 od mal\u00fdch a\u017e po potenci\u00e1lne smrte\u013en\u00e9. Zv\u00fd\u0161en\u00e1 \u00fazkos\u0165, z\u00e1chvaty paniky, zr\u00fdchlen\u00fd tep, paranoja, halucin\u00e1cie, z\u00e1chvaty, riziko m\u0155tvice, vysok\u00fd krvn\u00fd tlak a z\u00e1vislos\u0165 s\u00fa niektor\u00e9 z be\u017enej\u0161\u00edch negat\u00edvnych \u00fa\u010dinkov u\u017e\u00edvania koka\u00ednu v Bol\u00edvii. Toto nie s\u00fa jedin\u00e9 nebezpe\u010denstv\u00e1 spojen\u00e9 s u\u017e\u00edvan\u00edm tejto l\u00e1tky, aj ke\u010f s\u00fa to v\u0161etko v\u00e1\u017ene \u00fa\u010dinky, ktor\u00e9 netreba bra\u0165 na \u013eahk\u00fa v\u00e1hu. Pri \u010dastom a dlhodobom pou\u017e\u00edvan\u00ed so sebou bol\u00edvijsk\u00fd koka\u00edn nesie aj riziko z\u00e1vislosti a dlhodob\u00e9ho fyzick\u00e9ho a kognit\u00edvneho po\u0161kodenia.     <\/p>\n<h3>Kde k\u00fapi\u0165 koka\u00edn online v Bol\u00edvii?<\/h3>\n<p> Ak sa rozhodnete k\u00fapi\u0165 bol\u00edvijsk\u00fd koka\u00edn online, v\u00fdber lek\u00e1rne Dr. Lawsons ako svojho dod\u00e1vate\u013ea m\u00e1 mnoho v\u00fdhod. Zaviazali sme sa poskytova\u0165 vysoko kvalitn\u00fd koka\u00ednov\u00fd tovar za konkurencieschopn\u00e9 ceny. Nikto nesmie ukradn\u00fa\u0165 va\u0161e drogy po\u010das prepravy, preto\u017ee v\u0161etky produkty na na\u0161ej webovej str\u00e1nke s\u00fa dod\u00e1van\u00e9 bezpe\u010dne a bezpe\u010dne. Okrem toho je pon\u00fakan\u00fd rad \u010fal\u0161\u00edch vysokokvalitn\u00fdch koka\u00ednov\u00fdch produktov, ako je crack, pr\u00e1\u0161ok, mexick\u00fd koka\u00edn a \u010fal\u0161ie.    &nbsp;<\/p>\n","protected":false},"excerpt":{"rendered":"<p>K\u00fapte si bol\u00edvijsk\u00fd koka\u00edn online. Bol\u00edvia je jedn\u00fdm z najv\u00e4\u010d\u0161\u00edch producentov koky, jednej z najviac konzumovan\u00fdch drog na svete. H\u013ead\u00e1te najlep\u0161\u00ed online obchod na n\u00e1kup koka\u00ednu z Bol\u00edvie? Lek\u00e1re\u0148 Dr Lawsons je jedin\u00fd sp\u00f4sob! Za najdostupnej\u0161iu cenu pon\u00fakame najlep\u0161\u00ed bol\u00edvijsk\u00fd koka\u00edn online. KONTAKT K\u00fapte si bol\u00edvijsk\u00fd koka\u00edn online Ako sa vyr\u00e1ba koka\u00edn v Bol\u00edvii? Bol\u00edvijsk\u00fd [&hellip;]<\/p>\n","protected":false},"featured_media":18357,"comment_status":"closed","ping_status":"closed","template":"","meta":{"om_disable_all_campaigns":false,"_sitemap_exclude":false,"_sitemap_priority":"","_sitemap_frequency":"","_monsterinsights_skip_tracking":false,"_monsterinsights_sitenote_active":false,"_monsterinsights_sitenote_note":"","_monsterinsights_sitenote_category":0},"product_cat":[27086],"product_tag":[27326,27317,27327,27328,27320,27315,27322,27325,27318,27310,27313,27307,27309,27314,27321,27323,27316,27308,27312,27319,27311,27324],"class_list":{"0":"post-31367","1":"product","2":"type-product","3":"status-publish","4":"has-post-thumbnail","6":"product_cat-kokain-sk","7":"product_tag-autenticky-bolivijsky-kokain-europa","8":"product_tag-bezplatna-doprava-kokainu-v-bolivii-v-europe","9":"product_tag-bolivia-dodavatelia-kokainu-v-europe","10":"product_tag-bolivia-kokain-prehlad-europy","11":"product_tag-bolivia-kokain-online-obchod-europa","12":"product_tag-bolivia-kokain-za-najlepsiu-cenu-v-europe","13":"product_tag-bolivia-obchoduje-s-kokainom-v-europe","14":"product_tag-dodavka-kokainu-v-bolivii-v-europe","15":"product_tag-kde-kupit-bolivia-kokain-europa","16":"product_tag-kde-kupit-bolivijsky-kokain-online","17":"product_tag-kolko-je-bolivia-kokainu","18":"product_tag-kupit-bolivijsky-kokain","19":"product_tag-kupit-bolivijsky-kokain-online","20":"product_tag-kupte-si-bolivijsky-kokain-online-europa","21":"product_tag-lacny-kokain-v-bolivii-europa","22":"product_tag-obchod-s-kokainom-v-bolivii-v-europe","23":"product_tag-objednajte-si-bolivia-kokain-eu","24":"product_tag-objednat-bolivijsky-kokain-online-sk","25":"product_tag-online-predaj-kokainu-v-bolivii","26":"product_tag-predaj-kokainu-v-bolivii-v-europe","27":"product_tag-ucinky-bolivijskeho-kokainu-sk","28":"product_tag-zlava-na-kokain-v-bolivii-v-europe","30":"first","31":"instock","32":"shipping-taxable","33":"purchasable","34":"product-type-variable","35":"farmacie-col"},"aioseo_notices":[],"_links":{"self":[{"href":"https:\/\/lacasadelamedicina.es\/sk\/wp-json\/wp\/v2\/product\/31367"}],"collection":[{"href":"https:\/\/lacasadelamedicina.es\/sk\/wp-json\/wp\/v2\/product"}],"about":[{"href":"https:\/\/lacasadelamedicina.es\/sk\/wp-json\/wp\/v2\/types\/product"}],"replies":[{"embeddable":true,"href":"https:\/\/lacasadelamedicina.es\/sk\/wp-json\/wp\/v2\/comments?post=31367"}],"wp:featuredmedia":[{"embeddable":true,"href":"https:\/\/lacasadelamedicina.es\/sk\/wp-json\/wp\/v2\/media\/18357"}],"wp:attachment":[{"href":"https:\/\/lacasadelamedicina.es\/sk\/wp-json\/wp\/v2\/media?parent=31367"}],"wp:term":[{"taxonomy":"product_cat","embeddable":true,"href":"https:\/\/lacasadelamedicina.es\/sk\/wp-json\/wp\/v2\/product_cat?post=31367"},{"taxonomy":"product_tag","embeddable":true,"href":"https:\/\/lacasadelamedicina.es\/sk\/wp-json\/wp\/v2\/product_tag?post=31367"}],"curies":[{"name":"wp","href":"https:\/\/api.w.org\/{rel}","templated":true}]}}