{"id":31348,"date":"2024-08-09T14:02:13","date_gmt":"2024-08-09T14:02:13","guid":{"rendered":"https:\/\/lacasadelamedicina.es\/product\/kupte-si-peruansky-kokain-online\/"},"modified":"2024-08-09T14:02:13","modified_gmt":"2024-08-09T14:02:13","slug":"kupte-si-peruansky-kokain-online","status":"publish","type":"product","link":"https:\/\/lacasadelamedicina.es\/sk\/produkt\/kupte-si-peruansky-kokain-online\/","title":{"rendered":"K\u00fapte si peru\u00e1nsky koka\u00edn online"},"content":{"rendered":"<h3>K\u00fapte si peru\u00e1nsky koka\u00edn online.<\/h3>\n<p> H\u013ead\u00e1te skuto\u010dn\u00fd, siln\u00fd high? Dr. Lawsons Pharmacy pon\u00faka <a href=\"https:\/\/dieapotheke247.com\/\">O<\/a>nline poradie peru\u00e1nskeho koka\u00ednu. V\u010faka v\u00fdrobn\u00e9mu procesu, ktor\u00fd neust\u00e1le produkuje koka\u00edn vysokej kvality, sa \u0161pecializujeme na online predaj len toho najlep\u0161ieho peru\u00e1nskeho koka\u00ednu. Peru\u00e1nsky koka\u00edn online    <a href=\"https:\/\/drlawsonspharmacy\/contact-us\/\"><a href=\"https:\/\/drlawsonspharmacy\/contact-us\/\">Kaufen<\/a><\/a>  &#8211;  <a href=\"https:\/\/dieapotheke247.com\/\"><a href=\"https:\/\/dieapotheke247.com\/\">KONTAKT<\/a><\/a><\/p>\n<p><em>Berl\u00edn, Hamburg, Mn\u00edchov, Mn\u00edchov, Kol\u00edn nad R\u00fdnom, Kol\u00edn nad R\u00fdnom, Frankfurt, Stuttgart, D\u00fcsseldorf, Dortmund, Essen, Lipsko, Br\u00e9my, Dr\u00e1\u017e\u010fany, Hannover, Hannover, Norimberg, Norimberg, Duisburg, Bochum, Wuppertal, Bonn, Mannheim, Karlsruhe, Augsburg, Wiesbaden, M\u00fcnster, Gelsenkirchen, Aachen, Chemnitz, Braunschweig, Kiel, Krefeld, Halle, Saale,<\/em><\/p>\n<h3>Ako sa vyr\u00e1ba peru\u00e1nsky koka\u00edn?<\/h3>\n<p> Pri pokuse o k\u00fapu koka\u00ednu je d\u00f4le\u017eit\u00e9 porozumie\u0165 procesom, ku ktor\u00fdm doch\u00e1dza pri vytv\u00e1ran\u00ed koka\u00ednu. Peru\u00e1nsky koka\u00edn sa vyr\u00e1ba nieko\u013ek\u00fdmi sp\u00f4sobmi. Peru\u00e1nsky koka\u00edn vznik\u00e1 naj\u010dastej\u0161ie ferment\u00e1ciou. Listy koky sa po\u010das fermenta\u010dn\u00e9ho procesu nam\u00e1\u010daj\u00fa vo vode, pri\u010dom vznik\u00e1 kry\u0161talick\u00fd hydrochlorid koka\u00ednu. T\u00e1to met\u00f3da vytv\u00e1ra vysoko kvalitn\u00fd produkt, ktor\u00fd sa \u013eahko d\u00e1vkuje a nevy\u017eaduje \u017eiadne \u0161peci\u00e1lne n\u00e1stroje alebo zru\u010dnosti. Z\u00edskavanie koka\u00ednu pomocou \u00e9teru je \u010fal\u0161\u00edm typick\u00fdm procesom v Peru. Listy koky sa po ponoren\u00ed do \u00e9terov\u00e9ho roztoku po\u010das procesu extrakcie spracov\u00e1vaj\u00fa na kry\u0161t\u00e1ly hydrochloridu koka\u00ednu. Podmienky extrakcie sa m\u00f4\u017eu l\u00ed\u0161i\u0165, \u010d\u00edm je tento proces z h\u013eadiska konzistencie kvality menej spo\u013eahliv\u00fd ako ferment\u00e1cia.        <\/p>\n<h3>K\u00fapte si peru\u00e1nsky koka\u00edn online<\/h3>\n<p> V neposlednom rade sa na z\u00edskavanie koka\u00ednu v Peru pou\u017e\u00edva aj podkritick\u00e1 technika ponorenia do vody (SWIM). V procese SWIM sa listy koky nam\u00e1\u010daj\u00fa vo vode pri subatmosferickom tlaku, k\u00fdm sa nerozpustia v kvapaline, a rozpusten\u00e9 pevn\u00e9 l\u00e1tky sa potom extrahuj\u00fa pomocou konven\u010dn\u00fdch met\u00f3d extrakcie rozp\u00fa\u0161\u0165adlom, ako je destil\u00e1cia alebo kry\u0161taliz\u00e1cia. Ak si vezmete peru\u00e1nsky koka\u00edn od Dr. Ke\u010f si objedn\u00e1te Lawsons Pharmacy online, m\u00f4\u017eete si by\u0165 ist\u00ed, \u017ee dostanete vysoko kvalitn\u00fd produkt, ktor\u00fd spln\u00ed va\u0161e potreby.   <\/p>\n<h3>V\u00fdhody peru\u00e1nskeho koka\u00ednu<\/h3>\n<p> Peru\u00e1nsky koka\u00edn je bezpochyby jedn\u00fdm z najpou\u017e\u00edvanej\u0161\u00edch narkot\u00edk na svete. A z dobr\u00e9ho d\u00f4vodu \u2013 je to siln\u00fd stimulant, ktor\u00fd v\u00e1m m\u00f4\u017ee pom\u00f4c\u0165 c\u00edti\u0165 sa energickej\u0161ie a vesel\u0161ie. Peru\u00e1nski u\u017e\u00edvatelia koka\u00ednu \u010dasto uv\u00e1dzaj\u00fa, \u017ee sa po po\u017eit\u00ed tejto l\u00e1tky c\u00edtia viac energick\u00ed a bdelej\u0161\u00ed. Zv\u00fd\u0161en\u00e1 energia m\u00f4\u017ee podpori\u0165 produktivitu, koncentr\u00e1ciu a rie\u0161enie probl\u00e9mov. Dr. Lawsons Pharmacy pon\u00faka hromadn\u00fd peru\u00e1nsky koka\u00edn, ktor\u00fd m\u00f4\u017ee pom\u00f4c\u0165 u\u017e\u00edvate\u013eom c\u00edti\u0165 sa \u0161\u0165astnej\u0161ie a u\u017e\u00edva\u0165 si spolo\u010densk\u00e9 stretnutia, umeleck\u00e9 aktivity a rekrea\u010dn\u00e9 aktivity viac ako bez tejto drogy.     <\/p>\n<h3>Ak\u00e9 s\u00fa ved\u013eaj\u0161ie \u00fa\u010dinky u\u017e\u00edvania peru\u00e1nskeho koka\u00ednu?<\/h3>\n<p> Crack koka\u00edn z Peru je kme\u0148, ktor\u00fd m\u00e1 \u010dasto vy\u0161\u0161iu \u00fa\u010dinnos\u0165 ako in\u00e9 druhy cracku. To nazna\u010duje, \u017ee peru\u00e1nsky koka\u00edn m\u00f4\u017ee ma\u0165 v\u00e1\u017enej\u0161ie fyzick\u00e9 ved\u013eaj\u0161ie \u00fa\u010dinky v porovnan\u00ed s in\u00fdmi formami cracku. Zv\u00fd\u0161en\u00e1 srdcov\u00e1 frekvencia a krvn\u00fd tlak, vy\u0161\u0161ie riziko respira\u010dn\u00fdch chor\u00f4b, z\u00e1vislos\u0165 a zmeny spr\u00e1vania, psychick\u00e9 ved\u013eaj\u0161ie \u00fa\u010dinky ako depresia, \u00fazkos\u0165 a paranoidn\u00e9 my\u0161lienky, abstinen\u010dn\u00e9 pr\u00edznaky, dlhodob\u00e9 po\u0161kodenie vn\u00fatorn\u00fdch org\u00e1nov, rizik\u00e1 tehotenstva a in\u00e9 zdravotn\u00e9 probl\u00e9my pr\u00edklady mo\u017en\u00fdch fyzick\u00fdch ved\u013eaj\u0161\u00edch \u00fa\u010dinkov peru\u00e1nskeho u\u017e\u00edvania koka\u00ednu.   <\/p>\n<h3>Kde si m\u00f4\u017eem k\u00fapi\u0165 prav\u00fd peru\u00e1nsky koka\u00edn online?<\/h3>\n<p> H\u013ead\u00e1te sp\u00f4sob, ako naplno konzumova\u0165 peru\u00e1nsky koka\u00edn bez rizika zatknutia? Dr. Lawsons Pharmacy je jedinou mo\u017enos\u0165ou. Tu si m\u00f4\u017eete bezpe\u010dne k\u00fapi\u0165 ve\u013ekoobchodn\u00fd vysoko kvalitn\u00fd peru\u00e1nsky koka\u00edn online. Preto\u017ee na\u0161e produkty s\u00fa silnej\u0161ie ako in\u00e9 druhy koka\u00ednu dostupn\u00e9 na trhu, s\u00fa charakteristick\u00e9. Urobte svoj n\u00e1kup teraz!     &nbsp;<\/p>\n","protected":false},"excerpt":{"rendered":"<p>K\u00fapte si peru\u00e1nsky koka\u00edn online. H\u013ead\u00e1te skuto\u010dn\u00fd, siln\u00fd high? Dr. Lawsons Pharmacy pon\u00faka Online poradie peru\u00e1nskeho koka\u00ednu. V\u010faka v\u00fdrobn\u00e9mu procesu, ktor\u00fd neust\u00e1le produkuje koka\u00edn vysokej kvality, sa \u0161pecializujeme na online predaj len toho najlep\u0161ieho peru\u00e1nskeho koka\u00ednu. Peru\u00e1nsky koka\u00edn online Kaufen &#8211; KONTAKT Berl\u00edn, Hamburg, Mn\u00edchov, Mn\u00edchov, Kol\u00edn nad R\u00fdnom, Kol\u00edn nad R\u00fdnom, Frankfurt, Stuttgart, D\u00fcsseldorf, [&hellip;]<\/p>\n","protected":false},"featured_media":18342,"comment_status":"closed","ping_status":"closed","template":"","meta":{"om_disable_all_campaigns":false,"_sitemap_exclude":false,"_sitemap_priority":"","_sitemap_frequency":"","_monsterinsights_skip_tracking":false,"_monsterinsights_sitenote_active":false,"_monsterinsights_sitenote_note":"","_monsterinsights_sitenote_category":0},"product_cat":[27086],"product_tag":[27260,27259,27252,27244,27247,27242,27243,27248,27255,27257,27250,27241,27251,27256,27261,27254,27249,27246,27253,27262,27245,27258],"class_list":{"0":"post-31348","1":"product","2":"type-product","3":"status-publish","4":"has-post-thumbnail","6":"product_cat-kokain-sk","7":"product_tag-autenticky-peruansky-kokain-europa","8":"product_tag-dodavka-peruanskeho-kokainu-do-europy","9":"product_tag-kde-kupit-peruansky-kokain-europa","10":"product_tag-kde-kupit-peruansky-kokain-online","11":"product_tag-kolko-stoji-peruansky-kokain","12":"product_tag-kupit-peruansky-kokain","13":"product_tag-kupit-peruansky-kokain-online","14":"product_tag-kupte-si-peruansky-kokain-online-europa","15":"product_tag-lacny-peruansky-kokain-europa","16":"product_tag-obchod-s-peruanskym-kokainom-v-europe","17":"product_tag-objednajte-si-peruansky-kokain-eu","18":"product_tag-objednat-peruansky-kokain-online-sk","19":"product_tag-peruanska-doprava-bez-kokainu-v-europe","20":"product_tag-peruanske-obchody-s-kokainom-v-europe","21":"product_tag-peruansky-dodavatelia-kokainu-v-europe","22":"product_tag-peruansky-internetovy-obchod-s-kokainom-europe","23":"product_tag-peruansky-kokain-za-najlepsiu-cenu-v-europe","24":"product_tag-predaj-peruanskeho-kokainu-online","25":"product_tag-predaj-peruanskeho-kokainu-v-europe","26":"product_tag-prehlad-peruanskeho-kokainu-v-europe","27":"product_tag-ucinky-peruanskeho-kokainu-sk","28":"product_tag-zlava-na-peruansky-kokain-v-europe","30":"first","31":"instock","32":"shipping-taxable","33":"purchasable","34":"product-type-variable","35":"farmacie-col"},"aioseo_notices":[],"_links":{"self":[{"href":"https:\/\/lacasadelamedicina.es\/sk\/wp-json\/wp\/v2\/product\/31348"}],"collection":[{"href":"https:\/\/lacasadelamedicina.es\/sk\/wp-json\/wp\/v2\/product"}],"about":[{"href":"https:\/\/lacasadelamedicina.es\/sk\/wp-json\/wp\/v2\/types\/product"}],"replies":[{"embeddable":true,"href":"https:\/\/lacasadelamedicina.es\/sk\/wp-json\/wp\/v2\/comments?post=31348"}],"wp:featuredmedia":[{"embeddable":true,"href":"https:\/\/lacasadelamedicina.es\/sk\/wp-json\/wp\/v2\/media\/18342"}],"wp:attachment":[{"href":"https:\/\/lacasadelamedicina.es\/sk\/wp-json\/wp\/v2\/media?parent=31348"}],"wp:term":[{"taxonomy":"product_cat","embeddable":true,"href":"https:\/\/lacasadelamedicina.es\/sk\/wp-json\/wp\/v2\/product_cat?post=31348"},{"taxonomy":"product_tag","embeddable":true,"href":"https:\/\/lacasadelamedicina.es\/sk\/wp-json\/wp\/v2\/product_tag?post=31348"}],"curies":[{"name":"wp","href":"https:\/\/api.w.org\/{rel}","templated":true}]}}