{"id":31336,"date":"2024-08-09T14:02:13","date_gmt":"2024-08-09T14:02:13","guid":{"rendered":"https:\/\/lacasadelamedicina.es\/product\/kupte-si-mexicky-kokain-online\/"},"modified":"2024-08-09T14:02:13","modified_gmt":"2024-08-09T14:02:13","slug":"kupte-si-mexicky-kokain-online","status":"publish","type":"product","link":"https:\/\/lacasadelamedicina.es\/sk\/produkt\/kupte-si-mexicky-kokain-online\/","title":{"rendered":"K\u00fapte si mexick\u00fd koka\u00edn online"},"content":{"rendered":"<h3>K\u00fapte si mexick\u00fd koka\u00edn online.<\/h3>\n<p> N\u00e1kup mexick\u00e9ho koka\u00ednu online m\u00f4\u017ee by\u0165 r\u00fdchlym a bezpe\u010dn\u00fdm sp\u00f4sobom, ako z\u00edska\u0165 drogu bez toho, aby ste museli rokova\u0165 s d\u00edlermi alebo \u010diernym trhom vo va\u0161om okol\u00ed. Tak\u017ee ak si chcete k\u00fapi\u0165 mexick\u00fd koka\u00edn, ale neviete, kde za\u010da\u0165, sta\u010d\u00ed zada\u0165 objedn\u00e1vku s Narco Powders a necha\u0165 si ho doru\u010di\u0165 domov. K\u00fapi\u0165 mexick\u00fd koka\u00edn online &#8211;   <a href=\"https:\/\/drlawsonspharmacy\/contact-us\/\">KONTAKT<\/a><\/p>\n<h3>Ako sa vyr\u00e1ba mexick\u00fd koka\u00edn?<\/h3>\n<p> Existuj\u00fa dva hlavn\u00e9 typy koka\u00ednu: mexick\u00fd a kolumbijsk\u00fd. K\u00fdm kolumbijsk\u00fd koka\u00edn sa z\u00edskava z listov africk\u00e9ho kr\u00edka koky, mexick\u00fd koka\u00edn sa vyr\u00e1ba bu\u010f z listov koky alebo z maku. Mexick\u00fd koka\u00edn sa vyr\u00e1ba o nie\u010do zlo\u017eitej\u0161\u00edm sp\u00f4sobom ako kolumbijsk\u00fd koka\u00edn. Listy koky sa najsk\u00f4r su\u0161ia a potom sa mel\u00fa na pr\u00e1\u0161ok. Na vytvorenie ka\u0161e sa tento pr\u00e1\u0161ok zmie\u0161a s vodou a \u010fal\u0161\u00edmi l\u00e1tkami, ako je cukor a so\u013e. Zmes sa potom zahreje, aby sa vytvorila hust\u00e1 pasta, ktor\u00e1 sa d\u00e1 formova\u0165 do tabliet alebo blokov.      <\/p>\n<h3>K\u00fapte si mexick\u00fd koka\u00edn online<\/h3>\n<p> Existuje mnoho alternat\u00edvnych met\u00f3d spracovania mexick\u00e9ho koka\u00ednu. Pred vstreknut\u00edm alebo faj\u010den\u00edm sa mexick\u00fd koka\u00edn m\u00f4\u017ee rozpusti\u0165 v r\u00f4znych rozp\u00fa\u0161\u0165adl\u00e1ch. Ak si chcete k\u00fapi\u0165 mexick\u00fd koka\u00edn online od Dr. Lawsons Pharmacy, mali by ste venova\u0165 pozornos\u0165 bezpe\u010dnostn\u00fdm pokynom na webovej str\u00e1nke. V\u017edy, ke\u010f je to mo\u017en\u00e9, pou\u017e\u00edvajte \u010dist\u00e9 ihly a nevpichujte liek do otvoren\u00fdch r\u00e1n, preto\u017ee to m\u00f4\u017ee vies\u0165 k infekci\u00e1m a in\u00fdm zdravotn\u00fdm probl\u00e9mom. Tie\u017e bu\u010fte v\u017edy opatrn\u00ed, ke\u010f m\u00e1te sex s niek\u00fdm, kto pr\u00e1ve u\u017eil mexick\u00fd koka\u00edn zak\u00fapen\u00fd online. K\u00fapte si mexick\u00fd koka\u00edn online      <\/p>\n<h3>V\u00fdhody mexick\u00e9ho koka\u00ednu<\/h3>\n<p> Jednou z najpou\u017e\u00edvanej\u0161\u00edch odr\u00f4d koka\u00ednu je mexick\u00fd koka\u00edn. M\u00e1 siln\u00fd a dlhotrvaj\u00faci \u00fa\u010dinok, je najvy\u0161\u0161ej kvality a m\u00e1 ide\u00e1lny strih. Okrem toho je v porovnan\u00ed s in\u00fdmi druhmi koka\u00ednu menej pravdepodobn\u00e9, \u017ee mexick\u00fd koka\u00edn bude fal\u0161ovan\u00fd alebo obsahuje kontaminanty. To znamen\u00e1, \u017ee je r\u00fdchlej\u0161ia na vytvorenie a jednoduch\u0161ie pou\u017eitie. Napokon, mexick\u00fd koka\u00edn je najlep\u0161ou vo\u013ebou pre t\u00fdch, ktor\u00ed potrebuj\u00fa narkotik\u00e1 na cest\u00e1ch, preto\u017ee ho mo\u017eno skladova\u0165 po dlh\u00fa dobu bez toho, aby sa zhor\u0161ila alebo stratila pou\u017eite\u013enos\u0165.     <\/p>\n<h3>Ved\u013eaj\u0161ie \u00fa\u010dinky mexick\u00e9ho koka\u00ednu<\/h3>\n<p> Mexick\u00fd koka\u00edn je n\u00e1vykov\u00e1, siln\u00e1 l\u00e1tka, ktor\u00e1 m\u00f4\u017ee ma\u0165 negat\u00edvne ved\u013eaj\u0161ie \u00fa\u010dinky. Pravideln\u00e9 u\u017e\u00edvanie mexick\u00e9ho koka\u00ednu, ako ka\u017ed\u00e1 in\u00e1 z\u00e1vislos\u0165, m\u00f4\u017ee ma\u0165 za n\u00e1sledok zr\u00fdchlen\u00fd tep, potenie a roz\u0161\u00edren\u00e9 zreni\u010dky. V z\u00e1va\u017en\u00fdch pr\u00edpadoch s\u00fa mo\u017en\u00e9 z\u00e1chvaty, \u00fazkos\u0165, vredy v \u00fastach a nevo\u013enos\u0165. U\u017e\u00edvanie tohto lieku so sebou nesie riziko vzniku fyzickej z\u00e1vislosti, preto by ste mali starostlivo dodr\u017eiava\u0165 pokyny na d\u00e1vkovanie.    <\/p>\n<h3>Kde k\u00fapi\u0165 mexick\u00fd koka\u00edn online?<\/h3>\n<p> Ak si chcete k\u00fapi\u0165 kvalitn\u00fd mexick\u00fd koka\u00edn, nie je lep\u0161ie miesto, kam \u00eds\u0165, ako lek\u00e1re\u0148 Dr. Lawsons. Od bieleho pr\u00e1\u0161ku po crack tu dostanete v\u0161etky druhy mexick\u00e9ho koka\u00ednu. M\u00f4\u017eete si by\u0165 ist\u00ed, \u017ee v na\u0161ej \u0161irokej ponuke n\u00e1jdete ten spr\u00e1vny druh a typ koka\u00ednu pre va\u0161e potreby. Okrem toho pon\u00fakame r\u00f4zne sp\u00f4soby platby vr\u00e1tane bitco\u00ednov a bankov\u00e9ho prevodu, tak\u017ee si m\u00f4\u017eete k\u00fapi\u0165 lieky s \u00faplnou d\u00f4verou.    &nbsp;<\/p>\n","protected":false},"excerpt":{"rendered":"<p>K\u00fapte si mexick\u00fd koka\u00edn online. N\u00e1kup mexick\u00e9ho koka\u00ednu online m\u00f4\u017ee by\u0165 r\u00fdchlym a bezpe\u010dn\u00fdm sp\u00f4sobom, ako z\u00edska\u0165 drogu bez toho, aby ste museli rokova\u0165 s d\u00edlermi alebo \u010diernym trhom vo va\u0161om okol\u00ed. Tak\u017ee ak si chcete k\u00fapi\u0165 mexick\u00fd koka\u00edn, ale neviete, kde za\u010da\u0165, sta\u010d\u00ed zada\u0165 objedn\u00e1vku s Narco Powders a necha\u0165 si ho doru\u010di\u0165 domov. [&hellip;]<\/p>\n","protected":false},"featured_media":18747,"comment_status":"closed","ping_status":"closed","template":"","meta":{"om_disable_all_campaigns":false,"_sitemap_exclude":false,"_sitemap_priority":"","_sitemap_frequency":"","_monsterinsights_skip_tracking":false,"_monsterinsights_sitenote_active":false,"_monsterinsights_sitenote_note":"","_monsterinsights_sitenote_category":0},"product_cat":[27086],"product_tag":[27216,27207,27215,27208,27200,27203,27197,27199,27204,27211,27217,27212,27205,27210,27213,27206,27198,27202,27209,27218,27201,27214],"class_list":{"0":"post-31336","1":"product","2":"type-product","3":"status-publish","4":"has-post-thumbnail","6":"product_cat-kokain-sk","7":"product_tag-autenticky-mexicky-kokain-europa","8":"product_tag-bezplatna-doprava-mexickeho-kokainu-v-europe","9":"product_tag-dodavka-mexickeho-kokainu-do-europy","10":"product_tag-kde-kupit-mexicky-kokain-europa","11":"product_tag-kde-kupit-mexicky-kokain-online","12":"product_tag-kolko-stoji-mexicky-kokain","13":"product_tag-kupit-mexicky-kokain","14":"product_tag-kupit-mexicky-kokain-online","15":"product_tag-kupte-si-mexicky-kokain-online-europa","16":"product_tag-lacny-mexicky-kokain-europa","17":"product_tag-mexicki-dodavatelia-kokainu-v-europe","18":"product_tag-mexicky-kokain-obchoduje-v-europe","19":"product_tag-mexicky-kokain-za-najlepsiu-cenu-v-europe","20":"product_tag-mexicky-kokainovy-internetovy-obchod-europe","21":"product_tag-obchod-s-mexickym-kokainom-v-europe","22":"product_tag-objednajte-si-mexicky-kokain-eu","23":"product_tag-objednat-mexicky-kokain-online-sk","24":"product_tag-predaj-mexickeho-kokainu-online","25":"product_tag-predaj-mexickeho-kokainu-v-europe","26":"product_tag-recenzia-mexickeho-kokainu-v-europe","27":"product_tag-ucinky-mexickeho-kokainu-sk","28":"product_tag-zlava-na-mexicky-kokain-v-europe","30":"first","31":"instock","32":"shipping-taxable","33":"purchasable","34":"product-type-variable","35":"farmacie-col"},"aioseo_notices":[],"_links":{"self":[{"href":"https:\/\/lacasadelamedicina.es\/sk\/wp-json\/wp\/v2\/product\/31336"}],"collection":[{"href":"https:\/\/lacasadelamedicina.es\/sk\/wp-json\/wp\/v2\/product"}],"about":[{"href":"https:\/\/lacasadelamedicina.es\/sk\/wp-json\/wp\/v2\/types\/product"}],"replies":[{"embeddable":true,"href":"https:\/\/lacasadelamedicina.es\/sk\/wp-json\/wp\/v2\/comments?post=31336"}],"wp:featuredmedia":[{"embeddable":true,"href":"https:\/\/lacasadelamedicina.es\/sk\/wp-json\/wp\/v2\/media\/18747"}],"wp:attachment":[{"href":"https:\/\/lacasadelamedicina.es\/sk\/wp-json\/wp\/v2\/media?parent=31336"}],"wp:term":[{"taxonomy":"product_cat","embeddable":true,"href":"https:\/\/lacasadelamedicina.es\/sk\/wp-json\/wp\/v2\/product_cat?post=31336"},{"taxonomy":"product_tag","embeddable":true,"href":"https:\/\/lacasadelamedicina.es\/sk\/wp-json\/wp\/v2\/product_tag?post=31336"}],"curies":[{"name":"wp","href":"https:\/\/api.w.org\/{rel}","templated":true}]}}