{"id":31328,"date":"2024-08-09T14:02:16","date_gmt":"2024-08-09T14:02:16","guid":{"rendered":"https:\/\/lacasadelamedicina.es\/product\/volkswagen-kokain-kupit-online-90\/"},"modified":"2024-08-09T14:02:16","modified_gmt":"2024-08-09T14:02:16","slug":"volkswagen-kokain-kupit-online-90","status":"publish","type":"product","link":"https:\/\/lacasadelamedicina.es\/sk\/produkt\/volkswagen-kokain-kupit-online-90\/","title":{"rendered":"Volkswagen Koka\u00edn k\u00fapi\u0165 online 90%"},"content":{"rendered":"<h3>K\u00fapte si Volkswagen koka\u00edn online 90% \u010dist\u00fd online<\/h3>\n<p> Volkswagen koka\u00edn obsahuje 70 a\u017e 90 percent \u010dist\u00fdch \u00fadajov<a href=\"https:\/\/dieapotheke247.com\/\">koka\u00edn<\/a>. Je to jeden z typov koka\u00ednu, ktor\u00fd sa be\u017ene vyskytuje v dne\u0161nej spolo\u010dnosti. V mnoh\u00fdch pr\u00edpadoch koka\u00edn p\u00f4sob\u00ed ako blok\u00e1tor alebo liek proti bolesti. 90% \u010dist\u00fd Volkswagen koka\u00edn na predaj. K\u00fapte si Volkswagen koka\u00edn online 90 %- <a href=\"https:\/\/drlawsonspharmacy\/contact-us\/\">KONTAKT K\u00fapte si Volkswagen koka\u00edn online 90 %<\/a> Jednou z psychotropn\u00fdch l\u00e1tok pou\u017e\u00edvan\u00fdch v lek\u00e1rskom aj nemedic\u00ednskom priemysle je Volkswagen koka\u00edn. Volkswagen koka\u00edn m\u00e1 \u010dasto tie\u017e stimula\u010dn\u00e9 vlastnosti. Z tohto d\u00f4vodu sa pou\u017e\u00edva na v\u00fdrobu r\u00f4znych liekov a terapi\u00ed.       <\/p>\n<h3><b>Ako funguje Volkswagen Cocaine<\/b><\/h3>\n<p> Hoci r\u00f4zne druhy koka\u00ednu obsahuj\u00fa r\u00f4zne mno\u017estv\u00e1 \u010dist\u00e9ho koka\u00ednu, niektor\u00e9 z nich s\u00fa u\u017eito\u010dnej\u0161ie ako in\u00e9. Volkswagen koka\u00edn je tie\u017e u\u017eito\u010dn\u00fd pre \u013eudsk\u00e9 telo v mnoh\u00fdch smeroch. K\u00fapte si Volkswagen Cocaine Online 90% Tento mimoriadne \u010dist\u00fd materi\u00e1l sa pou\u017e\u00edva na r\u00fdchle a presn\u00e9 vykon\u00e1vanie \u00faloh. Tento koka\u00edn m\u00e1 okam\u017eit\u00fd \u00fa\u010dinok na centr\u00e1lny nervov\u00fd syst\u00e9m. Niektor\u00e9 chemick\u00e9 horm\u00f3ny pou\u017e\u00edvan\u00e9 na zmiernenie bolesti s\u00fa stimulovan\u00e9 koka\u00ednom. Stimuluje tie\u017e uvo\u013e\u0148ovanie ur\u010dit\u00fdch neurotransmiterov v mozgu. Pr\u00edle\u017eitostne v\u0161ak m\u00f4\u017ee uvo\u013e\u0148ova\u0165 chemik\u00e1lie na kontrolu bolesti. M\u00e1 relaxa\u010dn\u00fd \u00fa\u010dinok a m\u00f4\u017ee zmierni\u0165 ak\u00e9ko\u013evek nepohodlie. \u013dudia v d\u00f4sledku toho poci\u0165uj\u00fa \u00fa\u013eavu od nepohodlia.         <\/p>\n<h3>K\u00fapte si Volkswagen Cocaine online<\/h3>\n<p> U\u017e\u00edvanie tohto prekurzora m\u00f4\u017ee tie\u017e vyrie\u0161i\u0165 probl\u00e9m nespavosti. Jeho zlo\u017eky obsahuj\u00fa mal\u00e9 mno\u017estvo liekov navodzuj\u00facich sp\u00e1nok. Volkswagen koka\u00edn pou\u017e\u00edvaj\u00fa v tane\u010dn\u00fdch kluboch profesion\u00e1li aj be\u017en\u00ed \u013eudia na r\u00f4zne \u00fa\u010dely. \u013dudia, ktor\u00ed konzumovali t\u00fato drogu na kr\u00e1tku dobu, hl\u00e1sili, \u017ee sa c\u00edtili energickej\u0161\u00ed a akt\u00edvnej\u0161\u00ed. Ke\u010f\u017ee koka\u00edn Volkswagen je vysoko \u010dist\u00e1 droga, dlhodob\u00e1 konzum\u00e1cia m\u00f4\u017ee by\u0165 pre \u013eudsk\u00fd organizmus nebezpe\u010dn\u00e1. Preto by sa mal pou\u017e\u00edva\u0165 len vtedy, ke\u010f to \u013eudsk\u00e9 telo potrebuje. K\u00fapte si Volkswagen koka\u00edn online 90%       <\/p>\n<h3><strong>Objednajte si Volkswagen koka\u00edn online v \u010distote 90 %.<\/strong><\/h3>\n<p> V na\u0161om internetovom obchode pon\u00fakame aj ve\u013emi lacn\u00fd koka\u00edn Volkswagen. Prostredn\u00edctvom na\u0161ej doru\u010dovacej slu\u017eby m\u00f4\u017eete dosta\u0165 svoj tovar ve\u013emi r\u00fdchlo. Na\u0161i chemici zabezpe\u010dili, \u017ee podmienky skladovania s\u00fa tak\u00e9, \u017ee \u010distotu koka\u00ednu nemo\u017eno \u017eiadnym faktorom zmeni\u0165. K\u00fapte si Volkswagen koka\u00edn online 90%    &nbsp;<\/p>\n","protected":false},"excerpt":{"rendered":"<p>Volkswagen Cocaine na predaj online. Tu v lek\u00e1rni Dr. Lawsona pon\u00fakame na predaj autentick\u00fd koka\u00edn Volkswagen. Ka\u017ed\u00fd de\u0148 tvrdo pracujeme na tom, aby sme na\u0161im z\u00e1kazn\u00edkom poskytli najlep\u0161\u00ed koka\u00edn Volkswagen na trhu.   &nbsp;<\/p>\n","protected":false},"featured_media":18387,"comment_status":"closed","ping_status":"closed","template":"","meta":{"om_disable_all_campaigns":false,"_sitemap_exclude":false,"_sitemap_priority":"","_sitemap_frequency":"","_monsterinsights_skip_tracking":false,"_monsterinsights_sitenote_active":false,"_monsterinsights_sitenote_note":"","_monsterinsights_sitenote_category":0},"product_cat":[27086],"product_tag":[27194,27193,27186,27177,27181,27175,27176,27182,27189,27191,27190,27184,27178,27187,27196,27179,27195,27185,27188,27183,27180,27192],"class_list":{"0":"post-31328","1":"product","2":"type-product","3":"status-publish","4":"has-post-thumbnail","6":"product_cat-kokain-sk","7":"product_tag-autenticky-kokain-volkswagen-90-europa","8":"product_tag-dodavka-volkswagen-cocaine-90-do-europy","9":"product_tag-kde-kupit-volkswagen-cocaine-90-europe","10":"product_tag-kde-kupit-volkswagen-cocaine-90-online","11":"product_tag-kolko-stoji-volkswagen-cocaine-90","12":"product_tag-kupte-si-volkswagen-cocaine-90","13":"product_tag-kupte-si-volkswagen-cocaine-90-online-sk","14":"product_tag-kupte-si-volkswagen-cocaine-90-online-europa","15":"product_tag-lacny-volkswagen-cocaine-90-europa","16":"product_tag-obchod-volkswagen-cocaine-90-europe","17":"product_tag-obchody-volkswagen-cocaine-90-europe-sk","18":"product_tag-objednajte-si-volkswagen-cocaine-90-eu","19":"product_tag-objednajte-si-volkswagen-cocaine-90-online","20":"product_tag-predaj-volkswagen-cocaine-90-v-europe","21":"product_tag-recenzia-volkswagen-cocaine-90-europe","22":"product_tag-ucinky-kokainu-volkswagen-90","23":"product_tag-volkswagen-cocaine-90-europskych-dodavatelov","24":"product_tag-volkswagen-cocaine-90-doprava-zadarmo-v-europe","25":"product_tag-volkswagen-cocaine-90-internetovy-obchod-europa","26":"product_tag-volkswagen-cocaine-90-najlepsia-cena-v-europe","27":"product_tag-volkswagen-cocaine-90-predaj-online","28":"product_tag-volkswagen-cocaine-90-zlava-v-europe","30":"first","31":"instock","32":"shipping-taxable","33":"purchasable","34":"product-type-variable","35":"farmacie-col"},"aioseo_notices":[],"_links":{"self":[{"href":"https:\/\/lacasadelamedicina.es\/sk\/wp-json\/wp\/v2\/product\/31328"}],"collection":[{"href":"https:\/\/lacasadelamedicina.es\/sk\/wp-json\/wp\/v2\/product"}],"about":[{"href":"https:\/\/lacasadelamedicina.es\/sk\/wp-json\/wp\/v2\/types\/product"}],"replies":[{"embeddable":true,"href":"https:\/\/lacasadelamedicina.es\/sk\/wp-json\/wp\/v2\/comments?post=31328"}],"wp:featuredmedia":[{"embeddable":true,"href":"https:\/\/lacasadelamedicina.es\/sk\/wp-json\/wp\/v2\/media\/18387"}],"wp:attachment":[{"href":"https:\/\/lacasadelamedicina.es\/sk\/wp-json\/wp\/v2\/media?parent=31328"}],"wp:term":[{"taxonomy":"product_cat","embeddable":true,"href":"https:\/\/lacasadelamedicina.es\/sk\/wp-json\/wp\/v2\/product_cat?post=31328"},{"taxonomy":"product_tag","embeddable":true,"href":"https:\/\/lacasadelamedicina.es\/sk\/wp-json\/wp\/v2\/product_tag?post=31328"}],"curies":[{"name":"wp","href":"https:\/\/api.w.org\/{rel}","templated":true}]}}