{"id":31321,"date":"2024-08-09T14:02:16","date_gmt":"2024-08-09T14:02:16","guid":{"rendered":"https:\/\/lacasadelamedicina.es\/product\/kupte-si-crack-online\/"},"modified":"2024-08-09T14:02:16","modified_gmt":"2024-08-09T14:02:16","slug":"kupte-si-crack-online","status":"publish","type":"product","link":"https:\/\/lacasadelamedicina.es\/sk\/produkt\/kupte-si-crack-online\/","title":{"rendered":"K\u00fapte si crack online"},"content":{"rendered":"<h3>K\u00fapte si crack online.<\/h3>\n<p> Crack je liek pre v\u00e1s, ak h\u013ead\u00e1te high, ktor\u00fd v\u00e1m dod\u00e1 siln\u00fa energiu. Rastlina koky je zdrojom cracku, siln\u00e9ho stimulantu. M\u00e1 siln\u00fd, okam\u017eit\u00fd \u00fa\u010dinok, ktor\u00fd okrem in\u00e9ho prin\u00e1\u0161a pote\u0161enie a zv\u00fd\u0161enie energie. Pl\u00e1nujete si k\u00fapi\u0165 crack online? Ak \u00e1no, lek\u00e1re\u0148 Dr. Lawsons je va\u0161\u00edm jedin\u00fdm kontaktn\u00fdm miestom pre v\u0161etko, \u010do si o cracku chcete k\u00fapi\u0165 online. K\u00fapi\u0165 crack online &#8211;      <a href=\"https:\/\/drlawsonspharmacy\/contact-us\/\">KONTAKT<\/a><\/p>\n<h3>Z \u010doho je crack koka\u00edn vyroben\u00fd?<\/h3>\n<p> Listy rastliny koky sa pou\u017e\u00edvaj\u00fa na v\u00fdrobu koka\u00ednu, stimulantu. \u010casto sa pred\u00e1va ako \u201ecrack koka\u00edn\u201c, \u010do je kombin\u00e1cia koka\u00ednu a vody. Lek\u00e1re\u0148 Dr. Lawsons je najlep\u0161ou vo\u013ebou pre ka\u017ed\u00e9ho, kto chce bezpe\u010dne k\u00fapi\u0165 t\u00fato \u00fa\u010dinn\u00fa l\u00e1tku, a to v\u010faka \u0161irokej \u0161k\u00e1le vysokokvalitn\u00fdch crackov vo ve\u013ekom, bezpe\u010dn\u00fdch platobn\u00fdch met\u00f3d a diskr\u00e9tneho doru\u010denia.   <\/p>\n<h3>V\u00fdhody crackov\u00e9ho koka\u00ednu<\/h3>\n<p> Jedn\u00fdm z naj\u010dastej\u0161ie pou\u017e\u00edvan\u00fdch narkot\u00edk na trhu je crack, a to z dobr\u00e9ho d\u00f4vodu. Je to jednoduch\u00fd a r\u00fdchly sp\u00f4sob, ako dosiahnu\u0165 siln\u00e9 vzru\u0161enie, ktor\u00e9 trv\u00e1 dlh\u0161ie ako in\u00e9 drogy. Na rozdiel od in\u00fdch narkot\u00edk, ktor\u00fdch \u00fa\u010dinok niekedy trv\u00e1 hodiny, crack funguje okam\u017eite. Okam\u017eite si m\u00f4\u017eete u\u017ei\u0165 svoju d\u00e1vku, preto\u017ee \u00fa\u010dinky poc\u00edtite u\u017e po nieko\u013ek\u00fdch min\u00fatach. Tie\u017e sa ver\u00ed, \u017ee crack zvy\u0161uje kreativitu a emocion\u00e1lnu intenzitu v porovnan\u00ed s in\u00fdmi drogami, ako je marihuana alebo ext\u00e1za. K\u00fapte si crackov\u00fd koka\u00edn online V lek\u00e1rni Dr. At Lawsons Pharmacy pon\u00fakame spotrebite\u013eom vo v\u0161etk\u00fdch krajin\u00e1ch cenovo dostupn\u00fd pr\u00edstup k pr\u00e9miov\u00e9mu cracku dostupn\u00e9mu na n\u00e1kup online. M\u00f4\u017eete si by\u0165 ist\u00ed, \u017ee z\u00edskate najlep\u0161ie mo\u017en\u00e9 v\u00fdsledky, preto\u017ee n\u00e1\u0161 crack je vyroben\u00fd pod\u013ea najvy\u0161\u0161\u00edch \u0161tandardov \u010distoty.       <\/p>\n<h3>Ved\u013eaj\u0161ie \u00fa\u010dinky crackov\u00e9ho koka\u00ednu<\/h3>\n<p> Crack je extr\u00e9mne n\u00e1vykov\u00e1 a \u0161kodliv\u00e1 l\u00e1tka, ktor\u00e1 m\u00f4\u017ee v\u00e1\u017ene po\u0161kodi\u0165 va\u0161e zdravie. Negat\u00edvne \u00fa\u010dinky cracku m\u00f4\u017eu by\u0165 smrte\u013en\u00e9, n\u00e1vykov\u00e9 a maj\u00fa negat\u00edvny vplyv na du\u0161evn\u00e9 zdravie. Okrem toho m\u00f4\u017ee ma\u0165 crack okam\u017eit\u00e9 fyzick\u00e9 ved\u013eaj\u0161ie \u00fa\u010dinky, ako je b\u00fa\u0161enie srdca, agresivita a psych\u00f3za. Pred pou\u017eit\u00edm cracku je d\u00f4le\u017eit\u00e9 pou\u010di\u0165 sa o rizik\u00e1ch, preto\u017ee dlhodob\u00e9 negat\u00edvne \u00fa\u010dinky sa m\u00f4\u017eu prejavi\u0165 a\u017e po rokoch po konzum\u00e1cii.    <\/p>\n<h3>K\u00fapte si crackov\u00fd koka\u00edn online \u2013 K\u00fapte si crackov\u00fd koka\u00edn online od Dr Lawsons Pharmacy<\/h3>\n<p> H\u013ead\u00e1te sp\u00f4sob, ako sa dosta\u0165 vysoko? Nav\u0161t\u00edvte Dr. Lawsons Pharmacy, webov\u00fa str\u00e1nku, kde si m\u00f4\u017eete k\u00fapi\u0165 kvalitn\u00fd testovan\u00fd crack vo ve\u013ekom. Pon\u00fakame \u0161irok\u00fd sortiment tovaru vr\u00e1tane cracku vo ve\u013ekostiach od jedn\u00e9ho kilogramu a\u017e po mal\u00e9 mno\u017estv\u00e1. Nikde inde nen\u00e1jdete lep\u0161iu ponuku, ako je na\u0161a vynikaj\u00faca cena cracku. Na\u0161e polo\u017eky bal\u00edme s ve\u013ekou starostlivos\u0165ou, aby dorazili diskr\u00e9tne a bezpe\u010dne, preto\u017ee pozn\u00e1me hodnotu s\u00fakromia. \u00daprimne d\u00fafame, \u017ee lek\u00e1re\u0148 Dr. Lawsona budete pova\u017eova\u0165 za svoj prim\u00e1rny internetov\u00fd zdroj na n\u00e1kup cracku.      &nbsp;<\/p>\n","protected":false},"excerpt":{"rendered":"<p>K\u00fapte si crack online. Crack je liek pre v\u00e1s, ak h\u013ead\u00e1te high, ktor\u00fd v\u00e1m dod\u00e1 siln\u00fa energiu. Rastlina koky je zdrojom cracku, siln\u00e9ho stimulantu. M\u00e1 siln\u00fd, okam\u017eit\u00fd \u00fa\u010dinok, ktor\u00fd okrem in\u00e9ho prin\u00e1\u0161a pote\u0161enie a zv\u00fd\u0161enie energie. Pl\u00e1nujete si k\u00fapi\u0165 crack online? Ak \u00e1no, lek\u00e1re\u0148 Dr. Lawsons je va\u0161\u00edm jedin\u00fdm kontaktn\u00fdm miestom pre v\u0161etko, \u010do si [&hellip;]<\/p>\n","protected":false},"featured_media":18762,"comment_status":"closed","ping_status":"closed","template":"","meta":{"om_disable_all_campaigns":false,"_sitemap_exclude":false,"_sitemap_priority":"","_sitemap_frequency":"","_monsterinsights_skip_tracking":false,"_monsterinsights_sitenote_active":false,"_monsterinsights_sitenote_note":"","_monsterinsights_sitenote_category":0},"product_cat":[27086],"product_tag":[27172,27163,27161,27168,27174,27170,27171,27173,27166,27164,27156,27159,27153,27155,27160,27167,27169,27162,27154,27158,27165,27157],"class_list":{"0":"post-31321","1":"product","2":"type-product","3":"status-publish","4":"has-post-thumbnail","6":"product_cat-kokain-sk","7":"product_tag-autenticky-crack-kokain-europa","8":"product_tag-bezplatna-doprava-cracku-v-europe","9":"product_tag-crack-kokain-najlepsia-cena-v-europe","10":"product_tag-crack-kokain-obchoduje-v-europe","11":"product_tag-crack-kokain-recenzia-europy","12":"product_tag-crack-kokain-zlava-europa","13":"product_tag-dodavka-cracku-v-europe","14":"product_tag-europski-dodavatelia-cracku","15":"product_tag-internetovy-obchod-s-crackom-v-europe","16":"product_tag-kde-kupit-crack-kokain-europa","17":"product_tag-kde-kupit-crack-kokain-online","18":"product_tag-kolko-je-crack-kokain","19":"product_tag-kupit-crack-kokain","20":"product_tag-kupit-crack-kokain-online","21":"product_tag-kupte-si-crack-online-europa","22":"product_tag-lacny-crack-kokain-europa","23":"product_tag-obchod-s-crackom-v-europe","24":"product_tag-objednajte-si-crack-kokain-eu","25":"product_tag-objednat-crack-kokain-online-sk","26":"product_tag-online-predaj-cracku","27":"product_tag-predaj-cracku-v-europe","28":"product_tag-ucinky-cracku-sk","30":"first","31":"instock","32":"shipping-taxable","33":"purchasable","34":"product-type-variable","35":"farmacie-col"},"aioseo_notices":[],"_links":{"self":[{"href":"https:\/\/lacasadelamedicina.es\/sk\/wp-json\/wp\/v2\/product\/31321"}],"collection":[{"href":"https:\/\/lacasadelamedicina.es\/sk\/wp-json\/wp\/v2\/product"}],"about":[{"href":"https:\/\/lacasadelamedicina.es\/sk\/wp-json\/wp\/v2\/types\/product"}],"replies":[{"embeddable":true,"href":"https:\/\/lacasadelamedicina.es\/sk\/wp-json\/wp\/v2\/comments?post=31321"}],"wp:featuredmedia":[{"embeddable":true,"href":"https:\/\/lacasadelamedicina.es\/sk\/wp-json\/wp\/v2\/media\/18762"}],"wp:attachment":[{"href":"https:\/\/lacasadelamedicina.es\/sk\/wp-json\/wp\/v2\/media?parent=31321"}],"wp:term":[{"taxonomy":"product_cat","embeddable":true,"href":"https:\/\/lacasadelamedicina.es\/sk\/wp-json\/wp\/v2\/product_cat?post=31321"},{"taxonomy":"product_tag","embeddable":true,"href":"https:\/\/lacasadelamedicina.es\/sk\/wp-json\/wp\/v2\/product_tag?post=31321"}],"curies":[{"name":"wp","href":"https:\/\/api.w.org\/{rel}","templated":true}]}}