{"id":31315,"date":"2024-08-09T14:02:16","date_gmt":"2024-08-09T14:02:16","guid":{"rendered":"https:\/\/lacasadelamedicina.es\/product\/kupte-si-kolumbijsky-kokain-online\/"},"modified":"2024-08-09T14:02:16","modified_gmt":"2024-08-09T14:02:16","slug":"kupte-si-kolumbijsky-kokain-online","status":"publish","type":"product","link":"https:\/\/lacasadelamedicina.es\/sk\/produkt\/kupte-si-kolumbijsky-kokain-online\/","title":{"rendered":"K\u00fapte si kolumbijsk\u00fd koka\u00edn online"},"content":{"rendered":"<h3>K\u00fapte si kolumbijsk\u00fd koka\u00edn online.<\/h3>\n<p> H\u013ead\u00e1te kolumbijsk\u00fd koka\u00edn na n\u00e1kup online? V tom pr\u00edpade je pre v\u00e1s lek\u00e1re\u0148 Dr. Lawsons ide\u00e1lnym miestom. Tu m\u00f4\u017eete z\u00edska\u0165 \u0161irok\u00fa \u0161k\u00e1lu pr\u00e9miov\u00fdch koka\u00ednov\u00fdch produktov vyroben\u00fdch z kolumbijsk\u00fdch listov koky. K\u00fapi\u0165 kolumbijsk\u00fd koka\u00edn online &#8211;    <a href=\"https:\/\/drlawsonspharmacy\/contact-us\/\">KONTAKT<\/a><\/p>\n<h3>Ako sa vyr\u00e1ba kolumbijsk\u00fd koka\u00edn?<\/h3>\n<p> Jednou z najpou\u017e\u00edvanej\u0161\u00edch narkot\u00edk na dne\u0161nom trhu je kolumbijsk\u00fd koka\u00edn. Je to siln\u00fd stimulant, ktor\u00fd m\u00f4\u017ee zv\u00fd\u0161i\u0165 energiu a s\u00fastredenie. Na v\u00fdrobu kolumbijsk\u00e9ho koka\u00ednu musia farm\u00e1ri najprv zozbiera\u0165 listy koky v And\u00e1ch. Akon\u00e1hle s\u00fa listy koky zrel\u00e9, zbieraj\u00fa sa a menia na kry\u0161t\u00e1ly hydrochloridu koka\u00ednu. Tento proces zah\u0155\u0148a destil\u00e1ciu listov pomocou r\u00f4znych chemick\u00fdch procesov, ako je prem\u00fdvanie kyselinou a extrakcia \u00e9terom. Nakoniec sa koka\u00edn prepravuje do zahrani\u010dia a pred\u00e1va sa na podzemnom trhu.      <\/p>\n<h3>K\u00fapte si kolumbijsk\u00fd koka\u00edn online<\/h3>\n<p> Ke\u010f\u017ee kolumbijsk\u00fd koka\u00edn je lukrat\u00edvnej\u0161\u00ed ako in\u00e9 druhy drog v Eur\u00f3pe a in\u00fdch \u010dastiach sveta, organiz\u00e1cie obchoduj\u00face s drogami pou\u017e\u00edvaj\u00fa r\u00f4zne cesty a pr\u00edstavy, aby ho tam dostali. Kv\u00f4li t\u00fdmto vlastnostiam s\u00fa \u010dasto ve\u013ek\u00e9 cenov\u00e9 rozdiely medzi kolumbijsk\u00fdm koka\u00ednom a in\u00fdmi drogami dostupn\u00fdmi na trhu.  <\/p>\n<h3>V\u00fdhody kolumbijsk\u00e9ho koka\u00ednu<\/h3>\n<p> Ak chcete za\u017ei\u0165 intenz\u00edvnej\u0161\u00ed pocit euf\u00f3rie alebo si chcete vzia\u0165 <a href=\"https:\/\/dieapotheke247.com\/\">kolumbijsk\u00fd<\/a> koka\u00edn ako s\u00fa\u010das\u0165 lie\u010dby z\u00e1vislosti, m\u00e1 to mno\u017estvo v\u00fdhod. Kolumbijsk\u00fd koka\u00edn m\u00e1 vy\u0161\u0161iu \u00fa\u010dinnos\u0165 ako in\u00e9 druhy koka\u00ednu, \u010do umo\u017e\u0148uje u\u017e\u00edvate\u013eom za\u017ei\u0165 v\u00fdhody s ove\u013ea men\u0161\u00edm mno\u017estvom, ako aj ma\u0165 v\u00e4\u010d\u0161\u00ed pocit pote\u0161enia a bdelosti. V\u010faka svojej \u010distote a nedostatku kr\u00ed\u017eovej kontamin\u00e1cie s in\u00fdmi l\u00e1tkami sa kolumbijsk\u00fd koka\u00edn zak\u00fapen\u00fd online \u010dasto pova\u017euje za atrakt\u00edvnej\u0161\u00ed. Ide\u00e1lny kolumbijsk\u00fd koka\u00edn m\u00e1me na predaj, \u010di u\u017e si ho chcete \u0161nupa\u0165 alebo faj\u010di\u0165. Pre\u010do to teraz nesk\u00fasi\u0165 v lek\u00e1rni Dr. Lawsons? Nebudete sklaman\u00ed!      <\/p>\n<h3>Ved\u013eaj\u0161ie \u00fa\u010dinky kolumbijsk\u00e9ho koka\u00ednu<\/h3>\n<p> Kr\u00e1tkodob\u00e9 ved\u013eaj\u0161ie \u00fa\u010dinky u\u017e\u00edvania koka\u00ednu zah\u0155\u0148aj\u00fa, \u017ee u\u017e\u00edvatelia za\u017e\u00edvaj\u00fa pocit euf\u00f3rie alebo vzru\u0161enia, ako aj zv\u00fd\u0161en\u00fa energiu a motiv\u00e1ciu. V z\u00e1vislosti od toho, ko\u013eko koka\u00ednu niekto skonzumoval, tieto ne\u017eiaduce \u00fa\u010dinky zvy\u010dajne trvaj\u00fa pribli\u017ene hodinu. Probl\u00e9my s koncentr\u00e1ciou a pozornos\u0165ou, zv\u00fd\u0161en\u00e1 srdcov\u00e1 frekvencia a krvn\u00fd tlak, nespavos\u0165, r\u00fdchly \u00fabytok alebo priberanie na v\u00e1he, z\u00e1vislos\u0165, z\u00e1chvaty, po\u0161kodenie pe\u010dene a dokonca smr\u0165, to v\u0161etko s\u00fa mo\u017en\u00e9 dlhodob\u00e9 negat\u00edvne \u00fa\u010dinky u\u017e\u00edvania koka\u00ednu.   <\/p>\n<h3>Kde si objedna\u0165 kolumbijsk\u00fd koka\u00edn online?<\/h3>\n<p> Objedn\u00e1vanie koka\u00ednu online z lek\u00e1rne Dr. Lawsons m\u00e1 zmysel z viacer\u00fdch d\u00f4vodov. Jedn\u00fdm z nich je, \u017ee r\u00f4zne org\u00e1ny zost\u00e1vaj\u00fa rozdelen\u00e9 v ot\u00e1zke, \u010di je leg\u00e1lne nakupova\u0165 koka\u00edn online. Ale kolumbijsk\u00fd koka\u00edn si m\u00f4\u017eete k\u00fapi\u0165 online bez ob\u00e1v zo zatknutia. Pohodlie n\u00e1kupu koka\u00ednu online je \u010fal\u0161\u00edm od\u00f4vodnen\u00edm. Lek\u00e1re\u0148 Dr. Lawsons u\u013eah\u010duje a pohodlne nakupuje kolumbijsk\u00fd koka\u00edn vo ve\u013ekom bez toho, aby ste museli opusti\u0165 svoj domov alebo miesto podnikania. V neposlednom rade lek\u00e1re\u0148 Dr Lawsons pon\u00faka na predaj r\u00f4zne koka\u00ednov\u00e9 produkty, od pr\u00e1\u0161ku po crackov\u00e9 tehly.      &nbsp;<\/p>\n","protected":false},"excerpt":{"rendered":"<p>&nbsp;<\/p>\n","protected":false},"featured_media":18372,"comment_status":"closed","ping_status":"closed","template":"","meta":{"om_disable_all_campaigns":false,"_sitemap_exclude":false,"_sitemap_priority":"","_sitemap_frequency":"","_monsterinsights_skip_tracking":false,"_monsterinsights_sitenote_active":false,"_monsterinsights_sitenote_note":"","_monsterinsights_sitenote_category":0},"product_cat":[27086],"product_tag":[27150,27149,27142,27134,27137,27141,27148,27146,27151,27144,27152,27139,27147,27136,27131,27133,27138,27145,27140,27132,27143,27135],"class_list":{"0":"post-31315","1":"product","2":"type-product","3":"status-publish","4":"has-post-thumbnail","6":"product_cat-kokain-sk","7":"product_tag-autenticky-kolumbijsky-kokain-europa","8":"product_tag-dodavka-kolumbijskeho-kokainu-do-europy","9":"product_tag-kde-kupit-kolumbijsky-kokain-europa","10":"product_tag-kde-kupit-kolumbijsky-kokain-online","11":"product_tag-kolko-stoji-kolumbijsky-kokain","12":"product_tag-kolumbijska-bezplatna-doprava-kokainu-v-europe","13":"product_tag-kolumbijska-zlava-na-kokain-v-europe","14":"product_tag-kolumbijske-obchody-s-kokainom-v-europe","15":"product_tag-kolumbijski-dodavatelia-kokainu-v-europe","16":"product_tag-kolumbijsky-internetovy-obchod-s-kokainom-europe","17":"product_tag-kolumbijsky-kokain-prehlad-europy","18":"product_tag-kolumbijsky-kokain-za-najlepsiu-cenu-v-europe","19":"product_tag-kolumbijsky-obchod-s-kokainom-v-europe","20":"product_tag-kolumbijsky-predaj-kokainu-online","21":"product_tag-kupit-kolumbijsky-kokain","22":"product_tag-kupit-kolumbijsky-kokain-online","23":"product_tag-kupte-si-kolumbijsky-kokain-online-europa","24":"product_tag-lacny-kolumbijsky-kokain-europa","25":"product_tag-objednajte-si-kolumbijsky-kokain-eu","26":"product_tag-objednat-kolumbijsky-kokain-online-sk","27":"product_tag-predaj-kolumbijskeho-kokainu-v-europe","28":"product_tag-ucinky-kolumbijskeho-kokainu-sk","30":"first","31":"instock","32":"shipping-taxable","33":"purchasable","34":"product-type-variable","35":"farmacie-col"},"aioseo_notices":[],"_links":{"self":[{"href":"https:\/\/lacasadelamedicina.es\/sk\/wp-json\/wp\/v2\/product\/31315"}],"collection":[{"href":"https:\/\/lacasadelamedicina.es\/sk\/wp-json\/wp\/v2\/product"}],"about":[{"href":"https:\/\/lacasadelamedicina.es\/sk\/wp-json\/wp\/v2\/types\/product"}],"replies":[{"embeddable":true,"href":"https:\/\/lacasadelamedicina.es\/sk\/wp-json\/wp\/v2\/comments?post=31315"}],"wp:featuredmedia":[{"embeddable":true,"href":"https:\/\/lacasadelamedicina.es\/sk\/wp-json\/wp\/v2\/media\/18372"}],"wp:attachment":[{"href":"https:\/\/lacasadelamedicina.es\/sk\/wp-json\/wp\/v2\/media?parent=31315"}],"wp:term":[{"taxonomy":"product_cat","embeddable":true,"href":"https:\/\/lacasadelamedicina.es\/sk\/wp-json\/wp\/v2\/product_cat?post=31315"},{"taxonomy":"product_tag","embeddable":true,"href":"https:\/\/lacasadelamedicina.es\/sk\/wp-json\/wp\/v2\/product_tag?post=31315"}],"curies":[{"name":"wp","href":"https:\/\/api.w.org\/{rel}","templated":true}]}}