{"id":31310,"date":"2024-08-09T14:02:17","date_gmt":"2024-08-09T14:02:17","guid":{"rendered":"https:\/\/lacasadelamedicina.es\/product\/kupte-si-prasok-kilocain-99-online\/"},"modified":"2024-08-09T14:02:17","modified_gmt":"2024-08-09T14:02:17","slug":"kupte-si-prasok-kilocain-99-online","status":"publish","type":"product","link":"https:\/\/lacasadelamedicina.es\/sk\/produkt\/kupte-si-prasok-kilocain-99-online\/","title":{"rendered":"K\u00fapte si pr\u00e1\u0161ok Kilocain 99% online"},"content":{"rendered":"<h3>K\u00fapte si kiloka\u00ednov\u00fd pr\u00e1\u0161ok 99% online<\/h3>\n<p> K\u00fapte si kiloka\u00ednov\u00fd pr\u00e1\u0161ok vo ve\u013ekom teraz; K\u00fapte si kiloka\u00ednov\u00fd pr\u00e1\u0161ok 99 % online \u2013 <a href=\"https:\/\/drlawsonspharmacy\/contact-us\/\">KONTAKT K\u00fapi\u0165 Kiloka\u00ednov\u00fd pr\u00e1\u0161ok 99 online<\/a> Podobn\u00fd koka\u00ednu je aj kiloka\u00edn. \u00daplne nov\u00e1 a zauj\u00edmav\u00e1 v\u00fdskumn\u00e1 chemik\u00e1lia, Kiloka\u00edn, z\u00edskala od svojho uvedenia na trh pozit\u00edvne recenzie. T\u00e1to kateg\u00f3ria experiment\u00e1lnych liekov sa \u010dasto ozna\u010duje ako \u201en\u00e1vrhov\u00e9 lieky\u201c. V\u010faka svojej novej chemickej \u0161trukt\u00fare a nedostatku \u0161pecifick\u00fdch pr\u00e1vnych predpisov predstavuj\u00fa nov\u00fa triedu liekov. Samotn\u00e9 v\u00fdskumn\u00e9 chemik\u00e1lie zost\u00e1vaj\u00fa leg\u00e1lne a nepl\u00e1novan\u00e9, \u010do ich rob\u00ed zauj\u00edmav\u00fdmi z viacer\u00fdch d\u00f4vodov. \u010casto s\u00fa ozna\u010dovan\u00e9 ako &#8222;k\u00fape\u013eov\u00e9 soli&#8220; alebo &#8222;leg\u00e1lne opojn\u00e9 l\u00e1tky&#8220;, preto\u017ee sa pred\u00e1vaj\u00fa leg\u00e1lne a preto\u017ee ich \u00fa\u010dinky s\u00fa \u010dasto n\u00e1padne podobn\u00e9 \u00fa\u010dinkom hlavn\u00fdch neleg\u00e1lnych zdrojov drog.      <\/p>\n<h3><strong>Ako k\u00fapi\u0165 Kilocainov\u00fd pr\u00e1\u0161ok 99% \u010dist\u00fd<\/strong><\/h3>\n<p> Fascinuj\u00faca nov\u00e1 v\u00fdskumn\u00e1 l\u00e1tka Kilocain m\u00e1 od svojho uvedenia na trh pozit\u00edvne ohlasy. Ke\u010f\u017ee ide o chemik\u00e1liu, ktor\u00e1 sa st\u00e1le sk\u00fama, patr\u00ed do kateg\u00f3rie \u201edizajn\u00e9rskych liekov\u201c. Tieto l\u00e1tky patria do \u0161peci\u00e1lnej triedy liekov, ktor\u00e9 sa vyzna\u010duj\u00fa \u0161peci\u00e1lnou chemickou \u0161trukt\u00farou a pre ktor\u00e9 je pod\u013ea s\u00fa\u010dasn\u00fdch z\u00e1konov \u010dasto obmedzen\u00e1 regul\u00e1cia. Tieto l\u00e1tky, \u010dasto ozna\u010dovan\u00e9 ako &#8222;k\u00fape\u013eov\u00e9 soli&#8220; alebo &#8222;leg\u00e1lne opojn\u00e9 l\u00e1tky&#8220;, sa pred\u00e1vaj\u00fa leg\u00e1lne a maj\u00fa \u00fa\u010dinky podobn\u00e9 neleg\u00e1lnym narkotik\u00e1m, ale l\u00ed\u0161ia sa v \u00fa\u010dinnosti. Leg\u00e1lne a neregulovan\u00e9 postavenie chemik\u00e1li\u00ed ako Kilocain, ktor\u00e9 otv\u00e1ra vesm\u00edr fascinuj\u00facich mo\u017enost\u00ed, je to, \u010do vedie vedcov k ich \u0161t\u00fadiu. K\u00fapte si Kilocain Powder 99 online      <\/p>\n<h3><strong>Objednajte si Kilocain Powder<\/strong><\/h3>\n<p> Pojem \u201edizajn\u00e9rske lieky\u201c sa vz\u0165ahuje na \u0161irok\u00fa \u0161k\u00e1lu l\u00e1tok, ktor\u00e9 boli syntetizovan\u00e9 na v\u00fdskumn\u00e9 a testovacie \u00fa\u010dely vo vede. &nbsp;<\/p>\n","protected":false},"excerpt":{"rendered":"<p><strong>K\u00fapte si 99% \u010dist\u00fd kiloka\u00ednov\u00fd pr\u00e1\u0161ok online. Koka\u00edn je porovnate\u013en\u00fd s kiloka\u00ednom.  <\/strong><\/p>\n","protected":false},"featured_media":18417,"comment_status":"closed","ping_status":"closed","template":"","meta":{"om_disable_all_campaigns":false,"_sitemap_exclude":false,"_sitemap_priority":"","_sitemap_frequency":"","_monsterinsights_skip_tracking":false,"_monsterinsights_sitenote_active":false,"_monsterinsights_sitenote_note":"","_monsterinsights_sitenote_category":0},"product_cat":[26712],"product_tag":[27128,27120,27111,27125,27127,27119,27121,27129,27122,27117,27124,27114,27126,27115,27109,27110,27116,27123,27118,27112,27130,27113],"class_list":{"0":"post-31310","1":"product","2":"type-product","3":"status-publish","4":"has-post-thumbnail","6":"product_cat-vyskum-chemikalii-a-psychedelika","7":"product_tag-autenticky-prasok-kilocain-99-europa","8":"product_tag-kde-kupit-kilocain-prasok-99-europa","9":"product_tag-kde-kupit-kilocain-prasok-99-online","10":"product_tag-kilocain-powder-99-europe-shop-sk","11":"product_tag-kilocainovy-prasok-99-dodavka-po-europe","12":"product_tag-kilocainovy-prasok-99-doprava-zadarmo-v-europe","13":"product_tag-kilocainovy-prasok-99-europsky-predaj","14":"product_tag-kilocainovy-prasok-99-europskych-dodavatelov","15":"product_tag-kilocainovy-prasok-99-internetovy-obchod-europa","16":"product_tag-kilocainovy-prasok-99-najlepsia-cena-v-europe","17":"product_tag-kilocainovy-prasok-99-ponuky-v-europe","18":"product_tag-kilocainovy-prasok-99-predaj-online","19":"product_tag-kilocainovy-prasok-99-zlava-v-europe","20":"product_tag-kolko-je-prasok-kilocain-99","21":"product_tag-kupit-kilocain-prasok-99","22":"product_tag-kupte-si-prasok-kilocain-99-online","23":"product_tag-kupte-si-prasok-kilocain-99-online-europa","24":"product_tag-lacny-prasok-kilocain-99-europa","25":"product_tag-objednajte-si-prasok-kilocain-99-eu","26":"product_tag-objednajte-si-prasok-kilocain-99-online","27":"product_tag-recenzia-kilocain-powder-99-europe","28":"product_tag-ucinky-prasku-kilocain-99-sk","30":"first","31":"instock","32":"shipping-taxable","33":"purchasable","34":"product-type-variable","35":"farmacie-col"},"aioseo_notices":[],"_links":{"self":[{"href":"https:\/\/lacasadelamedicina.es\/sk\/wp-json\/wp\/v2\/product\/31310"}],"collection":[{"href":"https:\/\/lacasadelamedicina.es\/sk\/wp-json\/wp\/v2\/product"}],"about":[{"href":"https:\/\/lacasadelamedicina.es\/sk\/wp-json\/wp\/v2\/types\/product"}],"replies":[{"embeddable":true,"href":"https:\/\/lacasadelamedicina.es\/sk\/wp-json\/wp\/v2\/comments?post=31310"}],"wp:featuredmedia":[{"embeddable":true,"href":"https:\/\/lacasadelamedicina.es\/sk\/wp-json\/wp\/v2\/media\/18417"}],"wp:attachment":[{"href":"https:\/\/lacasadelamedicina.es\/sk\/wp-json\/wp\/v2\/media?parent=31310"}],"wp:term":[{"taxonomy":"product_cat","embeddable":true,"href":"https:\/\/lacasadelamedicina.es\/sk\/wp-json\/wp\/v2\/product_cat?post=31310"},{"taxonomy":"product_tag","embeddable":true,"href":"https:\/\/lacasadelamedicina.es\/sk\/wp-json\/wp\/v2\/product_tag?post=31310"}],"curies":[{"name":"wp","href":"https:\/\/api.w.org\/{rel}","templated":true}]}}